{"id":92,"date":"2025-02-04T21:34:51","date_gmt":"2025-02-04T21:34:51","guid":{"rendered":"https:\/\/www.ccsa.ufpb.br\/bsccsa2\/?page_id=92"},"modified":"2025-06-16T15:35:19","modified_gmt":"2025-06-16T15:35:19","slug":"tutoriais","status":"publish","type":"page","link":"https:\/\/www.ccsa.ufpb.br\/bsccsa\/tutoriais\/","title":{"rendered":"Tutoriais"},"content":{"rendered":"\n<figure class=\"wp-block-image size-full\"><img loading=\"lazy\" decoding=\"async\" width=\"853\" height=\"378\" src=\"https:\/\/www.ccsa.ufpb.br\/bsccsa\/wp-content\/uploads\/sites\/179\/sites\/248\/2025\/03\/Screenshot_17.jpg\" alt=\"\" class=\"wp-image-406\" srcset=\"https:\/\/www.ccsa.ufpb.br\/bsccsa\/wp-content\/uploads\/sites\/179\/sites\/248\/2025\/03\/Screenshot_17.jpg 853w, https:\/\/www.ccsa.ufpb.br\/bsccsa\/wp-content\/uploads\/sites\/179\/sites\/248\/2025\/03\/Screenshot_17-300x133.jpg 300w, https:\/\/www.ccsa.ufpb.br\/bsccsa\/wp-content\/uploads\/sites\/179\/sites\/248\/2025\/03\/Screenshot_17-768x340.jpg 768w\" sizes=\"auto, (max-width: 853px) 100vw, 853px\" \/><figcaption class=\"wp-element-caption\"><strong><sup><mark style=\"background-color:#ffffff;color:#002473\" class=\"has-inline-color\">Os tutoriais s\u00e3o ferramentas essenciais para facilitar o aprendizado e a resolu\u00e7\u00e3o de d\u00favidas. Aqui, voc\u00ea encontra conte\u00fados organizados para tornar sua exper\u00eancia mais intuitiva e produtiva!<\/mark><\/sup><\/strong><\/figcaption><\/figure>\n\n\n\n<h5 class=\"wp-block-heading has-text-align-center\"><mark style=\"background-color:#ffffff;color:#002473\" class=\"has-inline-color\">Tutoriais<\/mark><\/h5>\n\n\n\n<div class=\"wp-block-columns is-layout-flex wp-container-core-columns-is-layout-9d6595d7 wp-block-columns-is-layout-flex\">\n<div class=\"wp-block-column is-layout-flow wp-block-column-is-layout-flow\" style=\"flex-basis:100%\">\n<div class=\"wp-block-group\"><div class=\"wp-block-group__inner-container is-layout-constrained wp-block-group-is-layout-constrained\">\n<div class=\"wp-block-columns is-layout-flex wp-container-core-columns-is-layout-9d6595d7 wp-block-columns-is-layout-flex\">\n<div class=\"wp-block-column is-layout-flow wp-block-column-is-layout-flow\"><div class=\"wp-block-image\">\n<figure class=\"aligncenter size-full is-resized\"><a href=\"http:\/\/plone.ufpb.br\/bsccsa\/contents\/documentos\/tutorial-consulta-ao-catalogo-online-da-biblioteca.pdf\" target=\"_blank\" rel=\" noreferrer noopener\"><img loading=\"lazy\" decoding=\"async\" width=\"458\" height=\"386\" src=\"https:\/\/www.ccsa.ufpb.br\/bsccsa\/wp-content\/uploads\/sites\/179\/sites\/248\/2025\/03\/Screenshot_6-1.jpg\" alt=\"\" class=\"wp-image-390\" style=\"width:299px;height:auto\" srcset=\"https:\/\/www.ccsa.ufpb.br\/bsccsa\/wp-content\/uploads\/sites\/179\/sites\/248\/2025\/03\/Screenshot_6-1.jpg 458w, https:\/\/www.ccsa.ufpb.br\/bsccsa\/wp-content\/uploads\/sites\/179\/sites\/248\/2025\/03\/Screenshot_6-1-300x253.jpg 300w\" sizes=\"auto, (max-width: 458px) 100vw, 458px\" \/><\/a><figcaption class=\"wp-element-caption\"><sub><strong>Tutorial ensinando a consultar o catalogo online do Sistema de Bibliotecas da UFPB.<\/strong><\/sub><\/figcaption><\/figure>\n<\/div><\/div>\n\n\n\n<div class=\"wp-block-column is-layout-flow wp-block-column-is-layout-flow\"><div class=\"wp-block-image\">\n<figure class=\"aligncenter size-full is-resized\"><a href=\"http:\/\/plone.ufpb.br\/bsccsa\/contents\/documentos\/tutorial-emissao-de-quitacao-no-sigaa.pdf\" target=\"_blank\" rel=\" noreferrer noopener\"><img loading=\"lazy\" decoding=\"async\" width=\"458\" height=\"389\" src=\"https:\/\/www.ccsa.ufpb.br\/bsccsa\/wp-content\/uploads\/sites\/179\/sites\/248\/2025\/03\/Screenshot_5-1.jpg\" alt=\"\" class=\"wp-image-391\" style=\"width:297px;height:auto\" srcset=\"https:\/\/www.ccsa.ufpb.br\/bsccsa\/wp-content\/uploads\/sites\/179\/sites\/248\/2025\/03\/Screenshot_5-1.jpg 458w, https:\/\/www.ccsa.ufpb.br\/bsccsa\/wp-content\/uploads\/sites\/179\/sites\/248\/2025\/03\/Screenshot_5-1-300x255.jpg 300w\" sizes=\"auto, (max-width: 458px) 100vw, 458px\" \/><\/a><figcaption class=\"wp-element-caption\"><sub><strong>Tutorial com orienta\u00e7\u00f5es para emiss\u00e3o de Declara\u00e7\u00e3o de Quita\u00e7\u00e3o com a Biblioteca (Nada Consta)<\/strong><\/sub><\/figcaption><\/figure>\n<\/div><\/div>\n<\/div>\n<\/div><\/div>\n<\/div>\n<\/div>\n\n\n\n<div class=\"wp-block-columns is-layout-flex wp-container-core-columns-is-layout-9d6595d7 wp-block-columns-is-layout-flex\">\n<div class=\"wp-block-column is-layout-flow wp-block-column-is-layout-flow\"><div class=\"wp-block-image\">\n<figure class=\"aligncenter size-full is-resized\"><a href=\"http:\/\/plone.ufpb.br\/bsccsa\/contents\/documentos\/tutorial-gru.pdf\" target=\"_blank\" rel=\" noreferrer noopener\"><img loading=\"lazy\" decoding=\"async\" width=\"458\" height=\"389\" src=\"https:\/\/www.ccsa.ufpb.br\/bsccsa\/wp-content\/uploads\/sites\/179\/sites\/248\/2025\/03\/Screenshot_7.jpg\" alt=\"\" class=\"wp-image-392\" style=\"width:287px;height:auto\" srcset=\"https:\/\/www.ccsa.ufpb.br\/bsccsa\/wp-content\/uploads\/sites\/179\/sites\/248\/2025\/03\/Screenshot_7.jpg 458w, https:\/\/www.ccsa.ufpb.br\/bsccsa\/wp-content\/uploads\/sites\/179\/sites\/248\/2025\/03\/Screenshot_7-300x255.jpg 300w\" sizes=\"auto, (max-width: 458px) 100vw, 458px\" \/><\/a><figcaption class=\"wp-element-caption\"><sub><strong>Tutorial com o passo a passo de como gerar a GRU para pagamento de multa de livros em atraso.<\/strong><\/sub><\/figcaption><\/figure>\n<\/div><\/div>\n\n\n\n<div class=\"wp-block-column is-layout-flow wp-block-column-is-layout-flow\"><div class=\"wp-block-image\">\n<figure class=\"aligncenter size-full is-resized\"><a href=\"http:\/\/plone.ufpb.br\/bsccsa\/contents\/documentos\/tutorial-acesso-cafe.mp4\" target=\"_blank\" rel=\" noreferrer noopener\"><img loading=\"lazy\" decoding=\"async\" width=\"460\" height=\"390\" src=\"https:\/\/www.ccsa.ufpb.br\/bsccsa\/wp-content\/uploads\/sites\/179\/sites\/248\/2025\/03\/Screenshot_8.jpg\" alt=\"\" class=\"wp-image-393\" style=\"width:287px;height:auto\" srcset=\"https:\/\/www.ccsa.ufpb.br\/bsccsa\/wp-content\/uploads\/sites\/179\/sites\/248\/2025\/03\/Screenshot_8.jpg 460w, https:\/\/www.ccsa.ufpb.br\/bsccsa\/wp-content\/uploads\/sites\/179\/sites\/248\/2025\/03\/Screenshot_8-300x254.jpg 300w\" sizes=\"auto, (max-width: 460px) 100vw, 460px\" \/><\/a><figcaption class=\"wp-element-caption\"><sub><strong>Tutorial de acesso ao conte\u00fado pago do Portal de Peri\u00f3dicos da Capes atrav\u00e9s da&nbsp;Comunidade Acad\u00eamica Federada (CAFe)<\/strong><\/sub><\/figcaption><\/figure>\n<\/div><\/div>\n<\/div>\n\n\n\n<h2 class=\"wp-block-heading has-text-align-center\"><div class=\"linha-header\"><mark style=\"background-color:#ffffff\" class=\"has-inline-color has-vivid-red-color\">V\u00eddeos<\/mark><\/div><\/h2>\n\n\n\n<div class=\"wp-block-columns is-layout-flex wp-container-core-columns-is-layout-9d6595d7 wp-block-columns-is-layout-flex\">\n<div class=\"wp-block-column is-layout-flow wp-block-column-is-layout-flow\">\n<figure class=\"wp-block-image size-full\"><a href=\"https:\/\/www.youtube.com\/watch?v=ee6sFzA-1Dg\" target=\"_blank\" rel=\" noreferrer noopener\"><img loading=\"lazy\" decoding=\"async\" width=\"533\" height=\"363\" src=\"https:\/\/www.ccsa.ufpb.br\/bsccsa\/wp-content\/uploads\/sites\/179\/sites\/248\/2025\/03\/Screenshot_11.jpg\" alt=\"\" class=\"wp-image-396\" srcset=\"https:\/\/www.ccsa.ufpb.br\/bsccsa\/wp-content\/uploads\/sites\/179\/sites\/248\/2025\/03\/Screenshot_11.jpg 533w, https:\/\/www.ccsa.ufpb.br\/bsccsa\/wp-content\/uploads\/sites\/179\/sites\/248\/2025\/03\/Screenshot_11-300x204.jpg 300w\" sizes=\"auto, (max-width: 533px) 100vw, 533px\" \/><\/a><figcaption class=\"wp-element-caption\"><sub><strong>V\u00eddeo ensinando como realizar seu cadastro no sistema de Bibliotecas do UFPB<\/strong><\/sub><\/figcaption><\/figure>\n<\/div>\n\n\n\n<div class=\"wp-block-column is-layout-flow wp-block-column-is-layout-flow\">\n<figure class=\"wp-block-image size-full\"><a href=\"https:\/\/www.youtube.com\/watch?v=spPOsaopStc\" target=\"_blank\" rel=\" noreferrer noopener\"><img loading=\"lazy\" decoding=\"async\" width=\"535\" height=\"364\" src=\"https:\/\/www.ccsa.ufpb.br\/bsccsa\/wp-content\/uploads\/sites\/179\/sites\/248\/2025\/03\/Screenshot_12.jpg\" alt=\"\" class=\"wp-image-397\" srcset=\"https:\/\/www.ccsa.ufpb.br\/bsccsa\/wp-content\/uploads\/sites\/179\/sites\/248\/2025\/03\/Screenshot_12.jpg 535w, https:\/\/www.ccsa.ufpb.br\/bsccsa\/wp-content\/uploads\/sites\/179\/sites\/248\/2025\/03\/Screenshot_12-300x204.jpg 300w\" sizes=\"auto, (max-width: 535px) 100vw, 535px\" \/><\/a><figcaption class=\"wp-element-caption\"><sub><strong>V\u00eddeo ensinando como consultar de forma remota as Normas Brasileiras da ABNT, na base de dados Target GEDWEB.<\/strong><\/sub><\/figcaption><\/figure>\n<\/div>\n\n\n\n<div class=\"wp-block-column is-layout-flow wp-block-column-is-layout-flow\">\n<figure class=\"wp-block-image size-full\"><a href=\"https:\/\/www.youtube.com\/watch?v=Nm4NDhhrWY0\" target=\"_blank\" rel=\" noreferrer noopener\"><img loading=\"lazy\" decoding=\"async\" width=\"535\" height=\"361\" src=\"https:\/\/www.ccsa.ufpb.br\/bsccsa\/wp-content\/uploads\/sites\/179\/sites\/248\/2025\/03\/Screenshot_13.jpg\" alt=\"\" class=\"wp-image-398\" srcset=\"https:\/\/www.ccsa.ufpb.br\/bsccsa\/wp-content\/uploads\/sites\/179\/sites\/248\/2025\/03\/Screenshot_13.jpg 535w, https:\/\/www.ccsa.ufpb.br\/bsccsa\/wp-content\/uploads\/sites\/179\/sites\/248\/2025\/03\/Screenshot_13-300x202.jpg 300w\" sizes=\"auto, (max-width: 535px) 100vw, 535px\" \/><\/a><figcaption class=\"wp-element-caption\"><sub><strong>V\u00eddeo mostra como consultar livros digitais na MINHA BIBLIOTECA, base com mais de 8 mil t\u00edtulos de livros acad\u00eamicos na l\u00edngua portuguesa.<\/strong><\/sub><\/figcaption><\/figure>\n<\/div>\n<\/div>\n\n\n\n<div class=\"wp-block-columns is-layout-flex wp-container-core-columns-is-layout-9d6595d7 wp-block-columns-is-layout-flex\">\n<div class=\"wp-block-column is-layout-flow wp-block-column-is-layout-flow\">\n<figure class=\"wp-block-image size-full\"><a href=\"https:\/\/www.youtube.com\/watch?v=OhhVpSZXEJ4\" target=\"_blank\" rel=\" noreferrer noopener\"><img loading=\"lazy\" decoding=\"async\" width=\"536\" height=\"358\" src=\"https:\/\/www.ccsa.ufpb.br\/bsccsa\/wp-content\/uploads\/sites\/179\/sites\/248\/2025\/03\/Screenshot_14.jpg\" alt=\"\" class=\"wp-image-400\" srcset=\"https:\/\/www.ccsa.ufpb.br\/bsccsa\/wp-content\/uploads\/sites\/179\/sites\/248\/2025\/03\/Screenshot_14.jpg 536w, https:\/\/www.ccsa.ufpb.br\/bsccsa\/wp-content\/uploads\/sites\/179\/sites\/248\/2025\/03\/Screenshot_14-300x200.jpg 300w\" sizes=\"auto, (max-width: 536px) 100vw, 536px\" \/><\/a><figcaption class=\"wp-element-caption\"><sub><strong>V\u00eddeo mostra como consultar Teses, Disserta\u00e7\u00f5es e Trabalhos de Conclus\u00e3o de Curso (TCC) produzidos por alunos da UFPB.<\/strong><\/sub><\/figcaption><\/figure>\n<\/div>\n\n\n\n<div class=\"wp-block-column is-layout-flow wp-block-column-is-layout-flow\">\n<figure class=\"wp-block-image size-full\"><a href=\"https:\/\/www.youtube.com\/watch?v=qV3JqgtIc2Q\" target=\"_blank\" rel=\" noreferrer noopener\"><img loading=\"lazy\" decoding=\"async\" width=\"535\" height=\"366\" src=\"https:\/\/www.ccsa.ufpb.br\/bsccsa\/wp-content\/uploads\/sites\/179\/sites\/248\/2025\/03\/Screenshot_15.jpg\" alt=\"\" class=\"wp-image-401\" srcset=\"https:\/\/www.ccsa.ufpb.br\/bsccsa\/wp-content\/uploads\/sites\/179\/sites\/248\/2025\/03\/Screenshot_15.jpg 535w, https:\/\/www.ccsa.ufpb.br\/bsccsa\/wp-content\/uploads\/sites\/179\/sites\/248\/2025\/03\/Screenshot_15-300x205.jpg 300w\" sizes=\"auto, (max-width: 535px) 100vw, 535px\" \/><\/a><figcaption class=\"wp-element-caption\"><sub><strong>V\u00eddeo mostra onde, quando e como preencher o formul\u00e1rio de solicita\u00e7\u00e3o da ficha catalogr\u00e1fica do seu TCC<\/strong><\/sub><\/figcaption><\/figure>\n<\/div>\n\n\n\n<div class=\"wp-block-column is-layout-flow wp-block-column-is-layout-flow\">\n<figure class=\"wp-block-image size-full\"><a href=\"https:\/\/www.youtube.com\/watch?v=UGGB15mr7vA&amp;ab_channel=BiblioteconomiaUFPB\" target=\"_blank\" rel=\" noreferrer noopener\"><img loading=\"lazy\" decoding=\"async\" width=\"539\" height=\"362\" src=\"https:\/\/www.ccsa.ufpb.br\/bsccsa\/wp-content\/uploads\/sites\/179\/sites\/248\/2025\/03\/Screenshot_16.jpg\" alt=\"\" class=\"wp-image-402\" srcset=\"https:\/\/www.ccsa.ufpb.br\/bsccsa\/wp-content\/uploads\/sites\/179\/sites\/248\/2025\/03\/Screenshot_16.jpg 539w, https:\/\/www.ccsa.ufpb.br\/bsccsa\/wp-content\/uploads\/sites\/179\/sites\/248\/2025\/03\/Screenshot_16-300x201.jpg 300w\" sizes=\"auto, (max-width: 539px) 100vw, 539px\" \/><\/a><figcaption class=\"wp-element-caption\"><sub><strong>Apresenta\u00e7\u00e3o, no Canal do You Tube da Coordena\u00e7\u00e3o de Biblioteconomia, da Biblioteca do CCSA, seus servi\u00e7os e as fontes de informa\u00e7\u00f5es dispon\u00edveis a comunidade da UFPB, com a bibliotec\u00e1ria do CCSA Katiane Souza<\/strong><\/sub><\/figcaption><\/figure>\n<\/div>\n<\/div>\n\n\n\n<h2 class=\"wp-block-heading has-text-align-center\"><div class=\"linha-header\"><mark style=\"background-color:#ffffff;color:#062644\" class=\"has-inline-color\">Dicas da Biblioteca<\/mark><\/div><\/h2>\n\n\n\n<div class=\"wp-block-columns is-layout-flex wp-container-core-columns-is-layout-9d6595d7 wp-block-columns-is-layout-flex\">\n<div class=\"wp-block-column is-layout-flow wp-block-column-is-layout-flow\" style=\"flex-basis:100%\">\n<div class=\"wp-block-columns is-layout-flex wp-container-core-columns-is-layout-9d6595d7 wp-block-columns-is-layout-flex\">\n<div class=\"wp-block-column is-layout-flow wp-block-column-is-layout-flow\">\n<figure class=\"wp-block-image size-large\"><a href=\"https:\/\/drive.google.com\/file\/d\/19SRDmVC_ir3OwHbHHGOIMhfmdLq6bkfQ\/view?usp=sharing\"><img loading=\"lazy\" decoding=\"async\" width=\"1024\" height=\"1024\" src=\"http:\/\/www.ccsa.ufpb.br\/bsccsa\/wp-content\/uploads\/sites\/179\/sites\/248\/2025\/06\/Copia-de-Copia-de-Copia-de-Dica-da-biblioteca-1024x1024.png\" alt=\"\" class=\"wp-image-534\" srcset=\"https:\/\/www.ccsa.ufpb.br\/bsccsa\/wp-content\/uploads\/sites\/179\/sites\/248\/2025\/06\/Copia-de-Copia-de-Copia-de-Dica-da-biblioteca-1024x1024.png 1024w, https:\/\/www.ccsa.ufpb.br\/bsccsa\/wp-content\/uploads\/sites\/179\/sites\/248\/2025\/06\/Copia-de-Copia-de-Copia-de-Dica-da-biblioteca-300x300.png 300w, https:\/\/www.ccsa.ufpb.br\/bsccsa\/wp-content\/uploads\/sites\/179\/sites\/248\/2025\/06\/Copia-de-Copia-de-Copia-de-Dica-da-biblioteca-150x150.png 150w, https:\/\/www.ccsa.ufpb.br\/bsccsa\/wp-content\/uploads\/sites\/179\/sites\/248\/2025\/06\/Copia-de-Copia-de-Copia-de-Dica-da-biblioteca-768x768.png 768w, https:\/\/www.ccsa.ufpb.br\/bsccsa\/wp-content\/uploads\/sites\/179\/sites\/248\/2025\/06\/Copia-de-Copia-de-Copia-de-Dica-da-biblioteca.png 1080w\" sizes=\"auto, (max-width: 1024px) 100vw, 1024px\" \/><\/a><figcaption class=\"wp-element-caption\"><strong><sub>Target GEDWeb: tenha as normas da ABNT em suas m\u00e3os<\/sub><\/strong><\/figcaption><\/figure>\n<\/div>\n\n\n\n<div class=\"wp-block-column is-layout-flow wp-block-column-is-layout-flow\">\n<figure class=\"wp-block-image size-large\"><a href=\"https:\/\/drive.google.com\/file\/d\/1_ib6E__z6p4Lf4kbL7ad8w9s5K-cnYzy\/view?usp=sharing\"><img loading=\"lazy\" decoding=\"async\" width=\"1024\" height=\"1024\" src=\"http:\/\/www.ccsa.ufpb.br\/bsccsa\/wp-content\/uploads\/sites\/179\/sites\/248\/2025\/06\/Copia-de-Dica-da-biblioteca-1024x1024.png\" alt=\"\" class=\"wp-image-535\" srcset=\"https:\/\/www.ccsa.ufpb.br\/bsccsa\/wp-content\/uploads\/sites\/179\/sites\/248\/2025\/06\/Copia-de-Dica-da-biblioteca-1024x1024.png 1024w, https:\/\/www.ccsa.ufpb.br\/bsccsa\/wp-content\/uploads\/sites\/179\/sites\/248\/2025\/06\/Copia-de-Dica-da-biblioteca-300x300.png 300w, https:\/\/www.ccsa.ufpb.br\/bsccsa\/wp-content\/uploads\/sites\/179\/sites\/248\/2025\/06\/Copia-de-Dica-da-biblioteca-150x150.png 150w, https:\/\/www.ccsa.ufpb.br\/bsccsa\/wp-content\/uploads\/sites\/179\/sites\/248\/2025\/06\/Copia-de-Dica-da-biblioteca-768x768.png 768w, https:\/\/www.ccsa.ufpb.br\/bsccsa\/wp-content\/uploads\/sites\/179\/sites\/248\/2025\/06\/Copia-de-Dica-da-biblioteca.png 1080w\" sizes=\"auto, (max-width: 1024px) 100vw, 1024px\" \/><\/a><figcaption class=\"wp-element-caption\"><strong><sub>Horas flex\u00edveis: Cursos EAD<\/sub><\/strong><\/figcaption><\/figure>\n<\/div>\n\n\n\n<div class=\"wp-block-column is-layout-flow wp-block-column-is-layout-flow\">\n<figure class=\"wp-block-image size-large\"><a href=\"https:\/\/drive.google.com\/file\/d\/1FN6c0_cWieb7-adBiPDu6iXnp06qbA3N\/view?usp=sharing\"><img loading=\"lazy\" decoding=\"async\" width=\"1024\" height=\"1024\" src=\"http:\/\/www.ccsa.ufpb.br\/bsccsa\/wp-content\/uploads\/sites\/179\/sites\/248\/2025\/06\/Copia-de-Dica-da-biblioteca-1-1-1024x1024.png\" alt=\"\" class=\"wp-image-539\" srcset=\"https:\/\/www.ccsa.ufpb.br\/bsccsa\/wp-content\/uploads\/sites\/179\/sites\/248\/2025\/06\/Copia-de-Dica-da-biblioteca-1-1-1024x1024.png 1024w, https:\/\/www.ccsa.ufpb.br\/bsccsa\/wp-content\/uploads\/sites\/179\/sites\/248\/2025\/06\/Copia-de-Dica-da-biblioteca-1-1-300x300.png 300w, https:\/\/www.ccsa.ufpb.br\/bsccsa\/wp-content\/uploads\/sites\/179\/sites\/248\/2025\/06\/Copia-de-Dica-da-biblioteca-1-1-150x150.png 150w, https:\/\/www.ccsa.ufpb.br\/bsccsa\/wp-content\/uploads\/sites\/179\/sites\/248\/2025\/06\/Copia-de-Dica-da-biblioteca-1-1-768x768.png 768w, https:\/\/www.ccsa.ufpb.br\/bsccsa\/wp-content\/uploads\/sites\/179\/sites\/248\/2025\/06\/Copia-de-Dica-da-biblioteca-1-1.png 1080w\" sizes=\"auto, (max-width: 1024px) 100vw, 1024px\" \/><\/a><figcaption class=\"wp-element-caption\"><strong><sub>Descomplicando pesquisas acad\u00eamicas com o ChatGPT<\/sub><\/strong><\/figcaption><\/figure>\n<\/div>\n<\/div>\n<\/div>\n<\/div>\n\n\n\n<div class=\"wp-block-columns is-layout-flex wp-container-core-columns-is-layout-9d6595d7 wp-block-columns-is-layout-flex\">\n<div class=\"wp-block-column is-layout-flow wp-block-column-is-layout-flow\">\n<figure class=\"wp-block-image size-large\"><a href=\"https:\/\/drive.google.com\/file\/d\/1zoz5arTmboB2H8ygTQJiLaEpxj9Zdm5q\/view?usp=sharing\"><img loading=\"lazy\" decoding=\"async\" width=\"1024\" height=\"1024\" src=\"https:\/\/www.ccsa.ufpb.br\/bsccsa\/wp-content\/uploads\/sites\/179\/sites\/248\/2025\/06\/Copia-de-Copia-de-Dica-da-biblioteca-1024x1024.png\" alt=\"\" class=\"wp-image-542\" srcset=\"https:\/\/www.ccsa.ufpb.br\/bsccsa\/wp-content\/uploads\/sites\/179\/sites\/248\/2025\/06\/Copia-de-Copia-de-Dica-da-biblioteca-1024x1024.png 1024w, https:\/\/www.ccsa.ufpb.br\/bsccsa\/wp-content\/uploads\/sites\/179\/sites\/248\/2025\/06\/Copia-de-Copia-de-Dica-da-biblioteca-300x300.png 300w, https:\/\/www.ccsa.ufpb.br\/bsccsa\/wp-content\/uploads\/sites\/179\/sites\/248\/2025\/06\/Copia-de-Copia-de-Dica-da-biblioteca-150x150.png 150w, https:\/\/www.ccsa.ufpb.br\/bsccsa\/wp-content\/uploads\/sites\/179\/sites\/248\/2025\/06\/Copia-de-Copia-de-Dica-da-biblioteca-768x768.png 768w, https:\/\/www.ccsa.ufpb.br\/bsccsa\/wp-content\/uploads\/sites\/179\/sites\/248\/2025\/06\/Copia-de-Copia-de-Dica-da-biblioteca.png 1080w\" sizes=\"auto, (max-width: 1024px) 100vw, 1024px\" \/><\/a><figcaption class=\"wp-element-caption\"><strong><sub>Descomplicando cita\u00e7\u00f5es e refer\u00eancias com o CHATGPT<\/sub><\/strong><\/figcaption><\/figure>\n<\/div>\n\n\n\n<div class=\"wp-block-column is-layout-flow wp-block-column-is-layout-flow\">\n<figure class=\"wp-block-image size-large\"><a href=\"https:\/\/drive.google.com\/file\/d\/1r9fH33FOB0xp30Y_qfmCal6_JFN_gwZQ\/view?usp=sharing\"><img loading=\"lazy\" decoding=\"async\" width=\"1024\" height=\"1024\" src=\"https:\/\/www.ccsa.ufpb.br\/bsccsa\/wp-content\/uploads\/sites\/179\/sites\/248\/2025\/06\/Copia-de-Copia-de-Dica-da-biblioteca-1-1024x1024.png\" alt=\"\" class=\"wp-image-543\" srcset=\"https:\/\/www.ccsa.ufpb.br\/bsccsa\/wp-content\/uploads\/sites\/179\/sites\/248\/2025\/06\/Copia-de-Copia-de-Dica-da-biblioteca-1-1024x1024.png 1024w, https:\/\/www.ccsa.ufpb.br\/bsccsa\/wp-content\/uploads\/sites\/179\/sites\/248\/2025\/06\/Copia-de-Copia-de-Dica-da-biblioteca-1-300x300.png 300w, https:\/\/www.ccsa.ufpb.br\/bsccsa\/wp-content\/uploads\/sites\/179\/sites\/248\/2025\/06\/Copia-de-Copia-de-Dica-da-biblioteca-1-150x150.png 150w, https:\/\/www.ccsa.ufpb.br\/bsccsa\/wp-content\/uploads\/sites\/179\/sites\/248\/2025\/06\/Copia-de-Copia-de-Dica-da-biblioteca-1-768x768.png 768w, https:\/\/www.ccsa.ufpb.br\/bsccsa\/wp-content\/uploads\/sites\/179\/sites\/248\/2025\/06\/Copia-de-Copia-de-Dica-da-biblioteca-1.png 1080w\" sizes=\"auto, (max-width: 1024px) 100vw, 1024px\" \/><\/a><figcaption class=\"wp-element-caption\"><strong><sub>Treinamentos CAPES<\/sub><\/strong><\/figcaption><\/figure>\n<\/div>\n\n\n\n<div class=\"wp-block-column is-layout-flow wp-block-column-is-layout-flow\">\n<figure class=\"wp-block-image size-large\"><a href=\"https:\/\/drive.google.com\/file\/d\/13XwjdSxe3b_e91CTkwDtogzE85yvB6G1\/view?usp=sharing\"><img loading=\"lazy\" decoding=\"async\" width=\"1024\" height=\"1024\" src=\"https:\/\/www.ccsa.ufpb.br\/bsccsa\/wp-content\/uploads\/sites\/179\/sites\/248\/2025\/06\/Dica-da-biblioteca-1024x1024.png\" alt=\"\" class=\"wp-image-544\" srcset=\"https:\/\/www.ccsa.ufpb.br\/bsccsa\/wp-content\/uploads\/sites\/179\/sites\/248\/2025\/06\/Dica-da-biblioteca-1024x1024.png 1024w, https:\/\/www.ccsa.ufpb.br\/bsccsa\/wp-content\/uploads\/sites\/179\/sites\/248\/2025\/06\/Dica-da-biblioteca-300x300.png 300w, https:\/\/www.ccsa.ufpb.br\/bsccsa\/wp-content\/uploads\/sites\/179\/sites\/248\/2025\/06\/Dica-da-biblioteca-150x150.png 150w, https:\/\/www.ccsa.ufpb.br\/bsccsa\/wp-content\/uploads\/sites\/179\/sites\/248\/2025\/06\/Dica-da-biblioteca-768x768.png 768w, https:\/\/www.ccsa.ufpb.br\/bsccsa\/wp-content\/uploads\/sites\/179\/sites\/248\/2025\/06\/Dica-da-biblioteca.png 1080w\" sizes=\"auto, (max-width: 1024px) 100vw, 1024px\" \/><\/a><figcaption class=\"wp-element-caption\"><strong><sub>Renova\u00e7\u00e3o de empr\u00e9stimo<\/sub><\/strong><\/figcaption><\/figure>\n<\/div>\n<\/div>\n\n\n\n<div class=\"wp-block-columns is-layout-flex wp-container-core-columns-is-layout-9d6595d7 wp-block-columns-is-layout-flex\">\n<div class=\"wp-block-column is-layout-flow wp-block-column-is-layout-flow\">\n<figure class=\"wp-block-image size-large is-resized\"><a href=\"https:\/\/drive.google.com\/file\/d\/1SlHI3HUT4HVicHDxcmei8cuAEbG0AgBI\/view?usp=sharing\"><img loading=\"lazy\" decoding=\"async\" width=\"1024\" height=\"1024\" src=\"https:\/\/www.ccsa.ufpb.br\/bsccsa\/wp-content\/uploads\/sites\/179\/sites\/248\/2025\/06\/Copia-de-Copia-de-Copia-de-Copia-de-Dica-da-biblioteca-1024x1024.png\" alt=\"\" class=\"wp-image-545\" style=\"width:276px;height:auto\" srcset=\"https:\/\/www.ccsa.ufpb.br\/bsccsa\/wp-content\/uploads\/sites\/179\/sites\/248\/2025\/06\/Copia-de-Copia-de-Copia-de-Copia-de-Dica-da-biblioteca-1024x1024.png 1024w, https:\/\/www.ccsa.ufpb.br\/bsccsa\/wp-content\/uploads\/sites\/179\/sites\/248\/2025\/06\/Copia-de-Copia-de-Copia-de-Copia-de-Dica-da-biblioteca-300x300.png 300w, https:\/\/www.ccsa.ufpb.br\/bsccsa\/wp-content\/uploads\/sites\/179\/sites\/248\/2025\/06\/Copia-de-Copia-de-Copia-de-Copia-de-Dica-da-biblioteca-150x150.png 150w, https:\/\/www.ccsa.ufpb.br\/bsccsa\/wp-content\/uploads\/sites\/179\/sites\/248\/2025\/06\/Copia-de-Copia-de-Copia-de-Copia-de-Dica-da-biblioteca-768x768.png 768w, https:\/\/www.ccsa.ufpb.br\/bsccsa\/wp-content\/uploads\/sites\/179\/sites\/248\/2025\/06\/Copia-de-Copia-de-Copia-de-Copia-de-Dica-da-biblioteca.png 1080w\" sizes=\"auto, (max-width: 1024px) 100vw, 1024px\" \/><\/a><figcaption class=\"wp-element-caption\"><strong><sub>Ferramentas de IA para pesquisa acad\u00eamica: voc\u00ea sabe usar?<\/sub><\/strong><\/figcaption><\/figure>\n<\/div>\n\n\n\n<div class=\"wp-block-column is-layout-flow wp-block-column-is-layout-flow\">\n<figure class=\"wp-block-image size-large is-resized\"><a href=\"https:\/\/drive.google.com\/file\/d\/1n17SHX5KlNMokfJafHQ9Sal0aIuAT4n5\/view?usp=sharing\"><img loading=\"lazy\" decoding=\"async\" width=\"1024\" height=\"1024\" src=\"https:\/\/www.ccsa.ufpb.br\/bsccsa\/wp-content\/uploads\/sites\/179\/sites\/248\/2025\/06\/Copia-de-Copia-de-Dica-da-biblioteca-2-1024x1024.png\" alt=\"\" class=\"wp-image-546\" style=\"width:276px;height:auto\" srcset=\"https:\/\/www.ccsa.ufpb.br\/bsccsa\/wp-content\/uploads\/sites\/179\/sites\/248\/2025\/06\/Copia-de-Copia-de-Dica-da-biblioteca-2-1024x1024.png 1024w, https:\/\/www.ccsa.ufpb.br\/bsccsa\/wp-content\/uploads\/sites\/179\/sites\/248\/2025\/06\/Copia-de-Copia-de-Dica-da-biblioteca-2-300x300.png 300w, https:\/\/www.ccsa.ufpb.br\/bsccsa\/wp-content\/uploads\/sites\/179\/sites\/248\/2025\/06\/Copia-de-Copia-de-Dica-da-biblioteca-2-150x150.png 150w, https:\/\/www.ccsa.ufpb.br\/bsccsa\/wp-content\/uploads\/sites\/179\/sites\/248\/2025\/06\/Copia-de-Copia-de-Dica-da-biblioteca-2-768x768.png 768w, https:\/\/www.ccsa.ufpb.br\/bsccsa\/wp-content\/uploads\/sites\/179\/sites\/248\/2025\/06\/Copia-de-Copia-de-Dica-da-biblioteca-2.png 1080w\" sizes=\"auto, (max-width: 1024px) 100vw, 1024px\" \/><\/a><figcaption class=\"wp-element-caption\"><strong><sub>Sala de Inform\u00e1tica para alunos do centro<\/sub><\/strong><\/figcaption><\/figure>\n<\/div>\n<\/div>\n\n\n\n<p><\/p>\n","protected":false},"excerpt":{"rendered":"<p>Tutoriais V\u00eddeos Dicas da Biblioteca<\/p>\n","protected":false},"author":63,"featured_media":534,"parent":0,"menu_order":0,"comment_status":"closed","ping_status":"closed","template":"","meta":{"footnotes":"[]"},"class_list":["post-92","page","type-page","status-publish","has-post-thumbnail","hentry"],"_links":{"self":[{"href":"https:\/\/www.ccsa.ufpb.br\/bsccsa\/wp-json\/wp\/v2\/pages\/92","targetHints":{"allow":["GET"]}}],"collection":[{"href":"https:\/\/www.ccsa.ufpb.br\/bsccsa\/wp-json\/wp\/v2\/pages"}],"about":[{"href":"https:\/\/www.ccsa.ufpb.br\/bsccsa\/wp-json\/wp\/v2\/types\/page"}],"author":[{"embeddable":true,"href":"https:\/\/www.ccsa.ufpb.br\/bsccsa\/wp-json\/wp\/v2\/users\/63"}],"replies":[{"embeddable":true,"href":"https:\/\/www.ccsa.ufpb.br\/bsccsa\/wp-json\/wp\/v2\/comments?post=92"}],"version-history":[{"count":10,"href":"https:\/\/www.ccsa.ufpb.br\/bsccsa\/wp-json\/wp\/v2\/pages\/92\/revisions"}],"predecessor-version":[{"id":547,"href":"https:\/\/www.ccsa.ufpb.br\/bsccsa\/wp-json\/wp\/v2\/pages\/92\/revisions\/547"}],"wp:featuredmedia":[{"embeddable":true,"href":"https:\/\/www.ccsa.ufpb.br\/bsccsa\/wp-json\/wp\/v2\/media\/534"}],"wp:attachment":[{"href":"https:\/\/www.ccsa.ufpb.br\/bsccsa\/wp-json\/wp\/v2\/media?parent=92"}],"curies":[{"name":"wp","href":"https:\/\/api.w.org\/{rel}","templated":true}]}}