{"id":926,"date":"2025-11-03T21:12:21","date_gmt":"2025-11-03T21:12:21","guid":{"rendered":"https:\/\/www.ccsa.ufpb.br\/bsccsa\/?page_id=926"},"modified":"2025-11-03T21:12:58","modified_gmt":"2025-11-03T21:12:58","slug":"catalogo-online-sigaa","status":"publish","type":"page","link":"https:\/\/www.ccsa.ufpb.br\/bsccsa\/catalogo-online-sigaa\/","title":{"rendered":"Cat\u00e1logo online (SIGAA)"},"content":{"rendered":"\n<p>O <strong><a href=\"https:\/\/sigaa.ufpb.br\/sigaa\/public\/biblioteca\/buscaPublicaAcervo.jsf\">Cat\u00e1logo Online<\/a><\/strong> do <strong>Sistema de Bibliotecas da UFPB <\/strong>\u00e9 o principal instrumento de pesquisa para localizar os materiais dispon\u00edveis nas bibliotecas da Universidade.<\/p>\n\n\n\n<p>Por meio do cat\u00e1logo, \u00e9 poss\u00edvel consultar:<\/p>\n\n\n\n<ul class=\"wp-block-list\">\n<li>Livros, peri\u00f3dicos e trabalhos acad\u00eamicos dispon\u00edveis no acervo;<\/li>\n\n\n\n<li>O n\u00famero de exemplares existentes e suas localiza\u00e7\u00f5es;<\/li>\n\n\n\n<li>A situa\u00e7\u00e3o dos livros (dispon\u00edvel, SR, emprestado, Desbastado&#8230;).<\/li>\n<\/ul>\n\n\n\n<hr class=\"wp-block-separator has-alpha-channel-opacity\" \/>\n\n\n\n<h2 class=\"wp-block-heading\"><div class=\"linha-header\">Acesso<\/div><\/h2>\n\n\n\n<p>O cat\u00e1logo pode ser acessado diretamente pelo sistema <strong>SIGAA<\/strong>, no menu:<\/p>\n\n\n\n<blockquote class=\"wp-block-quote is-layout-flow wp-block-quote-is-layout-flow\">\n<p><strong>Biblioteca \u2192 Consulta ao acervo<\/strong><\/p>\n<\/blockquote>\n\n\n\n<p>Ou pelo link direto do Cat\u00e1logo Online do SIB\/UFPB:<br>\ud83d\udd17 <a href=\"https:\/\/sigaa.ufpb.br\/sigaa\/public\/biblioteca\/buscaPublicaAcervo.jsf\">Acessar o Cat\u00e1logo Online<\/a><\/p>\n\n\n\n<hr class=\"wp-block-separator has-alpha-channel-opacity\" \/>\n\n\n\n<h2 class=\"wp-block-heading\"><div class=\"linha-header\">Dicas de uso<\/div><\/h2>\n\n\n\n<ul class=\"wp-block-list\">\n<li>Utilize <strong>palavras-chave, t\u00edtulo, autor ou assunto<\/strong> para refinar sua busca;<\/li>\n\n\n\n<li>Verifique sempre a <strong>disponibilidade<\/strong> do material e em qual biblioteca o livro se encontra antes de se dirigir \u00e0 biblioteca;<\/li>\n<\/ul>\n\n\n\n<hr class=\"wp-block-separator has-alpha-channel-opacity\" \/>\n\n\n\n<h2 class=\"wp-block-heading\"><div class=\"linha-header\">\ud83d\udcde Suporte<\/div><\/h2>\n\n\n\n<p>Em caso de d\u00favidas sobre o uso do cat\u00e1logo, entre em contato com a equipe da BSBB:<br>\ud83d\udce7 <strong><a>biblioteca@ccsa.ufpb.br<\/a><\/strong> | \u260e\ufe0f <strong>(83) 3213-7494<\/strong><\/p>\n","protected":false},"excerpt":{"rendered":"<p>O Cat\u00e1logo Online do Sistema de Bibliotecas da UFPB \u00e9 o principal instrumento de pesquisa [&hellip;]<\/p>\n","protected":false},"author":200,"featured_media":0,"parent":0,"menu_order":0,"comment_status":"closed","ping_status":"closed","template":"","meta":{"footnotes":""},"class_list":["post-926","page","type-page","status-publish","hentry"],"_links":{"self":[{"href":"https:\/\/www.ccsa.ufpb.br\/bsccsa\/wp-json\/wp\/v2\/pages\/926","targetHints":{"allow":["GET"]}}],"collection":[{"href":"https:\/\/www.ccsa.ufpb.br\/bsccsa\/wp-json\/wp\/v2\/pages"}],"about":[{"href":"https:\/\/www.ccsa.ufpb.br\/bsccsa\/wp-json\/wp\/v2\/types\/page"}],"author":[{"embeddable":true,"href":"https:\/\/www.ccsa.ufpb.br\/bsccsa\/wp-json\/wp\/v2\/users\/200"}],"replies":[{"embeddable":true,"href":"https:\/\/www.ccsa.ufpb.br\/bsccsa\/wp-json\/wp\/v2\/comments?post=926"}],"version-history":[{"count":2,"href":"https:\/\/www.ccsa.ufpb.br\/bsccsa\/wp-json\/wp\/v2\/pages\/926\/revisions"}],"predecessor-version":[{"id":928,"href":"https:\/\/www.ccsa.ufpb.br\/bsccsa\/wp-json\/wp\/v2\/pages\/926\/revisions\/928"}],"wp:attachment":[{"href":"https:\/\/www.ccsa.ufpb.br\/bsccsa\/wp-json\/wp\/v2\/media?parent=926"}],"curies":[{"name":"wp","href":"https:\/\/api.w.org\/{rel}","templated":true}]}}