{"id":95,"date":"2025-02-04T21:36:46","date_gmt":"2025-02-04T21:36:46","guid":{"rendered":"https:\/\/www.ccsa.ufpb.br\/bsccsa2\/?page_id=95"},"modified":"2025-10-31T21:14:34","modified_gmt":"2025-10-31T21:14:34","slug":"ficha-catalografica-e-tcc","status":"publish","type":"page","link":"https:\/\/www.ccsa.ufpb.br\/bsccsa\/ficha-catalografica-e-tcc\/","title":{"rendered":"Ficha catalogr\u00e1fica"},"content":{"rendered":"\n<p><strong>Ficha Catalogr\u00e1fica para Trabalhos de Conclus\u00e3o de Cursos da UFPB<\/strong><\/p>\n\n\n\n<p>No intuito de facilitar o processo de elabora\u00e7\u00e3o da ficha catalogr\u00e1fica e a redu\u00e7\u00e3o de erros na elabora\u00e7\u00e3o,\u00a0 o Sistema de Bibliotecas da Universidade Federal da Para\u00edba (UFPB) passou a oferecer o servi\u00e7o da ficha catalogr\u00e1fica por meio do SIGAA. A solicita\u00e7\u00e3o deve ser feita atrav\u00e9s do seguinte caminho: <strong>Biblioteca &gt; Ficha catalogr\u00e1fica &gt; Solicitar ficha catalogr\u00e1fica. <\/strong><\/p>\n\n\n\n<p><a href=\"https:\/\/www.youtube.com\/watch?v=qV3JqgtIc2Q\" target=\"_blank\" rel=\"noreferrer noopener\">Nesse v\u00eddeo do YouTube voc\u00ea ver o passo-a-passo de como solicitar sua ficha catalgor\u00e1fica.<\/a><\/p>\n\n\n\n<p>O sistema elabora previamente a ficha catalogr\u00e1fica, de acordo com os padr\u00f5es estabelecidos pela Associa\u00e7\u00e3o Brasileira de Normas T\u00e9cnicas (ABNT) e o C\u00f3digo de Cataloga\u00e7\u00e3o Anglo-Americano (AACR2), que ap\u00f3s preenchida, a solicita\u00e7\u00e3o \u00e9 enviada para a biblioteca do Centro que o aluno pertence, para que o bibliotec\u00e1rio revise e assine essa ficha no <strong>prazo de<\/strong> <strong>at\u00e9 3 dias \u00fateis<\/strong>. Ap\u00f3s isso, o aluno receber\u00e1 um e-mail comunicando que sua ficha est\u00e1 pronta. Em seguida \u00e9 s\u00f3 acessar o SIGAA e fazer o download da sua ficha catalogr\u00e1fica.<\/p>\n\n\n\n<p>&nbsp;<strong>ATEN\u00c7\u00c3O!&nbsp;<\/strong><\/p>\n\n\n\n<ul class=\"wp-block-list\">\n<li>O discente <strong>N\u00c3O<\/strong> <strong>deve<\/strong> <strong>ENCERRAR O V\u00cdNCULO<\/strong> antes de gerar sua ficha catalogr\u00e1fica;<\/li>\n\n\n\n<li>A ficha catalogr\u00e1fica dever\u00e1 estar logo ap\u00f3s a folha de rosto dos trabalhos finais, caso precise imprimir o trabalho, a ficha deve ser imprensa no verso da folha de rosto;<\/li>\n\n\n\n<li>A ficha catalogr\u00e1fica somente precisa ser solicitada da biblioteca pelo SIGAA <strong>ap\u00f3s a apresenta\u00e7\u00e3o do TCC<\/strong> para a banca e e com as devidas corre\u00e7\u00f5es\/ altera\u00e7\u00f5es realizadas, tendo em vista que na apresenta\u00e7\u00e3o pode ocorrer sugest\u00f5es da banca avaliadora que modifiquem algumas informa\u00e7\u00f5es no TCC como t\u00edtulo do trabalho, acr\u00e9scimo ou retirada de conte\u00fado (que resultar\u00e1 na altera\u00e7\u00e3o do n\u00famero de p\u00e1ginas), dentre outras poss\u00edveis modifica\u00e7\u00f5es. <\/li>\n<\/ul>\n\n\n\n<p><\/p>\n\n\n\n<p><\/p>\n\n\n\n<p><\/p>\n\n\n\n<p><\/p>\n","protected":false},"excerpt":{"rendered":"<p>Ficha Catalogr\u00e1fica para Trabalhos de Conclus\u00e3o de Cursos da UFPB No intuito de facilitar o [&hellip;]<\/p>\n","protected":false},"author":63,"featured_media":0,"parent":0,"menu_order":0,"comment_status":"closed","ping_status":"closed","template":"","meta":{"footnotes":""},"class_list":["post-95","page","type-page","status-publish","hentry"],"_links":{"self":[{"href":"https:\/\/www.ccsa.ufpb.br\/bsccsa\/wp-json\/wp\/v2\/pages\/95","targetHints":{"allow":["GET"]}}],"collection":[{"href":"https:\/\/www.ccsa.ufpb.br\/bsccsa\/wp-json\/wp\/v2\/pages"}],"about":[{"href":"https:\/\/www.ccsa.ufpb.br\/bsccsa\/wp-json\/wp\/v2\/types\/page"}],"author":[{"embeddable":true,"href":"https:\/\/www.ccsa.ufpb.br\/bsccsa\/wp-json\/wp\/v2\/users\/63"}],"replies":[{"embeddable":true,"href":"https:\/\/www.ccsa.ufpb.br\/bsccsa\/wp-json\/wp\/v2\/comments?post=95"}],"version-history":[{"count":12,"href":"https:\/\/www.ccsa.ufpb.br\/bsccsa\/wp-json\/wp\/v2\/pages\/95\/revisions"}],"predecessor-version":[{"id":921,"href":"https:\/\/www.ccsa.ufpb.br\/bsccsa\/wp-json\/wp\/v2\/pages\/95\/revisions\/921"}],"wp:attachment":[{"href":"https:\/\/www.ccsa.ufpb.br\/bsccsa\/wp-json\/wp\/v2\/media?parent=95"}],"curies":[{"name":"wp","href":"https:\/\/api.w.org\/{rel}","templated":true}]}}