{"id":98,"date":"2025-02-04T21:38:27","date_gmt":"2025-02-04T21:38:27","guid":{"rendered":"https:\/\/www.ccsa.ufpb.br\/bsccsa2\/?page_id=98"},"modified":"2026-02-23T20:25:01","modified_gmt":"2026-02-23T20:25:01","slug":"visita-guiada","status":"publish","type":"page","link":"https:\/\/www.ccsa.ufpb.br\/bsccsa\/visita-guiada\/","title":{"rendered":"Treinamentos"},"content":{"rendered":"\n<p><a href=\"https:\/\/drive.google.com\/file\/d\/16kGkv6p8wPVY4WRvJA74WJeWu5VvPVoL\/view?usp=sharing\">Calend\u00e1rio de treinamentos BV-Pearson <\/a><\/p>\n\n\n\n<p><a href=\"https:\/\/ebsco-portuguese.zoom.us\/calendar\/search?mkt_tok=Njg5LUxOUS04NTUAAAGclV5d-6qoyZXG3x_Kurg9qkwTLD3Vb6RX8wiEF8pw1owJQvVDPR1O-L6zJf6KqTKDb1Ov4HqmqtY-SCEEtiVwmUP8_zUwestu1Y2-8Nt0X9lrUSg\">Calend\u00e1rio de Treinamentos EBSCO<\/a><\/p>\n\n\n\n<p><a href=\"https:\/\/www-periodicos-capes-gov-br.ez15.periodicos.capes.gov.br\/index.php\/treinamentos\/calendario.html\">Calendario de Treinamentos Portal<\/a><\/p>\n\n\n\n<details class=\"wp-block-details is-layout-flow wp-block-details-is-layout-flow\"><summary><a href=\"https:\/\/target.com.br\/webinar\/inscricao\/e5195d1c-6b0e-497e-bdb4-6afb823f4ae6\"><strong>Treinamento Online \u2013 Target IA<\/strong><\/a><\/summary>\n<p>Com a Target IA, voc\u00ea pode:<br>\u2714\ufe0f Fazer perguntas espec\u00edficas sobre normas t\u00e9cnicas<br>\u2714\ufe0f Obter respostas precisas sobre requisitos, c\u00e1lculos e procedimentos<br>\u2714\ufe0f Validar projetos conforme as normas t\u00e9cnicas brasileiras<br>\u2714\ufe0f Identificar poss\u00edveis diverg\u00eancias e garantir conformidade<\/p>\n\n\n\n<p>Al\u00e9m disso, clientes contam com o aplicativo Target GEDWeb, que permite acessar normas e utilizar a IA diretamente pelo dispositivo m\u00f3vel.<\/p>\n\n\n\n<p>Ao final do treinamento, haver\u00e1 prova online. Quem alcan\u00e7ar 70% de acertos recebe o <strong>Certificado de Especialista em Target IA<\/strong> \u2014 um diferencial para o seu desenvolvimento profissional!<\/p>\n\n\n\n<p>\ud83d\udcc5 Data: 25\/02\/2026<br>\u23f0 Hor\u00e1rio: 15h<\/p>\n\n\n\n<p>\ud83d\udd17 <strong>Inscri\u00e7\u00f5es: <\/strong><a href=\"https:\/\/target.com.br\/webinar\/inscricao\/8efc9d10-f029-4c45-b838-5658cf7d0be2\">https:\/\/target.com.br\/webinar\/inscricao\/8efc9d10-f029-4c45-b838-5658cf7d0be2<\/a><\/p>\n\n\n\n<p>Participe e descubra como otimizar suas an\u00e1lises e processos t\u00e9cnicos com mais seguran\u00e7a e assertividade!<\/p>\n<\/details>\n\n\n\n<details class=\"wp-block-details\"><summary><mark style=\"color:#077abc\" class=\"has-inline-color is-layout-flow wp-block-details-is-layout-flow\"><strong>Apresenta\u00e7\u00e3o da Biblioteca e seus servi\u00e7os<\/strong> (por agendamento)<\/mark><\/summary>\n<p>Este servi\u00e7o visa apresentar a Biblioteca Setorial do CCSA e seus servi\u00e7os &nbsp;\u00e0 comunidade acad\u00eamica, destacando os principais servi\u00e7os oferecidos aos usu\u00e1rios (organiza\u00e7\u00e3o f\u00edsica do acervo, &nbsp;uso do cat\u00e1logo da biblioteca e as principais bases de dados de pesquisa e e-books, entre outros recursos que podem ser acessados de forma remota).<\/p>\n\n\n\n<p><strong>Antes de realizar a solicita\u00e7\u00e3o de agendamento, solicitamos que sejam lidas atentamente as informa\u00e7\u00f5es a seguir:<\/strong><\/p>\n\n\n\n<ul class=\"wp-block-list\">\n<li>A apresenta\u00e7\u00e3o deve ser solicitada pelo professor(a) &#8211; CCSA\/UFPB;<\/li>\n\n\n\n<li>A apresenta\u00e7\u00e3o deve ser solicitada com, no m\u00ednimo, uma semana de anteced\u00eancia;<\/li>\n\n\n\n<li>A apresenta\u00e7\u00e3o \u00e9 conduzida por um bibliotec\u00e1rio;<\/li>\n\n\n\n<li>A apresenta\u00e7\u00e3o \u00e9 realizada na sala de multimidia, em frente a biblioteca.<\/li>\n\n\n\n<li>A apresenta\u00e7\u00e3o deve ser solicitada atrav\u00e9s do link de agendamento que ser\u00e1 disponibilizado logo abaixo.<\/li>\n<\/ul>\n\n\n\n<p><strong>*O agendamento da sala ser\u00e1 feito pela Biblioteca.<\/strong><\/p>\n\n\n\n<p><strong>Esse servi\u00e7o \u00e9 exclusivo para alunos dos cursos do CCSA<\/strong>. Para turmas de outros centros, recomenda-se verificar a disponibilidade na Biblioteca Setorial correspondente.<\/p>\n\n\n\n<p>Os dados pessoais ser\u00e3o tratados exclusivamente para contato com a pessoa solicitante e, demais dados, para fins estat\u00edsticos. (LGPD, Lei n\u00ba 13.709\/2018)&nbsp;<\/p>\n\n\n\n<p><a href=\"https:\/\/docs.google.com\/forms\/d\/e\/1FAIpQLSdIMvr-uC0F9Vz9kkoRiz-v4w5T23X2fCl91r5kdqme15XroQ\/viewform\">Clique aqui para agendar sua visita<\/a><\/p>\n\n\n\n<p><strong>D\u00favidas, entrem em contato atrav\u00e9s de nossos canais:<\/strong><\/p>\n\n\n\n<p>E-mail: biblioteca@ccsa.ufpb.br&nbsp;&nbsp;<\/p>\n\n\n\n<p>Informa\u00e7\u00f5es pelo telefone e WhatsApp (83) 3126 7494<\/p>\n<\/details>\n\n\n\n<p><\/p>\n\n\n\n<p><\/p>\n\n\n\n<p><\/p>\n\n\n\n<p><\/p>\n\n\n\n<figure class=\"wp-block-pullquote\"><blockquote><p><\/p><\/blockquote><\/figure>\n\n\n\n<p><\/p>\n","protected":false},"excerpt":{"rendered":"<p>Calend\u00e1rio de treinamentos BV-Pearson Calend\u00e1rio de Treinamentos EBSCO Calendario de Treinamentos Portal<\/p>\n","protected":false},"author":63,"featured_media":0,"parent":0,"menu_order":0,"comment_status":"closed","ping_status":"closed","template":"","meta":{"footnotes":""},"class_list":["post-98","page","type-page","status-publish","hentry"],"_links":{"self":[{"href":"https:\/\/www.ccsa.ufpb.br\/bsccsa\/wp-json\/wp\/v2\/pages\/98","targetHints":{"allow":["GET"]}}],"collection":[{"href":"https:\/\/www.ccsa.ufpb.br\/bsccsa\/wp-json\/wp\/v2\/pages"}],"about":[{"href":"https:\/\/www.ccsa.ufpb.br\/bsccsa\/wp-json\/wp\/v2\/types\/page"}],"author":[{"embeddable":true,"href":"https:\/\/www.ccsa.ufpb.br\/bsccsa\/wp-json\/wp\/v2\/users\/63"}],"replies":[{"embeddable":true,"href":"https:\/\/www.ccsa.ufpb.br\/bsccsa\/wp-json\/wp\/v2\/comments?post=98"}],"version-history":[{"count":23,"href":"https:\/\/www.ccsa.ufpb.br\/bsccsa\/wp-json\/wp\/v2\/pages\/98\/revisions"}],"predecessor-version":[{"id":1026,"href":"https:\/\/www.ccsa.ufpb.br\/bsccsa\/wp-json\/wp\/v2\/pages\/98\/revisions\/1026"}],"wp:attachment":[{"href":"https:\/\/www.ccsa.ufpb.br\/bsccsa\/wp-json\/wp\/v2\/media?parent=98"}],"curies":[{"name":"wp","href":"https:\/\/api.w.org\/{rel}","templated":true}]}}