{"id":10,"date":"2025-08-29T09:24:21","date_gmt":"2025-08-29T12:24:21","guid":{"rendered":"https:\/\/www.ccsa.ufpb.br\/cccc\/?page_id=10"},"modified":"2025-08-29T09:59:27","modified_gmt":"2025-08-29T12:59:27","slug":"avaliacao-do-curso","status":"publish","type":"page","link":"https:\/\/www.ccsa.ufpb.br\/cccc\/avaliacao-do-curso\/","title":{"rendered":"Avalia\u00e7\u00e3o do Curso"},"content":{"rendered":"\n<p><strong>ENADE<\/strong><\/p>\n\n\n\n<figure class=\"wp-block-image\"><img decoding=\"async\" src=\"http:\/\/plone.ufpb.br\/cccc\/contents\/imagens\/selo-enade-2015.png\/@@images\/686f4852-0852-4404-9094-ccbdcd0b3c07.png\" alt=\"Selo ENADE 2015\" title=\"Selo ENADE 2015\"\/><\/figure>\n\n\n\n<p><a href=\"http:\/\/plone.ufpb.br\/cccc\/contents\/documentos\/relatorio_curso_enade_2018.pdf\">Relat\u00f3rio de Curso &#8211; ENADE 2018<\/a><\/p>\n\n\n\n<p><a href=\"http:\/\/plone.ufpb.br\/cccc\/contents\/documentos\/relatorio_curso_enade_2015.pdf\">Relat\u00f3rio de Curso &#8211; ENADE 2015<\/a><\/p>\n\n\n\n<p><a href=\"http:\/\/plone.ufpb.br\/cccc\/contents\/documentos\/relatorio_curso_enade_2012.pdf\">Relat\u00f3rio de Curso &#8211; ENADE 2012<\/a><\/p>\n\n\n\n<p><a href=\"http:\/\/plone.ufpb.br\/cccc\/contents\/documentos\/relatorio_curso_enade_2009.pdf\">Relat\u00f3rio de Curso &#8211; ENADE 2009<\/a><\/p>\n\n\n\n<p><a href=\"http:\/\/plone.ufpb.br\/cccc\/contents\/documentos\/relatorio_curso_enade_2006.pdf\">Relat\u00f3rio de Curso &#8211; ENADE 2006<\/a><\/p>\n\n\n\n<p><strong>Melhores Universidades &#8211;&nbsp;Guia do Estudante<\/strong><\/p>\n\n\n\n<p><a href=\"http:\/\/plone.ufpb.br\/cccc\/contents\/documentos\/selo-guia-do-estudante-2018.pdf\">Selo&nbsp;Guia do Estudante&nbsp;2018 &#8211; 5 estrelas<\/a><\/p>\n\n\n\n<figure class=\"wp-block-image\"><img decoding=\"async\" src=\"http:\/\/plone.ufpb.br\/cccc\/contents\/imagens\/selo-guia-do-estudante-2018.jpg\/@@images\/d763c78c-00c4-47f7-9a96-f9be3b65821f.jpeg\" alt=\"Selo Guia do Estudante 2018\" title=\"Selo Guia do Estudante 2018\"\/><\/figure>\n\n\n\n<p><a href=\"http:\/\/plone.ufpb.br\/cccc\/contents\/documentos\/selo-guia-do-estudante-2017.pdf\">Selo&nbsp;Guia do Estudante&nbsp;2017 &#8211; 4 estrelas<\/a><a href=\"http:\/\/plone.ufpb.br\/cccc\/contents\/documentos\/selo-guia-do-estudante-2013.pdf\"><\/a><\/p>\n\n\n\n<p><a href=\"http:\/\/plone.ufpb.br\/cccc\/contents\/documentos\/selo-guia-do-estudante-2016.pdf\">Selo&nbsp;Guia do Estudante&nbsp;2016 &#8211; 4 estrelas<\/a><a href=\"http:\/\/plone.ufpb.br\/cccc\/contents\/documentos\/selo-guia-do-estudante-2013.pdf\"><\/a><\/p>\n\n\n\n<p><a href=\"http:\/\/plone.ufpb.br\/cccc\/contents\/documentos\/selo-guia-do-estudante-2015.pdf\">Selo&nbsp;Guia do Estudante&nbsp;2015 &#8211; 4 estrelas<\/a><a href=\"http:\/\/plone.ufpb.br\/cccc\/contents\/documentos\/selo-guia-do-estudante-2013.pdf\"><\/a><\/p>\n\n\n\n<p><a href=\"http:\/\/plone.ufpb.br\/cccc\/contents\/documentos\/selo-guia-do-estudante-2014.pdf\">Selo&nbsp;Guia do Estudante&nbsp;2014 &#8211; 4 estrelas<\/a><a href=\"http:\/\/plone.ufpb.br\/cccc\/contents\/documentos\/selo-guia-do-estudante-2013.pdf\"><\/a><\/p>\n\n\n\n<p><a href=\"http:\/\/plone.ufpb.br\/cccc\/contents\/documentos\/selo-guia-do-estudante-2013.pdf\">Selo Guia do Estudante 2013 &#8211; 4 estrelas<\/a><\/p>\n","protected":false},"excerpt":{"rendered":"<p>ENADE Relat\u00f3rio de Curso &#8211; ENADE 2018 Relat\u00f3rio de Curso &#8211; ENADE 2015 Relat\u00f3rio de [&hellip;]<\/p>\n","protected":false},"author":47,"featured_media":0,"parent":0,"menu_order":0,"comment_status":"closed","ping_status":"closed","template":"","meta":{"footnotes":""},"class_list":["post-10","page","type-page","status-publish","hentry"],"_links":{"self":[{"href":"https:\/\/www.ccsa.ufpb.br\/cccc\/wp-json\/wp\/v2\/pages\/10","targetHints":{"allow":["GET"]}}],"collection":[{"href":"https:\/\/www.ccsa.ufpb.br\/cccc\/wp-json\/wp\/v2\/pages"}],"about":[{"href":"https:\/\/www.ccsa.ufpb.br\/cccc\/wp-json\/wp\/v2\/types\/page"}],"author":[{"embeddable":true,"href":"https:\/\/www.ccsa.ufpb.br\/cccc\/wp-json\/wp\/v2\/users\/47"}],"replies":[{"embeddable":true,"href":"https:\/\/www.ccsa.ufpb.br\/cccc\/wp-json\/wp\/v2\/comments?post=10"}],"version-history":[{"count":1,"href":"https:\/\/www.ccsa.ufpb.br\/cccc\/wp-json\/wp\/v2\/pages\/10\/revisions"}],"predecessor-version":[{"id":11,"href":"https:\/\/www.ccsa.ufpb.br\/cccc\/wp-json\/wp\/v2\/pages\/10\/revisions\/11"}],"wp:attachment":[{"href":"https:\/\/www.ccsa.ufpb.br\/cccc\/wp-json\/wp\/v2\/media?parent=10"}],"curies":[{"name":"wp","href":"https:\/\/api.w.org\/{rel}","templated":true}]}}