{"id":16,"date":"2025-08-29T09:26:00","date_gmt":"2025-08-29T12:26:00","guid":{"rendered":"https:\/\/www.ccsa.ufpb.br\/cccc\/?page_id=16"},"modified":"2025-08-29T09:59:27","modified_gmt":"2025-08-29T12:59:27","slug":"comissoes-do-curso","status":"publish","type":"page","link":"https:\/\/www.ccsa.ufpb.br\/cccc\/comissoes-do-curso\/","title":{"rendered":"Comiss\u00f5es do Curso"},"content":{"rendered":"\n<p><strong>COMISS\u00c3O DE ATIVIDADES COMPLEMENTARES FLEX\u00cdVEIS<\/strong><\/p>\n\n\n\n<p>Base Legal:&nbsp;<a href=\"http:\/\/www.ccsa.ufpb.br\/cccc\/contents\/documentos\/resolucao_002_2015_atividades_complementares.pdf\" target=\"_blank\" rel=\"noreferrer noopener\">Resolu\u00e7\u00e3o n.\u00ba 002\/2015-CCGCC\/CCSA<\/a><\/p>\n\n\n\n<p>Mandato: 22\/05\/2023 a 21\/05\/2025<\/p>\n\n\n\n<p>Regulamenta\u00e7\u00e3o: <a href=\"http:\/\/plone.ufpb.br\/cccc\/contents\/documentos\/portaria-dfc-008-2023-comissao-atividades-complementares-contabeis-2023-2025.pdf\">Portaria DFC n.\u00ba 008\/2023<\/a><\/p>\n\n\n\n<p>Membros:<\/p>\n\n\n\n<p><a href=\"https:\/\/sigaa.ufpb.br\/sigaa\/public\/docente\/portal.jsf?siape=1859411\" target=\"_blank\" rel=\"noreferrer noopener\">Prof. Dr. Dimas Barr\u00eato de Queiroz&nbsp;<\/a>(Presidente)<\/p>\n\n\n\n<p><a href=\"https:\/\/sigaa.ufpb.br\/sigaa\/public\/docente\/portal.jsf?siape=2500920\" target=\"_blank\" rel=\"noreferrer noopener\">Prof. Dr. Christiano Coelho<\/a><\/p>\n\n\n\n<p><a href=\"https:\/\/sigaa.ufpb.br\/sigaa\/public\/docente\/portal.jsf?siape=1860264\" target=\"_blank\" rel=\"noreferrer noopener\">Prof.\u00aa Ma. Danielle Karla Vieira e Silva<\/a>&nbsp;<\/p>\n\n\n\n<p><a href=\"https:\/\/sigaa.ufpb.br\/sigaa\/public\/docente\/portal.jsf?siape=1296823\" target=\"_blank\" rel=\"noreferrer noopener\">Prof. Dr. Gilberto Magalh\u00e3es da Silva<\/a> (Suplente)<\/p>\n\n\n\n<p><strong>COMISS\u00c3O DE EDUCA\u00c7\u00c3O A DIST\u00c2NCIA<\/strong><\/p>\n\n\n\n<p>Base Legal:&nbsp;<a href=\"http:\/\/www.ccsa.ufpb.br\/cccc\/contents\/documentos\/resolucao_003_2015_disciplinas_modalidade_semipresencial.pdf\" target=\"_blank\" rel=\"noreferrer noopener\">Resolu\u00e7\u00e3o n.\u00ba 003\/2015-CCGCC\/CCSA<\/a><\/p>\n\n\n\n<p>Mandato: 22\/05\/2023 a 21\/05\/2025<\/p>\n\n\n\n<p>Regulamenta\u00e7\u00e3o: <a href=\"http:\/\/plone.ufpb.br\/cccc\/contents\/documentos\/portaria-dfc-009-2023-comissao-educacao-a-distancia-contabeis-2023-2025.pdf\">Portaria DFC n.\u00ba 009\/2023<\/a><\/p>\n\n\n\n<p>Membros:<\/p>\n\n\n\n<p><a href=\"https:\/\/sigaa.ufpb.br\/sigaa\/public\/docente\/portal.jsf?siape=2355745\" target=\"_blank\" rel=\"noreferrer noopener\">Prof. Me. Edson Franco de Moraes<\/a>&nbsp;(Presidente)<\/p>\n\n\n\n<p><a href=\"https:\/\/sigaa.ufpb.br\/sigaa\/public\/docente\/portal.jsf?siape=2069872\" target=\"_blank\" rel=\"noreferrer noopener\">Prof. Dr. Josedilton Alves Diniz<\/a><\/p>\n\n\n\n<p><a href=\"https:\/\/sigaa.ufpb.br\/sigaa\/public\/docente\/portal.jsf?siape=1670318\" target=\"_blank\" rel=\"noreferrer noopener\">Prof. Dr. Tiago Henrique de Souza Echternacht<\/a><\/p>\n\n\n\n<p><a href=\"https:\/\/sigaa.ufpb.br\/sigaa\/public\/docente\/portal.jsf?siape=3155358\" target=\"_blank\" rel=\"noreferrer noopener\">Prof.\u00aa Dr.\u00aa Viviane da Costa Freitag<\/a>&nbsp;(Suplente)<\/p>\n\n\n\n<p><strong>COMISS\u00c3O DO PROGRAMA DE AVALIA\u00c7\u00c3O DO CURSO<\/strong><\/p>\n\n\n\n<p>Base Legal:&nbsp;<a href=\"http:\/\/www.ccsa.ufpb.br\/cccc\/contents\/documentos\/resolucao_005_2015_programa_avaliacao_curso.pdf\" target=\"_blank\" rel=\"noreferrer noopener\">Resolu\u00e7\u00e3o CCCC n.\u00ba 005\/2015<\/a><\/p>\n\n\n\n<p>Mandato: 22\/05\/2023 a 21\/05\/2025<\/p>\n\n\n\n<p>Regulamenta\u00e7\u00e3o: <a href=\"http:\/\/plone.ufpb.br\/cccc\/contents\/documentos\/portaria-dfc-010-2023-comissao-do-programa-de-avaliacao-do-curso-de-ciencias-contabeis-2023-2025.pdf\">Portaria DFC n.\u00ba 010\/2023<\/a><\/p>\n\n\n\n<p>Membros:<\/p>\n\n\n\n<p><a href=\"https:\/\/sigaa.ufpb.br\/sigaa\/public\/docente\/portal.jsf?siape=1526402\" target=\"_blank\" rel=\"noreferrer noopener\">Prof. Dr. Wenner Gl\u00e1ucio Lopes Lucena<\/a>&nbsp;(Presidente)<\/p>\n\n\n\n<p><a href=\"https:\/\/sigaa.ufpb.br\/sigaa\/public\/docente\/portal.jsf?siape=1775506\" target=\"_blank\" rel=\"noreferrer noopener\">Prof. Dr. Orleans Silva Martins<\/a><\/p>\n\n\n\n<p><a href=\"https:\/\/sigaa.ufpb.br\/sigaa\/public\/docente\/portal.jsf?siape=3155358\" target=\"_blank\" rel=\"noreferrer noopener\">Prof.\u00aa Dr.\u00aa Viviane da Costa Freitag<\/a><\/p>\n\n\n\n<p><a href=\"https:\/\/sigaa.ufpb.br\/sigaa\/public\/docente\/portal.jsf?siape=1610122\" target=\"_blank\" rel=\"noreferrer noopener\">Prof. Dr. Mois\u00e9s Ara\u00fajo Almeida<\/a>&nbsp;(Suplente)<\/p>\n\n\n\n<p><strong>COMISS\u00c3O DO PROGRAMA DE ACOMPANHAMENTO DE EGRESSO<\/strong><\/p>\n\n\n\n<p>Base Legal:&nbsp;<a href=\"http:\/\/www.ccsa.ufpb.br\/cccc\/contents\/documentos\/resolucao_006_2015_programa_acompanhamento_egresso.pdf\" target=\"_blank\" rel=\"noreferrer noopener\">Resolu\u00e7\u00e3o CCCC n.\u00ba 006\/2015<\/a><\/p>\n\n\n\n<p>Mandato: 22\/05\/2023 a 21\/05\/2025<\/p>\n\n\n\n<p>Regulamenta\u00e7\u00e3o: <a href=\"http:\/\/plone.ufpb.br\/cccc\/contents\/documentos\/portaria-dfc-011-2023-comissao-do-programa-de-acompanhamento-de-egresso-do-curso-de-ciencias-contabeis-2023-2025.pdf\">Portaria DFC n.\u00ba 011\/2023<\/a><\/p>\n\n\n\n<p>&nbsp;Membros:<\/p>\n\n\n\n<p><a href=\"https:\/\/sigaa.ufpb.br\/sigaa\/public\/docente\/portal.jsf?siape=2500920\" target=\"_blank\" rel=\"noreferrer noopener\">Prof. Dr. Christiano Coelho<\/a>&nbsp;(Presidente)<\/p>\n\n\n\n<p><a href=\"https:\/\/sigaa.ufpb.br\/sigaa\/public\/docente\/portal.jsf?siape=1743642\" target=\"_blank\" rel=\"noreferrer noopener\">Prof. Dr. Azamor Cirne de Azevedo Filho<\/a><\/p>\n\n\n\n<p><a href=\"https:\/\/sigaa.ufpb.br\/sigaa\/public\/docente\/portal.jsf?siape=2246080\" target=\"_blank\" rel=\"noreferrer noopener\">Prof.\u00aa Dr.\u00aa Valdineide dos Santos Ara\u00fajo<\/a><\/p>\n\n\n\n<p><a href=\"https:\/\/sigaa.ufpb.br\/sigaa\/public\/docente\/portal.jsf?siape=1860264\" target=\"_blank\" rel=\"noreferrer noopener\">Prof.\u00aa Ma. Danielle Karla Vieira e Silva<\/a>&nbsp;(Suplente)<\/p>\n\n\n\n<p><strong>COMISS\u00c3O DO TRABALHO DE CONCLUS\u00c3O DO CURSO<\/strong><\/p>\n\n\n\n<p>Base Legal:&nbsp;<a href=\"http:\/\/www.ccsa.ufpb.br\/cccc\/contents\/documentos\/resolucao_cccc_n_02-2022_trabalho_conclusao_curso.pdf\" target=\"_blank\" rel=\"noreferrer noopener\">Resolu\u00e7\u00e3o CCCC n.\u00ba 02\/2022<\/a><a href=\"http:\/\/www.ccsa.ufpb.br\/cccc\/contents\/documentos\/resolucao_cccc_n-_01-2022_atividades_complementares.pdf\" target=\"_blank\" rel=\"noreferrer noopener\">&nbsp;<\/a><\/p>\n\n\n\n<p>Regulamenta\u00e7\u00e3o:&nbsp;<a href=\"http:\/\/plone.ufpb.br\/cccc\/contents\/documentos\/portaria_dfc_05-2022_comissao_tcc.pdf\">Portaria DFC n.\u00ba 005\/2022<\/a><\/p>\n\n\n\n<p>Membros:<\/p>\n\n\n\n<p><a href=\"https:\/\/sigaa.ufpb.br\/sigaa\/public\/docente\/portal.jsf?siape=3155358\" target=\"_blank\" rel=\"noreferrer noopener\">Prof.\u00aa Dr.\u00aa Viviane da Costa Freitag<\/a>&nbsp;(Presidente)<\/p>\n\n\n\n<p><a href=\"https:\/\/sigaa.ufpb.br\/sigaa\/public\/docente\/portal.jsf?siape=1610122\" target=\"_blank\" rel=\"noreferrer noopener\">Prof. Dr. Mois\u00e9s Ara\u00fajo Almeida<\/a><\/p>\n\n\n\n<p><a href=\"http:\/\/lattes.cnpq.br\/3184656606684193\" target=\"_blank\" rel=\"noreferrer noopener\">Prof. Dr. Rommel de Santana Freire<\/a><\/p>\n\n\n\n<p><a href=\"https:\/\/sigaa.ufpb.br\/sigaa\/public\/docente\/portal.jsf?siape=2246080\" target=\"_blank\" rel=\"noreferrer noopener\">Prof.\u00aa Dr.\u00aa Valdineide dos Santos Ara\u00fajo<\/a><\/p>\n\n\n\n<p><a href=\"https:\/\/sigaa.ufpb.br\/sigaa\/public\/docente\/portal.jsf?siape=1670318\" target=\"_blank\" rel=\"noreferrer noopener\">Prof. Dr. Tiago Henrique de Souza Echternacht<\/a>&nbsp;<\/p>\n\n\n\n<p><a href=\"https:\/\/sigaa.ufpb.br\/sigaa\/public\/docente\/portal.jsf?siape=1775506\" target=\"_blank\" rel=\"noreferrer noopener\">Prof. Dr. Orleans Silva Martins<\/a>&nbsp;(Suplente)<\/p>\n\n\n\n<p><a href=\"http:\/\/%20http\/\/lattes.cnpq.br\/4026224716762007\" target=\"_blank\" rel=\"noreferrer noopener\">Prof.\u00aa Dr\u00aa. Vera L\u00facia Cruz <\/a>(Suplente)<\/p>\n\n\n\n<p><strong>COMISS\u00c3O DE EST\u00c1GIO SUPERVISIONADO<\/strong><\/p>\n\n\n\n<p>Mandato: 22\/05\/2023 a 21\/05\/2025<\/p>\n\n\n\n<p>Regulamenta\u00e7\u00e3o:&nbsp;<a href=\"http:\/\/plone.ufpb.br\/cccc\/contents\/documentos\/portaria-dfc-013-2023-comissao-de-estagio-supervisionado-2023-2025.pdf\">Portaria DFC n.\u00ba 013\/2023<\/a><\/p>\n\n\n\n<p>Membros:<\/p>\n\n\n\n<p><a href=\"https:\/\/sigaa.ufpb.br\/sigaa\/public\/docente\/portal.jsf?siape=1767531\" target=\"_blank\" rel=\"noreferrer noopener\">Prof.\u00aa Dr.\u00aa Adriana Fernandes de Vasconcelos<\/a>&nbsp;(Presidente)<\/p>\n\n\n\n<p><a href=\"https:\/\/sigaa.ufpb.br\/sigaa\/public\/docente\/portal.jsf?siape=338274\" target=\"_blank\" rel=\"noreferrer noopener\">Prof.\u00aa Esp. Mana\u00edra do Carmo Dantas Abrantes de Melo<\/a><\/p>\n\n\n\n<p><a href=\"https:\/\/sigaa.ufpb.br\/sigaa\/public\/docente\/portal.jsf?siape=2204250\" target=\"_blank\" rel=\"noreferrer noopener\">Prof.\u00aa Dr.\u00aa Rossana Guerra de Sousa<\/a>&nbsp;<\/p>\n\n\n\n<p><a href=\"https:\/\/sigaa.ufpb.br\/sigaa\/public\/docente\/portal.jsf?siape=2246080\" target=\"_blank\" rel=\"noreferrer noopener\">Prof.\u00aa Dr.\u00aa Valdineide dos Santos Ara\u00fajo<\/a>&nbsp;(Suplente)<\/p>\n\n\n\n<p><strong>COMISS\u00c3O AVALIADORA PARA CONCESS\u00c3O DE L\u00c1UREA ACAD\u00caMICA<\/strong><\/p>\n\n\n\n<p>Base Legal:&nbsp; <a href=\"https:\/\/sig-arq.ufpb.br\/arquivos\/20220591150d3e45746805b8abfdc2a21\/Resoluo_n_06.2022_Consuni.pdf\" target=\"_blank\" rel=\"noreferrer noopener\">Resolu\u00e7\u00e3o n\u00ba 006\/2022\/CONSUNI\/UFPB<\/a><\/p>\n\n\n\n<p>Mandato: 26\/06\/2023 a 25\/06\/2025<\/p>\n\n\n\n<p>Regulamenta\u00e7\u00e3o:&nbsp;<a href=\"http:\/\/plone.ufpb.br\/cccc\/contents\/documentos\/portaria-cccc-no-03-2023-comissao-para-concessao-da-laurea-academica-do-curso-de-ciencias-contabeis.pdf\">Portaria CC n.\u00ba 003\/2023<\/a><\/p>\n\n\n\n<p>Membros:<\/p>\n\n\n\n<p><a href=\"https:\/\/sigaa.ufpb.br\/sigaa\/public\/docente\/portal.jsf?siape=2368304\" target=\"_blank\" rel=\"noreferrer noopener\">Prof. Dr. Rob\u00e9rio Dantas de Fran\u00e7a<\/a> (Presidente)<\/p>\n\n\n\n<p><a href=\"https:\/\/sigaa.ufpb.br\/sigaa\/public\/docente\/portal.jsf?siape=3226799\" target=\"_blank\" rel=\"noreferrer noopener\">Prof.\u00aa Dr.\u00aa&nbsp;Karla Katiuscia N\u00f3brega de Almeida<\/a><\/p>\n\n\n\n<p><a href=\"https:\/\/sigaa.ufpb.br\/sigaa\/public\/docente\/portal.jsf?siape=1610122\" target=\"_blank\" rel=\"noreferrer noopener\">Prof. Dr. Mois\u00e9s Ara\u00fajo Almeida<\/a><\/p>\n","protected":false},"excerpt":{"rendered":"<p>COMISS\u00c3O DE ATIVIDADES COMPLEMENTARES FLEX\u00cdVEIS Base Legal:&nbsp;Resolu\u00e7\u00e3o n.\u00ba 002\/2015-CCGCC\/CCSA Mandato: 22\/05\/2023 a 21\/05\/2025 Regulamenta\u00e7\u00e3o: Portaria [&hellip;]<\/p>\n","protected":false},"author":47,"featured_media":0,"parent":0,"menu_order":0,"comment_status":"closed","ping_status":"closed","template":"","meta":{"footnotes":""},"class_list":["post-16","page","type-page","status-publish","hentry"],"_links":{"self":[{"href":"https:\/\/www.ccsa.ufpb.br\/cccc\/wp-json\/wp\/v2\/pages\/16","targetHints":{"allow":["GET"]}}],"collection":[{"href":"https:\/\/www.ccsa.ufpb.br\/cccc\/wp-json\/wp\/v2\/pages"}],"about":[{"href":"https:\/\/www.ccsa.ufpb.br\/cccc\/wp-json\/wp\/v2\/types\/page"}],"author":[{"embeddable":true,"href":"https:\/\/www.ccsa.ufpb.br\/cccc\/wp-json\/wp\/v2\/users\/47"}],"replies":[{"embeddable":true,"href":"https:\/\/www.ccsa.ufpb.br\/cccc\/wp-json\/wp\/v2\/comments?post=16"}],"version-history":[{"count":1,"href":"https:\/\/www.ccsa.ufpb.br\/cccc\/wp-json\/wp\/v2\/pages\/16\/revisions"}],"predecessor-version":[{"id":17,"href":"https:\/\/www.ccsa.ufpb.br\/cccc\/wp-json\/wp\/v2\/pages\/16\/revisions\/17"}],"wp:attachment":[{"href":"https:\/\/www.ccsa.ufpb.br\/cccc\/wp-json\/wp\/v2\/media?parent=16"}],"curies":[{"name":"wp","href":"https:\/\/api.w.org\/{rel}","templated":true}]}}