{"id":18,"date":"2025-08-29T09:26:23","date_gmt":"2025-08-29T12:26:23","guid":{"rendered":"https:\/\/www.ccsa.ufpb.br\/cccc\/?page_id=18"},"modified":"2025-08-29T09:59:27","modified_gmt":"2025-08-29T12:59:27","slug":"consulta-eleitoral","status":"publish","type":"page","link":"https:\/\/www.ccsa.ufpb.br\/cccc\/consulta-eleitoral\/","title":{"rendered":"Consulta Eleitoral"},"content":{"rendered":"\n<p><strong>Consulta Eleitoral de Coordenador(a) e Vice-Coordenador(a) para o mandato do bi\u00eanio 2024-2026<\/strong><\/p>\n\n\n\n<p><a href=\"http:\/\/plone.ufpb.br\/cccc\/contents\/documentos\/edital-01-2024-eleicao-para-coordenador-e-vice-do-cccc.pdf\">Edital n.\u00ba 01\/2024<\/a>&nbsp;&#8211; Disp\u00f5e sobre as normas para escolha de Coordenador(a) e Vice-Coordenador(a) da Coordena\u00e7\u00e3o do Curso de Gradua\u00e7\u00e3o em Ci\u00eancias Cont\u00e1beis, do Centro de Ci\u00eancias Sociais Aplicadas, Campus I, da Universidade Federal da Para\u00edba, para o mandato do bi\u00eanio 2024-2026.<\/p>\n\n\n\n<p><a href=\"http:\/\/plone.ufpb.br\/cccc\/contents\/documentos\/portaria-no-04-de-2024.pdf\">Portaria n.\u00ba 4\/2024 &#8211; CCSA &#8211; CC<\/a> &#8211;&nbsp;Designa Comiss\u00e3o de Consulta Eleitoral de escolha de Coordenador(a) e Vice-Coordenador(a) do Curso de Gradua\u00e7\u00e3o em Ci\u00eancias Cont\u00e1beis,&nbsp;do Centro de Ci\u00eancias Sociais Aplicadas, Campus I, da Universidade Federal da Para\u00edba, para o mandato do bi\u00eanio 2024-2026.<\/p>\n\n\n\n<p><a href=\"http:\/\/plone.ufpb.br\/cccc\/contents\/documentos\/lista_inscritos_consulta_escolha_coordenacao_240422_143338_2.pdf\">Chapa Inscrita para Consulta Eleitoral<\/a><\/p>\n\n\n\n<p><a href=\"http:\/\/plone.ufpb.br\/cccc\/contents\/documentos\/lista_de_votantes_-_colegiado_eleitoral_assinado.pdf\">Integrantes do Col\u00e9gio Eleitoral<\/a><\/p>\n\n\n\n<p><a href=\"http:\/\/plone.ufpb.br\/cccc\/contents\/documentos\/porposta-de-trabalho.pdf\">Proposta de Trabalho dos Candidatos<\/a><\/p>\n\n\n\n<p><a href=\"http:\/\/plone.ufpb.br\/cccc\/contents\/documentos\/relatorio_final_votacao-1.pdf\">Resultado da Consulta Eleitoral<\/a><\/p>\n\n\n\n<p><strong>Consulta Ele<\/strong><strong>itoral de Coordenador(a) e Vice-Coordenador(a) para o mandato do bi\u00eanio 2022-2024<\/strong><\/p>\n\n\n\n<p><a href=\"http:\/\/plone.ufpb.br\/cccc\/contents\/documentos\/edital_02-2022_consulta_eleitoral_coordenacao_ciencias_contabeis.pdf\">Edital n.\u00ba 02\/2022<\/a> &#8211; Disp\u00f5e sobre as normas para escolha de Coordenador(a) e Vice-Coordenador(a) da Coordena\u00e7\u00e3o do Curso de Gradua\u00e7\u00e3o em Ci\u00eancias Cont\u00e1beis, do Centro de Ci\u00eancias Sociais Aplicadas, Campus I, da Universidade Federal da Para\u00edba, para o mandato do bi\u00eanio 2022-2024.<\/p>\n\n\n\n<p><a href=\"http:\/\/plone.ufpb.br\/cccc\/contents\/documentos\/portaria_2-2022-ccsa-cc_comissao_consulta_eleitoral_coordenacao_ciencias_contabeis.pdf\">Portaria n.\u00ba 2\/2022 &#8211; CCSA &#8211; CC<\/a>&nbsp;&#8211;&nbsp;Designa Comiss\u00e3o de Consulta Eleitoral de escolha de Coordenador(a) e Vice-Coordenador(a) do Curso de Gradua\u00e7\u00e3o em Ci\u00eancias Cont\u00e1beis,&nbsp;do Centro de Ci\u00eancias Sociais Aplicadas, Campus I, da Universidade Federal da Para\u00edba, para o mandato do bi\u00eanio 2022-2024.<\/p>\n\n\n\n<p><a href=\"http:\/\/plone.ufpb.br\/cccc\/contents\/documentos\/chapa_inscrita_coordenacao_2022.pdf\">Chapa inscrita para Consulta Eleitoral<\/a><\/p>\n\n\n\n<p><a href=\"http:\/\/plone.ufpb.br\/cccc\/contents\/documentos\/colegio_eleitoral_2022.pdf\">Integrantes do Col\u00e9gio Eleitoral<\/a><\/p>\n\n\n\n<p><a href=\"http:\/\/plone.ufpb.br\/cccc\/contents\/documentos\/proposta_trabalho_chapa.pdf\">Proposta de Trabalho dos Candidatos<\/a><\/p>\n\n\n\n<p><a href=\"http:\/\/plone.ufpb.br\/cccc\/contents\/documentos\/resultado_final_consulta_eleitoral_coordenacao_2022.pdf\">Resultado da Consulta Eleitoral<\/a><\/p>\n\n\n\n<p><strong>Consulta Eleitoral de Vice-Coordenador(a) para mandato complementar do bi\u00eanio 2020-2022<\/strong><\/p>\n\n\n\n<p><a href=\"http:\/\/plone.ufpb.br\/cccc\/contents\/documentos\/edital_01-2022_consulta_eleitoral_vice-coordenador_cccc.pdf\">Edital n.\u00ba 01\/2022<\/a>&nbsp;&#8211;&nbsp;Disp\u00f5e sobre as normas para escolha de Vice-Coordenador(a) da Coordena\u00e7\u00e3o do Curso de Gradua\u00e7\u00e3o em Ci\u00eancias Cont\u00e1beis, do Centro de Ci\u00eancias Sociais Aplicadas, Campus I, da Universidade Federal da Para\u00edba, para mandato complementar do bi\u00eanio 2020-2022.<\/p>\n\n\n\n<p><a href=\"http:\/\/plone.ufpb.br\/cccc\/contents\/documentos\/portaria_1-2022-ccsa-cc_comissao_consulta_eleitoral_vice_coordenador.pdf\">Portaria n.\u00ba 1\/2022 &#8211; CCSA &#8211; CC<\/a>&nbsp;&#8211;&nbsp;Designa Comiss\u00e3o de Consulta Eleitoral de escolha do Vice-Coordenador(a) do Curso de Gradua\u00e7\u00e3o em Ci\u00eancias Cont\u00e1beis,&nbsp;do Centro de Ci\u00eancias Sociais Aplicadas, Campus I, da Universidade Federal da Para\u00edba, para mandato complementar do bi\u00eanio 2020-2022.<\/p>\n\n\n\n<p><a href=\"http:\/\/plone.ufpb.br\/cccc\/contents\/documentos\/candidato_inscrito_vice-coordenador.pdf\">Candidato inscrito para a&nbsp;Consulta Eleitoral<\/a><\/p>\n\n\n\n<p><a href=\"http:\/\/plone.ufpb.br\/cccc\/contents\/documentos\/colegio_eleitoral.pdf\">Integrantes do Col\u00e9gio Eleitoral<\/a><\/p>\n\n\n\n<p><a href=\"http:\/\/plone.ufpb.br\/cccc\/contents\/documentos\/resultado_final_consulta_eleitoral_vice-coordenador.pdf\">Resultado final da Consulta Eleitoral<\/a><\/p>\n\n\n\n<p><strong>Consulta Eleitoral de Coordenador(a) e Vice-Coordenador(a) para o mandato do bi\u00eanio 2020-2022<\/strong><\/p>\n\n\n\n<p><a href=\"http:\/\/www.ccsa.ufpb.br\/cccc\/contents\/documentos\/edital_eleicao_coordenacao_2020-2022.pdf\" target=\"_blank\" rel=\"noreferrer noopener\">Edital n.\u00ba 01\/2020<\/a>&nbsp;&#8211; Disp\u00f5e sobre as normas para escolha de Coordenador(a) e Vice-Coordenador(a) da Coordena\u00e7\u00e3o do Curso de Gradua\u00e7\u00e3o em Ci\u00eancias Cont\u00e1beis da Universidade Federal da Para\u00edba (bi\u00eanio 2020-2022).<\/p>\n\n\n\n<p><a href=\"http:\/\/www.ccsa.ufpb.br\/cccc\/contents\/documentos\/portaria_n_36-2020_ccsa-cc_designa_comissao_eleitoral.pdf\" target=\"_blank\" rel=\"noreferrer noopener\">Portaria n.\u00ba 36\/2020 &#8211; CCSA &#8211; CC<\/a>&nbsp;&#8211;&nbsp;Designa Comiss\u00e3o de Consulta Eleitoral para escolha de Coordenador(a) e Vice-Coordenador(a) do Curso de Ci\u00eancias Cont\u00e1beis.<\/p>\n\n\n\n<p><a href=\"http:\/\/plone.ufpb.br\/cccc\/contents\/documentos\/lista_inscritos_consulta_escolha_coordenacao.pdf\">Chapa inscrita para Consulta Eleitoral<\/a><\/p>\n\n\n\n<p><a href=\"http:\/\/plone.ufpb.br\/cccc\/contents\/documentos\/relatorio_final_votacao.pdf\">Resultado da Consulta Eleitoral<\/a><\/p>\n\n\n\n<p><strong>Consulta Eleitoral de Coordenador(a) e Vice-Coordenador(a) para o mandato do bi\u00eanio 2018-2020<\/strong><\/p>\n\n\n\n<p><a href=\"http:\/\/plone.ufpb.br\/cccc\/contents\/documentos\/edital_consulta_eleitoral_coordenacao_2018.pdf\">Edital de Elei\u00e7\u00e3o<\/a> &#8211; Disp\u00f5e sobre as normas para elei\u00e7\u00e3o de Coordenador(a) e Vice-Coordenador(a) do Curso de Ci\u00eancias Cont\u00e1beis (bi\u00eanio 2018-2020).<\/p>\n","protected":false},"excerpt":{"rendered":"<p>Consulta Eleitoral de Coordenador(a) e Vice-Coordenador(a) para o mandato do bi\u00eanio 2024-2026 Edital n.\u00ba 01\/2024&nbsp;&#8211; [&hellip;]<\/p>\n","protected":false},"author":47,"featured_media":0,"parent":0,"menu_order":0,"comment_status":"closed","ping_status":"closed","template":"","meta":{"footnotes":""},"class_list":["post-18","page","type-page","status-publish","hentry"],"_links":{"self":[{"href":"https:\/\/www.ccsa.ufpb.br\/cccc\/wp-json\/wp\/v2\/pages\/18","targetHints":{"allow":["GET"]}}],"collection":[{"href":"https:\/\/www.ccsa.ufpb.br\/cccc\/wp-json\/wp\/v2\/pages"}],"about":[{"href":"https:\/\/www.ccsa.ufpb.br\/cccc\/wp-json\/wp\/v2\/types\/page"}],"author":[{"embeddable":true,"href":"https:\/\/www.ccsa.ufpb.br\/cccc\/wp-json\/wp\/v2\/users\/47"}],"replies":[{"embeddable":true,"href":"https:\/\/www.ccsa.ufpb.br\/cccc\/wp-json\/wp\/v2\/comments?post=18"}],"version-history":[{"count":1,"href":"https:\/\/www.ccsa.ufpb.br\/cccc\/wp-json\/wp\/v2\/pages\/18\/revisions"}],"predecessor-version":[{"id":19,"href":"https:\/\/www.ccsa.ufpb.br\/cccc\/wp-json\/wp\/v2\/pages\/18\/revisions\/19"}],"wp:attachment":[{"href":"https:\/\/www.ccsa.ufpb.br\/cccc\/wp-json\/wp\/v2\/media?parent=18"}],"curies":[{"name":"wp","href":"https:\/\/api.w.org\/{rel}","templated":true}]}}