{"id":20,"date":"2025-08-29T09:30:35","date_gmt":"2025-08-29T12:30:35","guid":{"rendered":"https:\/\/www.ccsa.ufpb.br\/cccc\/?page_id=20"},"modified":"2025-08-29T09:59:27","modified_gmt":"2025-08-29T12:59:27","slug":"corpo-docente","status":"publish","type":"page","link":"https:\/\/www.ccsa.ufpb.br\/cccc\/corpo-docente\/","title":{"rendered":"Corpo Docente"},"content":{"rendered":"\n<p><a href=\"https:\/\/sigaa.ufpb.br\/sigaa\/public\/departamento\/professores.jsf?id=1332\">Docentes do Departamento de Finan\u00e7as e Contabilidade<\/a><\/p>\n\n\n\n<p><a href=\"https:\/\/sigaa.ufpb.br\/sigaa\/public\/departamento\/professores.jsf?id=1331\" target=\"_blank\" rel=\"noreferrer noopener\">Docentes do Departamento de Ci\u00eancia da Informa\u00e7\u00e3o<\/a><\/p>\n\n\n\n<p><a href=\"https:\/\/sigaa.ufpb.br\/sigaa\/public\/departamento\/portal.jsf?lc=pt_BR&amp;id=1329\" target=\"_blank\" rel=\"noreferrer noopener\">Docentes do Departamento de Economia<\/a><\/p>\n\n\n\n<p><a href=\"https:\/\/sigaa.ufpb.br\/sigaa\/public\/departamento\/portal.jsf?lc=pt_BR&amp;id=1391\" target=\"_blank\" rel=\"noreferrer noopener\">Docentes do Departamento de Direito Privado<\/a><\/p>\n\n\n\n<p><a href=\"https:\/\/sigaa.ufpb.br\/sigaa\/public\/departamento\/portal.jsf?lc=pt_BR&amp;id=1390\" target=\"_blank\" rel=\"noreferrer noopener\">Docentes do Departamento de Direito P\u00fablico<\/a><\/p>\n\n\n\n<p><a href=\"https:\/\/sigaa.ufpb.br\/sigaa\/public\/departamento\/professores.jsf?id=1341\" target=\"_blank\" rel=\"noreferrer noopener\">Docentes do Departamento de Estat\u00edstica<\/a><\/p>\n\n\n\n<p><a href=\"https:\/\/sigaa.ufpb.br\/sigaa\/public\/departamento\/professores.jsf?id=1337\" target=\"_blank\" rel=\"noreferrer noopener\">Docentes do Departamento de Matem\u00e1tica<\/a><\/p>\n","protected":false},"excerpt":{"rendered":"<p>Docentes do Departamento de Finan\u00e7as e Contabilidade Docentes do Departamento de Ci\u00eancia da Informa\u00e7\u00e3o Docentes [&hellip;]<\/p>\n","protected":false},"author":47,"featured_media":0,"parent":0,"menu_order":0,"comment_status":"closed","ping_status":"closed","template":"","meta":{"footnotes":""},"class_list":["post-20","page","type-page","status-publish","hentry"],"_links":{"self":[{"href":"https:\/\/www.ccsa.ufpb.br\/cccc\/wp-json\/wp\/v2\/pages\/20","targetHints":{"allow":["GET"]}}],"collection":[{"href":"https:\/\/www.ccsa.ufpb.br\/cccc\/wp-json\/wp\/v2\/pages"}],"about":[{"href":"https:\/\/www.ccsa.ufpb.br\/cccc\/wp-json\/wp\/v2\/types\/page"}],"author":[{"embeddable":true,"href":"https:\/\/www.ccsa.ufpb.br\/cccc\/wp-json\/wp\/v2\/users\/47"}],"replies":[{"embeddable":true,"href":"https:\/\/www.ccsa.ufpb.br\/cccc\/wp-json\/wp\/v2\/comments?post=20"}],"version-history":[{"count":2,"href":"https:\/\/www.ccsa.ufpb.br\/cccc\/wp-json\/wp\/v2\/pages\/20\/revisions"}],"predecessor-version":[{"id":82,"href":"https:\/\/www.ccsa.ufpb.br\/cccc\/wp-json\/wp\/v2\/pages\/20\/revisions\/82"}],"wp:attachment":[{"href":"https:\/\/www.ccsa.ufpb.br\/cccc\/wp-json\/wp\/v2\/media?parent=20"}],"curies":[{"name":"wp","href":"https:\/\/api.w.org\/{rel}","templated":true}]}}