{"id":45,"date":"2025-08-29T09:32:20","date_gmt":"2025-08-29T12:32:20","guid":{"rendered":"https:\/\/www.ccsa.ufpb.br\/cccc\/?page_id=45"},"modified":"2025-08-29T09:59:27","modified_gmt":"2025-08-29T12:59:27","slug":"estagio","status":"publish","type":"page","link":"https:\/\/www.ccsa.ufpb.br\/cccc\/estagio\/","title":{"rendered":"Est\u00e1gio"},"content":{"rendered":"\n<p><a href=\"http:\/\/plone.ufpb.br\/cccc\/contents\/paginas\/agentes-de-integracao\">Agentes de Integra\u00e7\u00e3o<\/a><\/p>\n\n\n\n<p><a href=\"http:\/\/plone.ufpb.br\/cccc\/contents\/paginas\/estagio-supervisionado\">Aproveitamento de Est\u00e1gio Supervisionado<\/a><\/p>\n\n\n\n<p><a href=\"https:\/\/docs.google.com\/forms\/d\/e\/1FAIpQLSeGq42vy9jl_W0co1zdUnf35do-Y0kP_hQQQE-HatGa3mAbPQ\/viewform?vc=0&amp;c=0&amp;w=1&amp;flr=0\" target=\"_blank\" rel=\"noreferrer noopener\">Banco de Vagas para Est\u00e1gio N\u00e3o Obrigat\u00f3rio<\/a><\/p>\n\n\n\n<p><a href=\"http:\/\/www.ccsa.ufpb.br\/cccc\/contents\/paginas\/estagio-nao-obrigatorio\" target=\"_blank\" rel=\"noreferrer noopener\">Est\u00e1gio N\u00e3o Obrigat\u00f3rio<\/a><\/p>\n\n\n\n<p><a href=\"http:\/\/plone.ufpb.br\/cccc\/contents\/documentos\/modelo_relatorio_atividades_estagio_supervisionado.doc\">Modelo de Relat\u00f3rio de Atividades do Est\u00e1gio Supervisionado<\/a><\/p>\n\n\n\n<p><a href=\"http:\/\/www.prg.ufpb.br\/prg\/cem\/estagio\/documentos\/passo-a-passo_discente-04-09-17.pdf\" target=\"_blank\" rel=\"noreferrer noopener\">Procedimento para cadastro de Est\u00e1gio N\u00e3o-Obrigat\u00f3rio no Sigaa pelo aluno<\/a>&nbsp;<\/p>\n\n\n\n<p><a href=\"http:\/\/www.prg.ufpb.br\/prg\/cem\/menu-cem\/estagio-1\/convenios\" target=\"_blank\" rel=\"noreferrer noopener\">Procedimento para celebra\u00e7\u00e3o de Acordo de Coopera\u00e7\u00e3o de Est\u00e1gio<\/a><\/p>\n\n\n\n<p><strong>COMISS\u00c3O DE EST\u00c1GIO SUPERVISIONADO<\/strong><\/p>\n\n\n\n<p>Mandato: 22\/05\/2023 a 21\/05\/2025<\/p>\n\n\n\n<p>Regulamenta\u00e7\u00e3o:&nbsp;&nbsp;<a href=\"http:\/\/plone.ufpb.br\/cccc\/contents\/documentos\/portaria-dfc-013-2023-comissao-de-estagio-supervisionado-2023-2025.pdf\">Portaria DFC n.\u00ba 013\/2023<\/a><\/p>\n\n\n\n<p>Membros:<\/p>\n\n\n\n<p><a href=\"https:\/\/sigaa.ufpb.br\/sigaa\/public\/docente\/portal.jsf?siape=1767531\" target=\"_blank\" rel=\"noreferrer noopener\">Prof.\u00aa Dr.\u00aa Adriana Fernandes de Vasconcelos<\/a>&nbsp;(Presidente)<\/p>\n\n\n\n<p><a href=\"https:\/\/sigaa.ufpb.br\/sigaa\/public\/docente\/portal.jsf?siape=338274\" target=\"_blank\" rel=\"noreferrer noopener\">Prof.\u00aa Esp. Mana\u00edra do Carmo Dantas Abrantes de Melo<\/a><\/p>\n\n\n\n<p><a href=\"https:\/\/sigaa.ufpb.br\/sigaa\/public\/docente\/portal.jsf?siape=2204250\" target=\"_blank\" rel=\"noreferrer noopener\">Prof.\u00aa Dr.\u00aa Rossana Guerra de Sousa<\/a>&nbsp;<\/p>\n\n\n\n<p><a href=\"https:\/\/sigaa.ufpb.br\/sigaa\/public\/docente\/portal.jsf?siape=2246080\" target=\"_blank\" rel=\"noreferrer noopener\">Prof.\u00aa Dr.\u00aa&nbsp;Valdineide dos Santos Ara\u00fajo<\/a> (Suplente)<\/p>\n","protected":false},"excerpt":{"rendered":"<p>Agentes de Integra\u00e7\u00e3o Aproveitamento de Est\u00e1gio Supervisionado Banco de Vagas para Est\u00e1gio N\u00e3o Obrigat\u00f3rio Est\u00e1gio [&hellip;]<\/p>\n","protected":false},"author":47,"featured_media":0,"parent":0,"menu_order":0,"comment_status":"closed","ping_status":"closed","template":"","meta":{"footnotes":""},"class_list":["post-45","page","type-page","status-publish","hentry"],"_links":{"self":[{"href":"https:\/\/www.ccsa.ufpb.br\/cccc\/wp-json\/wp\/v2\/pages\/45","targetHints":{"allow":["GET"]}}],"collection":[{"href":"https:\/\/www.ccsa.ufpb.br\/cccc\/wp-json\/wp\/v2\/pages"}],"about":[{"href":"https:\/\/www.ccsa.ufpb.br\/cccc\/wp-json\/wp\/v2\/types\/page"}],"author":[{"embeddable":true,"href":"https:\/\/www.ccsa.ufpb.br\/cccc\/wp-json\/wp\/v2\/users\/47"}],"replies":[{"embeddable":true,"href":"https:\/\/www.ccsa.ufpb.br\/cccc\/wp-json\/wp\/v2\/comments?post=45"}],"version-history":[{"count":1,"href":"https:\/\/www.ccsa.ufpb.br\/cccc\/wp-json\/wp\/v2\/pages\/45\/revisions"}],"predecessor-version":[{"id":48,"href":"https:\/\/www.ccsa.ufpb.br\/cccc\/wp-json\/wp\/v2\/pages\/45\/revisions\/48"}],"wp:attachment":[{"href":"https:\/\/www.ccsa.ufpb.br\/cccc\/wp-json\/wp\/v2\/media?parent=45"}],"curies":[{"name":"wp","href":"https:\/\/api.w.org\/{rel}","templated":true}]}}