{"id":49,"date":"2025-08-29T09:32:49","date_gmt":"2025-08-29T12:32:49","guid":{"rendered":"https:\/\/www.ccsa.ufpb.br\/cccc\/?page_id=49"},"modified":"2025-08-29T09:59:27","modified_gmt":"2025-08-29T12:59:27","slug":"estrutura-curricular","status":"publish","type":"page","link":"https:\/\/www.ccsa.ufpb.br\/cccc\/estrutura-curricular\/","title":{"rendered":"Estrutura Curricular"},"content":{"rendered":"\n<p><a href=\"https:\/\/sigaa.ufpb.br\/sigaa\/public\/curso\/curriculo.jsf?lc=pt_BR&amp;id=1626694\" target=\"_blank\" rel=\"noreferrer noopener\">Curr\u00edculos<\/a><\/p>\n\n\n\n<p><a href=\"http:\/\/plone.ufpb.br\/cccc\/contents\/documentos\/fluxograma_2016_alterado_pela_portaria_prg_g_n_16-2019.pdf\">Fluxograma do Curso de Ci\u00eancias Cont\u00e1beis &#8211; Estrutura Curricular 2016<\/a><\/p>\n","protected":false},"excerpt":{"rendered":"<p>Curr\u00edculos Fluxograma do Curso de Ci\u00eancias Cont\u00e1beis &#8211; Estrutura Curricular 2016<\/p>\n","protected":false},"author":47,"featured_media":0,"parent":0,"menu_order":0,"comment_status":"closed","ping_status":"closed","template":"","meta":{"footnotes":""},"class_list":["post-49","page","type-page","status-publish","hentry"],"_links":{"self":[{"href":"https:\/\/www.ccsa.ufpb.br\/cccc\/wp-json\/wp\/v2\/pages\/49","targetHints":{"allow":["GET"]}}],"collection":[{"href":"https:\/\/www.ccsa.ufpb.br\/cccc\/wp-json\/wp\/v2\/pages"}],"about":[{"href":"https:\/\/www.ccsa.ufpb.br\/cccc\/wp-json\/wp\/v2\/types\/page"}],"author":[{"embeddable":true,"href":"https:\/\/www.ccsa.ufpb.br\/cccc\/wp-json\/wp\/v2\/users\/47"}],"replies":[{"embeddable":true,"href":"https:\/\/www.ccsa.ufpb.br\/cccc\/wp-json\/wp\/v2\/comments?post=49"}],"version-history":[{"count":1,"href":"https:\/\/www.ccsa.ufpb.br\/cccc\/wp-json\/wp\/v2\/pages\/49\/revisions"}],"predecessor-version":[{"id":50,"href":"https:\/\/www.ccsa.ufpb.br\/cccc\/wp-json\/wp\/v2\/pages\/49\/revisions\/50"}],"wp:attachment":[{"href":"https:\/\/www.ccsa.ufpb.br\/cccc\/wp-json\/wp\/v2\/media?parent=49"}],"curies":[{"name":"wp","href":"https:\/\/api.w.org\/{rel}","templated":true}]}}