{"id":51,"date":"2025-08-29T09:33:10","date_gmt":"2025-08-29T12:33:10","guid":{"rendered":"https:\/\/www.ccsa.ufpb.br\/cccc\/?page_id=51"},"modified":"2025-08-29T09:59:27","modified_gmt":"2025-08-29T12:59:27","slug":"extensao","status":"publish","type":"page","link":"https:\/\/www.ccsa.ufpb.br\/cccc\/extensao\/","title":{"rendered":"Extens\u00e3o"},"content":{"rendered":"\n<p><a href=\"https:\/\/sigaa.ufpb.br\/sigaa\/public\/departamento\/extensao.jsf?id=1332\" target=\"_blank\" rel=\"noreferrer noopener\">A\u00e7\u00f5es de Extens\u00e3o<\/a><\/p>\n\n\n\n<p><a href=\"https:\/\/sigeventos.ufpb.br\/eventos\/public\/home.xhtml\" target=\"_blank\" rel=\"noreferrer noopener\">Eventos do SIGEventos<\/a><\/p>\n\n\n\n<p><a href=\"https:\/\/sigaa.ufpb.br\/sigaa\/public\/extensao\/paginaListaPeriodosInscricoesAtividadesPublico.jsf?aba=p-extensao\" target=\"_blank\" rel=\"noreferrer noopener\">Cursos ou Eventos do SIGAA<\/a><\/p>\n","protected":false},"excerpt":{"rendered":"<p>A\u00e7\u00f5es de Extens\u00e3o Eventos do SIGEventos Cursos ou Eventos do SIGAA<\/p>\n","protected":false},"author":47,"featured_media":0,"parent":0,"menu_order":0,"comment_status":"closed","ping_status":"closed","template":"","meta":{"footnotes":""},"class_list":["post-51","page","type-page","status-publish","hentry"],"_links":{"self":[{"href":"https:\/\/www.ccsa.ufpb.br\/cccc\/wp-json\/wp\/v2\/pages\/51","targetHints":{"allow":["GET"]}}],"collection":[{"href":"https:\/\/www.ccsa.ufpb.br\/cccc\/wp-json\/wp\/v2\/pages"}],"about":[{"href":"https:\/\/www.ccsa.ufpb.br\/cccc\/wp-json\/wp\/v2\/types\/page"}],"author":[{"embeddable":true,"href":"https:\/\/www.ccsa.ufpb.br\/cccc\/wp-json\/wp\/v2\/users\/47"}],"replies":[{"embeddable":true,"href":"https:\/\/www.ccsa.ufpb.br\/cccc\/wp-json\/wp\/v2\/comments?post=51"}],"version-history":[{"count":1,"href":"https:\/\/www.ccsa.ufpb.br\/cccc\/wp-json\/wp\/v2\/pages\/51\/revisions"}],"predecessor-version":[{"id":52,"href":"https:\/\/www.ccsa.ufpb.br\/cccc\/wp-json\/wp\/v2\/pages\/51\/revisions\/52"}],"wp:attachment":[{"href":"https:\/\/www.ccsa.ufpb.br\/cccc\/wp-json\/wp\/v2\/media?parent=51"}],"curies":[{"name":"wp","href":"https:\/\/api.w.org\/{rel}","templated":true}]}}