{"id":55,"date":"2025-08-29T09:34:01","date_gmt":"2025-08-29T12:34:01","guid":{"rendered":"https:\/\/www.ccsa.ufpb.br\/cccc\/?page_id=55"},"modified":"2025-08-29T09:59:27","modified_gmt":"2025-08-29T12:59:27","slug":"informacoes-e-processos-academicos","status":"publish","type":"page","link":"https:\/\/www.ccsa.ufpb.br\/cccc\/informacoes-e-processos-academicos\/","title":{"rendered":"Informa\u00e7\u00f5es e Processos Acad\u00eamicos"},"content":{"rendered":"\n<p class=\" \">As solicita\u00e7\u00f5es de abertura de processo dever\u00e3o ser feitas pessoalmente pelo(a) interessado(a) ou seu(sua) procurador(a) na Secretaria da Coordena\u00e7\u00e3o do Curso.<\/p>\n\n\n\n<p>O(a)&nbsp;interessado(a) ou seu(sua) procurador(a)&nbsp;dever\u00e1 apresentar o documento original para confer\u00eancia e digitaliza\u00e7\u00e3o.<\/p>\n\n\n\n<p>Os requerimentos devem estar devidamente preenchidos, sem rasuras, assinados e datados.<\/p>\n\n\n\n<p>Documentos digitais ou nativos dos sistemas da UFPB n\u00e3o precisar\u00e3o ser impressos e dever\u00e3o ser encaminhados diretamente para o endere\u00e7o de&nbsp;<em>e-mail<\/em>&nbsp;da Coordena\u00e7\u00e3o do Curso (contabeis@academico.ufpb.br).<\/p>\n\n\n\n<p>Os&nbsp;processos&nbsp;abertos dever\u00e3o ser acompanhados no sistema&nbsp;<strong><a href=\"http:\/\/sipac.ufpb.br\/\" target=\"_blank\" rel=\"noreferrer noopener\">SIPAC<\/a><\/strong>, no menu &#8220;Processos&#8221; clicar em &#8220;Consultar Processos&#8221;.<\/p>\n\n\n\n<p><strong>Procedimentos para solicita\u00e7\u00e3o de abertura do processo<\/strong><\/p>\n\n\n\n<p><a href=\"http:\/\/plone.ufpb.br\/cccc\/contents\/paginas\/abono-de-faltas\">Abono de Faltas<\/a><\/p>\n\n\n\n<p><a href=\"http:\/\/plone.ufpb.br\/cccc\/contents\/paginas\/atividade-complementar-flexivel\">Aproveitamento de Atividades Complementares Flex\u00edveis<\/a><\/p>\n\n\n\n<p><a href=\"http:\/\/plone.ufpb.br\/cccc\/contents\/paginas\/disciplina-optativa-de-livre-escolha\">Aproveitamento de Disciplina Optativa de Livre Escolha<\/a><\/p>\n\n\n\n<p><a href=\"http:\/\/plone.ufpb.br\/cccc\/contents\/paginas\/estagio-supervisionado\">Aproveitamento de Est\u00e1gio Supervisionado<\/a><\/p>\n\n\n\n<p><a href=\"http:\/\/plone.ufpb.br\/cccc\/contents\/paginas\/aproveitamento-de-estudos\">Aproveitamento de Estudos e Dispensa de Disciplinas<\/a><\/p>\n\n\n\n<p><a href=\"http:\/\/www.ccsa.ufpb.br\/cccc\/contents\/paginas\/assinatura-eletronica\" target=\"_blank\" rel=\"noreferrer noopener\">Assinatura Eletr\u00f4nica<\/a><\/p>\n\n\n\n<p><a href=\"http:\/\/plone.ufpb.br\/cccc\/contents\/paginas\/atualizacao-de-dados-cadastrais\">Atualiza\u00e7\u00e3o de Dados Cadastrais<\/a><\/p>\n\n\n\n<p><a href=\"http:\/\/plone.ufpb.br\/cccc\/contents\/paginas\/cancelamento-de-matricula\">Cancelamento de V\u00ednculo<\/a><\/p>\n\n\n\n<p><a href=\"http:\/\/plone.ufpb.br\/cccc\/contents\/paginas\/colacao-de-grau-em-separado\">Cola\u00e7\u00e3o de Grau em Separado<\/a><\/p>\n\n\n\n<p><a href=\"http:\/\/plone.ufpb.br\/cccc\/contents\/paginas\/contato-do-a-docente\">Contato do(a) Docente<\/a><\/p>\n\n\n\n<p><a href=\"http:\/\/plone.ufpb.br\/cccc\/contents\/paginas\/departamento-responsavel-pela-disciplina\">Departamento respons\u00e1vel pela disciplina<\/a><\/p>\n\n\n\n<p><a href=\"http:\/\/plone.ufpb.br\/cccc\/contents\/paginas\/prorrogacao-de-prazo-para-conclusao-do-curso\">Dilata\u00e7\u00e3o de Prazo para Conclus\u00e3o do Curso<\/a><\/p>\n\n\n\n<p><a href=\"http:\/\/plone.ufpb.br\/cccc\/contents\/paginas\/emissao-de-diploma\">Emiss\u00e3o de Diploma&nbsp; &#8211; 1\u00aa via<\/a><\/p>\n\n\n\n<p><a href=\"https:\/\/www.ufpb.br\/arquivocentral\/contents\/menu\/assuntos\/abrir-processos-online\" target=\"_blank\" rel=\"noreferrer noopener\">Envio de Documentos Externos<\/a><\/p>\n\n\n\n<p><a href=\"http:\/\/plone.ufpb.br\/cccc\/contents\/paginas\/estagio-nao-obrigatorio\">Est\u00e1gio N\u00e3o Obrigat\u00f3rio<\/a><\/p>\n\n\n\n<p><a href=\"https:\/\/www.ufpb.br\/ufpb\/contents\/documentos\/manual-do-estudante\/manual-do-estudante-17-08.pdf\" target=\"_blank\" rel=\"noreferrer noopener\">Manual do Estudante<\/a><\/p>\n\n\n\n<p><a href=\"http:\/\/plone.ufpb.br\/cccc\/contents\/paginas\/manual-do-sigaa\">Manual do SIGAA<\/a><\/p>\n\n\n\n<p><a href=\"http:\/\/plone.ufpb.br\/cccc\/contents\/paginas\/mudanca-de-turno\">Mudan\u00e7a de Turno<\/a><\/p>\n\n\n\n<p><a href=\"http:\/\/plone.ufpb.br\/cccc\/contents\/paginas\/plano-de-curso\">Plano de Curso \/ Programa de Disciplina<\/a><\/p>\n\n\n\n<p><a href=\"http:\/\/plone.ufpb.br\/cccc\/contents\/paginas\/recurso-a-pro-reitoria-de-graduacao\">Recurso \u00e0 Pr\u00f3-Reitoria de Gradua\u00e7\u00e3o<\/a><\/p>\n\n\n\n<p><a href=\"http:\/\/plone.ufpb.br\/cccc\/contents\/paginas\/recurso-ao-consepe\">Recurso ao CONSEPE<\/a><\/p>\n\n\n\n<p><a href=\"http:\/\/plone.ufpb.br\/cccc\/contents\/paginas\/regime-de-exercicios-domiciliares\">Regime de Exerc\u00edcios Domiciliares<\/a><\/p>\n\n\n\n<p><a href=\"http:\/\/plone.ufpb.br\/cccc\/contents\/paginas\/reingresso\">Reingresso<\/a><\/p>\n\n\n\n<p><a href=\"http:\/\/plone.ufpb.br\/cccc\/contents\/paginas\/reposicao-de-atividade-academica-programada\">Reposi\u00e7\u00e3o de Atividade Acad\u00eamica Programada<\/a><\/p>\n\n\n\n<p><a href=\"http:\/\/plone.ufpb.br\/cccc\/contents\/paginas\/revisao-da-avaliacao-de-aprendizagem\">Revis\u00e3o da Avalia\u00e7\u00e3o de Aprendizagem<\/a><\/p>\n\n\n\n<p><a href=\"http:\/\/plone.ufpb.br\/cccc\/contents\/paginas\/trancamento-de-matricula\">Trancamento de Matr\u00edcula<\/a><\/p>\n","protected":false},"excerpt":{"rendered":"<p>As solicita\u00e7\u00f5es de abertura de processo dever\u00e3o ser feitas pessoalmente pelo(a) interessado(a) ou seu(sua) procurador(a) [&hellip;]<\/p>\n","protected":false},"author":47,"featured_media":0,"parent":0,"menu_order":0,"comment_status":"closed","ping_status":"closed","template":"","meta":{"footnotes":""},"class_list":["post-55","page","type-page","status-publish","hentry"],"_links":{"self":[{"href":"https:\/\/www.ccsa.ufpb.br\/cccc\/wp-json\/wp\/v2\/pages\/55","targetHints":{"allow":["GET"]}}],"collection":[{"href":"https:\/\/www.ccsa.ufpb.br\/cccc\/wp-json\/wp\/v2\/pages"}],"about":[{"href":"https:\/\/www.ccsa.ufpb.br\/cccc\/wp-json\/wp\/v2\/types\/page"}],"author":[{"embeddable":true,"href":"https:\/\/www.ccsa.ufpb.br\/cccc\/wp-json\/wp\/v2\/users\/47"}],"replies":[{"embeddable":true,"href":"https:\/\/www.ccsa.ufpb.br\/cccc\/wp-json\/wp\/v2\/comments?post=55"}],"version-history":[{"count":1,"href":"https:\/\/www.ccsa.ufpb.br\/cccc\/wp-json\/wp\/v2\/pages\/55\/revisions"}],"predecessor-version":[{"id":56,"href":"https:\/\/www.ccsa.ufpb.br\/cccc\/wp-json\/wp\/v2\/pages\/55\/revisions\/56"}],"wp:attachment":[{"href":"https:\/\/www.ccsa.ufpb.br\/cccc\/wp-json\/wp\/v2\/media?parent=55"}],"curies":[{"name":"wp","href":"https:\/\/api.w.org\/{rel}","templated":true}]}}