{"id":59,"date":"2025-08-29T09:34:51","date_gmt":"2025-08-29T12:34:51","guid":{"rendered":"https:\/\/www.ccsa.ufpb.br\/cccc\/?page_id=59"},"modified":"2025-08-29T09:59:27","modified_gmt":"2025-08-29T12:59:27","slug":"laurea-academica","status":"publish","type":"page","link":"https:\/\/www.ccsa.ufpb.br\/cccc\/laurea-academica\/","title":{"rendered":"L\u00e1urea Acad\u00eamica"},"content":{"rendered":"\n<p><strong>Pr\u00eamio de &#8220;L\u00e1urea Acad\u00eamica Destaque da Gradua\u00e7\u00e3o&#8221;<\/strong><\/p>\n\n\n\n<p><strong>Per\u00edodo Letivo 2024.1<\/strong><\/p>\n\n\n\n<p><strong>Turno: Diurno<\/strong><\/p>\n\n\n\n<p>1\u00ba Lugar \u2013 LA\u00cdS DE OLIVEIRA SOUTO MENDES<\/p>\n\n\n\n<p><strong>Turno: Noturno<\/strong><\/p>\n\n\n\n<p>1\u00ba Lugar \u2013 NATAL\u00cd SOUSA AGUIAR DE MELO<\/p>\n\n\n\n<p>2\u00ba Lugar \u2013 DAYANE MARIA SILVA DE VASCONCELOS<\/p>\n\n\n\n<p><strong>Per\u00edodo Letivo 2023.2<\/strong><\/p>\n\n\n\n<p><strong>Turno: Diurno<\/strong><\/p>\n\n\n\n<p>1\u00ba Lugar \u2013 SAMUEL DE FIGUEIREDO PORDEUS<\/p>\n\n\n\n<p>2\u00ba Lugar \u2013 RAIMUNDO PEDRO DE PAIVA<\/p>\n\n\n\n<p><strong>Turno: Noturno<\/strong><\/p>\n\n\n\n<p>1\u00ba Lugar \u2013 ALANNA FILGUEIRAS GON\u00c7ALVES DE FARIAS<\/p>\n\n\n\n<p>2\u00ba Lugar \u2013 IRENILDA LOUREN\u00c7O DO NASCIMENTO<\/p>\n\n\n\n<p>3\u00ba Lugar \u2013 RENATHA ACCIOLY FARIAS<\/p>\n\n\n\n<p><strong>Per\u00edodo Letivo 2022.2<\/strong><\/p>\n\n\n\n<p>&nbsp;<strong>Turno: Diurno<\/strong><\/p>\n\n\n\n<p>1\u00ba Lugar &#8211; MARIA ISAURA DA COSTA NETA<\/p>\n\n\n\n<p>2\u00ba Lugar \u2013 DANILO AMORIM DE S\u00c1<\/p>\n\n\n\n<p>3\u00ba Lugar \u2013 ADRIELLE MARCELINO MACEDO<\/p>\n\n\n\n<p><strong>Turno: Noturno<\/strong><\/p>\n\n\n\n<p>1\u00ba Lugar \u2013 UBALDINO GON\u00c7ALVES SOUTO MAIOR FILHO<\/p>\n\n\n\n<p>2\u00ba Lugar \u2013 FL\u00c1VIA GABRYELLE DA SILVA RODRIGUES<\/p>\n\n\n\n<p>3\u00ba Lugar \u2013 ANDREZA DE ARA\u00daJO OLIVEIRA<\/p>\n\n\n\n<p><strong>Per\u00edodo Letivo 2022.1<\/strong><\/p>\n\n\n\n<p>1\u00ba lugar: 20180038997 &#8211; GIOVANI LOPES CAVALCANTI DE ANDRADE<\/p>\n\n\n\n<p>2\u00ba lugar:&nbsp;20180048115 &#8211;&nbsp;IRIS MARIA OLIVEIRA DE SOUSA<\/p>\n\n\n\n<p>3\u00ba lugar:&nbsp;20170200333 &#8211;&nbsp; FRANCISCO JACKSON FERREIRA<\/p>\n\n\n\n<p><strong>Per\u00edodo Suplementar 2021.1:<\/strong><\/p>\n\n\n\n<p><strong>Turno: Diurno<\/strong><br>1.\u00ba lugar:&nbsp;20170000655 &#8211;&nbsp;LUCAS EMILIANO DA SILVA<br>2.\u00ba lugar:&nbsp;20170011597 &#8211;&nbsp;LUANA B\u00c1RBARA DE LIMA PEREIRA<br>3.\u00ba lugar:&nbsp;20160114456 &#8211;&nbsp;MAGNO CRESCENCIO DOS SANTOS<br><br><strong>Turno: Noturno<\/strong><br>1.\u00ba lugar:&nbsp;20160164458 &#8211;&nbsp;LUCIANO GONCALVES DE OLIVEIRA SANTOS<br>2.\u00ba lugar:&nbsp;20170001859 &#8211;&nbsp;MARIA KAROLINE FONSECA SANTANA<br>3.\u00ba lugar:&nbsp;20170011695 &#8211;&nbsp;CAIO ARRUDA SOUZA HENRIQUES<\/p>\n\n\n\n<p><strong>Per\u00edodo Suplementar 2020.2:<\/strong><\/p>\n\n\n\n<p><strong>Turno: Diurno<\/strong><br>1.\u00ba lugar: 20170071835 &#8211; HELLEN KARLA DE ARA\u00daJO IDEI\u00c3O BIZERRA<br>2.\u00ba lugar: 2016001808 &#8211; DIMAS DINIZ LEITE<br>3.\u00ba lugar: 2016056440 &#8211; ANT\u00d4NIO MARTINS DO NASCIMENTO NETO<br><br><strong>Turno: Noturno<\/strong><br>1.\u00ba lugar: 20160135607 &#8211; MATHEUS LOTHAR QUEIROZ ALMEIDA<br>2.\u00ba lugar: 2016083400 &#8211; ANA PAULA FEITOSA MIRANDA CUNHA<br>3.\u00ba lugar: 20160132122 &#8211; ISAK DOUGLLAS SANTOS DA SILVA<\/p>\n\n\n\n<p><strong>Per\u00edodo Suplementar 2020.1:<\/strong><\/p>\n\n\n\n<p><strong>Turno: Diurno&nbsp;<\/strong><br>Nenhum aluno concluinte atendeu aos requisitos do pr\u00eamio.<br><br><strong>Turno: Noturno<\/strong><br>1.\u00ba lugar:&nbsp;11213785 &#8211;&nbsp;DAVI FRANCISCO DE CASTRO J\u00daNIOR<br>N\u00e3o houve mais alunos concluintes que atendessem aos requisitos do pr\u00eamio.<\/p>\n\n\n\n<p><strong>Per\u00edodo Letivo 2019.2:<\/strong><\/p>\n\n\n\n<p><strong>Turno: Diurno<\/strong><br>1.\u00ba lugar:&nbsp;2016004588 &#8211;&nbsp;C\u00c1SSIA RAQUEL LIRA MONTEIRO<br>2.\u00ba lugar:&nbsp;11324109 &#8211;&nbsp;CLAUDIMAR ANDREWS BATISTA ALVES DA SILVA<br>3.\u00ba lugar:&nbsp;2016007463 &#8211;&nbsp;ANDREZZA SANTOS RAMOS<br><br><strong>Turno: Noturno<\/strong><br>1.\u00ba lugar:&nbsp;11123435 &#8211;&nbsp;LUIZ HENRIQUE MELO PIRES<br>2.\u00ba lugar:&nbsp;2016004523 &#8211;&nbsp;ANT\u00d4NIO PEREIRA J\u00daNIOR<br>3.\u00ba lugar:&nbsp;11412123&nbsp;&#8211;&nbsp;DIEGO DE OLIVEIRA SANTANA<\/p>\n\n\n\n<p><strong>Per\u00edodo Letivo 2019.1:<\/strong><\/p>\n\n\n\n<p><strong>Turno: Diurno<\/strong><br>1.\u00ba lugar:&nbsp;11511066 &#8211;&nbsp;FLAVIA E SILVA BORBA<br>2.\u00ba lugar:&nbsp;11508192 &#8211;&nbsp;MARIELLY CLEANNE GOMES DE MENEZES<br>3.\u00ba lugar:&nbsp;11502616 &#8211;&nbsp;VANESSA CAROLINE LIMA NASCIMENTO<br><br><strong>Turno: Noturno<\/strong><br>1.\u00ba lugar:&nbsp;11403355 &#8211;&nbsp;JULIANE SIM\u00c3O DE ANDRADE SILVA<br>2.\u00ba lugar:&nbsp;11415029 &#8211;&nbsp;MAR\u00cdLIA REBECA DOS SANTOS AMORIM<br>3.\u00ba lugar:&nbsp;11407909 &#8211;&nbsp;DANIEL AVNER DOSO DE FARIAS AIRES<\/p>\n\n\n\n<p><strong>Per\u00edodo Letivo 2018.2:<\/strong><\/p>\n\n\n\n<p>1.\u00ba lugar:&nbsp;11502856 &#8211;&nbsp;BRUNA MARIA DA COSTA SILVA<br>2.\u00ba lugar:&nbsp;11504062 &#8211;&nbsp;YOHANA KELLY MORAIS DE SOUZA<br>3.\u00ba lugar:&nbsp;11412043 &#8211;&nbsp;FERNANDA PATR\u00cdCIA BASTOS DOS SANTOS<\/p>\n\n\n\n<p><strong>Per\u00edodo Letivo 2018.1:<\/strong><\/p>\n\n\n\n<p>1.\u00ba lugar:&nbsp;11326492 &#8211;&nbsp;REGINETE SOARES SANTOS<br>2.\u00ba lugar:&nbsp;11414116 &#8211;&nbsp;FL\u00c1VIA ARRUDA DE LIMA ROCHA<br>3.\u00ba lugar:&nbsp;11226473 &#8211;&nbsp;AVANI ALVES BERNARDINO MEDEIROS<\/p>\n\n\n\n<p><strong>Base Legal<\/strong><\/p>\n\n\n\n<p><a href=\"http:\/\/plone.ufpb.br\/cccc\/contents\/documentos\/instruonormativan1-2023prgretificada.pdf\">INSTRU\u00c7\u00c3O NORMATIVA N\u00ba 1\/2023 (PRG)<\/a> &#8211; Estabelece os padr\u00f5es administrativos relacionados \u00e0 concess\u00e3o do&nbsp;Pr\u00eamio de \u201cL\u00e1urea Acad\u00eamica Destaque da Gradua\u00e7\u00e3o\u201d, e d\u00e1 outras provid\u00eancias.<\/p>\n","protected":false},"excerpt":{"rendered":"<p>Pr\u00eamio de &#8220;L\u00e1urea Acad\u00eamica Destaque da Gradua\u00e7\u00e3o&#8221; Per\u00edodo Letivo 2024.1 Turno: Diurno 1\u00ba Lugar \u2013 [&hellip;]<\/p>\n","protected":false},"author":47,"featured_media":0,"parent":0,"menu_order":0,"comment_status":"closed","ping_status":"closed","template":"","meta":{"footnotes":""},"class_list":["post-59","page","type-page","status-publish","hentry"],"_links":{"self":[{"href":"https:\/\/www.ccsa.ufpb.br\/cccc\/wp-json\/wp\/v2\/pages\/59","targetHints":{"allow":["GET"]}}],"collection":[{"href":"https:\/\/www.ccsa.ufpb.br\/cccc\/wp-json\/wp\/v2\/pages"}],"about":[{"href":"https:\/\/www.ccsa.ufpb.br\/cccc\/wp-json\/wp\/v2\/types\/page"}],"author":[{"embeddable":true,"href":"https:\/\/www.ccsa.ufpb.br\/cccc\/wp-json\/wp\/v2\/users\/47"}],"replies":[{"embeddable":true,"href":"https:\/\/www.ccsa.ufpb.br\/cccc\/wp-json\/wp\/v2\/comments?post=59"}],"version-history":[{"count":1,"href":"https:\/\/www.ccsa.ufpb.br\/cccc\/wp-json\/wp\/v2\/pages\/59\/revisions"}],"predecessor-version":[{"id":60,"href":"https:\/\/www.ccsa.ufpb.br\/cccc\/wp-json\/wp\/v2\/pages\/59\/revisions\/60"}],"wp:attachment":[{"href":"https:\/\/www.ccsa.ufpb.br\/cccc\/wp-json\/wp\/v2\/media?parent=59"}],"curies":[{"name":"wp","href":"https:\/\/api.w.org\/{rel}","templated":true}]}}