{"id":61,"date":"2025-08-29T09:36:18","date_gmt":"2025-08-29T12:36:18","guid":{"rendered":"https:\/\/www.ccsa.ufpb.br\/cccc\/?page_id=61"},"modified":"2025-08-29T09:59:27","modified_gmt":"2025-08-29T12:59:27","slug":"legislacao","status":"publish","type":"page","link":"https:\/\/www.ccsa.ufpb.br\/cccc\/legislacao\/","title":{"rendered":"Legisla\u00e7\u00e3o"},"content":{"rendered":"\n<p><strong>LEIS<\/strong><\/p>\n\n\n\n<p><a href=\"http:\/\/www.planalto.gov.br\/ccivil_03\/Decreto-Lei\/Del1044.htm\" target=\"_blank\" rel=\"noreferrer noopener\">Decreto-Lei n.\u00ba 1.044, de 21 de outubro de 1969<\/a> &#8211;&nbsp;Disp\u00f5e sobre tratamento excepcional para os alunos portadores das afec\u00e7\u00f5es que indica.<\/p>\n\n\n\n<p><a href=\"http:\/\/www.planalto.gov.br\/ccivil_03\/Leis\/1970-1979\/L6202.htm\" target=\"_blank\" rel=\"noreferrer noopener\">Lei n.\u00ba 6.202, de 17 de abril de 1975<\/a> &#8211;&nbsp;Atribui \u00e0 estudante em estado de gesta\u00e7\u00e3o o regime de exerc\u00edcios domiciliares institu\u00eddo pelo Decreto-lei n\u00ba 1.044, de 1969, e d\u00e1 outras provid\u00eancias.<\/p>\n\n\n\n<p><a href=\"http:\/\/www.planalto.gov.br\/ccivil_03\/LEIS\/L9394.htm\" target=\"_blank\" rel=\"noreferrer noopener\">Lei n.\u00ba 9.394, de 20 de dezembro de 1996<\/a> &#8211;&nbsp;Estabelece as diretrizes e bases da educa\u00e7\u00e3o nacional.<\/p>\n\n\n\n<p><a href=\"https:\/\/www.planalto.gov.br\/ccivil_03\/LEIS\/L9784.htm\" target=\"_blank\" rel=\"noreferrer noopener\">Lei n.\u00ba 9.784, de 29 de janeiro de 1999<\/a> &#8211;&nbsp;Regula o processo administrativo no \u00e2mbito da Administra\u00e7\u00e3o P\u00fablica Federal.<\/p>\n\n\n\n<p><a href=\"http:\/\/www.planalto.gov.br\/ccivil_03\/_Ato2004-2006\/2004\/Lei\/L10.861.htm\" target=\"_blank\" rel=\"noreferrer noopener\">Lei n.\u00ba 10.861, de 14 de abril de 2004<\/a> &#8211;&nbsp;Institui o Sistema Nacional de Avalia\u00e7\u00e3o da Educa\u00e7\u00e3o Superior \u2013 SINAES e d\u00e1 outras provid\u00eancias.<\/p>\n\n\n\n<p><a href=\"http:\/\/www.planalto.gov.br\/ccivil_03\/_Ato2007-2010\/2008\/Lei\/L11788.htm\" target=\"_blank\" rel=\"noreferrer noopener\">Lei n.\u00ba 11.788, de 25 de setembro de 2008<\/a> &#8211;&nbsp;Disp\u00f5e sobre o est\u00e1gio de estudantes; altera a reda\u00e7\u00e3o do art. 428 da Consolida\u00e7\u00e3o das Leis do Trabalho \u2013 CLT, aprovada pelo Decreto-Lei n<sup>o<\/sup>&nbsp;5.452, de 1<sup>o<\/sup>&nbsp;de maio de 1943, e a Lei n<sup>o<\/sup>&nbsp;9.394, de 20 de dezembro de 1996; revoga as Leis n<sup>os<\/sup>&nbsp;6.494, de 7 de dezembro de 1977, e 8.859, de 23 de mar\u00e7o de 1994, o par\u00e1grafo \u00fanico do art. 82 da Lei n<sup>o<\/sup>&nbsp;9.394, de 20 de dezembro de 1996, e o art. 6<sup>o<\/sup>&nbsp;da Medida Provis\u00f3ria&nbsp; n<sup>o<\/sup>&nbsp;2.164-41, de 24 de agosto de 2001; e d\u00e1 outras provid\u00eancias.<\/p>\n\n\n\n<p><a href=\"http:\/\/www.planalto.gov.br\/CCIVIL_03\/_Ato2015-2018\/2016\/Lei\/L13267.htm\" target=\"_blank\" rel=\"noreferrer noopener\">Lei n.\u00ba 13.267, de 6 de abril de 2016<\/a> &#8211;&nbsp;Disciplina a cria\u00e7\u00e3o e a organiza\u00e7\u00e3o das associa\u00e7\u00f5es denominadas empresas juniores, com funcionamento perante institui\u00e7\u00f5es de ensino superior.<\/p>\n\n\n\n<p><strong>ATOS NORMATIVOS DO CURSO<\/strong><\/p>\n\n\n\n<p><a href=\"http:\/\/plone.ufpb.br\/cccc\/contents\/documentos\/resolucao_30_1953_face.pdf\" target=\"_blank\" rel=\"noreferrer noopener\">Resolu\u00e7\u00e3o n.\u00ba 30, de 30 de outubro de 1953, da Congrega\u00e7\u00e3o da Faculdade de Ci\u00eancias Econ\u00f4micas da Para\u00edba<\/a> &#8211; Institui o Curso de Ci\u00eancias Cont\u00e1beis<\/p>\n\n\n\n<p><a href=\"http:\/\/plone.ufpb.br\/cccc\/contents\/documentos\/decreto_38733_1956.pdf\" target=\"_blank\" rel=\"noreferrer noopener\">Decreto n.\u00ba 38.733, de 30 de janeiro de 1956<\/a> &#8211; Autoriza o funcionamento do Curso de Ci\u00eancias Cont\u00e1beis da Faculdade de Ci\u00eancias Econ\u00f4micas da Para\u00edba<\/p>\n\n\n\n<p><a href=\"http:\/\/plone.ufpb.br\/cccc\/contents\/documentos\/decreto_48754_1960-1.pdf\">Decreto n.\u00ba 48.754, de 11 de agosto de 1960<\/a> &#8211; Concede reconhecimento a curso<\/p>\n\n\n\n<p><a href=\"http:\/\/plone.ufpb.br\/cccc\/contents\/documentos\/portaria_315_2011_renovacao_reconhecimento.pdf\">Portaria n.\u00ba 315, de 2 de agosto de 2011<\/a>&nbsp;&#8211; Renova\u00e7\u00e3o do reconhecimento do curso<\/p>\n\n\n\n<p><a href=\"http:\/\/plone.ufpb.br\/cccc\/contents\/documentos\/portaria_706_2013_renovacao_reconhecimento.pdf\">Portaria n.\u00ba 706, de 18 de dezembro de 2013<\/a> &#8211; Renova\u00e7\u00e3o do reconhecimento do curso<\/p>\n\n\n\n<p><a href=\"http:\/\/plone.ufpb.br\/cccc\/contents\/documentos\/portaria_272_2017_renovacao_reconhecimento.pdf\">Portaria n.\u00ba 272, de 3 de abril de 2017<\/a> &#8211; Renova\u00e7\u00e3o do reconhecimento do curso<\/p>\n\n\n\n<p><a href=\"http:\/\/plone.ufpb.br\/cccc\/contents\/documentos\/portaria_211_2020_renovacao_reconhecimento.pdf\">Portaria n.\u00ba 211, de 25 de junho de 2020<\/a>&nbsp;&#8211; Renova\u00e7\u00e3o do reconhecimento do curso<\/p>\n\n\n\n<p><strong>RESOLU\u00c7\u00d5ES DO CONSUNI<\/strong><\/p>\n\n\n\n<p><a href=\"http:\/\/www.ufpb.br\/sods\/contents\/menu\/estatuto\" target=\"_blank\" rel=\"noreferrer noopener\">Resolu\u00e7\u00e3o CONSUNI n.\u00ba 07\/2002&nbsp;<\/a>&#8211;&nbsp;Aprova o Estatuto da Universidade Federal da Para\u00edba<\/p>\n\n\n\n<p><a href=\"http:\/\/www.ufpb.br\/sods\/contents\/menu\/institucional\/copy_of_regimentos\/regimento-geral\" target=\"_blank\" rel=\"noreferrer noopener\">Regimento Geral da Universidade Federal da Para\u00edba<\/a><\/p>\n\n\n\n<p><a href=\"https:\/\/sig-arq.ufpb.br\/arquivos\/2015027001935b118676f3e38570862e\/Runi16_2010.pdf\" target=\"_blank\" rel=\"noreferrer noopener\">Resolu\u00e7\u00e3o CONSUNI n.\u00ba 16\/2010<\/a> &#8211;&nbsp;Institui e regulamenta a outorga do Pr\u00eamio de \u201cL\u00e1urea Acad\u00eamica Destaque da Gradua\u00e7\u00e3o\u201d, e d\u00e1 outras provid\u00eancias.<\/p>\n\n\n\n<p><a href=\"http:\/\/plone.ufpb.br\/cccc\/contents\/documentos\/resolucao_04_2018_consuni_empresas_juniores.pdf\">Resolu\u00e7\u00e3o CONSUNI n.\u00ba 04\/2018<\/a>&nbsp;&#8211;&nbsp;Regulamenta a Cria\u00e7\u00e3o, Reconhecimento e Funcionamento de Empresas Juniores<\/p>\n\n\n\n<p><strong>Observa\u00e7\u00e3o<\/strong>: Outras resolu\u00e7\u00f5es do CONSUNI podem ser obtidas no <a href=\"https:\/\/sigrh.ufpb.br\/\" target=\"_blank\" rel=\"noreferrer noopener\">SIGRH<\/a>, no menu Resolu\u00e7\u00f5es.&nbsp;<\/p>\n\n\n\n<p><strong>RESOLU\u00c7\u00d5ES DO CONSEPE<\/strong><\/p>\n\n\n\n<p><a href=\"http:\/\/plone.ufpb.br\/cccc\/contents\/documentos\/resolucao_37_2016_consepe_ppc.pdf\" target=\"_blank\" rel=\"noreferrer noopener\">Resolu\u00e7\u00e3o CONSEPE n.\u00ba 37\/2016<\/a>&nbsp;&#8211; Aprova o Projeto Pol\u00edtico-Pedag\u00f3gico do Curso<\/p>\n\n\n\n<p><a href=\"http:\/\/plone.ufpb.br\/cccc\/contents\/documentos\/portaria_prg_g_16_2019_autoriza_alteracao_ppc_ciencias_contabeis.pdf\">Portaria PRG\/G\/N\u00ba 16\/2019<\/a> &#8211; Autoriza altera\u00e7\u00e3o no PPC do Curso de Gradua\u00e7\u00e3o em Ci\u00eancias Cont\u00e1beis<\/p>\n\n\n\n<p><a href=\"http:\/\/plone.ufpb.br\/cccc\/contents\/documentos\/resolucao_21-2020_consepe_alteracao_ppc.pdf\">Resolu\u00e7\u00e3o CONSEPE n.\u00ba 21\/2020<\/a>&nbsp;&#8211;&nbsp;Altera a Portaria\/PRG\/G\/N\u00b0 16\/2019 que altera a Resolu\u00e7\u00e3o n\u00ba. 37\/2016 do CONSEPE\/UFPB, que estabelece o Projeto Pol\u00edtico Pedag\u00f3gico do Curso de Ci\u00eancias Cont\u00e1beis<\/p>\n\n\n\n<p><a href=\"http:\/\/plone.ufpb.br\/cccc\/contents\/documentos\/resolucao_16_2015_consepe.pdf\">Resolu\u00e7\u00e3o CONSEPE n.\u00ba 16\/2015<\/a>&nbsp;&#8211;&nbsp;Aprova o Regulamento dos Cursos Regulares de Gradua\u00e7\u00e3o da Universidade Federal da Para\u00edba<strong> (revogada)<\/strong><\/p>\n\n\n\n<p><a href=\"http:\/\/plone.ufpb.br\/cccc\/contents\/documentos\/resolucao_17_2018_consepe_disciplina_modalidade_semipresencial.pdf\">Resolu\u00e7\u00e3o CONSEPE n.\u00ba 17\/2018<\/a>&nbsp;&#8211; Autoriza a oferta de componentes curriculares na modalidade semipresencial nos Projetos Pedag\u00f3gicos dos Cursos de Gradua\u00e7\u00e3o Presenciais, no percentual de at\u00e9 20%, conforme legisla\u00e7\u00e3o vigente&nbsp;<strong>&nbsp;(revogada)<\/strong><\/p>\n\n\n\n<p><a href=\"http:\/\/plone.ufpb.br\/cccc\/contents\/documentos\/resolucao_18_2018_consepe_disciplina_livre_escolha.pdf\">Resolu\u00e7\u00e3o CONSEPE n.\u00ba 18\/2018<\/a>&nbsp;&#8211; Autoriza a oferta de componentes curriculares optativos de livre escolha&nbsp;<strong>&nbsp;(revogada)<\/strong><\/p>\n\n\n\n<p><a href=\"http:\/\/plone.ufpb.br\/cccc\/contents\/documentos\/resolucao_19_2018_consepe_revisao_exercicios_verificacao.pdf\">Resolu\u00e7\u00e3o CONSEPE n.\u00ba 19\/2018<\/a>&nbsp;&#8211; Estabelece normas relativas \u00e0 revis\u00e3o de exerc\u00edcios de verifica\u00e7\u00e3o do aproveitamento escolar&nbsp;<strong>&nbsp;(revogada)<\/strong><\/p>\n\n\n\n<p><a href=\"http:\/\/plone.ufpb.br\/cccc\/contents\/documentos\/resolucao_13-2020_consepe_calendario_suplementar.pdf\">Resolu\u00e7\u00e3o CONSEPE n.\u00ba 13\/2020<\/a>&nbsp;&#8211;&nbsp;Disp\u00f5e sobre a regulamenta\u00e7\u00e3o provis\u00f3ria de oferta&nbsp;excepcional de componentes curriculares e de atividades de&nbsp;ensino e de aprendizagem remotas para a gradua\u00e7\u00e3o durante&nbsp;a execu\u00e7\u00e3o do calend\u00e1rio suplementar, compreendido entre&nbsp;08\/06 e 14\/08\/2020.<\/p>\n\n\n\n<p><a href=\"https:\/\/sig-arq.ufpb.br\/arquivos\/2020197012602d2353113411e68844df8\/Resp19.20.pdf\" target=\"_blank\" rel=\"noreferrer noopener\">Resolu\u00e7\u00e3o CONSEPE n.\u00ba 19\/2020&nbsp;<\/a>&#8211;&nbsp;Disp\u00f5e sobre a regulamenta\u00e7\u00e3o de oferta de componentes curriculares para a gradua\u00e7\u00e3o em um Per\u00edodo Suplementar, considerando o isolamento social decorrente da pandemia da Doen\u00e7a causada pelo Coronav\u00edrus 2019 (Covid-19), com in\u00edcio em 08 de setembro e t\u00e9rmino em 16 de dezembro de 2020.<\/p>\n\n\n\n<p><a href=\"http:\/\/www.ccsa.ufpb.br\/cccc\/contents\/documentos\/resolucao_26_2020_consepe_estagio_presencial.pdf\" target=\"_blank\" rel=\"noreferrer noopener\">Resolu\u00e7\u00e3o CONSEPE n.\u00ba 26\/2020<\/a>&nbsp;&#8211;&nbsp; Altera o \u00a73\u00ba e cria o \u00a77\u00ba no artigo 3\u00ba da Resolu\u00e7\u00e3o n\u00ba 19\/2020.<\/p>\n\n\n\n<p><a href=\"https:\/\/sig-arq.ufpb.br\/arquivos\/2020189051e2be2611980cbe468246287\/Resp29.20.pdf\" target=\"_blank\" rel=\"noreferrer noopener\">Resolu\u00e7\u00e3o CONSEPE n.\u00ba 29\/2020<\/a>&nbsp;&#8211;&nbsp;Aprova o Regulamento Geral de Gradua\u00e7\u00e3o da Universidade Federal da Para\u00edba, e revoga a Resolu\u00e7\u00e3o n.\u00ba 16\/2015.<\/p>\n\n\n\n<p><a href=\"https:\/\/sig-arq.ufpb.br\/arquivos\/2020203209f3f6271627867e94585f58c\/Resp35.20.pdf\" target=\"_blank\" rel=\"noreferrer noopener\">Resolu\u00e7\u00e3o CONSEPE n.\u00ba 35\/2020<\/a>&nbsp;&#8211; Disp\u00f5e sobre a&nbsp;regulamenta\u00e7\u00e3o de oferta de componentes curriculares para a gradua\u00e7\u00e3o em um Per\u00edodo Suplementar, considerando o isolamento social decorrente da pandemia da doen\u00e7a causada pelo Coronav\u00edrus 2019 (Covid-19), com in\u00edcio em 03 de mar\u00e7o a 03 de julho de 2021.<\/p>\n\n\n\n<p><a href=\"https:\/\/sig-arq.ufpb.br\/arquivos\/202104222623a8289595804ff5bda62c8\/Res._Consepe_12.2021.pdf\" target=\"_blank\" rel=\"noreferrer noopener\">Resolu\u00e7\u00e3o CONSEPE n.\u00ba 12\/2021<\/a> &#8211;&nbsp;Altera a Resolu\u00e7\u00e3o n.\u00ba 35\/2020 do CONSEPE que disp\u00f5e sobre a regulamenta\u00e7\u00e3o de oferta de componentes curriculares para a gradua\u00e7\u00e3o o Per\u00edodo Suplementar, considerando o isolamento social decorrente da pandemia da Doen\u00e7a causada pelo Coronav\u00edrus (Covid- 19), com in\u00edcio em 03 de mar\u00e7o e t\u00e9rmino em 19 de julho de 2021.<\/p>\n\n\n\n<p><a href=\"https:\/\/sig-arq.ufpb.br\/arquivos\/2021108051db673199466ec61a6724bb8\/Res._Consepe_27.2021.pdf\" target=\"_blank\" rel=\"noreferrer noopener\">Resolu\u00e7\u00e3o CONSEPE n.\u00ba 27\/2021<\/a> &#8211;&nbsp;Disp\u00f5e, considerando o isolamento social decorrente da pandemia da Doen\u00e7a causada pelo novo coronav\u00edrus (covid-19), sobre a regulamenta\u00e7\u00e3o de oferta de componentes curriculares para a gradua\u00e7\u00e3o no Per\u00edodo Suplementar 2021.1 com in\u00edcio aos 09 de agosto e t\u00e9rmino aos16 de dezembro de 2021.<\/p>\n\n\n\n<p><a href=\"https:\/\/sig-arq.ufpb.br\/arquivos\/2021114215cbd73646029a3c1d25beab3\/Res._Consepe_45.2021.pdf\" target=\"_blank\" rel=\"noreferrer noopener\">Resolu\u00e7\u00e3o CONSEPE n.\u00ba 45\/2021<\/a>&nbsp;&#8211; Disp\u00f5e sobre a regulamenta\u00e7\u00e3o das exce\u00e7\u00f5es da Resolu\u00e7\u00e3o Consepe n\u00b0 29\/2020 para o per\u00edodo letivo regular 2021.2 com a previs\u00e3o do retorno presencial gradual, com in\u00edcio em 21 de fevereiro e t\u00e9rmino em 25 de junho de 2022.<\/p>\n\n\n\n<p><strong>Observa\u00e7\u00e3o<\/strong>: Outras resolu\u00e7\u00f5es do CONSEPE podem ser obtidas no&nbsp;<a href=\"https:\/\/sigrh.ufpb.br\/\" target=\"_blank\" rel=\"noreferrer noopener\">SIGRH<\/a>, no menu Resolu\u00e7\u00f5es.&nbsp;<\/p>\n\n\n\n<p><strong>INSTRU\u00c7\u00c3O NORMATIVA<\/strong><\/p>\n\n\n\n<p><a href=\"http:\/\/www.prg.ufpb.br\/prg\/codesc\/processos-seletivos\/copy_of_INSTRUCAONORMATIVA12022DIPLOMADIGITAL.pdf\" target=\"_blank\" rel=\"noreferrer noopener\">Instru\u00e7\u00e3o Normativa n.\u00ba 1\/2022 &#8211; PRG<\/a> &#8211;&nbsp;Estabelece os procedimentos administrativos relacionados&nbsp;ao protocolo das solicita\u00e7\u00f5es de emiss\u00e3o de diploma digital&nbsp;de gradua\u00e7\u00e3o no \u00e2mbito da Universidade Federal da Para\u00edba.<\/p>\n\n\n\n<p><strong>RESOLU\u00c7\u00d5ES DO COLEGIADO DO CURSO<\/strong><\/p>\n\n\n\n<p><a href=\"http:\/\/plone.ufpb.br\/cccc\/contents\/documentos\/resolucao_001_2014_nde.pdf\" target=\"_blank\" rel=\"noreferrer noopener\">Resolu\u00e7\u00e3o n.\u00ba 001\/2014-CCGCC\/CCSA<\/a> &#8211; Regulamenta o N\u00facleo Docente Estruturante<\/p>\n\n\n\n<p><a href=\"http:\/\/plone.ufpb.br\/cccc\/contents\/documentos\/resolucao_cccc_n-_01-2022_atividades_complementares.pdf\">Resolu\u00e7\u00e3o CCCC n.\u00ba 01\/2022 <\/a>&#8211;&nbsp;Regulamenta as Atividades Complementares<\/p>\n\n\n\n<p><a href=\"http:\/\/plone.ufpb.br\/cccc\/contents\/documentos\/resolucao_002_2015_atividades_complementares.pdf\" target=\"_blank\" rel=\"noreferrer noopener\">Resolu\u00e7\u00e3o n.\u00ba 002\/2015-CCGCC\/CCSA<\/a> &#8211; Regulamenta as Atividades Complementares <strong>(revogada)<\/strong><\/p>\n\n\n\n<p><a href=\"http:\/\/plone.ufpb.br\/cccc\/contents\/documentos\/resolucao_003_2015_disciplinas_modalidade_semipresencial.pdf\" target=\"_blank\" rel=\"noreferrer noopener\">Resolu\u00e7\u00e3o n.\u00ba 003\/2015-CCGCC\/CCSA<\/a> &#8211; Oferta de disciplinas na modalidade semipresencial<\/p>\n\n\n\n<p><a href=\"http:\/\/plone.ufpb.br\/cccc\/contents\/documentos\/resolucao_004_2015_estagio_supervisionado_original.pdf\" target=\"_blank\" rel=\"noreferrer noopener\">Resolu\u00e7\u00e3o n.\u00ba 004\/2015-CCGCC\/CCSA<\/a> &#8211; Regulamenta o Est\u00e1gio Supervisionado <strong>(original)<\/strong><\/p>\n\n\n\n<p><a href=\"http:\/\/plone.ufpb.br\/cccc\/contents\/documentos\/resolucao_004-2015_estagio_supervisionado_alterada.pdf\" target=\"_blank\" rel=\"noreferrer noopener\">Resolu\u00e7\u00e3o n.\u00ba 004\/2015-CCGCC\/CCSA<\/a> &#8211; Regulamenta o Est\u00e1gio Supervisionado <strong>(alterada)<\/strong><\/p>\n\n\n\n<p><a href=\"http:\/\/plone.ufpb.br\/cccc\/contents\/documentos\/resolucao_01_2019_altera_estagio_supervisionado.pdf\" target=\"_blank\" rel=\"noreferrer noopener\">Resolu\u00e7\u00e3o n.\u00ba 01\/2019\/CCCC<\/a> &#8211; Aprova altera\u00e7\u00f5es na Resolu\u00e7\u00e3o de Est\u00e1gio Supervisionado<\/p>\n\n\n\n<p><a href=\"http:\/\/plone.ufpb.br\/cccc\/contents\/documentos\/resolucao_005_2015_programa_avaliacao_curso.pdf\" target=\"_blank\" rel=\"noreferrer noopener\">Resolu\u00e7\u00e3o CCCC n.\u00ba 005\/2015<\/a> &#8211; Regulamenta o Programa de Avalia\u00e7\u00e3o do Curso<\/p>\n\n\n\n<p><a href=\"http:\/\/plone.ufpb.br\/cccc\/contents\/documentos\/resolucao_006_2015_programa_acompanhamento_egresso.pdf\" target=\"_blank\" rel=\"noreferrer noopener\">Resolu\u00e7\u00e3o CCCC n.\u00ba 006\/2015<\/a> &#8211; Regulamenta o Programa de Acompanhamento de Egresso<\/p>\n\n\n\n<p><a href=\"http:\/\/plone.ufpb.br\/cccc\/contents\/documentos\/resolucao_cccc_n_02-2022_trabalho_conclusao_curso.pdf\">Resolu\u00e7\u00e3o CCCC n.\u00ba 02\/2022<\/a><a href=\"http:\/\/plone.ufpb.br\/cccc\/contents\/documentos\/resolucao_cccc_n-_01-2022_atividades_complementares.pdf\">&nbsp;<\/a>&#8211;&nbsp;Regulamenta o Trabalho de Conclus\u00e3o de Curso<\/p>\n\n\n\n<p><a href=\"http:\/\/plone.ufpb.br\/cccc\/contents\/documentos\/resolucao_007_2015_tcc.pdf\" target=\"_blank\" rel=\"noreferrer noopener\">Resolu\u00e7\u00e3o n.\u00ba 007\/2015-CCCC<\/a> &#8211; Regulamenta o Trabalho de Conclus\u00e3o de Curso <strong>(revogada)<\/strong><\/p>\n\n\n\n<p><strong>PORTARIAS DA COORDENA\u00c7\u00c3O DO CURSO<\/strong><\/p>\n\n\n\n<p><a href=\"http:\/\/plone.ufpb.br\/cccc\/contents\/documentos\/portaria_01_2018_comissao_eleitoral.pdf\">Portaria n.\u00ba 01\/2018<\/a> &#8211; Designa Comiss\u00e3o Eleitoral do processo de consulta para a Coordena\u00e7\u00e3o do Curso de Ci\u00eancias Cont\u00e1beis &#8211; CCSA.<\/p>\n\n\n\n<p><a href=\"http:\/\/plone.ufpb.br\/cccc\/contents\/documentos\/portaria_02_2018_comissao_revalidacao.pdf\">Portaria n.\u00ba 02\/2018<\/a> &#8211; Designa Comiss\u00e3o de Revalida\u00e7\u00e3o do Curso de Ci\u00eancias Cont\u00e1beis &#8211; CCSA.<\/p>\n\n\n\n<p><a href=\"http:\/\/plone.ufpb.br\/cccc\/contents\/documentos\/portaria_03-2018_funcionamento_durante_recesso_academico.pdf\">Portaria n.\u00ba 03\/2018<\/a> &#8211; Estabelece excepcionalmente o hor\u00e1rio de funcionamento da Coordena\u00e7\u00e3o do Curso de Ci\u00eancias Cont\u00e1beis, no per\u00edodo de recesso acad\u00eamico, como medida de racionaliza\u00e7\u00e3o de despesas.<\/p>\n\n\n\n<p><a href=\"http:\/\/plone.ufpb.br\/cccc\/contents\/documentos\/portaria_04-2018_funcionamento_durante_recesso_natalino.pdf\">Portaria n.\u00ba 04\/2018<\/a> &#8211; Estabelece excepcionalmente o hor\u00e1rio de funcionamento da Coordena\u00e7\u00e3o do Curso de Ci\u00eancias Cont\u00e1beis, no per\u00edodo de recesso para comemora\u00e7\u00e3o das festas de final de ano, como medida de racionaliza\u00e7\u00e3o de despesas.<\/p>\n\n\n\n<p><a href=\"http:\/\/plone.ufpb.br\/cccc\/contents\/documentos\/portaria_01-2019_composicao_nde.pdf\">Portaria n.\u00ba 01\/2019<\/a> &#8211; Estabelece a composi\u00e7\u00e3o do N\u00facleo Docente Estruturante do Curso de Ci\u00eancias Cont\u00e1beis.<\/p>\n\n\n\n<p><a href=\"http:\/\/plone.ufpb.br\/cccc\/contents\/documentos\/portaria_02-2019_dispensa_karla_nde.pdf\">Portaria n.\u00ba 02\/2019<\/a> &#8211; Dispensa docente do N\u00facleo Docente Estruturante do Curso de Ci\u00eancias Cont\u00e1beis.<\/p>\n\n\n\n<p><a href=\"http:\/\/plone.ufpb.br\/cccc\/contents\/documentos\/portaria_03-2019_dispensa_orleans_nde.pdf\">Portaria n.\u00ba 03\/2019<\/a> &#8211; Dispensa docente do N\u00facleo Docente Estruturante do Curso de Ci\u00eancias Cont\u00e1beis.<\/p>\n\n\n\n<p><a href=\"http:\/\/plone.ufpb.br\/cccc\/contents\/documentos\/portaria_04-2019_dispensa_simone_nde.pdf\">Portaria n.\u00ba 04\/2019<\/a> &#8211; Dispensa docente do N\u00facleo Docente Estruturante do Curso de Ci\u00eancias Cont\u00e1beis.<\/p>\n\n\n\n<p><a href=\"http:\/\/plone.ufpb.br\/cccc\/contents\/documentos\/portaria_05-2019_dispensa_paulo_roberto_nde.pdf\">Portaria n.\u00ba 05\/2019<\/a> &#8211; Dispensa docente do N\u00facleo Docente Estruturante do Curso de Ci\u00eancias Cont\u00e1beis.<\/p>\n\n\n\n<p><a href=\"http:\/\/plone.ufpb.br\/cccc\/contents\/documentos\/portaria_06-2019_altera_composicao_nde.pdf\">Portaria n.\u00ba 06\/2019<\/a> &#8211; Altera a composi\u00e7\u00e3o do N\u00facleo Docente Estruturante do Curso de Ci\u00eancias Cont\u00e1beis.<\/p>\n\n\n\n<p><a href=\"http:\/\/plone.ufpb.br\/cccc\/contents\/documentos\/portaria_07-2019_dispensa_edilson_paulo_nde.pdf\">Portaria n.\u00ba 07\/2019<\/a> &#8211; Dispensa docente do N\u00facleo Docente Estruturante do Curso de Ci\u00eancias Cont\u00e1beis.<\/p>\n\n\n\n<p><a href=\"http:\/\/plone.ufpb.br\/cccc\/contents\/documentos\/portaria_1590_2019_ccsa_cc_dispensa_azamor.pdf\">Portaria n.\u00ba 1590\/2019 &#8211; CCSA &#8211; CC<\/a> &#8211;&nbsp;Dispensa docente do N\u00facleo Docente Estruturante do Curso de Ci\u00eancias Cont\u00e1beis.<\/p>\n\n\n\n<p><a href=\"http:\/\/plone.ufpb.br\/cccc\/contents\/documentos\/portaria_1591_2019_ccsa_cc_dispensa_felipe.pdf\">Portaria n.\u00ba 1591\/2019 &#8211; CCSA &#8211; CC<\/a> &#8211;&nbsp;Dispensa docente do N\u00facleo Docente Estruturante do Curso de Ci\u00eancias Cont\u00e1beis.<\/p>\n\n\n\n<p><a href=\"http:\/\/plone.ufpb.br\/cccc\/contents\/documentos\/portaria_1592_2019_ccsa_cc_designacao_karla.pdf\">Portaria n.\u00ba 1592\/2019 &#8211; CCSA &#8211; CC<\/a> &#8211;&nbsp;Designa docente para o N\u00facleo Docente Estruturante do Curso de Ci\u00eancias Cont\u00e1beis.<\/p>\n\n\n\n<p><a href=\"http:\/\/plone.ufpb.br\/cccc\/contents\/documentos\/portaria_34_2020_ccsa_cc_altera_tcc.pdf\">Portaria n.\u00ba 34\/2020 &#8211; CCSA &#8211; CC<\/a> &#8211; Suspende o Trabalho de Conclus\u00e3o de Curso na modalidade Trabalho de Aplica\u00e7\u00e3o Pr\u00e1tica &#8211; Relat\u00f3rio de Est\u00e1gio &#8211; do Curso de Ci\u00eancias Cont\u00e1beis.<\/p>\n\n\n\n<p><a href=\"http:\/\/plone.ufpb.br\/cccc\/contents\/documentos\/portaria_n_36-2020_ccsa-cc_designa_comissao_eleitoral.pdf\">Portaria n.\u00b0 36\/2020 &#8211; CCSA &#8211; CC<\/a> &#8211; Designa Comiss\u00e3o de Consulta Eleitoral para escolha de Coordenador(a) e Vice-Coordenador(a) do Curso de Ci\u00eancias Cont\u00e1beis.<\/p>\n\n\n\n<p><a href=\"http:\/\/plone.ufpb.br\/cccc\/contents\/documentos\/portaria_37-2020-ccsa-cc_atividades-complementares_flexiveis.pdf\">Portaria n.\u00ba 37\/2020 &#8211; CCSA &#8211; CC<\/a> &#8211; Normatiza o aproveitamento como Atividades Complementares Flex\u00edveis do Curso de Ci\u00eancias Cont\u00e1beis das atividades de ensino e aprendizagem remotas, realizadas no \u00e2mbito da UFPB, durante o Calend\u00e1rio Suplementar, definido pela Resolu\u00e7\u00e3o n.\u00ba 13\/2020\/CONSEPE.<\/p>\n\n\n\n<p><a href=\"http:\/\/plone.ufpb.br\/cccc\/contents\/documentos\/portaria_38-2020-ccsa-cc_atividades-complementares_flexiveis.pdf\">Portaria n.\u00ba 38\/2020 &#8211; CCSA &#8211; CC<\/a>&nbsp;&#8211; Normatiza o aproveitamento como Atividades Complementares Flex\u00edveis do Curso de Ci\u00eancias Cont\u00e1beis das atividades de ensino e aprendizagem remotas, realizadas no \u00e2mbito da UFPB, durante o Per\u00edodo Suplementar 2020.1, definido pela Resolu\u00e7\u00e3o n.\u00ba 19\/2020\/CONSEPE.<\/p>\n\n\n\n<p><a href=\"http:\/\/plone.ufpb.br\/cccc\/contents\/documentos\/portaria_1-2021-ccsa-cc_atividades_complementares_flexiveis_2020-2.pdf\">Portaria n.\u00ba 1\/2021 &#8211; CCSA &#8211; CC<\/a>&nbsp;&#8211; Normatiza o aproveitamento como Atividades Complementares Flex\u00edveis do Curso de Ci\u00eancias Cont\u00e1beis das atividades de ensino e aprendizagem remotas, realizadas no \u00e2mbito da UFPB, durante o Per\u00edodo Suplementar 2020.2, definido pela Resolu\u00e7\u00e3o CONSEPE n.\u00ba 35\/2020.<\/p>\n\n\n\n<p><a href=\"http:\/\/plone.ufpb.br\/cccc\/contents\/documentos\/portaria_2-2021-ccsa-cc_nucleo_docente_estruturante.pdf\">Portaria n.\u00ba 2\/2021 &#8211; CCSA- CC<\/a>&nbsp;&#8211; Estabelece a composi\u00e7\u00e3o do N\u00facleo Docente Estruturante do Curso de Ci\u00eancias Cont\u00e1beis.<\/p>\n\n\n\n<p><a href=\"http:\/\/plone.ufpb.br\/cccc\/contents\/documentos\/portaria_3-2021-ccsa-cc_autorizacao_estagio_nao_obrigatorio.pdf\">Portaria n.\u00ba 3\/2021 &#8211; CCSA- CC<\/a>&nbsp;&#8211;&nbsp;Delega \u00e0 Coordena\u00e7\u00e3o do Curso de Ci\u00eancias Cont\u00e1beis e estabelece condi\u00e7\u00f5es para a autoriza\u00e7\u00e3o de est\u00e1gio n\u00e3o obrigat\u00f3rio na modalidade presencial, durante a pandemia decorrente da COVID-19.<\/p>\n\n\n\n<p><a href=\"http:\/\/plone.ufpb.br\/cccc\/contents\/documentos\/portaria_5-2021-ccsa-cc_atividades_complementares_flexiveis_2021-1.pdf\">Portaria n.\u00ba 5\/2021 &#8211; CCSA &#8211; CC<\/a>&nbsp;&#8211; Normatiza o aproveitamento como Atividades Complementares Flex\u00edveis do Curso de Ci\u00eancias Cont\u00e1beis das atividades de ensino e aprendizagem remotas, realizadas no \u00e2mbito da UFPB, durante o Per\u00edodo Suplementar 2021.1, definido pela Resolu\u00e7\u00e3o CONSEPE n.\u00ba 27\/2021.<\/p>\n\n\n\n<p><a href=\"http:\/\/plone.ufpb.br\/cccc\/contents\/documentos\/portaria_1-2022-ccsa-cc_comissao_consulta_eleitoral_vice_coordenador.pdf\">Portaria n.\u00ba 1\/2022 &#8211; CCSA &#8211; CC<\/a>&nbsp;&#8211;&nbsp;Designa Comiss\u00e3o de Consulta Eleitoral de escolha do Vice-Coordenador(a) do Curso de Gradua\u00e7\u00e3o em Ci\u00eancias Cont\u00e1beis,&nbsp;do Centro de Ci\u00eancias Sociais Aplicadas, Campus I, da Universidade Federal da Para\u00edba, para mandato complementar do bi\u00eanio 2020-2022.<\/p>\n\n\n\n<p><a href=\"http:\/\/plone.ufpb.br\/cccc\/contents\/documentos\/portaria_2-2022-ccsa-cc_comissao_consulta_eleitoral_coordenacao_ciencias_contabeis.pdf\">Portaria n.\u00ba 2\/2022 &#8211; CCSA &#8211; CC<\/a>&nbsp;&#8211;&nbsp;Designa Comiss\u00e3o de Consulta Eleitoral de escolha de Coordenador(a) e Vice-Coordenador(a) do Curso de Gradua\u00e7\u00e3o em Ci\u00eancias Cont\u00e1beis,&nbsp;do Centro de Ci\u00eancias Sociais Aplicadas, Campus I, da Universidade Federal da Para\u00edba, para o mandato do bi\u00eanio 2022-2024.<\/p>\n","protected":false},"excerpt":{"rendered":"<p>LEIS Decreto-Lei n.\u00ba 1.044, de 21 de outubro de 1969 &#8211;&nbsp;Disp\u00f5e sobre tratamento excepcional para [&hellip;]<\/p>\n","protected":false},"author":47,"featured_media":0,"parent":0,"menu_order":0,"comment_status":"closed","ping_status":"closed","template":"","meta":{"footnotes":""},"class_list":["post-61","page","type-page","status-publish","hentry"],"_links":{"self":[{"href":"https:\/\/www.ccsa.ufpb.br\/cccc\/wp-json\/wp\/v2\/pages\/61","targetHints":{"allow":["GET"]}}],"collection":[{"href":"https:\/\/www.ccsa.ufpb.br\/cccc\/wp-json\/wp\/v2\/pages"}],"about":[{"href":"https:\/\/www.ccsa.ufpb.br\/cccc\/wp-json\/wp\/v2\/types\/page"}],"author":[{"embeddable":true,"href":"https:\/\/www.ccsa.ufpb.br\/cccc\/wp-json\/wp\/v2\/users\/47"}],"replies":[{"embeddable":true,"href":"https:\/\/www.ccsa.ufpb.br\/cccc\/wp-json\/wp\/v2\/comments?post=61"}],"version-history":[{"count":1,"href":"https:\/\/www.ccsa.ufpb.br\/cccc\/wp-json\/wp\/v2\/pages\/61\/revisions"}],"predecessor-version":[{"id":62,"href":"https:\/\/www.ccsa.ufpb.br\/cccc\/wp-json\/wp\/v2\/pages\/61\/revisions\/62"}],"wp:attachment":[{"href":"https:\/\/www.ccsa.ufpb.br\/cccc\/wp-json\/wp\/v2\/media?parent=61"}],"curies":[{"name":"wp","href":"https:\/\/api.w.org\/{rel}","templated":true}]}}