{"id":74,"date":"2025-08-29T09:42:13","date_gmt":"2025-08-29T12:42:13","guid":{"rendered":"https:\/\/www.ccsa.ufpb.br\/cccc\/?page_id=74"},"modified":"2025-08-29T09:42:13","modified_gmt":"2025-08-29T12:42:13","slug":"nucleo-docente-estruturante","status":"publish","type":"page","link":"https:\/\/www.ccsa.ufpb.br\/cccc\/nucleo-docente-estruturante\/","title":{"rendered":"N\u00facleo Docente Estruturante"},"content":{"rendered":"\n<p><strong>Membros do N\u00facleo Docente Estruturante (NDE)<\/strong><\/p>\n\n\n\n<p>Base Legal:&nbsp;<a href=\"https:\/\/sig-arq.ufpb.br\/arquivos\/2020189051e2be2611980cbe468246287\/Resp29.20.pdf\" target=\"_blank\" rel=\"noreferrer noopener\">Resolu\u00e7\u00e3o n.\u00ba 29\/2020\/CONSEPE<\/a>, Art. 15.<\/p>\n\n\n\n<p>Mandato: 26\/02\/2023 a 25\/02\/2024<\/p>\n\n\n\n<p>Regulamenta\u00e7\u00e3o:&nbsp;<a href=\"http:\/\/plone.ufpb.br\/cccc\/contents\/documentos\/portaria-ad-referendando-dfc-nde.pdf\">Portaria ad referendum DFC n.\u00ba 001\/2023<\/a><\/p>\n\n\n\n<p>Membros:&nbsp;<\/p>\n\n\n\n<p><a href=\"https:\/\/sigaa.ufpb.br\/sigaa\/public\/docente\/portal.jsf?siape=2368304\" target=\"_blank\" rel=\"noreferrer noopener\">Prof. Dr. Rob\u00e9rio Dantas de Fran\u00e7a<\/a>&nbsp;(Presidente)<\/p>\n\n\n\n<p><a href=\"https:\/\/sigaa.ufpb.br\/sigaa\/public\/docente\/portal.jsf?siape=3226799\" target=\"_blank\" rel=\"noreferrer noopener\">Prof.\u00aa Dr.\u00aa Karla Katiuscia N\u00f3brega de Almeida<\/a>&nbsp;(Vice-Presidente)<\/p>\n\n\n\n<p><a href=\"https:\/\/sigaa.ufpb.br\/sigaa\/public\/docente\/portal.jsf?siape=1767531\" target=\"_blank\" rel=\"noreferrer noopener\">Prof.\u00aa Dr.\u00aa Adriana Fernandes de Vasconcelos<\/a><\/p>\n\n\n\n<p><a href=\"https:\/\/sigaa.ufpb.br\/sigaa\/public\/docente\/portal.jsf?siape=1859411\" target=\"_blank\" rel=\"noreferrer noopener\">Prof. Dr. Dimas Barr\u00eato de Queiroz&nbsp;<\/a><\/p>\n\n\n\n<p><a href=\"https:\/\/sigaa.ufpb.br\/sigaa\/public\/docente\/portal.jsf?siape=1453014\" target=\"_blank\" rel=\"noreferrer noopener\">Prof.\u00aa Dr.\u00aa M\u00e1rcia Reis Machado<\/a><\/p>\n\n\n\n<p><a href=\"https:\/\/sigaa.ufpb.br\/sigaa\/public\/docente\/portal.jsf?siape=1610122\" target=\"_blank\" rel=\"noreferrer noopener\">Prof. Dr. Mois\u00e9s Ara\u00fajo Almeida<\/a><\/p>\n\n\n\n<p><a href=\"https:\/\/sigaa.ufpb.br\/sigaa\/public\/docente\/portal.jsf?siape=1526402\" target=\"_blank\" rel=\"noreferrer noopener\">Prof. Dr. Wenner Gl\u00e1ucio Lopes Lucena<\/a><\/p>\n\n\n\n<p><strong>Atas do N\u00facleo Docente Estruturante<\/strong><\/p>\n\n\n\n<p><a href=\"http:\/\/plone.ufpb.br\/cccc\/contents\/documentos\/2019-04-02_ata_nde.pdf\">Ata da Reuni\u00e3o Ordin\u00e1ria de 02\/04\/2019<\/a><\/p>\n\n\n\n<p><a href=\"http:\/\/plone.ufpb.br\/cccc\/contents\/documentos\/2019-04-16_ata-do-nde.doc\">Ata da Reuni\u00e3o Ordin\u00e1ria de 16\/04\/2019<\/a><\/p>\n\n\n\n<p><a href=\"http:\/\/plone.ufpb.br\/cccc\/contents\/documentos\/ata_nde_n_3-2019_22-11-2019.pdf\">Ata da Reuni\u00e3o Ordin\u00e1ria de 22\/11\/2019<\/a><\/p>\n\n\n\n<p><a href=\"http:\/\/plone.ufpb.br\/cccc\/contents\/documentos\/ata_nde_n_01-2022-08-02-2022.pdf\">Ata da Reuni\u00e3o Ordin\u00e1ria de 08\/02\/2022<\/a><\/p>\n\n\n\n<p><a href=\"http:\/\/plone.ufpb.br\/cccc\/contents\/documentos\/ata_nde_n_02-2022-01-04-2022.pdf\">Ata da Reuni\u00e3o Ordin\u00e1ria de 01\/04\/2022<\/a><\/p>\n\n\n\n<p><a href=\"http:\/\/plone.ufpb.br\/cccc\/contents\/documentos\/ata_nde_n_03-2022_11-04-2022.pdf\">Ata da Reuni\u00e3o Extraordin\u00e1ria de 11\/04\/2022<\/a><\/p>\n\n\n\n<p>Ata da Reuni\u00e3o Ordin\u00e1ria de 16\/05\/2022<\/p>\n","protected":false},"excerpt":{"rendered":"<p>Membros do N\u00facleo Docente Estruturante (NDE) Base Legal:&nbsp;Resolu\u00e7\u00e3o n.\u00ba 29\/2020\/CONSEPE, Art. 15. Mandato: 26\/02\/2023 a [&hellip;]<\/p>\n","protected":false},"author":47,"featured_media":0,"parent":0,"menu_order":0,"comment_status":"closed","ping_status":"closed","template":"","meta":{"footnotes":""},"class_list":["post-74","page","type-page","status-publish","hentry"],"_links":{"self":[{"href":"https:\/\/www.ccsa.ufpb.br\/cccc\/wp-json\/wp\/v2\/pages\/74","targetHints":{"allow":["GET"]}}],"collection":[{"href":"https:\/\/www.ccsa.ufpb.br\/cccc\/wp-json\/wp\/v2\/pages"}],"about":[{"href":"https:\/\/www.ccsa.ufpb.br\/cccc\/wp-json\/wp\/v2\/types\/page"}],"author":[{"embeddable":true,"href":"https:\/\/www.ccsa.ufpb.br\/cccc\/wp-json\/wp\/v2\/users\/47"}],"replies":[{"embeddable":true,"href":"https:\/\/www.ccsa.ufpb.br\/cccc\/wp-json\/wp\/v2\/comments?post=74"}],"version-history":[{"count":1,"href":"https:\/\/www.ccsa.ufpb.br\/cccc\/wp-json\/wp\/v2\/pages\/74\/revisions"}],"predecessor-version":[{"id":75,"href":"https:\/\/www.ccsa.ufpb.br\/cccc\/wp-json\/wp\/v2\/pages\/74\/revisions\/75"}],"wp:attachment":[{"href":"https:\/\/www.ccsa.ufpb.br\/cccc\/wp-json\/wp\/v2\/media?parent=74"}],"curies":[{"name":"wp","href":"https:\/\/api.w.org\/{rel}","templated":true}]}}