{"id":76,"date":"2025-08-29T09:42:54","date_gmt":"2025-08-29T12:42:54","guid":{"rendered":"https:\/\/www.ccsa.ufpb.br\/cccc\/?page_id=76"},"modified":"2025-08-29T09:42:55","modified_gmt":"2025-08-29T12:42:55","slug":"pesquisa","status":"publish","type":"page","link":"https:\/\/www.ccsa.ufpb.br\/cccc\/pesquisa\/","title":{"rendered":"Pesquisa"},"content":{"rendered":"\n<p><a href=\"https:\/\/sigaa.ufpb.br\/sigaa\/public\/departamento\/pesquisa.jsf?id=1332\" target=\"_blank\" rel=\"noreferrer noopener\">Projetos de Pesquisa<\/a><\/p>\n\n\n\n<p><strong>GRUPOS DE PESQUISA<\/strong><\/p>\n\n\n\n<p><strong>Liderado por Docente do Departamento de Finan\u00e7as e Contabilidade<\/strong><\/p>\n\n\n\n<figure class=\"wp-block-table\"><table class=\"has-fixed-layout\"><tbody><tr><td><strong>Nome<\/strong><\/td><td><strong>L\u00edder(es)<\/strong><\/td><td><strong>Ano de Forma\u00e7\u00e3o<\/strong><\/td><td><strong>Endere\u00e7o eletr\u00f4nico<\/strong><\/td><\/tr><tr><td>Gest\u00e3o, Controle e Mensura\u00e7\u00e3o Cont\u00e1bil-Financeira<\/td><td>Aldo Leonardo Cunha Callado<\/td><td>2004<\/td><td>dgp.cnpq.br\/dgp\/espelhogrupo\/7831682000256819<\/td><\/tr><tr><td>GFIC &#8211; Grupo de Pesquisa em Finan\u00e7as e Contabilidade<\/td><td>M\u00e1rcio Andr\u00e9 Veras Machado e M\u00e1rcia Reis Machado<\/td><td>2004<\/td><td>dgp.cnpq.br\/dgp\/espelhogrupo\/9700433515489224&nbsp;<\/td><\/tr><tr><td>Grupo de Educa\u00e7\u00e3o e Pesquisa em Contabilidade &#8211; GEPEC<\/td><td>Marcleide Maria Mac\u00eado Pederneiras e Renata Paes de Barros C\u00e2mara<\/td><td>2014<\/td><td>dgp.cnpq.br\/dgp\/espelhogrupo\/4456876370064453<\/td><\/tr><tr><td>Grupo de Pesquisa em Contabilidade e Educa\u00e7\u00e3o Financeira (GCFIN)<\/td><td>Wenner Glaucio Lopes Lucena<\/td><td>2012<\/td><td>dgp.cnpq.br\/dgp\/espelhogrupo\/6969184975586533<\/td><\/tr><tr><td>Grupo de Pesquisa em Sistemas de Informa\u00e7\u00f5es, Organiza\u00e7\u00f5es e An\u00e1lise de Riscos (GSOAR)<\/td><td>Tiago Henrique de Souza Echternacht<\/td><td>2019<\/td><td>dgp.cnpq.br\/dgp\/espelhogrupo\/0835388884046320<\/td><\/tr><tr><td>Grupo de Pesquisa Qualitativa em Contabilidade<\/td><td>Karla Katiuscia N\u00f3brega de Almeida e Victoria Puntriano Zuniga de Melo<\/td><td>2020<\/td><td>dgp.cnpq.br\/dgp\/espelhogrupo\/7640236197520088<\/td><\/tr><tr><td>N\u00facleo de Estudos em An\u00e1lise de Investimentos e Contabilidade<\/td><td>Luiz Felipe de Ara\u00fajo Pontes Gir\u00e3o<\/td><td>2017<\/td><td>dgp.cnpq.br\/dgp\/espelhogrupo\/7035670317070086<\/td><\/tr><tr><td>N\u00facleo de Estudos em Contabilidade e Mercado de Capitais<\/td><td>Orleans Silva Martins<\/td><td>2013<\/td><td>dgp.cnpq.br\/dgp\/espelhogrupo\/5930155535145157<\/td><\/tr><\/tbody><\/table><\/figure>\n\n\n\n<p><strong>Docente do Departamento de Finan\u00e7as e Contabilidade como participante<\/strong><\/p>\n\n\n\n<figure class=\"wp-block-table\"><table class=\"has-fixed-layout\"><tbody><tr><td><strong>Nome<\/strong><\/td><td><strong>Participante<\/strong><\/td><td><strong>Ano de Forma\u00e7\u00e3o<\/strong><\/td><td><strong>Endere\u00e7o eletr\u00f4nico<\/strong><\/td><\/tr><tr><td>Administra\u00e7\u00e3o<\/td><td>Aldo Leonardo Cunha Callado<\/td><td>2004<\/td><td>dgp.cnpq.br\/dgp\/espelhogrupo\/3996866247236645<\/td><\/tr><tr><td>Contabilidade e Avalia\u00e7\u00e3o Econ\u00f4mica e Financeira de Pol\u00edticas P\u00fablicas<\/td><td>Josedilton Alves Diniz<\/td><td>2012<\/td><td>dgp.cnpq.br\/dgp\/espelhogrupo\/5539851588066139<\/td><\/tr><tr><td>Controle Interno das Organiza\u00e7\u00f5es<\/td><td>Josedilton Alves Diniz<\/td><td>2013<\/td><td>dgp.cnpq.br\/dgp\/espelhogrupo\/9613576391594943<\/td><\/tr><tr><td>ERO &#8211; Endodontia e Reabilita\u00e7\u00e3o Oral<\/td><td>Danielle Karla Vieira e Silva<\/td><td>2009<\/td><td>dgp.cnpq.br\/dgp\/espelhogrupo\/2747077123098656<\/td><\/tr><tr><td>Estudos Avan\u00e7ados para a Sustentabilidade<\/td><td>Vald\u00e9rio Freire de Moraes J\u00fanior<\/td><td>2008<\/td><td>dgp.cnpq.br\/dgp\/espelhogrupo\/4741212799577641<\/td><\/tr><tr><td>GEFINS &#8211; Grupo de Estudos em Finan\u00e7as e Sustentabilidade<\/td><td>Mois\u00e9s Ara\u00fajo Almeida<\/td><td>2014<\/td><td>dgp.cnpq.br\/dgp\/espelhogrupo\/2528197195314779<\/td><\/tr><tr><td rowspan=\"3\">Gest\u00e3o, Controle e Mensura\u00e7\u00e3o Cont\u00e1bil-Financeira<\/td><td>Adriana Fernandes de Vasconcelos<\/td><td rowspan=\"3\">2004<\/td><td rowspan=\"3\">dgp.cnpq.br\/dgp\/espelhogrupo\/7831682000256819<\/td><\/tr><tr><td>Mois\u00e9s Ara\u00fajo Almeida<\/td><\/tr><tr><td>Renata Paes de Barros C\u00e2mara<\/td><\/tr><tr><td>Grupo de Estudos e Pesquisas em Governos Locais &#8211; GEPGL<\/td><td>Dimas Barr\u00eato de Queiroz<\/td><td>2017<\/td><td>dgp.cnpq.br\/dgp\/espelhogrupo\/9355812476903491<\/td><\/tr><tr><td>Grupo de Pesquisa em Contabilidade, Finan\u00e7as e Tributa\u00e7\u00e3o &#8211; GPCFT<\/td><td>Mateus Alexandre Costa dos Santos<\/td><td>2018<\/td><td>dgp.cnpq.br\/dgp\/espelhogrupo\/9234391818751139<\/td><\/tr><tr><td rowspan=\"2\">Grupo de Pesquisa em Sistemas de Informa\u00e7\u00f5es, Organiza\u00e7\u00f5es e An\u00e1lise de Riscos (GSOAR)<\/td><td>Azamor Cirne de Azevedo Filho<\/td><td rowspan=\"2\">2019<\/td><td rowspan=\"2\">dgp.cnpq.br\/dgp\/espelhogrupo\/0835388884046320<\/td><\/tr><tr><td>Ionara St\u00e9fani Viana de Oliveira<\/td><\/tr><tr><td rowspan=\"4\">Grupo de Pesquisa Qualitativa em Contabilidade<\/td><td>Christiano Coelho<\/td><td rowspan=\"4\">2020<\/td><td rowspan=\"4\">dgp.cnpq.br\/dgp\/espelhogrupo\/7640236197520088<\/td><\/tr><tr><td>Tiago Henrique de Souza Echternacht<\/td><\/tr><tr><td>Valdineide dos Santos Ara\u00fajo<\/td><\/tr><tr><td>Viviane da Costa Freitag<\/td><\/tr><tr><td>Grupo Interdisciplinar de Pesquisa em Cultura, Sociedade e Ambiente<\/td><td>Victoria Puntriano Zuniga de Melo<\/td><td>2012<\/td><td>dgp.cnpq.br\/dgp\/espelhogrupo\/0537588471681472<\/td><\/tr><tr><td>Incentivos e Sistemas de Controle Gerencial<\/td><td>Mateus Alexandre Costa dos Santos<\/td><td>2016<\/td><td>dgp.cnpq.br\/dgp\/espelhogrupo\/1156090649173055<\/td><\/tr><tr><td>Informa\u00e7\u00e3o e Inclus\u00e3o Social<\/td><td>Herbert de Oliveira R\u00eago<\/td><td>2008<\/td><td>dgp.cnpq.br\/dgp\/espelhogrupo\/1610589102569786<\/td><\/tr><tr><td>Informa\u00e7\u00e3o, Aprendizagem e Conhecimento<\/td><td>Simone Bastos Paiva<\/td><td>2004<\/td><td>dgp.cnpq.br\/dgp\/espelhogrupo\/5284079717188283<\/td><\/tr><tr><td>Macrocrises Jur\u00eddicas do S\u00e9culo XXI<\/td><td>Alu\u00edsio M\u00e1rio Lins Souto<\/td><td>2020<\/td><td>dgp.cnpq.br\/dgp\/espelhogrupo\/4543114665149702<\/td><\/tr><tr><td>Meio Ambiente, Economia e Aproveitamento Energ\u00e9tico<\/td><td>Rommel de Santana Freire<\/td><td>2013<\/td><td>dgp.cnpq.br\/dgp\/espelhogrupo\/7648138142421520<\/td><\/tr><tr><td>N\u00facleo de Estudos em An\u00e1lise de Investimentos e Contabilidade<\/td><td>Filipe Coelho de Lima Duarte<\/td><td>2017<\/td><td>dgp.cnpq.br\/dgp\/espelhogrupo\/7035670317070086<\/td><\/tr><tr><td>N\u00facleo de Estudos em Contabilidade e Meio Ambiente (NECMA\/USP)<\/td><td>M\u00e1rcia Reis Machado<\/td><td>2009<\/td><td>dgp.cnpq.br\/dgp\/espelhogrupo\/5520707710727428<\/td><\/tr><tr><td rowspan=\"2\">N\u00facleo de Estudos em Contabilidade e Mercado de Capitais<\/td><td>Luiz Felipe de Ara\u00fajo Pontes Gir\u00e3o<\/td><td rowspan=\"2\">2013<\/td><td rowspan=\"2\">dgp.cnpq.br\/dgp\/espelhogrupo\/5930155535145157<\/td><\/tr><tr><td>Wenner Glaucio Lopes Lucena<\/td><\/tr><tr><td>Observat\u00f3rio UFF da Regula\u00e7\u00e3o Cont\u00e1bil Internacional<\/td><td>Mateus Alexandre Costa dos Santos<\/td><td>2019<\/td><td>dgp.cnpq.br\/dgp\/espelhogrupo\/6460856137607779<\/td><\/tr><tr><td>Oferta e Procura de Servi\u00e7os Cont\u00e1beis para Pequenas e M\u00e9dias Empresas Brasileiras<\/td><td>Vera L\u00facia Cruz<\/td><td>2006<\/td><td>dgp.cnpq.br\/dgp\/espelhogrupo\/2484691283280108<\/td><\/tr><tr><td>Pesquisa te\u00f3rica e emp\u00edrica em finan\u00e7as: mercados de capitais e finan\u00e7as corporativas<\/td><td>Anna Paola Fernandes Freire<\/td><td>2005<\/td><td>dgp.cnpq.br\/dgp\/espelhogrupo\/975867271387367<\/td><\/tr><\/tbody><\/table><\/figure>\n","protected":false},"excerpt":{"rendered":"<p>Projetos de Pesquisa GRUPOS DE PESQUISA Liderado por Docente do Departamento de Finan\u00e7as e Contabilidade [&hellip;]<\/p>\n","protected":false},"author":47,"featured_media":0,"parent":0,"menu_order":0,"comment_status":"closed","ping_status":"closed","template":"","meta":{"footnotes":""},"class_list":["post-76","page","type-page","status-publish","hentry"],"_links":{"self":[{"href":"https:\/\/www.ccsa.ufpb.br\/cccc\/wp-json\/wp\/v2\/pages\/76","targetHints":{"allow":["GET"]}}],"collection":[{"href":"https:\/\/www.ccsa.ufpb.br\/cccc\/wp-json\/wp\/v2\/pages"}],"about":[{"href":"https:\/\/www.ccsa.ufpb.br\/cccc\/wp-json\/wp\/v2\/types\/page"}],"author":[{"embeddable":true,"href":"https:\/\/www.ccsa.ufpb.br\/cccc\/wp-json\/wp\/v2\/users\/47"}],"replies":[{"embeddable":true,"href":"https:\/\/www.ccsa.ufpb.br\/cccc\/wp-json\/wp\/v2\/comments?post=76"}],"version-history":[{"count":1,"href":"https:\/\/www.ccsa.ufpb.br\/cccc\/wp-json\/wp\/v2\/pages\/76\/revisions"}],"predecessor-version":[{"id":77,"href":"https:\/\/www.ccsa.ufpb.br\/cccc\/wp-json\/wp\/v2\/pages\/76\/revisions\/77"}],"wp:attachment":[{"href":"https:\/\/www.ccsa.ufpb.br\/cccc\/wp-json\/wp\/v2\/media?parent=76"}],"curies":[{"name":"wp","href":"https:\/\/api.w.org\/{rel}","templated":true}]}}