{"id":80,"date":"2025-08-29T09:43:53","date_gmt":"2025-08-29T12:43:53","guid":{"rendered":"https:\/\/www.ccsa.ufpb.br\/cccc\/?page_id=80"},"modified":"2025-08-29T09:43:54","modified_gmt":"2025-08-29T12:43:54","slug":"trabalho-de-conclusao-de-curso","status":"publish","type":"page","link":"https:\/\/www.ccsa.ufpb.br\/cccc\/trabalho-de-conclusao-de-curso\/","title":{"rendered":"Trabalho de Conclus\u00e3o de Curso"},"content":{"rendered":"\n<p><a href=\"http:\/\/plone.ufpb.br\/cccc\/contents\/documentos\/template_tcc_marco_2021_tcc-i.docx\">Modelo do Trabalho de Conclus\u00e3o de Curso I (<em>Template<\/em> do TCC-I)<\/a><\/p>\n\n\n\n<p><a href=\"http:\/\/plone.ufpb.br\/cccc\/contents\/documentos\/template_tcc_marco_2021_tcc-ii.docx\">Modelo do Trabalho de Conclus\u00e3o de Curso II (<em>Template<\/em>&nbsp;do TCC-II)<\/a><\/p>\n\n\n\n<p><a href=\"http:\/\/www.ccsa.ufpb.br\/bsccsa\/contents\/menu\/servicos\/ficha-catalografica\" target=\"_blank\" rel=\"noreferrer noopener\">Informa\u00e7\u00f5es sobre Elabora\u00e7\u00e3o de Ficha Catalogr\u00e1fica e Dep\u00f3sito de TCC<\/a><\/p>\n\n\n\n<p><a href=\"http:\/\/www.ccsa.ufpb.br\/bsccsa\/contents\/documentos\/modelo-de-capa-e-rotulo-cd_tcc.pdf\" target=\"_blank\" rel=\"noreferrer noopener\">Modelo de Capa e R\u00f3tulo para CD de Trabalho de Conclus\u00e3o de Curso<\/a><\/p>\n\n\n\n<p><a href=\"http:\/\/plone.ufpb.br\/cccc\/contents\/documentos\/lista-de-defesa-tcc-2024-1-tccii-monografia.pdf\">&nbsp;<\/a><\/p>\n\n\n\n<p><strong>CALEND\u00c1RIO DO TRABALHO DE CONCLUS\u00c3O DE CURSO (TCC)&nbsp;<\/strong><\/p>\n\n\n\n<p><a href=\"http:\/\/plone.ufpb.br\/cccc\/contents\/documentos\/2025-1-calendario-do-tcc-2.pdf\">Calend\u00e1rio do Trabalho de Conclus\u00e3o de Curso, Trabalho de Conclus\u00e3o de Curso I, Trabalho de Conclus\u00e3o de Curso II &#8211; Per\u00edodo Letivo 202<\/a>5.1<\/p>\n\n\n\n<p><a href=\"http:\/\/plone.ufpb.br\/cccc\/contents\/documentos\/calendario-tcc-2024-2-alunos.pdf\">Calend\u00e1rio do Trabalho de Conclus\u00e3o de Curso, Trabalho de Conclus\u00e3o de Curso I, Trabalho de Conclus\u00e3o de Curso II &#8211; Per\u00edodo Letivo 2024.2<\/a><\/p>\n\n\n\n<p><a href=\"http:\/\/plone.ufpb.br\/cccc\/contents\/documentos\/calendario-do-tcc-alunos-2024-1.pdf\">Calend\u00e1rio do Trabalho de Conclus\u00e3o de Curso, Trabalho de Conclus\u00e3o de Curso I, Trabalho de Conclus\u00e3o de Curso II &#8211; Per\u00edodo Letivo 2024.1<\/a><\/p>\n\n\n\n<p><a href=\"http:\/\/plone.ufpb.br\/cccc\/contents\/documentos\/2023-2-calendario-do-tcc.pdf\">Calend\u00e1rio do Trabalho de Conclus\u00e3o de Curso, Trabalho de Conclus\u00e3o de Curso I, Trabalho de Conclus\u00e3o de Curso II &#8211; Per\u00edodo Letivo 2023.2<\/a><\/p>\n\n\n\n<p><a href=\"http:\/\/plone.ufpb.br\/cccc\/contents\/documentos\/2023-1_calendario-do-tcc-prop-revisada.pdf\">Calend\u00e1rio do Trabalho de Conclus\u00e3o de Curso, Trabalho de Conclus\u00e3o de Curso I e Trabalho de Conclus\u00e3o de Curso II &#8211; Per\u00edodo Letivo 2023.1 &#8211; altera\u00e7\u00f5es<\/a><\/p>\n\n\n\n<p><a href=\"http:\/\/plone.ufpb.br\/cccc\/contents\/documentos\/calendario-do-tcc-periodo-letivo-2023-1.pdf\">Calend\u00e1rio do Trabalho de Conclus\u00e3o de Curso, Trabalho de Conclus\u00e3o de Curso I e Trabalho de Conclus\u00e3o de Curso II &#8211; Per\u00edodo Letivo 2023.1<\/a><\/p>\n\n\n\n<p><a href=\"http:\/\/plone.ufpb.br\/cccc\/contents\/documentos\/2022-2_calendario-do-tcc.pdf\">Calend\u00e1rio do Trabalho de Conclus\u00e3o de Curso, Trabalho de Conclus\u00e3o de Curso I e Trabalho de Conclus\u00e3o de Curso II &#8211; Per\u00edodo Letivo 2022.2<\/a><\/p>\n\n\n\n<p><a href=\"http:\/\/www.ccsa.ufpb.br\/cccc\/contents\/documentos\/calendario-do-tcc-periodo-letivo-2022-1.pdf\" target=\"_blank\" rel=\"noreferrer noopener\">Calend\u00e1rio do Trabalho de Conclus\u00e3o de Curso, Trabalho de Conclus\u00e3o de Curso I e Trabalho de Conclus\u00e3o de Curso II &#8211; Per\u00edodo Letivo 2022.1<\/a><a href=\"http:\/\/www.ccsa.ufpb.br\/cccc\/contents\/documentos\/calendario-do-tcc-periodo-letivo-2022-1.pdf\" target=\"_blank\" rel=\"noreferrer noopener\"><\/a><\/p>\n\n\n\n<p><a href=\"http:\/\/plone.ufpb.br\/cccc\/contents\/documentos\/2021-4_calendario_tcc.pdf\">Calend\u00e1rio do Trabalho de Conclus\u00e3o de Curso, Trabalho de Conclus\u00e3o de Curso I e Trabalho de Conclus\u00e3o de Curso II &#8211; Per\u00edodo Suplementar 2021.4<\/a><\/p>\n\n\n\n<p><a href=\"http:\/\/plone.ufpb.br\/cccc\/contents\/documentos\/2021-2_calendario_tcc.pdf\">Calend\u00e1rio do Trabalho de Conclus\u00e3o de Curso, Trabalho de Conclus\u00e3o de Curso I e Trabalho de Conclus\u00e3o de Curso II &#8211; Per\u00edodo Suplementar 2021.2<\/a><\/p>\n\n\n\n<p><a href=\"http:\/\/plone.ufpb.br\/cccc\/contents\/documentos\/2021-1_calendario_tcc.pdf\">Calend\u00e1rio do Trabalho de Conclus\u00e3o de Curso, Trabalho de Conclus\u00e3o de Curso I e Trabalho de Conclus\u00e3o de Curso II &#8211; Per\u00edodo Suplementar 2021.1<\/a><\/p>\n\n\n\n<p><a href=\"http:\/\/plone.ufpb.br\/cccc\/contents\/documentos\/2020-2_calendario_tcc.pdf\">Calend\u00e1rio do Trabalho de Conclus\u00e3o de Curso, Trabalho de Conclus\u00e3o de Curso I e Trabalho de Conclus\u00e3o de Curso II &#8211; Per\u00edodo Suplementar 2020.2<\/a><\/p>\n\n\n\n<p><a href=\"http:\/\/plone.ufpb.br\/cccc\/contents\/documentos\/2020-1_calendario_tcc.pdf\">Calend\u00e1rio do Trabalho de Conclus\u00e3o de Curso, Trabalho de Conclus\u00e3o de Curso I e Trabalho de Conclus\u00e3o de Curso II &#8211; Per\u00edodo Suplementar 2020.1<\/a><\/p>\n\n\n\n<p><a href=\"http:\/\/plone.ufpb.br\/cccc\/contents\/documentos\/2019-4_cronograma_tcc.pdf\">Calend\u00e1rio do Trabalho de Conclus\u00e3o de Curso, Trabalho de Conclus\u00e3o de Curso I e Trabalho de Conclus\u00e3o de Curso II &#8211; Per\u00edodo Suplementar 2019.4<\/a><\/p>\n\n\n\n<p><a href=\"http:\/\/plone.ufpb.br\/cccc\/contents\/documentos\/2019-2-cronograma-alunos-tcc-monografia-2019-2.pdf\">Calend\u00e1rio do Trabalho de Conclus\u00e3o de Curso &#8211; Estrutura Curricular de 2006 &#8211; Per\u00edodo letivo 2019.2<\/a><\/p>\n\n\n\n<p><a href=\"http:\/\/plone.ufpb.br\/cccc\/contents\/documentos\/2019-2-cronograma-alunos-tcc-1-e-2-2019-2.pdf\">Calend\u00e1rio do Trabalho de Conclus\u00e3o de Curso I e Trabalho de Conclus\u00e3o de Curso II &#8211; Estrutura Curricular de 2016 &#8211; Per\u00edodo letivo 2019.2<\/a><\/p>\n\n\n\n<p><strong>DOCENTES COM DISPONIBILIDADE DE ORIENTA\u00c7\u00c3O<\/strong><\/p>\n\n\n\n<p><a href=\"http:\/\/plone.ufpb.br\/cccc\/contents\/lista-de-orientadores-tcc-contabeis-2025-1.pdf\">Lista de docentes orientadores &#8211; Per\u00edodo Letivo 2025.<\/a>1<\/p>\n\n\n\n<p><a href=\"http:\/\/plone.ufpb.br\/cccc\/contents\/documentos\/lista-de-orientadores-2024-2-tcc.pdf\">Lista de docentes orientadores &#8211; Per\u00edodo Letivo 2024.2<\/a><\/p>\n\n\n\n<p><a href=\"http:\/\/plone.ufpb.br\/cccc\/contents\/documentos\/lista-de-orientadores-tcc-contabeis-2024-1.pdf\">Lista de docentes orientadores &#8211; Per\u00edodo Letivo 2024.1<\/a><\/p>\n\n\n\n<p><a href=\"http:\/\/plone.ufpb.br\/cccc\/contents\/documentos\/lista_de_orientadores_tcc_contabeis_2023-2.pdf\">Lista de docentes orientadores &#8211; Per\u00edodo Letivo 2023.2<\/a><\/p>\n\n\n\n<p><a href=\"http:\/\/plone.ufpb.br\/cccc\/contents\/documentos\/lista-de-docentes-orientadores-periodo-letivo-2023-1.pdf\">Lista de docentes orientadores &#8211; Per\u00edodo Letivo 2023.1<\/a><\/p>\n\n\n\n<p><a href=\"http:\/\/plone.ufpb.br\/cccc\/contents\/documentos\/lista-de-docentes-orientadores-periodo-letivo-2022-1.pdf\">Lista de docentes orientadores &#8211; Per\u00edodo Letivo 2022.1<\/a><\/p>\n\n\n\n<p><a href=\"http:\/\/plone.ufpb.br\/cccc\/contents\/documentos\/2021-2_lista_orientadores_tcc.pdf\">Lista de docentes orientadores &#8211; Per\u00edodo Letivo 2021.2<\/a><\/p>\n\n\n\n<p><a href=\"http:\/\/plone.ufpb.br\/cccc\/contents\/documentos\/2019-4_lista_orientadores_tcc-1.pdf\">Lista de docentes orientadores &#8211; Per\u00edodo Suplementar 2021.1<\/a><\/p>\n\n\n\n<p><a href=\"http:\/\/plone.ufpb.br\/cccc\/contents\/documentos\/2020-2_lista_orientadores_tcc.pdf\">Lista de docentes orientadores &#8211; Per\u00edodo Suplementar 2020.2<\/a><\/p>\n\n\n\n<p><a href=\"http:\/\/plone.ufpb.br\/cccc\/contents\/documentos\/2020-1_lista_orientadores_tcc.pdf\">Lista de docentes orientadores &#8211; Per\u00edodo Suplementar 2020.1<\/a><\/p>\n\n\n\n<p><a href=\"http:\/\/plone.ufpb.br\/cccc\/contents\/documentos\/2019-4_lista_orientadores_tcc.pdf\">Lista de docentes orientadores &#8211; Per\u00edodo Suplementar 2019.4<\/a><\/p>\n\n\n\n<p><a href=\"http:\/\/plone.ufpb.br\/cccc\/contents\/documentos\/2019-2-lista-de-orientadores-tcc-contabeis.pdf\">Lista de docentes orientadores &#8211; Per\u00edodo Letivo 2019.2<\/a><\/p>\n\n\n\n<p><strong>DEFESAS DE TRABALHO DE CONCLUS\u00c3O DE CURSO (TCC)<\/strong><\/p>\n\n\n\n<p>Defesas de TCC II do per\u00edodo letivo 2024.2 &#8211; lista complementar<\/p>\n\n\n\n<p><a href=\"http:\/\/plone.ufpb.br\/cccc\/contents\/menu\/resolveuid\/791bb1a60ef1447eb492eccb4257dbd8\">Defesas de TCC II do per\u00edodo letivo 2024.2<\/a><\/p>\n\n\n\n<p><a href=\"http:\/\/plone.ufpb.br\/cccc\/contents\/documentos\/lista-de-defesa-tcc-i-2024-1.pdf\">Defesas de TCC 1 do per\u00edodo letivo 2024.1<\/a><\/p>\n\n\n\n<p><a href=\"http:\/\/plone.ufpb.br\/cccc\/contents\/documentos\/lista-de-defesa-tcc-2024-1-tccii-monografia.pdf\">Defesas de TCC do per\u00edodo letivo 2024.1<\/a><\/p>\n\n\n\n<p><a href=\"http:\/\/plone.ufpb.br\/cccc\/contents\/documentos\/lsita-de-defesa-tcci-2023-2.pdf\">Defesas de TCC 1 do per\u00edodo letivo 2023.2<\/a><\/p>\n\n\n\n<p><a href=\"http:\/\/plone.ufpb.br\/cccc\/contents\/documentos\/lista-defesa-monografia-e-tcc-2-2023-2-final.pdf\">Defesas de TCC do per\u00edodo letivo 2023.2<\/a><\/p>\n\n\n\n<p><a href=\"http:\/\/plone.ufpb.br\/cccc\/contents\/documentos\/lista-de-defesa-tcc1-2023-1.pdf\">Defesas de TCC 1 do per\u00edodo letivo 2023.1&nbsp;<\/a><\/p>\n\n\n\n<p><a href=\"http:\/\/plone.ufpb.br\/cccc\/contents\/documentos\/defesas-de-tcc-e-de-monografia-2023-1.pdf\">Defesas de TCC do per\u00edodo letivo 2023.1<\/a><\/p>\n\n\n\n<p><a href=\"http:\/\/plone.ufpb.br\/cccc\/contents\/documentos\/defesas-de-tcc-do-periodo-letivo-2022-2-v2.pdf\">Defesas de TCC do per\u00edodo letivo 2022.2<\/a><\/p>\n\n\n\n<p><a href=\"http:\/\/plone.ufpb.br\/cccc\/contents\/documentos\/defesas-de-tcc-do-periodo-letivo-2022-1.pdf\">Defesas de TCC do per\u00edodo letivo 2022.1<\/a><\/p>\n\n\n\n<p><a href=\"http:\/\/plone.ufpb.br\/cccc\/contents\/documentos\/2021-2_defesas_tcc.pdf\">Defesas de TCC do per\u00edodo letivo 2021.2<\/a><\/p>\n\n\n\n<p><a href=\"http:\/\/plone.ufpb.br\/cccc\/contents\/documentos\/2021-1_defesas_tcc.pdf\">Defesas de TCC do per\u00edodo suplementar 2021.1<\/a><\/p>\n\n\n\n<p><a href=\"http:\/\/plone.ufpb.br\/cccc\/contents\/documentos\/2020-2_defesas_tcc.pdf\">Defesas de TCC do per\u00edodo suplementar 2020.2<\/a><\/p>\n\n\n\n<p><a href=\"http:\/\/plone.ufpb.br\/cccc\/contents\/documentos\/2020-1_defesas_tcc.pdf\">Defesas de TCC do per\u00edodo suplementar 2020.1<\/a><\/p>\n\n\n\n<p><a href=\"http:\/\/plone.ufpb.br\/cccc\/contents\/documentos\/2019-4_defesas_tcc.xlsx\">Defesas de TCC do per\u00edodo suplementar 2019.4<\/a><\/p>\n\n\n\n<p><a href=\"http:\/\/plone.ufpb.br\/cccc\/contents\/documentos\/2010-2_defesas_tcc_monografia.pdf\">Defesas de TCC do per\u00edodo letivo 2019.2 &#8211; Estrutura Curricular de 2006<\/a><\/p>\n\n\n\n<p><a href=\"http:\/\/plone.ufpb.br\/cccc\/contents\/documentos\/2019-2_defesas_tcc_ii.pdf\">Defesas de TCC-II do per\u00edodo letivo 2019.2 &#8211; Estrutura Curricular de 2016<\/a>&nbsp;<\/p>\n\n\n\n<p><a href=\"http:\/\/plone.ufpb.br\/cccc\/contents\/documentos\/2019-1_defesa_tcc_contabeis.pdf\">Defesas de TCC do per\u00edodo letivo 2019.1<\/a><\/p>\n\n\n\n<p><a href=\"http:\/\/plone.ufpb.br\/cccc\/contents\/documentos\/2018-2-defesas-de-tcc.pdf\">Defesas de TCC do per\u00edodo letivo 2018.2<\/a><\/p>\n\n\n\n<p><a href=\"http:\/\/plone.ufpb.br\/cccc\/contents\/documentos\/2018-1-defesas-de-tcc.pdf\">Defesas de TCC do per\u00edodo letivo 2018.1<\/a><\/p>\n\n\n\n<p><a href=\"http:\/\/plone.ufpb.br\/cccc\/contents\/documentos\/2017-2-defesas-de-tcc.pdf\">Defesas de TCC do per\u00edodo letivo 2017.2<\/a><\/p>\n\n\n\n<p><strong>COMISS\u00c3O DO&nbsp;TRABALHO DE CONCLUS\u00c3O DE CURSO (TCC)<\/strong><\/p>\n\n\n\n<p>Base Legal:&nbsp;<a href=\"http:\/\/www.ccsa.ufpb.br\/cccc\/contents\/documentos\/resolucao_cccc_n_02-2022_trabalho_conclusao_curso.pdf\" target=\"_blank\" rel=\"noreferrer noopener\">Resolu\u00e7\u00e3o CCCC n.\u00ba 02\/2022<\/a><a href=\"http:\/\/www.ccsa.ufpb.br\/cccc\/contents\/documentos\/resolucao_cccc_n-_01-2022_atividades_complementares.pdf\" target=\"_blank\" rel=\"noreferrer noopener\">&nbsp;<\/a><\/p>\n\n\n\n<p>Regulamenta\u00e7\u00e3o:&nbsp;<a href=\"http:\/\/plone.ufpb.br\/cccc\/contents\/documentos\/portaria_dfc_05-2022_comissao_tcc.pdf\">Portaria DFC n.\u00ba 005\/2022<\/a><\/p>\n\n\n\n<p>Membros:<\/p>\n\n\n\n<p><a href=\"https:\/\/sigaa.ufpb.br\/sigaa\/public\/docente\/portal.jsf?siape=3155358\" target=\"_blank\" rel=\"noreferrer noopener\">Prof.\u00aa Dr.\u00aa Viviane da Costa Freitag<\/a>&nbsp;(Presidente)<\/p>\n\n\n\n<p><a href=\"https:\/\/sigaa.ufpb.br\/sigaa\/public\/docente\/portal.jsf?siape=1610122\" target=\"_blank\" rel=\"noreferrer noopener\">Prof. Dr. Mois\u00e9s Ara\u00fajo Almeida<\/a><\/p>\n\n\n\n<p><a href=\"http:\/\/lattes.cnpq.br\/3184656606684193\" target=\"_blank\" rel=\"noreferrer noopener\">Prof. Dr. Rommel de Santana Freire<\/a><\/p>\n\n\n\n<p><a href=\"https:\/\/sigaa.ufpb.br\/sigaa\/public\/docente\/portal.jsf?siape=2246080\" target=\"_blank\" rel=\"noreferrer noopener\">Prof.\u00aa Dr.\u00aa Valdineide dos Santos Ara\u00fajo<\/a><\/p>\n\n\n\n<p><a href=\"https:\/\/sigaa.ufpb.br\/sigaa\/public\/docente\/portal.jsf?siape=1670318\" target=\"_blank\" rel=\"noreferrer noopener\">Prof. Dr. Tiago Henrique de Souza Echternacht<\/a>&nbsp;<\/p>\n\n\n\n<p><a href=\"https:\/\/sigaa.ufpb.br\/sigaa\/public\/docente\/portal.jsf?siape=1775506\" target=\"_blank\" rel=\"noreferrer noopener\">Prof. Dr. Orleans Silva Martins<\/a>&nbsp;(Suplente)<\/p>\n\n\n\n<p><a href=\"http:\/\/%20http\/\/lattes.cnpq.br\/4026224716762007\" target=\"_blank\" rel=\"noreferrer noopener\">Prof.\u00aa Dr\u00aa. Vera L\u00facia Cruz&nbsp;<\/a>(Suplente)<\/p>\n\n\n\n<p><strong>CONTATOS DA COORDENA\u00c7\u00c3O DO&nbsp;TRABALHO DE CONCLUS\u00c3O DE CURSO (TCC)<\/strong><\/p>\n\n\n\n<p>Trabalho de Conclus\u00e3o de Curso (disciplina):&nbsp;tcccontabeisufpb@gmail.com<\/p>\n\n\n\n<p>Trabalho de Conclus\u00e3o de Curso I:&nbsp;tccum.contabeisufpb@gmail.com<\/p>\n\n\n\n<p>Trabalho de Conclus\u00e3o de Curso II:&nbsp;tcc2contabeisufpb@gmail.com<\/p>\n","protected":false},"excerpt":{"rendered":"<p>Modelo do Trabalho de Conclus\u00e3o de Curso I (Template do TCC-I) Modelo do Trabalho de [&hellip;]<\/p>\n","protected":false},"author":47,"featured_media":0,"parent":0,"menu_order":0,"comment_status":"closed","ping_status":"closed","template":"","meta":{"footnotes":""},"class_list":["post-80","page","type-page","status-publish","hentry"],"_links":{"self":[{"href":"https:\/\/www.ccsa.ufpb.br\/cccc\/wp-json\/wp\/v2\/pages\/80","targetHints":{"allow":["GET"]}}],"collection":[{"href":"https:\/\/www.ccsa.ufpb.br\/cccc\/wp-json\/wp\/v2\/pages"}],"about":[{"href":"https:\/\/www.ccsa.ufpb.br\/cccc\/wp-json\/wp\/v2\/types\/page"}],"author":[{"embeddable":true,"href":"https:\/\/www.ccsa.ufpb.br\/cccc\/wp-json\/wp\/v2\/users\/47"}],"replies":[{"embeddable":true,"href":"https:\/\/www.ccsa.ufpb.br\/cccc\/wp-json\/wp\/v2\/comments?post=80"}],"version-history":[{"count":1,"href":"https:\/\/www.ccsa.ufpb.br\/cccc\/wp-json\/wp\/v2\/pages\/80\/revisions"}],"predecessor-version":[{"id":81,"href":"https:\/\/www.ccsa.ufpb.br\/cccc\/wp-json\/wp\/v2\/pages\/80\/revisions\/81"}],"wp:attachment":[{"href":"https:\/\/www.ccsa.ufpb.br\/cccc\/wp-json\/wp\/v2\/media?parent=80"}],"curies":[{"name":"wp","href":"https:\/\/api.w.org\/{rel}","templated":true}]}}