{"id":87,"date":"2025-08-29T09:51:01","date_gmt":"2025-08-29T12:51:01","guid":{"rendered":"https:\/\/www.ccsa.ufpb.br\/cccc\/?page_id=87"},"modified":"2025-08-29T09:59:27","modified_gmt":"2025-08-29T12:59:27","slug":"centro-academico-de-ciencias-contabeis","status":"publish","type":"page","link":"https:\/\/www.ccsa.ufpb.br\/cccc\/centro-academico-de-ciencias-contabeis\/","title":{"rendered":"Centro Acad\u00eamico de Ci\u00eancias Cont\u00e1beis"},"content":{"rendered":"\n<p>Instagram: @cacicufpb<\/p>\n\n\n\n<p><em>E-mail<\/em>: cacicufpb1@gmail.com<\/p>\n","protected":false},"excerpt":{"rendered":"<p>Instagram: @cacicufpb E-mail: cacicufpb1@gmail.com<\/p>\n","protected":false},"author":47,"featured_media":0,"parent":0,"menu_order":0,"comment_status":"closed","ping_status":"closed","template":"","meta":{"footnotes":""},"class_list":["post-87","page","type-page","status-publish","hentry"],"_links":{"self":[{"href":"https:\/\/www.ccsa.ufpb.br\/cccc\/wp-json\/wp\/v2\/pages\/87","targetHints":{"allow":["GET"]}}],"collection":[{"href":"https:\/\/www.ccsa.ufpb.br\/cccc\/wp-json\/wp\/v2\/pages"}],"about":[{"href":"https:\/\/www.ccsa.ufpb.br\/cccc\/wp-json\/wp\/v2\/types\/page"}],"author":[{"embeddable":true,"href":"https:\/\/www.ccsa.ufpb.br\/cccc\/wp-json\/wp\/v2\/users\/47"}],"replies":[{"embeddable":true,"href":"https:\/\/www.ccsa.ufpb.br\/cccc\/wp-json\/wp\/v2\/comments?post=87"}],"version-history":[{"count":1,"href":"https:\/\/www.ccsa.ufpb.br\/cccc\/wp-json\/wp\/v2\/pages\/87\/revisions"}],"predecessor-version":[{"id":97,"href":"https:\/\/www.ccsa.ufpb.br\/cccc\/wp-json\/wp\/v2\/pages\/87\/revisions\/97"}],"wp:attachment":[{"href":"https:\/\/www.ccsa.ufpb.br\/cccc\/wp-json\/wp\/v2\/media?parent=87"}],"curies":[{"name":"wp","href":"https:\/\/api.w.org\/{rel}","templated":true}]}}