{"id":10,"date":"2025-11-26T16:28:32","date_gmt":"2025-11-26T19:28:32","guid":{"rendered":"https:\/\/www.ccsa.ufpb.br\/cce\/?page_id=10"},"modified":"2026-02-12T11:15:32","modified_gmt":"2026-02-12T14:15:32","slug":"apresentacao","status":"publish","type":"page","link":"https:\/\/www.ccsa.ufpb.br\/cce\/apresentacao\/","title":{"rendered":"Apresenta\u00e7\u00e3o"},"content":{"rendered":"\n<p>O Curso de Ci\u00eancias Econ\u00f4micas do Campus I, localiza-se na cidade de Jo\u00e3o Pessoa. O tempo esperado para sua conclus\u00e3o \u00e9 de 4 anos e a integraliza\u00e7\u00e3o da carga hor\u00e1ria de 3000 horas\/aulas, compreendendo 200 cr\u00e9ditos. Adota o sistema de per\u00edodos e matr\u00edculas semestrais, com dura\u00e7\u00e3o m\u00ednima de 08 (manh\u00e3) ou 10 semestres (noites) e m\u00e1xima de 12 (manh\u00e3) ou 15 semestres (noite). No momento atual, s\u00e3o oferecidas no total 80 vagas ao ano com entrada na primeira e segunda chamada no SiSU para&nbsp;<strong>o per\u00edodo diurno<\/strong>. Para mais informa\u00e7\u00f5es, acesse a nossa&nbsp;&nbsp;<a href=\"http:\/\/plone.ufpb.br\/cce\/contents\/menu\/matriz-curricular\">matriz curricular.<\/a><\/p>\n\n\n\n<p><\/p>\n\n\n\n<h1 class=\"wp-block-heading\">Contato Coordena\u00e7\u00e3o de Ci\u00eancias Econ\u00f4micas<\/h1>\n\n\n\n<p><strong>E-mail:<\/strong>&nbsp;cge@ccsa.ufpb.br<\/p>\n\n\n\n<p><strong>Telefone:<\/strong>&nbsp;(83) 3216-7287<\/p>\n\n\n\n<p><strong>Hor\u00e1rio de funcionamento:<\/strong>&nbsp;07h \u00e0s 21h.<\/p>\n\n\n\n<p><strong>Servidores:<\/strong><\/p>\n\n\n\n<p>Ant\u00f4nio Pinheiro<\/p>\n\n\n\n<p>Artur Neves<\/p>\n\n\n\n<p>\u00c0lvaro Neto<\/p>\n\n\n\n<p>Juliete Ferreira<\/p>\n\n\n\n<p><strong>Coordenadora: <\/strong><\/p>\n\n\n\n<p>Dra. Gabriela Bezerra de Medeiros<\/p>\n\n\n\n<p><strong>Vice Coordenador: <\/strong><\/p>\n\n\n\n<p>Dr. H\u00e9lio Ramos<\/p>\n","protected":false},"excerpt":{"rendered":"<p>O Curso de Ci\u00eancias Econ\u00f4micas do Campus I, localiza-se na cidade de Jo\u00e3o Pessoa. O [&hellip;]<\/p>\n","protected":false},"author":47,"featured_media":0,"parent":0,"menu_order":0,"comment_status":"closed","ping_status":"closed","template":"","meta":{"footnotes":""},"class_list":["post-10","page","type-page","status-publish","hentry"],"_links":{"self":[{"href":"https:\/\/www.ccsa.ufpb.br\/cce\/wp-json\/wp\/v2\/pages\/10","targetHints":{"allow":["GET"]}}],"collection":[{"href":"https:\/\/www.ccsa.ufpb.br\/cce\/wp-json\/wp\/v2\/pages"}],"about":[{"href":"https:\/\/www.ccsa.ufpb.br\/cce\/wp-json\/wp\/v2\/types\/page"}],"author":[{"embeddable":true,"href":"https:\/\/www.ccsa.ufpb.br\/cce\/wp-json\/wp\/v2\/users\/47"}],"replies":[{"embeddable":true,"href":"https:\/\/www.ccsa.ufpb.br\/cce\/wp-json\/wp\/v2\/comments?post=10"}],"version-history":[{"count":2,"href":"https:\/\/www.ccsa.ufpb.br\/cce\/wp-json\/wp\/v2\/pages\/10\/revisions"}],"predecessor-version":[{"id":215,"href":"https:\/\/www.ccsa.ufpb.br\/cce\/wp-json\/wp\/v2\/pages\/10\/revisions\/215"}],"wp:attachment":[{"href":"https:\/\/www.ccsa.ufpb.br\/cce\/wp-json\/wp\/v2\/media?parent=10"}],"curies":[{"name":"wp","href":"https:\/\/api.w.org\/{rel}","templated":true}]}}