{"id":213,"date":"2026-02-12T11:13:31","date_gmt":"2026-02-12T14:13:31","guid":{"rendered":"https:\/\/www.ccsa.ufpb.br\/cce\/?page_id=213"},"modified":"2026-02-12T11:13:32","modified_gmt":"2026-02-12T14:13:32","slug":"contato-coordenacao-de-ciencias-economicas","status":"publish","type":"page","link":"https:\/\/www.ccsa.ufpb.br\/cce\/contato-coordenacao-de-ciencias-economicas\/","title":{"rendered":"Contato Coordena\u00e7\u00e3o de Ci\u00eancias Econ\u00f4micas"},"content":{"rendered":"\n<p><strong>E-mail:<\/strong> cge@ccsa.ufpb.br<\/p>\n\n\n\n<p><strong>Telefone:<\/strong> (83) 3216-7287<\/p>\n\n\n\n<p><strong>Hor\u00e1rio de funcionamento:<\/strong> 07h \u00e0s 21h.<\/p>\n\n\n\n<p><strong>Servidores: <\/strong><\/p>\n\n\n\n<p>Ant\u00f4nio Pinheiro<\/p>\n\n\n\n<p>Artur Neves<\/p>\n\n\n\n<p>\u00c0lvaro Neto<\/p>\n\n\n\n<p>Juliete Ferreira<\/p>\n","protected":false},"excerpt":{"rendered":"<p>E-mail: cge@ccsa.ufpb.br Telefone: (83) 3216-7287 Hor\u00e1rio de funcionamento: 07h \u00e0s 21h. Servidores: Ant\u00f4nio Pinheiro Artur [&hellip;]<\/p>\n","protected":false},"author":484,"featured_media":0,"parent":0,"menu_order":0,"comment_status":"closed","ping_status":"closed","template":"","meta":{"footnotes":""},"class_list":["post-213","page","type-page","status-publish","hentry"],"_links":{"self":[{"href":"https:\/\/www.ccsa.ufpb.br\/cce\/wp-json\/wp\/v2\/pages\/213","targetHints":{"allow":["GET"]}}],"collection":[{"href":"https:\/\/www.ccsa.ufpb.br\/cce\/wp-json\/wp\/v2\/pages"}],"about":[{"href":"https:\/\/www.ccsa.ufpb.br\/cce\/wp-json\/wp\/v2\/types\/page"}],"author":[{"embeddable":true,"href":"https:\/\/www.ccsa.ufpb.br\/cce\/wp-json\/wp\/v2\/users\/484"}],"replies":[{"embeddable":true,"href":"https:\/\/www.ccsa.ufpb.br\/cce\/wp-json\/wp\/v2\/comments?post=213"}],"version-history":[{"count":1,"href":"https:\/\/www.ccsa.ufpb.br\/cce\/wp-json\/wp\/v2\/pages\/213\/revisions"}],"predecessor-version":[{"id":214,"href":"https:\/\/www.ccsa.ufpb.br\/cce\/wp-json\/wp\/v2\/pages\/213\/revisions\/214"}],"wp:attachment":[{"href":"https:\/\/www.ccsa.ufpb.br\/cce\/wp-json\/wp\/v2\/media?parent=213"}],"curies":[{"name":"wp","href":"https:\/\/api.w.org\/{rel}","templated":true}]}}