{"id":27,"date":"2025-12-15T20:30:44","date_gmt":"2025-12-15T23:30:44","guid":{"rendered":"https:\/\/www.ccsa.ufpb.br\/cce\/?page_id=27"},"modified":"2025-12-15T20:30:45","modified_gmt":"2025-12-15T23:30:45","slug":"enade","status":"publish","type":"page","link":"https:\/\/www.ccsa.ufpb.br\/cce\/enade\/","title":{"rendered":"ENADE"},"content":{"rendered":"\n<p><strong>ENADE<\/strong><\/p>\n\n\n\n<p>O Exame Nacional de Desempenho dos Estudantes (Enade) tem como objetivo geral avaliar o desempenho dos estudantes em rela\u00e7\u00e3o aos conte\u00fados program\u00e1ticos previstos nas diretrizes curriculares do respectivo curso de gradua\u00e7\u00e3o, suas habilidades para ajustamento \u00e0s exig\u00eancias decorrentes da evolu\u00e7\u00e3o do conhecimento e suas compet\u00eancias para compreender temas exteriores ao \u00e2mbito espec\u00edfico de sua profiss\u00e3o, ligados \u00e0 realidade brasileira e mundial e a outras \u00e1reas do conhecimento. O Enade \u00e9 componente curricular obrigat\u00f3rio, conforme determina o \u00a7 5\u00ba do artigo 5\u00ba da Lei n\u00b0 10.861, de 14 de abril de 2004, sendo a regularidade do estudante perante o Exame condi\u00e7\u00e3o necess\u00e1ria para a conclus\u00e3o do curso de gradua\u00e7\u00e3o.<\/p>\n\n\n\n<p><strong>Hist\u00f3rico do Curso de Ci\u00eancias Econ\u00f4micas<\/strong>&nbsp; &nbsp;&nbsp;<\/p>\n\n\n\n<figure class=\"wp-block-table\"><table class=\"has-fixed-layout\"><tbody><tr><td class=\"has-text-align-center\" data-align=\"center\"><strong>&nbsp; &nbsp; &nbsp; &nbsp; ANO&nbsp; &nbsp; &nbsp;&nbsp;<\/strong><\/td><td><strong>&nbsp; &nbsp;NOTA ENADE<\/strong><\/td><\/tr><tr><td>&nbsp; &nbsp; &nbsp; &nbsp; 2022<\/td><td>&nbsp; &nbsp; &nbsp; &nbsp; &nbsp; &nbsp; &nbsp;3<\/td><\/tr><tr><td>&nbsp; &nbsp; &nbsp; &nbsp; 2018<\/td><td>&nbsp; &nbsp; &nbsp; &nbsp; &nbsp; &nbsp; &nbsp;3<\/td><\/tr><tr><td>&nbsp; &nbsp; &nbsp; &nbsp; 2015<\/td><td>&nbsp; &nbsp; &nbsp; &nbsp; &nbsp; &nbsp; &nbsp;3<\/td><\/tr><tr><td>&nbsp; &nbsp; &nbsp; &nbsp; 2012<\/td><td>&nbsp; &nbsp; &nbsp; &nbsp; &nbsp; &nbsp; &nbsp;4<\/td><\/tr><tr><td>&nbsp; &nbsp; &nbsp; &nbsp; 2009<\/td><td>&nbsp; &nbsp; &nbsp; &nbsp; &nbsp; &nbsp; &nbsp;4<\/td><\/tr><\/tbody><\/table><\/figure>\n","protected":false},"excerpt":{"rendered":"<p>ENADE O Exame Nacional de Desempenho dos Estudantes (Enade) tem como objetivo geral avaliar o [&hellip;]<\/p>\n","protected":false},"author":47,"featured_media":0,"parent":0,"menu_order":0,"comment_status":"closed","ping_status":"closed","template":"","meta":{"footnotes":""},"class_list":["post-27","page","type-page","status-publish","hentry"],"_links":{"self":[{"href":"https:\/\/www.ccsa.ufpb.br\/cce\/wp-json\/wp\/v2\/pages\/27","targetHints":{"allow":["GET"]}}],"collection":[{"href":"https:\/\/www.ccsa.ufpb.br\/cce\/wp-json\/wp\/v2\/pages"}],"about":[{"href":"https:\/\/www.ccsa.ufpb.br\/cce\/wp-json\/wp\/v2\/types\/page"}],"author":[{"embeddable":true,"href":"https:\/\/www.ccsa.ufpb.br\/cce\/wp-json\/wp\/v2\/users\/47"}],"replies":[{"embeddable":true,"href":"https:\/\/www.ccsa.ufpb.br\/cce\/wp-json\/wp\/v2\/comments?post=27"}],"version-history":[{"count":1,"href":"https:\/\/www.ccsa.ufpb.br\/cce\/wp-json\/wp\/v2\/pages\/27\/revisions"}],"predecessor-version":[{"id":28,"href":"https:\/\/www.ccsa.ufpb.br\/cce\/wp-json\/wp\/v2\/pages\/27\/revisions\/28"}],"wp:attachment":[{"href":"https:\/\/www.ccsa.ufpb.br\/cce\/wp-json\/wp\/v2\/media?parent=27"}],"curies":[{"name":"wp","href":"https:\/\/api.w.org\/{rel}","templated":true}]}}