{"id":31,"date":"2025-12-15T20:32:25","date_gmt":"2025-12-15T23:32:25","guid":{"rendered":"https:\/\/www.ccsa.ufpb.br\/cce\/?page_id=31"},"modified":"2026-04-14T11:08:27","modified_gmt":"2026-04-14T14:08:27","slug":"estagio","status":"publish","type":"page","link":"https:\/\/www.ccsa.ufpb.br\/cce\/estagio\/","title":{"rendered":"Est\u00e1gio"},"content":{"rendered":"\n<p><strong>ORIENTA\u00c7\u00d5ES&nbsp;<\/strong><\/p>\n\n\n\n<p class=\" \">A atividade de est\u00e1gio \u00e9 de car\u00e1ter obrigat\u00f3rio para a integralidade da carga hor\u00e1ria do aluno do curso de Ci\u00eancias Econ\u00f4micas. O est\u00e1gio como atividade acad\u00eamica na UFPB \u00e9 regulamentado pela <a href=\"http:\/\/plone.ufpb.br\/cce\/contents\/documentos\/resolucoes\/resp29-20-resolucao-de-graduacao.pdf\">Resolu\u00e7\u00e3o 29 de 2020 do CONSEPE<\/a>, em especial do art 190 a 201, e pela&nbsp;<a href=\"http:\/\/plone.ufpb.br\/cce\/contents\/documentos\/resolucoes\/02_estagio_supervisionado_do_curso.pdf\">Resolu\u00e7\u00e3o 04\/09-GE<\/a>&nbsp;interna do Curso.&nbsp; Externamente, existe a <a href=\"http:\/\/plone.ufpb.br\/cce\/contents\/documentos\/resolucoes\/lei-federal-do-estagio-1.pdf\">Lei Federal 11788, de 25.09.08<\/a> que disp\u00f5e sobre est\u00e1gios de estudante.&nbsp;<\/p>\n\n\n\n<p class=\" \">No curso de Economia a atividade de est\u00e1gio \u00e9 realizada pelo cumprimento da disciplina de est\u00e1gio obrigat\u00f3rio. H\u00e1 tr\u00eas tipos de procedimentos poss\u00edveis para que o aluno seja \u201caprovado\/dispensado\u201d da disciplina:<\/p>\n\n\n\n<p><strong><a href=\"http:\/\/plone.ufpb.br\/cce\/contents\/paginas\/coordenacao\/estagio-supervisionado-obrigatorio\">EST\u00c1GIO OBRIGAT\u00d3RIO<\/a><\/strong><\/p>\n\n\n\n<p class=\" \"><strong>Est\u00e1gio Obrigat\u00f3rio<\/strong>: \u00e9 o equivalente a disciplina \u201cEst\u00e1gio Supervisionado\u201d \u2013 constitui \u201ccomponente curricular obrigat\u00f3rio\u201d p\/forma\u00e7\u00e3o do estudante do curso de economia \u2013&nbsp;exig\u00eancias:<\/p>\n\n\n\n<ul class=\"wp-block-list\">\n<li>Atender as exig\u00eancias da Resolu\u00e7\u00e3o 29 de 2020&nbsp; (art 193)<\/li>\n\n\n\n<li>Matricular na disciplina \u201cEst\u00e1gio Supervisionado\u201d;<\/li>\n\n\n\n<li><strong>Realizar o cadastro no SIGAA.<\/strong>&nbsp;Veja este&nbsp;<a href=\"http:\/\/plone.ufpb.br\/cce\/contents\/documentos\/faq\/passo-a-passo_discente-estafgio_04-09-17.pdf\">tutorial<\/a>.&nbsp;Quando o status no Sigaa passar para a situa\u00e7\u00e3o &#8220;aguardando assinatura&#8221; o aluno deve coletar as assinaturas do TCE , inclusive da Coordena\u00e7\u00e3o de Est\u00e1gio, e, neste per\u00edodo pand\u00eamico, deve enviar um e-mail para o Coordenador do Curso, Tiago Sobel , solicitando esta assinatura no TCE&nbsp;&nbsp;(mandar este termo em anexo j\u00e1 com a sua assinatura e a do respons\u00e1vel na empresa). Coletado as assinaturas no TCE volta ao Sigaa e faz o upload do termo. E-mail:(tiagosobel@yahoo.com.br)&nbsp;<\/li>\n<\/ul>\n\n\n\n<p id=\"viewlet-above-content-body\"><strong><a href=\"http:\/\/plone.ufpb.br\/cce\/contents\/paginas\/coordenacao\/estagio-nao-obrigatorio\">EST\u00c1GIO N\u00c3O-OBRIGAT\u00d3RIO<\/a><\/strong><\/p>\n\n\n\n<p><strong>Est\u00e1gio N\u00e3o-Obrigat\u00f3rio:<\/strong>&nbsp;o aluno cumpre uma atividade de est\u00e1gio dentro de uma empresa&nbsp;<strong><a href=\"http:\/\/plone.ufpb.br\/cce\/contents\/paginas\/coordenacao\/convenio\">conveniada<\/a><\/strong>&nbsp;com a UFPB. Exige-se:<\/p>\n\n\n\n<ul class=\"wp-block-list\">\n<li>Observar o que est\u00e1 disposto no art 195&nbsp;\u00a72\u00ba da Resolu\u00e7\u00e3o 29 de 2020<\/li>\n\n\n\n<li><strong>Realizar o cadastro no SIGAA<\/strong>. Veja o&nbsp;<a href=\"http:\/\/plone.ufpb.br\/cce\/contents\/documentos\/faq\/passo-a-passo_discente-estafgio_04-09-17.pdf\">tutorial<\/a>.&nbsp;Quando o status no Sigaa passar para a situa\u00e7\u00e3o &#8220;aguardando assinatura&#8221; o aluno deve coletar as assinaturas do TCE , inclusive da Coordena\u00e7\u00e3o de Est\u00e1gio, e, neste per\u00edodo pand\u00eamico, deve enviar um e-mail para o Coordenador do Curso, Tiago Sobel , solicitando esta assinatura no TCE&nbsp;&nbsp;(mandar este termo em anexo j\u00e1 com a sua assinatura e a do respons\u00e1vel na empresa). Coletado as assinaturas no TCE volta ao Sigaa e faz o upload do termo. E-mail: tiagosobel@yahoo.com.br<\/li>\n<\/ul>\n\n\n\n<p><strong>&nbsp;PEDIDO DE APROVEITAMENTO&nbsp;<\/strong><\/p>\n\n\n\n<p>Para aproveitar o &#8220;est\u00e1gio n\u00e3o obrigat\u00f3rio&#8221; como a disciplina &#8220;est\u00e1gio&nbsp;supervisionado&#8221; , \u00e9 necess\u00e1rio ter pelo menos 120h de est\u00e1gio (o restante da carga hor\u00e1ria realizada no est\u00e1gio tamb\u00e9m pode ser utilizada para pedido de dispensa da disciplina T\u00f3picos Especiais). Tendo isso, para realizar o&nbsp;aproveitamento, voc\u00ea dever\u00e1 dar entrada em um pedido de &#8220;aproveitamento de disciplina&#8221; junto \u00e0 Coordena\u00e7\u00e3o do Curso de Economia ( via e-mail ) \u2013 anexando ao processo:<\/p>\n\n\n\n<p>(i)&nbsp;<a href=\"http:\/\/plone.ufpb.br\/cce\/contents\/documentos\/formularios\/Aproveitamentosite.doc\">Formul\u00e1rio de pedido de aproveitamento da disciplina<\/a><\/p>\n\n\n\n<p>(ii) Termo de Compromisso de Est\u00e1gio- o mesmo que foi digitalizado e anexado no SIGAA \u2013<br>assinado\/carimbado pelas partes envolvidas;<\/p>\n\n\n\n<p>(iii) Carta do Supervisor do Est\u00e1gio (assinado\/carimbado) &#8211; no qual o supervisor (a) descreve o cumprimento<br>de pelo menos 120h e que cumpriu com exig\u00eancias\/expectativas do contratante.&nbsp; N\u00e3o h\u00e1 um modelo da institui\u00e7\u00e3o cada empresa fornece o seu.<\/p>\n\n\n\n<p>(iv)&nbsp;<a href=\"http:\/\/www.prg.ufpb.br\/prg\/cem\/estagio\/formularios\/9-modelo-de-relatorio.pdf\/view\" target=\"_blank\" rel=\"noreferrer noopener\">Relat\u00f3rio de Atividades<\/a>&nbsp;(com assinaturas\/carimbo pelo&nbsp;<strong>supervisor(a) e orientador-professor (a)).<\/strong>&nbsp;<strong>&nbsp;<\/strong>O orientador cadastrado no SIGAA como tal.<\/p>\n\n\n\n<p><strong>Adicionalmente, fique atento para preencher os relat\u00f3rios &#8211; &#8220;peri\u00f3dico&#8221; e &#8220;final&#8221; &#8211; solicitados no SIGAA.<\/strong><\/p>\n\n\n\n<p><a href=\"http:\/\/plone.ufpb.br\/cce\/contents\/paginas\/coordenacao\/estagio-nao-obrigatorio#wrapper\">Voltar para o topo<\/a><\/p>\n\n\n\n<p><strong><a href=\"http:\/\/plone.ufpb.br\/cce\/contents\/paginas\/coordenacao\/atividade-profisional\">ATIVIDADE PROFISSIONAL<\/a><\/strong><\/p>\n\n\n\n<p>Com base no Art.202, da Resolu\u00e7\u00e3o Consepe\/UFPB 29\/2020, o &#8220;aproveitamento de atividade profissional&#8221; para a dispensa da disciplina &#8220;est\u00e1gio supervisionado&#8221; \u00e9 feito mediante a abertura de um processo de &#8220;aproveitamento de disciplina&#8221;, da disciplina &#8220;est\u00e1gio supervisionado&#8221;, junto a coordena\u00e7\u00e3o do curso, atendendo \u00e0s seguintes exig\u00eancias:<\/p>\n\n\n\n<ul class=\"wp-block-list\">\n<li><strong>I \u2013<\/strong>&nbsp;Anexar &#8220;<strong>Documentos Comprobat\u00f3rios<\/strong>&#8221; da sua experi\u00eancia profissional ao processo;<\/li>\n\n\n\n<li><strong>II \u2013<\/strong>&nbsp;Apresentar um &#8220;<strong><a href=\"http:\/\/plone.ufpb.br\/cce\/contents\/documentos\/modelo-de-relatorio-aproveitamento-de-experiencia-profissional-reg-29-2020.pdf\">Relat\u00f3rio de Atividades<\/a><\/strong>&#8220;, contendo informa\u00e7\u00f5es gerais referentes a atividade profissional \u2013&nbsp;ex: descri\u00e7\u00e3o da empresa, relato das atividades, conhecimentos adquiridos, como aliou conhecimentos acad\u00eamicos e pr\u00e1tica das atividades profissionais, etc. \u2013, visando comprovar que a sua experi\u00eancia profissional \u00e9 compat\u00edvel com a forma\u00e7\u00e3o de um economista. Este relat\u00f3rio deve estar assinado pelo aluno, pelo respons\u00e1vel da empresa e por um orientador&nbsp;(veja o modelo ao clicar no link acima).&nbsp;<\/li>\n\n\n\n<li><strong>III \u2013<\/strong>&nbsp;A experi\u00eancia profissional, usada no pedido, dever\u00e1 ter sido vivenciada em um per\u00edodo m\u00e1ximo de at\u00e9 5 anos, tendo como base a data da solicita\u00e7\u00e3o.<\/li>\n<\/ul>\n\n\n\n\n\n<div data-wp-interactive=\"core\/file\" class=\"wp-block-file\"><object data-wp-bind--hidden=\"!state.hasPdfPreview\" hidden class=\"wp-block-file__embed\" data=\"http:\/\/www.ccsa.ufpb.br\/cce\/wp-content\/uploads\/sites\/179\/sites\/420\/2026\/04\/modelo-de-relatorio-aproveitamento-de-experiencia-profissional-reg-29-2020-1.pdf\" type=\"application\/pdf\" style=\"width:100%;height:600px\" aria-label=\"Incorporado de modelo-de-relatorio-aproveitamento-de-experiencia-profissional-reg-29-2020 (1).\"><\/object><a id=\"wp-block-file--media-184b1c25-1812-4752-a205-a9b46b7ee8f6\" href=\"http:\/\/www.ccsa.ufpb.br\/cce\/wp-content\/uploads\/sites\/179\/sites\/420\/2026\/04\/modelo-de-relatorio-aproveitamento-de-experiencia-profissional-reg-29-2020-1.pdf\">modelo-de-relatorio-aproveitamento-de-experiencia-profissional-reg-29-2020 (1)<\/a><a href=\"http:\/\/www.ccsa.ufpb.br\/cce\/wp-content\/uploads\/sites\/179\/sites\/420\/2026\/04\/modelo-de-relatorio-aproveitamento-de-experiencia-profissional-reg-29-2020-1.pdf\" class=\"wp-block-file__button wp-element-button\" download aria-describedby=\"wp-block-file--media-184b1c25-1812-4752-a205-a9b46b7ee8f6\">Baixar<\/a><\/div>\n\n\n\n<div class=\"wp-block-file\"><a id=\"wp-block-file--media-7b91a78f-e2f1-4e42-b2c7-eca6420ba931\" href=\"https:\/\/www.ccsa.ufpb.br\/cce\/wp-content\/uploads\/sites\/179\/sites\/420\/2026\/01\/Modelo-de-Relatorio.docx\">Modelo de Relat\u00f3rio<\/a><a href=\"https:\/\/www.ccsa.ufpb.br\/cce\/wp-content\/uploads\/sites\/179\/sites\/420\/2026\/01\/Modelo-de-Relatorio.docx\" class=\"wp-block-file__button wp-element-button\" download aria-describedby=\"wp-block-file--media-7b91a78f-e2f1-4e42-b2c7-eca6420ba931\">Baixar<\/a><\/div>\n\n\n\n<p><a href=\"http:\/\/plone.ufpb.br\/cce\/contents\/documentos\/formularios\/Aproveitamentosite.doc\">Formul\u00e1rio de pedido de aproveitamento&nbsp;<\/a><\/p>\n\n\n\n<div class=\"wp-block-file\"><a id=\"wp-block-file--media-26faa1f4-c337-46a8-a52f-3241f16b9b8a\" href=\"https:\/\/www.ccsa.ufpb.br\/cce\/wp-content\/uploads\/sites\/179\/sites\/420\/2026\/01\/Aproveitamento.doc\">Aproveitamento<\/a><a href=\"https:\/\/www.ccsa.ufpb.br\/cce\/wp-content\/uploads\/sites\/179\/sites\/420\/2026\/01\/Aproveitamento.doc\" class=\"wp-block-file__button wp-element-button\" download aria-describedby=\"wp-block-file--media-26faa1f4-c337-46a8-a52f-3241f16b9b8a\">Baixar<\/a><\/div>\n\n\n\n<p>Ressalta-se que o processo ser\u00e1 analisado pelo Colegiado de Curso que emitir\u00e1 parecer.<\/p>\n\n\n\n<p class=\" \"><strong>Orienta\u00e7\u00f5es sobre como conveniar a empresa com a UFPB<\/strong><\/p>\n\n\n\n<p><strong><a href=\"http:\/\/plone.ufpb.br\/cce\/contents\/paginas\/coordenacao\/convenio\">CONV\u00caNIO<\/a><\/strong><\/p>\n\n\n\n<p>Para que o est\u00e1gio seja v\u00e1lido dentro da UFPB \u00e9 necess\u00e1rio que a empresa tenha um acordo de Coopera\u00e7\u00e3o com a institui\u00e7\u00e3o. A Universidade Federal da Para\u00edba abre a possibilidade de fazer Acordos de Coopera\u00e7\u00e3o&nbsp;&nbsp;&nbsp;entre&nbsp;<strong>Empresa<\/strong>&nbsp;(P\u00fablica, Privada ou Profissional Liberal) e a&nbsp;<strong>UFPB&nbsp;&nbsp;<\/strong>e tamb\u00e9m para Agentes de Integra\u00e7\u00e3o. Um material detalhado do procedimento para formaliza\u00e7\u00e3o do acordo encontra-se dispon\u00edvel&nbsp;<a href=\"http:\/\/www.prg.ufpb.br\/prg\/cem\/menu-cem\/estagio-1\/convenios\" target=\"_blank\" rel=\"noreferrer noopener\">aqui<\/a>.<\/p>\n\n\n\n<p>Al\u00e9m disto, no \u00e2mbito do Departamento de Economia, temos o Grupo de Assessoria, Pesquisa e Planejamento Econ\u00f4mico (GAPPE) que pode auxiliar para dirimir&nbsp; poss\u00edveis d\u00favidas quanto a formaliza\u00e7\u00e3o deste processo. Caso precise de uma orienta\u00e7\u00e3o, enviar um e-mail para o&nbsp;gappe1.ufpb@gmail.com sob os cuidados do Economista&nbsp;Ernesto Luiz Batista Filho.<\/p>\n\n\n\n<p><strong><a href=\"http:\/\/plone.ufpb.br\/cce\/contents\/paginas\/coordenacao\/material-de-apoio\">MATERIAL DE APOIO<\/a><\/strong><\/p>\n\n\n\n<h1 class=\"wp-block-heading\">Est\u00e1gio<\/h1>\n\n\n\n<p>O est\u00e1gio \u00e9 viv\u00eancia pr\u00e1tica dos conhecimentos adquiridos na sua forma\u00e7\u00e3o acad\u00eamica. A carga hor\u00e1ria do est\u00e1gio ser\u00e1 aproveitada nas Atividades Complementares nas Horas Extracurriculares de acordo com a Resolu\u00e7\u00e3o vigente. Regido pela&nbsp;<strong>Lei n. 11.788\/2008<\/strong>, o est\u00e1gio n\u00e3o obrigat\u00f3rio deve ter carga hor\u00e1ria m\u00e1xima de&nbsp;<strong>6h di\u00e1rias ou 30 horas semanais<\/strong>, ter\u00e1 remunera\u00e7\u00e3o mensal de bolsa est\u00e1gio e f\u00e9rias remuneradas.<\/p>\n\n\n\n<p>H\u00e1 duas modalidades de est\u00e1gio:<\/p>\n\n\n\n<p><strong>Est\u00e1gio Curricular Obrigat\u00f3rio<\/strong>&nbsp;(volunt\u00e1rio) que \u00e9 de responsabilidade da Institui\u00e7\u00e3o de Ensino.<\/p>\n\n\n\n<p><strong>Est\u00e1gio Curricular N\u00e3o-Obrigat\u00f3rio<\/strong>&nbsp;(remunerado) que \u00e9 escolhido livremente pelo discente e s\u00f3 ter\u00e1 validade quando for cadastrado no Sigaa.<\/p>\n\n\n\n<p><strong>COMO CADASTRAR EST\u00c1GIO NO SIGAA:<\/strong><\/p>\n\n\n\n<p><strong>PASSO A PASSO DO DISCENTE PARA CADASTRO DE EST\u00c1GIO N\u00c3O OBRIGAT\u00d3RIO:<\/strong><\/p>\n\n\n\n<p><em>(Regido pela&nbsp;Lei n. 11.788\/2008, o est\u00e1gio n\u00e3o obrigat\u00f3rio deve ter carga hor\u00e1ria m\u00e1xima de&nbsp;6h di\u00e1rias ou 30 horas semanais, ter\u00e1 remunera\u00e7\u00e3o mensal de bolsa est\u00e1gio e f\u00e9rias remuneradas).<\/em><\/p>\n\n\n\n<p><strong>PASSO 1:&nbsp;O Discente dever\u00e1 cadastrar o est\u00e1gio no Sigaa. As instru\u00e7\u00f5es para o cadastro podem ser consultadas em:<\/strong>(<a href=\"http:\/\/www.prg.ufpb.br\/prg\/cem\/estagio\/documentos\/passo-a-passo_discente-04-09-17.pdf\" target=\"_blank\" rel=\"noreferrer noopener\">http:\/\/www.prg.ufpb.br\/prg\/cem\/estagio\/documentos\/passo-a-passo_discente-04-09-17.pdf<\/a>)<\/p>\n\n\n\n<p><strong>PASSO 2:&nbsp;<\/strong>Ap\u00f3s preencher o cadastro no Sigaa, o status do cadastro ficar\u00e1&nbsp;<strong>EM AN\u00c1LISE<\/strong>.<\/p>\n\n\n\n<p>Isso significa que o Discente deve encaminhar para Coordena\u00e7\u00e3o de Gradua\u00e7\u00e3o o TCE \u2013 Termo de Compromisso de Est\u00e1gio para confer\u00eancia das informa\u00e7\u00f5es no Sigaa e assinatura e carimbo da Coordenadora. Caso o Local do Est\u00e1gio n\u00e3o tenha um TCE pr\u00f3prio, o discente deve encaminhar o pedido de assinatura do TCE para a Coordena\u00e7\u00e3o, informando pessoalmente ou por meio de email (<a href=\"mailto:direito.ccj.ufpb@gmail.com\">cge@ccsa.ufpb.br<\/a>). Este procedimento pode ser feito por email direcionado \u00e0 Coordena\u00e7\u00e3o, s\u00f3 ser\u00e3o assinados os TCEs com o devido cadastro no Sigaa.<\/p>\n\n\n\n<p><strong>ATEN\u00c7\u00c3O: N\u00c3O SER\u00c1 ANALISADO O EST\u00c1GIO QUE N\u00c3O FOR SOLICITADO PELO DISCENTE \u00c0 COORDENA\u00c7\u00c3O.<\/strong><\/p>\n\n\n\n<p>Os Est\u00e1gios ser\u00e3o analisados a cada 2 dias \u00fateis em hor\u00e1rio espec\u00edfico determinado pela Coordena\u00e7\u00e3o.<\/p>\n\n\n\n<p><strong>PASSO 3:&nbsp;<\/strong>O Coordenador do Curso ou o Coordenador de Est\u00e1gio (quando houver) assina e carimba o TCE e entrega&nbsp; ao Discente.&nbsp;<\/p>\n\n\n\n<p>O TCE ser\u00e1 analisado, assinado e carimbado caso seja compat\u00edvel com o programa de est\u00e1gio da UFPB.<\/p>\n\n\n\n<p>No Sigaa ser\u00e1 verificado o cadastro de est\u00e1gio. Havendo compatibilidade ele ser\u00e1 aprovado.<\/p>\n\n\n\n<p>O status no Sigaa mudar\u00e1 para&nbsp;<strong>AGUARDANDO ASSINATURA<\/strong><\/p>\n\n\n\n<p><strong>PASSO 4:&nbsp;ATEN\u00c7\u00c3O:&nbsp;<\/strong>Ap\u00f3s colher todas as assinaturas do TCE, o Discente entregar\u00e1 1(uma) via no Local de Est\u00e1gio e ficar\u00e1 com 1(uma) via para ser enviada (via&nbsp;<strong>upload<\/strong>) no Sigaa e guardar\u00e1 esta via para futuras consultas.<\/p>\n\n\n\n<p><strong>Nenhuma via impressa ficar\u00e1 na Coordena\u00e7\u00e3o.<\/strong><\/p>\n\n\n\n<p><strong>ATEN\u00c7\u00c3O: SOMENTE AP\u00d3S REALIZAR O UPLOAD DO TERMO DE COMPROMISSO DE EST\u00c1GIO ASSINADO NO SIGAA O SEU EST\u00c1GIO TORNA-SE-\u00c1 ATIVO. Fique atento, h\u00e1 prazo para realizar o upload no Sigaa.<\/strong><\/p>\n\n\n\n<p><strong>SOMENTE COM O EST\u00c1GIO ATIVO O DISCENTE PODER\u00c1 REALIZAR OS RELAT\u00d3RIOS NO SIGAA E POSTERIORMENTE SOLICITAR PRORROGA\u00c7\u00c3O DO EST\u00c1GIO OU O CERTIFICADO DE CONCLUS\u00c3O AP\u00d3S O SEU T\u00c9RMINO.<\/strong><\/p>\n\n\n\n<p>O professor orientador de est\u00e1gio deve ser o Coordenador de Curso ou de Est\u00e1gio .<\/p>\n\n\n\n<p>&nbsp;<strong>PRORROGA\u00c7\u00c3O DE EST\u00c1GIO:<\/strong><\/p>\n\n\n\n<p>Para prorrogar o Est\u00e1gio o discente deve solicitar \u00e0 Coordena\u00e7\u00e3o a Prorroga\u00e7\u00e3o no Sigaa, mas, aten\u00e7\u00e3o, esta prorroga\u00e7\u00e3o s\u00f3 pode ocorrer no per\u00edodo que o est\u00e1gio estiver ativo. Fique atento ao prazo final de seu Est\u00e1gio.<\/p>\n\n\n\n<p><strong>RELAT\u00d3RIO FINAL E&nbsp;<\/strong><strong>CERTIFICADO DE EST\u00c1GIO:<\/strong><\/p>\n\n\n\n<p>Ap\u00f3s o t\u00e9rmino do est\u00e1gio, o discente deve preencher o relat\u00f3rio final. Ap\u00f3s a aprova\u00e7\u00e3o do relat\u00f3rio final pelo professor orientador, o est\u00e1gio ter\u00e1 liberado o seu respectivo Certificado.<\/p>\n\n\n\n<p>Para fins de Atividades Complementares ser\u00e1 exigido o Certificado de Est\u00e1gio emitido pelo Sigaa.&nbsp;<\/p>\n\n\n\n<p><strong>CANCELAMENTO DE EST\u00c1GIO:<\/strong><\/p>\n\n\n\n<p>Antes do prazo final do est\u00e1gio, o discente pode solicitar o cancelamento do est\u00e1gio. O cancelamento p\u00f5e fim ao est\u00e1gio. Para que o cancelamento seja efetuado \u00e9 necess\u00e1rio a valida\u00e7\u00e3o do Coordenador que ir\u00e1 confirmar o cancelamento com o upload do Termo de Cancelamento (expedido pelo concedente do est\u00e1gio ou pelo Sigaa).<\/p>\n\n\n\n<p>Para Cancelar o Est\u00e1gio, entre em contato com a Coordena\u00e7\u00e3o de Curso (direito.ccj.ufpb@gmail.com)<\/p>\n\n\n\n<p>Ap\u00f3s a confirma\u00e7\u00e3o do cancelamento, o discente deve preencher o relat\u00f3rio final para ter acesso ao certificado de est\u00e1gio.&nbsp;<\/p>\n\n\n\n<p><\/p>\n\n\n","protected":false},"excerpt":{"rendered":"<p>ORIENTA\u00c7\u00d5ES&nbsp; A atividade de est\u00e1gio \u00e9 de car\u00e1ter obrigat\u00f3rio para a integralidade da carga hor\u00e1ria [&hellip;]<\/p>\n","protected":false},"author":47,"featured_media":0,"parent":0,"menu_order":0,"comment_status":"closed","ping_status":"closed","template":"","meta":{"footnotes":""},"class_list":["post-31","page","type-page","status-publish","hentry"],"_links":{"self":[{"href":"https:\/\/www.ccsa.ufpb.br\/cce\/wp-json\/wp\/v2\/pages\/31","targetHints":{"allow":["GET"]}}],"collection":[{"href":"https:\/\/www.ccsa.ufpb.br\/cce\/wp-json\/wp\/v2\/pages"}],"about":[{"href":"https:\/\/www.ccsa.ufpb.br\/cce\/wp-json\/wp\/v2\/types\/page"}],"author":[{"embeddable":true,"href":"https:\/\/www.ccsa.ufpb.br\/cce\/wp-json\/wp\/v2\/users\/47"}],"replies":[{"embeddable":true,"href":"https:\/\/www.ccsa.ufpb.br\/cce\/wp-json\/wp\/v2\/comments?post=31"}],"version-history":[{"count":3,"href":"https:\/\/www.ccsa.ufpb.br\/cce\/wp-json\/wp\/v2\/pages\/31\/revisions"}],"predecessor-version":[{"id":244,"href":"https:\/\/www.ccsa.ufpb.br\/cce\/wp-json\/wp\/v2\/pages\/31\/revisions\/244"}],"wp:attachment":[{"href":"https:\/\/www.ccsa.ufpb.br\/cce\/wp-json\/wp\/v2\/media?parent=31"}],"curies":[{"name":"wp","href":"https:\/\/api.w.org\/{rel}","templated":true}]}}