{"id":33,"date":"2025-12-15T20:33:49","date_gmt":"2025-12-15T23:33:49","guid":{"rendered":"https:\/\/www.ccsa.ufpb.br\/cce\/?page_id=33"},"modified":"2026-01-29T10:51:02","modified_gmt":"2026-01-29T13:51:02","slug":"tcc","status":"publish","type":"page","link":"https:\/\/www.ccsa.ufpb.br\/cce\/tcc\/","title":{"rendered":"TCC"},"content":{"rendered":"\n<p>Disciplinas de Trabalho de Conclus\u00e3o de Curso<\/p>\n\n\n\n<p><strong>ORIENTA\u00c7\u00d5ES GERAIS &#8211; TCC<\/strong><\/p>\n\n\n\n<p>1- A constru\u00e7\u00e3o do Trabalho de Conclus\u00e3o do Curso (TCC) ocorre por meio do cumprimento das disciplinas Trabalho de Conclus\u00e3o de Curso I (TCC1) e Trabalho de Conclus\u00e3o de Curso II (TCC II).&nbsp;<\/p>\n\n\n\n<p>2- Na disciplina&nbsp;Trabalho de Conclus\u00e3o de Curso I, realizar-se a primeira parte do desenvolvimento da monografia. A ementa contempla a elabora\u00e7\u00e3o das seguintes partes: revis\u00e3o bibliogr\u00e1fica, elabora\u00e7\u00e3o do marco te\u00f3rico e da metodologia da monografia.<\/p>\n\n\n\n<p>3- O professor coordenador da disciplina de TCC1 supervisiona o cumprimento destas atividades conforme um calend\u00e1rio proposto por este.<\/p>\n\n\n\n<p>4- A principal tarefa da disciplina TCC2 \u00e9 a realiza\u00e7\u00e3o do TCC e sua aprova\u00e7\u00e3o diante da banca avaliadora. Contudo, alguns procedimento formais s\u00e3o exigidos, sendo eles:<\/p>\n\n\n\n<p>1 &#8211; Todos os alunos matriculados devem solicitar ao orientador a&nbsp; \u201c<a href=\"https:\/\/forms.gle\/RF72fAYf5akK1QqcA\" target=\"_blank\" rel=\"noreferrer noopener\">Declara\u00e7\u00e3o de Orienta\u00e7\u00e3o<\/a>\u201d.&nbsp; O orientador ao preencher este formul\u00e1rio indica aceitar a orienta\u00e7\u00e3o perante a Coordena\u00e7\u00e3o do TCC do Curso.<\/p>\n\n\n\n<p>2 &#8211; O TCC deve ser escrito sob a forma cientifica, seguindo normas t\u00e9cnicas da ABNT, e seguindo normas exigidas pela resolu\u00e7\u00e3o <a href=\"http:\/\/plone.ufpb.br\/cce\/contents\/documentos\/tcc\/resolucao-01-2009-cge.pdf\">01\/2009-CGE\/UFPB<\/a>, quanto a sua estrutura\u00e7\u00e3o e formata\u00e7\u00e3o. Por exemplo, o TCC deve conter capa, folha de rosto, ficha catalogr\u00e1fica (no verso da folha de rosto), folha de aprova\u00e7\u00e3o, resumo, abstract, listas (de siglas, de tabelas, etc.), sum\u00e1rio, entres outros. Para visualizar os modelos fornecidos pela Biblioteca Setorial <a href=\"https:\/\/www.ccsa.ufpb.br\/bsccsa\/\">clique aqui.<\/a> Al\u00e9m disto, a biblioteca disponibiliza um material explicativo com <a href=\"http:\/\/plone.ufpb.br\/bsccsa\/contents\/documentos\/instrucoes-de-padronizacao-e-deposito-de-tccs_atualizado-em-14-09-2020_biblioteca-setorial-ccsa.pdf\">instru\u00e7\u00f5es gerais<\/a>.<\/p>\n\n\n\n<p>3 &#8211; Finalizada a elabora\u00e7\u00e3o do TCC, com a autoriza\u00e7\u00e3o do orientador, o aluno dever\u00e1 marcar a data da defesa junto \u00e0 banca avaliadora (composta por 2 membros, al\u00e9m do orientador). Em posse destas informa\u00e7\u00f5es, em <strong>at\u00e9 cinco dias \u00fateis<\/strong> antes da defesa, venha aqui no site e&nbsp;<a href=\"https:\/\/docs.google.com\/forms\/d\/e\/1FAIpQLSc54xo_cVFxHGkjSiCNcdrrGKsUSvNQyBYBHZvvZjTifuLXPQ\/viewform?usp=sf_link\" target=\"_blank\" rel=\"noreferrer noopener\">Divulgue a sua Defesa<\/a>.<\/p>\n\n\n\n<p>4 &#8211; Realizada a defesa do TCC, o aluno deve colocar no seu TCC a folha de aprova\u00e7\u00e3o assinada pela banca e solicitar a Biblioteca Setorial ( via SIGAA) a <a href=\"https:\/\/www.ccsa.ufpb.br\/bsccsa\/ficha-catalografica-e-tcc\/\">ficha catalogr\u00e1fica.<\/a><\/p>\n\n\n\n<p>5- Ap\u00f3s a defesa o aluno ir\u00e1 enviar para o professor coordenador da disciplina de TCC, a<a href=\"http:\/\/plone.ufpb.br\/cce\/contents\/documentos\/tcc_folhadeaprovacao_controle_interno41.docx\">&nbsp;folha de aprova\u00e7\u00e3o<\/a> de controle interno com a nota assinado pelo aluno e membros da banca. Esta folha <strong>n\u00e3o deve<\/strong> ser inserida no TCC. Clique aqui para fazer o envio:&nbsp;<a href=\"https:\/\/forms.gle\/DhjgoUerowq834pdA\" target=\"_blank\" rel=\"noreferrer noopener\">https:\/\/forms.gle\/DhjgoUerowq834pdA<\/a><\/p>\n\n\n\n<p>6 &#8211; Para dep\u00f3sito volunt\u00e1rio na biblioteca, o aluno envia um e-mail \u00e0 coordena\u00e7\u00e3o do Curso de Ci\u00eancias Econ\u00f4micas com o TCC em pdf + <a href=\"http:\/\/plone.ufpb.br\/cce\/contents\/documentos\/termodeautorizacaoparapublicacaoeletronicanorepositorioinstitucionaldaufpb.pdf\">termo de autoriza\u00e7\u00e3o de dep\u00f3sito<\/a> ( assinado pelo aluno + orientador)<\/p>\n","protected":false},"excerpt":{"rendered":"<p>Disciplinas de Trabalho de Conclus\u00e3o de Curso ORIENTA\u00c7\u00d5ES GERAIS &#8211; TCC 1- A constru\u00e7\u00e3o do [&hellip;]<\/p>\n","protected":false},"author":47,"featured_media":0,"parent":0,"menu_order":0,"comment_status":"closed","ping_status":"closed","template":"","meta":{"footnotes":""},"class_list":["post-33","page","type-page","status-publish","hentry"],"_links":{"self":[{"href":"https:\/\/www.ccsa.ufpb.br\/cce\/wp-json\/wp\/v2\/pages\/33","targetHints":{"allow":["GET"]}}],"collection":[{"href":"https:\/\/www.ccsa.ufpb.br\/cce\/wp-json\/wp\/v2\/pages"}],"about":[{"href":"https:\/\/www.ccsa.ufpb.br\/cce\/wp-json\/wp\/v2\/types\/page"}],"author":[{"embeddable":true,"href":"https:\/\/www.ccsa.ufpb.br\/cce\/wp-json\/wp\/v2\/users\/47"}],"replies":[{"embeddable":true,"href":"https:\/\/www.ccsa.ufpb.br\/cce\/wp-json\/wp\/v2\/comments?post=33"}],"version-history":[{"count":3,"href":"https:\/\/www.ccsa.ufpb.br\/cce\/wp-json\/wp\/v2\/pages\/33\/revisions"}],"predecessor-version":[{"id":185,"href":"https:\/\/www.ccsa.ufpb.br\/cce\/wp-json\/wp\/v2\/pages\/33\/revisions\/185"}],"wp:attachment":[{"href":"https:\/\/www.ccsa.ufpb.br\/cce\/wp-json\/wp\/v2\/media?parent=33"}],"curies":[{"name":"wp","href":"https:\/\/api.w.org\/{rel}","templated":true}]}}