{"id":35,"date":"2025-12-15T20:34:16","date_gmt":"2025-12-15T23:34:16","guid":{"rendered":"https:\/\/www.ccsa.ufpb.br\/cce\/?page_id=35"},"modified":"2025-12-15T20:34:16","modified_gmt":"2025-12-15T23:34:16","slug":"processos","status":"publish","type":"page","link":"https:\/\/www.ccsa.ufpb.br\/cce\/processos\/","title":{"rendered":"Processos"},"content":{"rendered":"\n<p><strong>Procedimentos para solicita\u00e7\u00e3o de abertura do processo<\/strong><\/p>\n\n\n\n<p>&nbsp; &nbsp; &nbsp; &nbsp;1. Para abertura de um processo junto \u00e0 Coordena\u00e7\u00e3o do Curso, o aluno&nbsp; deve preencher o formul\u00e1rio conforme o seu pedido, anexar os documentos solicitados&nbsp; e enviar para a Coordena\u00e7\u00e3o do Curso no seguinte endere\u00e7o eletr\u00f4nico:&nbsp;&nbsp;<strong><a href=\"mailto:cge@ccsa.ufpb.br\">c<\/a><a href=\"mailto:cge@ccsa.ufpb.br\">ge@ccsa.ufpb.br<\/a>&nbsp;;<\/strong><\/p>\n\n\n\n<p>&nbsp; &nbsp; &nbsp; &nbsp;2. Os requerimentos devem estar devidamente preenchidos, sem rasuras, assinados e datados;<\/p>\n\n\n\n<p>&nbsp; &nbsp; &nbsp; &nbsp;3. Os&nbsp;processos&nbsp;abertos dever\u00e3o ser acompanhados no sistema&nbsp;<strong><a href=\"http:\/\/sipac.ufpb.br\/\" target=\"_blank\" rel=\"noreferrer noopener\">SIPAC<\/a><\/strong>, no menu &#8220;Processos&#8221; clicar em &#8220;Consultar Processos&#8221;.<\/p>\n\n\n\n<p><strong>Importante<\/strong>:&nbsp; Antes de fazer uma solicita\u00e7\u00e3o,&nbsp; consulte a <a href=\"http:\/\/plone.ufpb.br\/cce\/contents\/documentos\/resolucoes\/resp29-20-resolucao-de-graduacao.pdf\">Resolu\u00e7\u00e3o 29\/2020<\/a> e observe&nbsp; as condi\u00e7\u00f5es previstas e a documenta\u00e7\u00e3o exigida. Os documentos <strong>devem<\/strong> vir em&nbsp;arquivos PDF separados.<\/p>\n","protected":false},"excerpt":{"rendered":"<p>Procedimentos para solicita\u00e7\u00e3o de abertura do processo &nbsp; &nbsp; &nbsp; &nbsp;1. Para abertura de um [&hellip;]<\/p>\n","protected":false},"author":47,"featured_media":0,"parent":0,"menu_order":0,"comment_status":"closed","ping_status":"closed","template":"","meta":{"footnotes":""},"class_list":["post-35","page","type-page","status-publish","hentry"],"_links":{"self":[{"href":"https:\/\/www.ccsa.ufpb.br\/cce\/wp-json\/wp\/v2\/pages\/35","targetHints":{"allow":["GET"]}}],"collection":[{"href":"https:\/\/www.ccsa.ufpb.br\/cce\/wp-json\/wp\/v2\/pages"}],"about":[{"href":"https:\/\/www.ccsa.ufpb.br\/cce\/wp-json\/wp\/v2\/types\/page"}],"author":[{"embeddable":true,"href":"https:\/\/www.ccsa.ufpb.br\/cce\/wp-json\/wp\/v2\/users\/47"}],"replies":[{"embeddable":true,"href":"https:\/\/www.ccsa.ufpb.br\/cce\/wp-json\/wp\/v2\/comments?post=35"}],"version-history":[{"count":1,"href":"https:\/\/www.ccsa.ufpb.br\/cce\/wp-json\/wp\/v2\/pages\/35\/revisions"}],"predecessor-version":[{"id":36,"href":"https:\/\/www.ccsa.ufpb.br\/cce\/wp-json\/wp\/v2\/pages\/35\/revisions\/36"}],"wp:attachment":[{"href":"https:\/\/www.ccsa.ufpb.br\/cce\/wp-json\/wp\/v2\/media?parent=35"}],"curies":[{"name":"wp","href":"https:\/\/api.w.org\/{rel}","templated":true}]}}