{"id":39,"date":"2025-12-15T20:34:48","date_gmt":"2025-12-15T23:34:48","guid":{"rendered":"https:\/\/www.ccsa.ufpb.br\/cce\/?page_id=39"},"modified":"2026-03-26T08:50:32","modified_gmt":"2026-03-26T11:50:32","slug":"legislacao","status":"publish","type":"page","link":"https:\/\/www.ccsa.ufpb.br\/cce\/legislacao\/","title":{"rendered":"Legisla\u00e7\u00e3o"},"content":{"rendered":"\n<p><strong>Documenta\u00e7\u00e3o Normativa e Regulamentar<\/strong><\/p>\n\n\n\n<p><a href=\"https:\/\/www.ufpb.br\/sods\/contents\/menu\/estatuto\" target=\"_blank\" rel=\"noreferrer noopener\">Estatuto da UFPB<\/a><\/p>\n\n\n\n<p><a href=\"https:\/\/www.ufpb.br\/sods\/contents\/menu\/estatuto\" target=\"_blank\" rel=\"noreferrer noopener\"><\/a>Resolu\u00e7\u00e3o n\u00ba 07\/2002 _Aprova o Estatuto da Universidade Federal da Para\u00edba &#8211; UFPB.<\/p>\n\n\n\n<p><a href=\"https:\/\/www.ufpb.br\/sods\/contents\/menu\/copy_of_regimentos\/regimento-geral\" target=\"_blank\" rel=\"noreferrer noopener\">Regimento Geral da UFPB<\/a><\/p>\n\n\n\n<p>O Regimento Geral disciplina os aspectos de organiza\u00e7\u00e3o e funcionamento comuns aos v\u00e1rios \u00f3rg\u00e3os e servi\u00e7os da Universidade Federal da Para\u00edba, complementando o seu Estatuto.<\/p>\n\n\n\n<p><a href=\"https:\/\/sig-arq.ufpb.br\/arquivos\/201521608686d909558571934a188b05\/Resoluo_62_2008.htm\" target=\"_blank\" rel=\"noreferrer noopener\">Resolu\u00e7\u00e3o CONSEPE 62\/2008<\/a><\/p>\n\n\n\n<p>Aprova o Projeto Pol\u00edtico-Pedag\u00f3gico do Curso de Ci\u00eancias Econ\u00f4micas, do Centro de Ci\u00eancias Sociais Aplicadas, Campus I, desta Universidade.<\/p>\n\n\n\n<p><a href=\"http:\/\/plone.ufpb.br\/ccgp\/contents\/menu\/portarias-e-resolucoes-da-ufpb\/resolucao-consepe-29_2020.pdf\/view\">Resolu\u00e7\u00e3o CONSEPE 29\/2020<\/a><\/p>\n\n\n\n<div data-wp-interactive=\"core\/file\" class=\"wp-block-file\"><object data-wp-bind--hidden=\"!state.hasPdfPreview\" hidden class=\"wp-block-file__embed\" data=\"https:\/\/www.ccsa.ufpb.br\/cce\/wp-content\/uploads\/sites\/179\/sites\/420\/2026\/01\/RESOLUCAO_29_2020.pdf\" type=\"application\/pdf\" style=\"width:100%;height:600px\" aria-label=\"Incorporado de RESOLUCAO_29_2020.\"><\/object><a id=\"wp-block-file--media-2e8a4bca-6a2e-4efc-b61f-00376f4f04ee\" href=\"https:\/\/www.ccsa.ufpb.br\/cce\/wp-content\/uploads\/sites\/179\/sites\/420\/2026\/01\/RESOLUCAO_29_2020.pdf\">RESOLUCAO_29_2020<\/a><a href=\"https:\/\/www.ccsa.ufpb.br\/cce\/wp-content\/uploads\/sites\/179\/sites\/420\/2026\/01\/RESOLUCAO_29_2020.pdf\" class=\"wp-block-file__button wp-element-button\" download aria-describedby=\"wp-block-file--media-2e8a4bca-6a2e-4efc-b61f-00376f4f04ee\">Baixar<\/a><\/div>\n\n\n\n<p>Regulamento Geral de Gradua\u00e7\u00e3o da Universidade Federal da Para\u00edba, e revoga a resolu\u00e7\u00e3o n\u00ba 16\/2015.<\/p>\n\n\n\n<p><a href=\"http:\/\/plone.ufpb.br\/ccgp\/contents\/menu\/portarias-e-resolucoes-da-ufpb\/regimento-geral-da-ufpb\"><\/a><a href=\"http:\/\/www.prg.ufpb.br\/prg\/codesc\/documentos\/legislacao\/resolucao-consepe-no-27-2021\/view\" target=\"_blank\" rel=\"noreferrer noopener\">Resolu\u00e7\u00e3o CONSEPE 27\/2021<\/a><\/p>\n\n\n\n<div data-wp-interactive=\"core\/file\" class=\"wp-block-file\"><object data-wp-bind--hidden=\"!state.hasPdfPreview\" hidden class=\"wp-block-file__embed\" data=\"https:\/\/www.ccsa.ufpb.br\/cce\/wp-content\/uploads\/sites\/179\/sites\/420\/2026\/01\/Res._Consepe_27.2021-1.pdf\" type=\"application\/pdf\" style=\"width:100%;height:600px\" aria-label=\"Incorporado de Res._Consepe_27.2021 (1).\"><\/object><a id=\"wp-block-file--media-7e3f7322-1e83-4f1e-9e5a-f8053e5a716a\" href=\"https:\/\/www.ccsa.ufpb.br\/cce\/wp-content\/uploads\/sites\/179\/sites\/420\/2026\/01\/Res._Consepe_27.2021-1.pdf\">Res._Consepe_27.2021 (1)<\/a><a href=\"https:\/\/www.ccsa.ufpb.br\/cce\/wp-content\/uploads\/sites\/179\/sites\/420\/2026\/01\/Res._Consepe_27.2021-1.pdf\" class=\"wp-block-file__button wp-element-button\" download aria-describedby=\"wp-block-file--media-7e3f7322-1e83-4f1e-9e5a-f8053e5a716a\">Baixar<\/a><\/div>\n\n\n\n<p>Regulamenta\u00e7\u00e3o de oferta de componentes curriculares para a gradua\u00e7\u00e3o no Per\u00edodo Suplementar 2021.1.<\/p>\n\n\n\n<p><a href=\"http:\/\/plone.ufpb.br\/cce\/contents\/documentos\/resolucoes\/res_consepe_452021.pdf\">Resolu\u00e7\u00e3o CONSEPE 45\/2021<\/a><\/p>\n\n\n\n<p>Regulamenta\u00e7\u00e3o de oferta de componentes curriculares para a gradua\u00e7\u00e3o no Per\u00edodo Suplementar 2021.2.<\/p>\n\n\n\n<p><a href=\"http:\/\/plone.ufpb.br\/cce\/contents\/documentos\/resolucao-de-migracao_assinado.pdf\">Resolu\u00e7\u00e3o&nbsp; n\u00ba 01\/2026 CGCE\/CCSA\/UFPB <\/a><\/p>\n\n\n\n<div data-wp-interactive=\"core\/file\" class=\"wp-block-file\"><object data-wp-bind--hidden=\"!state.hasPdfPreview\" hidden class=\"wp-block-file__embed\" data=\"https:\/\/www.ccsa.ufpb.br\/cce\/wp-content\/uploads\/sites\/179\/sites\/420\/2026\/03\/Resolucao_2_Migracao_Curricular_PPC_2025_Retificada.pdf\" type=\"application\/pdf\" style=\"width:100%;height:600px\" aria-label=\"Incorporado de Resolu\u00e7\u00e3o_2_Migra\u00e7\u00e3o_Curricular_PPC_2025_Retificada.\"><\/object><a id=\"wp-block-file--media-d6b0e1a2-6e1a-40c3-9993-b920ee43ba22\" href=\"https:\/\/www.ccsa.ufpb.br\/cce\/wp-content\/uploads\/sites\/179\/sites\/420\/2026\/03\/Resolucao_2_Migracao_Curricular_PPC_2025_Retificada.pdf\">Resolu\u00e7\u00e3o_2_Migra\u00e7\u00e3o_Curricular_PPC_2025_Retificada<\/a><a href=\"https:\/\/www.ccsa.ufpb.br\/cce\/wp-content\/uploads\/sites\/179\/sites\/420\/2026\/03\/Resolucao_2_Migracao_Curricular_PPC_2025_Retificada.pdf\" class=\"wp-block-file__button wp-element-button\" download aria-describedby=\"wp-block-file--media-d6b0e1a2-6e1a-40c3-9993-b920ee43ba22\">Baixar<\/a><\/div>\n\n\n\n<p><a href=\"http:\/\/plone.ufpb.br\/cce\/contents\/documentos\/copy2_of_PPC2025_resoluon42_2025.pdf\">&nbsp;PPC &#8211; Projeto Pol\u00edtico Pedag\u00f3gico&nbsp; do curso de Ci\u00eancias Econ\u00f4micas&nbsp;<\/a><\/p>\n\n\n\n<div data-wp-interactive=\"core\/file\" class=\"wp-block-file\"><object data-wp-bind--hidden=\"!state.hasPdfPreview\" hidden class=\"wp-block-file__embed\" data=\"https:\/\/www.ccsa.ufpb.br\/cce\/wp-content\/uploads\/sites\/179\/sites\/420\/2026\/01\/PPC-2025_resolucao-no-42_2025.pdf\" type=\"application\/pdf\" style=\"width:100%;height:600px\" aria-label=\"Incorporado de PPC 2025_resolu\u00e7\u00e3o n\u00ba 42_2025.\"><\/object><a id=\"wp-block-file--media-84eca74d-f61d-4855-bd53-7e1c51d744f3\" href=\"https:\/\/www.ccsa.ufpb.br\/cce\/wp-content\/uploads\/sites\/179\/sites\/420\/2026\/01\/PPC-2025_resolucao-no-42_2025.pdf\">PPC 2025_resolu\u00e7\u00e3o n\u00ba 42_2025<\/a><a href=\"https:\/\/www.ccsa.ufpb.br\/cce\/wp-content\/uploads\/sites\/179\/sites\/420\/2026\/01\/PPC-2025_resolucao-no-42_2025.pdf\" class=\"wp-block-file__button wp-element-button\" download aria-describedby=\"wp-block-file--media-84eca74d-f61d-4855-bd53-7e1c51d744f3\">Baixar<\/a><\/div>\n","protected":false},"excerpt":{"rendered":"<p>Documenta\u00e7\u00e3o Normativa e Regulamentar Estatuto da UFPB Resolu\u00e7\u00e3o n\u00ba 07\/2002 _Aprova o Estatuto da Universidade [&hellip;]<\/p>\n","protected":false},"author":47,"featured_media":0,"parent":0,"menu_order":0,"comment_status":"closed","ping_status":"closed","template":"","meta":{"footnotes":""},"class_list":["post-39","page","type-page","status-publish","hentry"],"_links":{"self":[{"href":"https:\/\/www.ccsa.ufpb.br\/cce\/wp-json\/wp\/v2\/pages\/39","targetHints":{"allow":["GET"]}}],"collection":[{"href":"https:\/\/www.ccsa.ufpb.br\/cce\/wp-json\/wp\/v2\/pages"}],"about":[{"href":"https:\/\/www.ccsa.ufpb.br\/cce\/wp-json\/wp\/v2\/types\/page"}],"author":[{"embeddable":true,"href":"https:\/\/www.ccsa.ufpb.br\/cce\/wp-json\/wp\/v2\/users\/47"}],"replies":[{"embeddable":true,"href":"https:\/\/www.ccsa.ufpb.br\/cce\/wp-json\/wp\/v2\/comments?post=39"}],"version-history":[{"count":9,"href":"https:\/\/www.ccsa.ufpb.br\/cce\/wp-json\/wp\/v2\/pages\/39\/revisions"}],"predecessor-version":[{"id":240,"href":"https:\/\/www.ccsa.ufpb.br\/cce\/wp-json\/wp\/v2\/pages\/39\/revisions\/240"}],"wp:attachment":[{"href":"https:\/\/www.ccsa.ufpb.br\/cce\/wp-json\/wp\/v2\/media?parent=39"}],"curies":[{"name":"wp","href":"https:\/\/api.w.org\/{rel}","templated":true}]}}