{"id":41,"date":"2025-12-15T20:35:04","date_gmt":"2025-12-15T23:35:04","guid":{"rendered":"https:\/\/www.ccsa.ufpb.br\/cce\/?page_id=41"},"modified":"2025-12-15T20:35:05","modified_gmt":"2025-12-15T23:35:05","slug":"biblioteca","status":"publish","type":"page","link":"https:\/\/www.ccsa.ufpb.br\/cce\/biblioteca\/","title":{"rendered":"Biblioteca"},"content":{"rendered":"\n<p><a href=\"http:\/\/www.biblioteca.ufpb.br\/biblioteca\" target=\"_blank\" rel=\"noreferrer noopener\">Biblioteca Central<\/a><\/p>\n\n\n\n<p><a href=\"http:\/\/www.ccsa.ufpb.br\/bsccsa\" target=\"_blank\" rel=\"noreferrer noopener\">Biblioteca Setorial do CCSA<\/a><\/p>\n\n\n\n<p><strong>MINHA BIBLIOTECA<\/strong>&#8211; acervo de livros digitais no SIGAA<\/p>\n\n\n\n<p><a href=\"http:\/\/www.ccsa.ufpb.br\/bsccsa\/contents\/documentos\/bibliografia-do-curso-de-ciencias-economicas_livros-digitais.pdf\" target=\"_blank\" rel=\"noreferrer noopener\">Refer\u00eancias do Curso de Ci\u00eancias Econ\u00f4micas dispon\u00edveis no Acervo Digital<\/a><\/p>\n\n\n\n<p class=\" \">Veja este <a href=\"https:\/\/youtu.be\/Nm4NDhhrWY0\" target=\"_blank\" rel=\"noreferrer noopener\">tutorial <\/a>para acesso a Minha Biblioteca no SIGAA<\/p>\n","protected":false},"excerpt":{"rendered":"<p>Biblioteca Central Biblioteca Setorial do CCSA MINHA BIBLIOTECA&#8211; acervo de livros digitais no SIGAA Refer\u00eancias [&hellip;]<\/p>\n","protected":false},"author":47,"featured_media":0,"parent":0,"menu_order":0,"comment_status":"closed","ping_status":"closed","template":"","meta":{"footnotes":""},"class_list":["post-41","page","type-page","status-publish","hentry"],"_links":{"self":[{"href":"https:\/\/www.ccsa.ufpb.br\/cce\/wp-json\/wp\/v2\/pages\/41","targetHints":{"allow":["GET"]}}],"collection":[{"href":"https:\/\/www.ccsa.ufpb.br\/cce\/wp-json\/wp\/v2\/pages"}],"about":[{"href":"https:\/\/www.ccsa.ufpb.br\/cce\/wp-json\/wp\/v2\/types\/page"}],"author":[{"embeddable":true,"href":"https:\/\/www.ccsa.ufpb.br\/cce\/wp-json\/wp\/v2\/users\/47"}],"replies":[{"embeddable":true,"href":"https:\/\/www.ccsa.ufpb.br\/cce\/wp-json\/wp\/v2\/comments?post=41"}],"version-history":[{"count":1,"href":"https:\/\/www.ccsa.ufpb.br\/cce\/wp-json\/wp\/v2\/pages\/41\/revisions"}],"predecessor-version":[{"id":42,"href":"https:\/\/www.ccsa.ufpb.br\/cce\/wp-json\/wp\/v2\/pages\/41\/revisions\/42"}],"wp:attachment":[{"href":"https:\/\/www.ccsa.ufpb.br\/cce\/wp-json\/wp\/v2\/media?parent=41"}],"curies":[{"name":"wp","href":"https:\/\/api.w.org\/{rel}","templated":true}]}}