{"id":43,"date":"2025-12-15T20:35:56","date_gmt":"2025-12-15T23:35:56","guid":{"rendered":"https:\/\/www.ccsa.ufpb.br\/cce\/?page_id=43"},"modified":"2025-12-15T20:35:56","modified_gmt":"2025-12-15T23:35:56","slug":"memorial","status":"publish","type":"page","link":"https:\/\/www.ccsa.ufpb.br\/cce\/memorial\/","title":{"rendered":"Memorial"},"content":{"rendered":"\n<p>Livro em Comemora\u00e7\u00e3o aos 70 anos do Curso de Ci\u00eancias Econ\u00f4micas da UFPB.<\/p>\n\n\n\n<figure class=\"wp-block-image size-large\"><a href=\"https:\/\/drive.google.com\/file\/d\/1l2DWM_7FerFFHlN1yyq-2ekoL5l8TPko\/view?usp=sharing\"><img loading=\"lazy\" decoding=\"async\" width=\"724\" height=\"1024\" src=\"http:\/\/www.ccsa.ufpb.br\/cce\/wp-content\/uploads\/sites\/179\/sites\/420\/2025\/12\/capa-do-livro_page-0001-724x1024.jpg\" alt=\"\" class=\"wp-image-44\" srcset=\"https:\/\/www.ccsa.ufpb.br\/cce\/wp-content\/uploads\/sites\/179\/sites\/420\/2025\/12\/capa-do-livro_page-0001-724x1024.jpg 724w, https:\/\/www.ccsa.ufpb.br\/cce\/wp-content\/uploads\/sites\/179\/sites\/420\/2025\/12\/capa-do-livro_page-0001-212x300.jpg 212w, https:\/\/www.ccsa.ufpb.br\/cce\/wp-content\/uploads\/sites\/179\/sites\/420\/2025\/12\/capa-do-livro_page-0001-768x1086.jpg 768w, https:\/\/www.ccsa.ufpb.br\/cce\/wp-content\/uploads\/sites\/179\/sites\/420\/2025\/12\/capa-do-livro_page-0001-1086x1536.jpg 1086w, https:\/\/www.ccsa.ufpb.br\/cce\/wp-content\/uploads\/sites\/179\/sites\/420\/2025\/12\/capa-do-livro_page-0001.jpg 1241w\" sizes=\"auto, (max-width: 724px) 100vw, 724px\" \/><\/a><\/figure>\n","protected":false},"excerpt":{"rendered":"<p>Livro em Comemora\u00e7\u00e3o aos 70 anos do Curso de Ci\u00eancias Econ\u00f4micas da UFPB.<\/p>\n","protected":false},"author":47,"featured_media":0,"parent":0,"menu_order":0,"comment_status":"closed","ping_status":"closed","template":"","meta":{"footnotes":""},"class_list":["post-43","page","type-page","status-publish","hentry"],"_links":{"self":[{"href":"https:\/\/www.ccsa.ufpb.br\/cce\/wp-json\/wp\/v2\/pages\/43","targetHints":{"allow":["GET"]}}],"collection":[{"href":"https:\/\/www.ccsa.ufpb.br\/cce\/wp-json\/wp\/v2\/pages"}],"about":[{"href":"https:\/\/www.ccsa.ufpb.br\/cce\/wp-json\/wp\/v2\/types\/page"}],"author":[{"embeddable":true,"href":"https:\/\/www.ccsa.ufpb.br\/cce\/wp-json\/wp\/v2\/users\/47"}],"replies":[{"embeddable":true,"href":"https:\/\/www.ccsa.ufpb.br\/cce\/wp-json\/wp\/v2\/comments?post=43"}],"version-history":[{"count":1,"href":"https:\/\/www.ccsa.ufpb.br\/cce\/wp-json\/wp\/v2\/pages\/43\/revisions"}],"predecessor-version":[{"id":45,"href":"https:\/\/www.ccsa.ufpb.br\/cce\/wp-json\/wp\/v2\/pages\/43\/revisions\/45"}],"wp:attachment":[{"href":"https:\/\/www.ccsa.ufpb.br\/cce\/wp-json\/wp\/v2\/media?parent=43"}],"curies":[{"name":"wp","href":"https:\/\/api.w.org\/{rel}","templated":true}]}}