{"id":48,"date":"2025-12-15T20:38:58","date_gmt":"2025-12-15T23:38:58","guid":{"rendered":"https:\/\/www.ccsa.ufpb.br\/cce\/?page_id=48"},"modified":"2025-12-15T20:38:58","modified_gmt":"2025-12-15T23:38:58","slug":"programas-academicos","status":"publish","type":"page","link":"https:\/\/www.ccsa.ufpb.br\/cce\/programas-academicos\/","title":{"rendered":"Programas Acad\u00eamicos"},"content":{"rendered":"\n<p>O Departamento de Economia possui v\u00e1rios programas acad\u00eamicos que oportunizam ao aluno um aprendizado extraclasse. Conhe\u00e7a alguns principais*:<\/p>\n\n\n\n<p>Projeto de Monitoria<\/p>\n\n\n\n<p>Projeto de Extens\u00e3o<\/p>\n\n\n\n<p>Projeto de Inicia\u00e7\u00e3o Cient\u00edfica.<\/p>\n\n\n\n<p>Estes projetos s\u00e3o realizados anualmente e a forma de entrada neles \u00e9 dada por editais divulgados amplamente nos meios de comunica\u00e7\u00e3o da UFPB. Envolve-se a participa\u00e7\u00e3o de bolsistas e volunt\u00e1rios.<\/p>\n\n\n\n<p>* Os programas est\u00e3o listados por professores, mas somente os de 2021 est\u00e3o em vigor.<\/p>\n","protected":false},"excerpt":{"rendered":"<p>O Departamento de Economia possui v\u00e1rios programas acad\u00eamicos que oportunizam ao aluno um aprendizado extraclasse. [&hellip;]<\/p>\n","protected":false},"author":47,"featured_media":0,"parent":0,"menu_order":0,"comment_status":"closed","ping_status":"closed","template":"","meta":{"footnotes":""},"class_list":["post-48","page","type-page","status-publish","hentry"],"_links":{"self":[{"href":"https:\/\/www.ccsa.ufpb.br\/cce\/wp-json\/wp\/v2\/pages\/48","targetHints":{"allow":["GET"]}}],"collection":[{"href":"https:\/\/www.ccsa.ufpb.br\/cce\/wp-json\/wp\/v2\/pages"}],"about":[{"href":"https:\/\/www.ccsa.ufpb.br\/cce\/wp-json\/wp\/v2\/types\/page"}],"author":[{"embeddable":true,"href":"https:\/\/www.ccsa.ufpb.br\/cce\/wp-json\/wp\/v2\/users\/47"}],"replies":[{"embeddable":true,"href":"https:\/\/www.ccsa.ufpb.br\/cce\/wp-json\/wp\/v2\/comments?post=48"}],"version-history":[{"count":1,"href":"https:\/\/www.ccsa.ufpb.br\/cce\/wp-json\/wp\/v2\/pages\/48\/revisions"}],"predecessor-version":[{"id":49,"href":"https:\/\/www.ccsa.ufpb.br\/cce\/wp-json\/wp\/v2\/pages\/48\/revisions\/49"}],"wp:attachment":[{"href":"https:\/\/www.ccsa.ufpb.br\/cce\/wp-json\/wp\/v2\/media?parent=48"}],"curies":[{"name":"wp","href":"https:\/\/api.w.org\/{rel}","templated":true}]}}