{"id":50,"date":"2025-12-15T20:39:22","date_gmt":"2025-12-15T23:39:22","guid":{"rendered":"https:\/\/www.ccsa.ufpb.br\/cce\/?page_id=50"},"modified":"2026-01-29T10:44:29","modified_gmt":"2026-01-29T13:44:29","slug":"manual-do-sigaa","status":"publish","type":"page","link":"https:\/\/www.ccsa.ufpb.br\/cce\/manual-do-sigaa\/","title":{"rendered":"Manual do SIGAA"},"content":{"rendered":"\n<p><a href=\"https:\/\/conhecimento.sti.ufpb.br\/books\/acesso-aos-sistemas-sig-manual\/page\/manual-de-acesso-ao-sigaa-discente\" target=\"_blank\" rel=\"noreferrer noopener\">Manual de acesso<\/a><\/p>\n\n\n\n<div data-wp-interactive=\"core\/file\" class=\"wp-block-file\"><object data-wp-bind--hidden=\"!state.hasPdfPreview\" hidden class=\"wp-block-file__embed\" data=\"https:\/\/www.ccsa.ufpb.br\/cce\/wp-content\/uploads\/sites\/179\/sites\/420\/2026\/01\/Manual-de-Acesso-ao-SI.-_-STI-Base-de-Conhecimento.pdf\" type=\"application\/pdf\" style=\"width:100%;height:600px\" aria-label=\"Incorporado de Manual de Acesso ao SI... _ STI - Base de Conhecimento.\"><\/object><a id=\"wp-block-file--media-a22b13b7-ca32-4651-9cb6-07e15e9bc094\" href=\"https:\/\/www.ccsa.ufpb.br\/cce\/wp-content\/uploads\/sites\/179\/sites\/420\/2026\/01\/Manual-de-Acesso-ao-SI.-_-STI-Base-de-Conhecimento.pdf\">Manual de Acesso ao SI&#8230; _ STI &#8211; Base de Conhecimento<\/a><a href=\"https:\/\/www.ccsa.ufpb.br\/cce\/wp-content\/uploads\/sites\/179\/sites\/420\/2026\/01\/Manual-de-Acesso-ao-SI.-_-STI-Base-de-Conhecimento.pdf\" class=\"wp-block-file__button wp-element-button\" download aria-describedby=\"wp-block-file--media-a22b13b7-ca32-4651-9cb6-07e15e9bc094\">Baixar<\/a><\/div>\n\n\n\n<div data-wp-interactive=\"core\/file\" class=\"wp-block-file\"><object data-wp-bind--hidden=\"!state.hasPdfPreview\" hidden class=\"wp-block-file__embed\" data=\"https:\/\/www.ccsa.ufpb.br\/cce\/wp-content\/uploads\/sites\/179\/sites\/420\/2026\/01\/Tutorial-SIGAA.pdf\" type=\"application\/pdf\" style=\"width:100%;height:600px\" aria-label=\"Incorporado de Tutorial SIGAA.\"><\/object><a id=\"wp-block-file--media-7ad5a4da-e25d-48eb-8d09-6262b207d409\" href=\"https:\/\/www.ccsa.ufpb.br\/cce\/wp-content\/uploads\/sites\/179\/sites\/420\/2026\/01\/Tutorial-SIGAA.pdf\">Tutorial SIGAA<\/a><a href=\"https:\/\/www.ccsa.ufpb.br\/cce\/wp-content\/uploads\/sites\/179\/sites\/420\/2026\/01\/Tutorial-SIGAA.pdf\" class=\"wp-block-file__button wp-element-button\" download aria-describedby=\"wp-block-file--media-7ad5a4da-e25d-48eb-8d09-6262b207d409\">Baixar<\/a><\/div>\n\n\n\n<p><a href=\"https:\/\/www.youtube.com\/watch?v=pnz10zncbCg&amp;feature=emb_logo\" target=\"_blank\" rel=\"noreferrer noopener\">V\u00eddeo sobre processo de matr\u00edcula<\/a><\/p>\n\n\n\n<p><a href=\"https:\/\/www.youtube.com\/watch?v=y15lIeqXVP8&amp;feature=emb_logo\" target=\"_blank\" rel=\"noreferrer noopener\">V\u00eddeo sobre como realizar matr\u00edcula<\/a><\/p>\n","protected":false},"excerpt":{"rendered":"<p>Manual de acesso V\u00eddeo sobre processo de matr\u00edcula V\u00eddeo sobre como realizar matr\u00edcula<\/p>\n","protected":false},"author":47,"featured_media":0,"parent":0,"menu_order":0,"comment_status":"closed","ping_status":"closed","template":"","meta":{"footnotes":""},"class_list":["post-50","page","type-page","status-publish","hentry"],"_links":{"self":[{"href":"https:\/\/www.ccsa.ufpb.br\/cce\/wp-json\/wp\/v2\/pages\/50","targetHints":{"allow":["GET"]}}],"collection":[{"href":"https:\/\/www.ccsa.ufpb.br\/cce\/wp-json\/wp\/v2\/pages"}],"about":[{"href":"https:\/\/www.ccsa.ufpb.br\/cce\/wp-json\/wp\/v2\/types\/page"}],"author":[{"embeddable":true,"href":"https:\/\/www.ccsa.ufpb.br\/cce\/wp-json\/wp\/v2\/users\/47"}],"replies":[{"embeddable":true,"href":"https:\/\/www.ccsa.ufpb.br\/cce\/wp-json\/wp\/v2\/comments?post=50"}],"version-history":[{"count":4,"href":"https:\/\/www.ccsa.ufpb.br\/cce\/wp-json\/wp\/v2\/pages\/50\/revisions"}],"predecessor-version":[{"id":183,"href":"https:\/\/www.ccsa.ufpb.br\/cce\/wp-json\/wp\/v2\/pages\/50\/revisions\/183"}],"wp:attachment":[{"href":"https:\/\/www.ccsa.ufpb.br\/cce\/wp-json\/wp\/v2\/media?parent=50"}],"curies":[{"name":"wp","href":"https:\/\/api.w.org\/{rel}","templated":true}]}}