{"id":52,"date":"2025-12-15T20:40:25","date_gmt":"2025-12-15T23:40:25","guid":{"rendered":"https:\/\/www.ccsa.ufpb.br\/cce\/?page_id=52"},"modified":"2026-01-29T11:05:16","modified_gmt":"2026-01-29T14:05:16","slug":"laurea-academica","status":"publish","type":"page","link":"https:\/\/www.ccsa.ufpb.br\/cce\/laurea-academica\/","title":{"rendered":"L\u00e1urea Acad\u00eamica"},"content":{"rendered":"\n<p><a href=\"http:\/\/www.prg.ufpb.br\/prg\/codesc\/processos-seletivos\/instrucao-no-3-2021-prg-colacao-de-grau.pdf\" target=\"_blank\" rel=\"noreferrer noopener\">Laurea Acad\u00eamica<\/a><\/p>\n\n\n\n<p>A L\u00e1urea Acad\u00eamica, concedida pela Pr\u00f3-Reitoria de Gradua\u00e7\u00e3o (PRG) da&nbsp;<a target=\"_blank\" rel=\"noreferrer noopener\" href=\"https:\/\/www.ccsa.ufpb.br\/arqv\/contents\/menu\/tccs\/Laurea\">UFPB<\/a>,&nbsp;<mark>\u00e9 um pr\u00eamio de m\u00e9rito para formandos com desempenho excepcional, geralmente os tr\u00eas melhores da turma, com base em notas, integraliza\u00e7\u00e3o no tempo correto e atividades de extens\u00e3o\/pesquisa<\/mark>. A honraria \u00e9 entregue na cola\u00e7\u00e3o de grau, conforme instru\u00e7\u00f5es normativas da UFPB (IN 02\/2025).&nbsp;<\/p>\n\n\n\n<p><strong>Principais Aspectos da L\u00e1urea Acad\u00eamica &#8211; PRG\/UFPB:<\/strong><\/p>\n\n\n\n<ul class=\"wp-block-list\">\n<li><strong>Objetivo:<\/strong>&nbsp;Reconhecer o m\u00e9rito intelectual e acad\u00eamico dos discentes com melhor desempenho ao final do curso.<\/li>\n\n\n\n<li><strong>Crit\u00e9rios de Sele\u00e7\u00e3o:<\/strong>&nbsp;Inclui o \u00cdndice de Rendimento Acad\u00eamico (IRA), aprova\u00e7\u00e3o em todas as disciplinas, e integraliza\u00e7\u00e3o do curso no tempo regular, com destaque para a participa\u00e7\u00e3o em atividades de ensino, pesquisa e extens\u00e3o.<\/li>\n\n\n\n<li><strong>Publica\u00e7\u00e3o e Recursos:<\/strong>&nbsp;As comiss\u00f5es avaliadoras de cada curso publicam relat\u00f3rios preliminares dos indicados, sendo poss\u00edvel solicitar reconsidera\u00e7\u00e3o em caso de discord\u00e2ncia.<\/li>\n\n\n\n<li><strong>Entrega:<\/strong>&nbsp;O certificado \u00e9 conferido pelo Reitor ou representante, preferencialmente na cerim\u00f4nia de cola\u00e7\u00e3o de grau. Os diplomas s\u00e3o retirados pelos coordenadores de curso.<\/li>\n\n\n\n<li><strong>Abrang\u00eancia:<\/strong>&nbsp;Aplica-se a cursos presenciais e a dist\u00e2ncia da UFPB.&nbsp;<\/li>\n<\/ul>\n\n\n\n<p>As normas vigentes para a concess\u00e3o s\u00e3o a&nbsp;<strong>Resolu\u00e7\u00e3o CONSUNI N\u00ba 06\/2022<\/strong>&nbsp;e as instru\u00e7\u00f5es normativas da PRG, como a&nbsp;<strong><a href=\"https:\/\/drive.ufpb.br\/s\/B6XZEybArX32Cga\">IN n\u00ba 02\/2025<\/a><\/strong>.&nbsp;<\/p>\n\n\n\n<p>L\u00e1urea Acad\u00eamica 2025.1<\/p>\n\n\n\n<div data-wp-interactive=\"core\/file\" class=\"wp-block-file\"><object data-wp-bind--hidden=\"!state.hasPdfPreview\" hidden class=\"wp-block-file__embed\" data=\"https:\/\/www.ccsa.ufpb.br\/cce\/wp-content\/uploads\/sites\/179\/sites\/420\/2026\/01\/RelatorioFinalLaureaAcademica2025.1.pdf\" type=\"application\/pdf\" style=\"width:100%;height:600px\" aria-label=\"Incorporado de RelatorioFinalLaureaAcademica2025.1.\"><\/object><a id=\"wp-block-file--media-8444f177-d247-4d79-830a-c89993c1d9e4\" href=\"https:\/\/www.ccsa.ufpb.br\/cce\/wp-content\/uploads\/sites\/179\/sites\/420\/2026\/01\/RelatorioFinalLaureaAcademica2025.1.pdf\">RelatorioFinalLaureaAcademica2025.1<\/a><a href=\"https:\/\/www.ccsa.ufpb.br\/cce\/wp-content\/uploads\/sites\/179\/sites\/420\/2026\/01\/RelatorioFinalLaureaAcademica2025.1.pdf\" class=\"wp-block-file__button wp-element-button\" download aria-describedby=\"wp-block-file--media-8444f177-d247-4d79-830a-c89993c1d9e4\">Baixar<\/a><\/div>\n\n\n\n<p><\/p>\n\n\n\n<p><\/p>\n\n\n\n<p><\/p>\n","protected":false},"excerpt":{"rendered":"<p>Laurea Acad\u00eamica A L\u00e1urea Acad\u00eamica, concedida pela Pr\u00f3-Reitoria de Gradua\u00e7\u00e3o (PRG) da&nbsp;UFPB,&nbsp;\u00e9 um pr\u00eamio de [&hellip;]<\/p>\n","protected":false},"author":47,"featured_media":0,"parent":0,"menu_order":0,"comment_status":"closed","ping_status":"closed","template":"","meta":{"footnotes":""},"class_list":["post-52","page","type-page","status-publish","hentry"],"_links":{"self":[{"href":"https:\/\/www.ccsa.ufpb.br\/cce\/wp-json\/wp\/v2\/pages\/52","targetHints":{"allow":["GET"]}}],"collection":[{"href":"https:\/\/www.ccsa.ufpb.br\/cce\/wp-json\/wp\/v2\/pages"}],"about":[{"href":"https:\/\/www.ccsa.ufpb.br\/cce\/wp-json\/wp\/v2\/types\/page"}],"author":[{"embeddable":true,"href":"https:\/\/www.ccsa.ufpb.br\/cce\/wp-json\/wp\/v2\/users\/47"}],"replies":[{"embeddable":true,"href":"https:\/\/www.ccsa.ufpb.br\/cce\/wp-json\/wp\/v2\/comments?post=52"}],"version-history":[{"count":6,"href":"https:\/\/www.ccsa.ufpb.br\/cce\/wp-json\/wp\/v2\/pages\/52\/revisions"}],"predecessor-version":[{"id":193,"href":"https:\/\/www.ccsa.ufpb.br\/cce\/wp-json\/wp\/v2\/pages\/52\/revisions\/193"}],"wp:attachment":[{"href":"https:\/\/www.ccsa.ufpb.br\/cce\/wp-json\/wp\/v2\/media?parent=52"}],"curies":[{"name":"wp","href":"https:\/\/api.w.org\/{rel}","templated":true}]}}