{"id":56,"date":"2025-12-15T20:41:34","date_gmt":"2025-12-15T23:41:34","guid":{"rendered":"https:\/\/www.ccsa.ufpb.br\/cce\/?page_id=56"},"modified":"2025-12-15T20:41:35","modified_gmt":"2025-12-15T23:41:35","slug":"formulario-de-informacoes-emergenciais-caeco-ufpb","status":"publish","type":"page","link":"https:\/\/www.ccsa.ufpb.br\/cce\/formulario-de-informacoes-emergenciais-caeco-ufpb\/","title":{"rendered":"Formul\u00e1rio de Informa\u00e7\u00f5es Emergenciais \u2013 CAECO\/UFPB"},"content":{"rendered":"\n<p>Ol\u00e1, estudante de Economia!<\/p>\n\n\n\n<p>Visando a seguran\u00e7a de todos, o&nbsp;<strong>Centro Acad\u00eamico de Economia da UFPB (CAECO-UFPB)&nbsp;<\/strong>junto a&nbsp;<strong>Coordena\u00e7\u00e3o de Economia<\/strong>&nbsp;est\u00e1 criando um banco de informa\u00e7\u00f5es emergenciais para auxiliar em situa\u00e7\u00f5es cr\u00edticas que possam ocorrer na universidade. O objetivo \u00e9 garantir que, em caso de necessidade, possamos entrar em contato com um respons\u00e1vel ou fornecer informa\u00e7\u00f5es essenciais para um atendimento r\u00e1pido e adequado, j\u00e1 que a Universidade n\u00e3o disp\u00f5e destes meios.<\/p>\n\n\n\n<p>\u26a0\ufe0f&nbsp;<strong>Importante:<\/strong>&nbsp;Todas as informa\u00e7\u00f5es fornecidas ser\u00e3o utilizadas&nbsp;<strong>exclusivamente<\/strong>&nbsp;para fins emergenciais e acessadas apenas quando necess\u00e1rio.<\/p>\n\n\n\n<p>Contamos com a sua colabora\u00e7\u00e3o para tornar o ambiente acad\u00eamico mais seguro!<\/p>\n\n\n\n<p>Preencha os campos abaixo com aten\u00e7\u00e3o. \ud83d\udc99\ud83d\udcda<\/p>\n\n\n\n<p><strong>Contato:<\/strong>&nbsp;ufpbcaeco@gmail.com<\/p>\n\n\n\n<p><strong><a href=\"https:\/\/docs.google.com\/forms\/d\/18VRgsvrSczoOaxulBdd59Ur95tGLyOVI3Uh-merUxlU\/edit?ts=67daf9e4\" target=\"_blank\" rel=\"noreferrer noopener\">FORMUL\u00c1RIO DE INFORMA\u00c7\u00d5ES EMERGENCIAIS \u2013 CAECO\/UFPB<\/a><\/strong><\/p>\n","protected":false},"excerpt":{"rendered":"<p>Ol\u00e1, estudante de Economia! Visando a seguran\u00e7a de todos, o&nbsp;Centro Acad\u00eamico de Economia da UFPB [&hellip;]<\/p>\n","protected":false},"author":47,"featured_media":0,"parent":0,"menu_order":0,"comment_status":"closed","ping_status":"closed","template":"","meta":{"footnotes":""},"class_list":["post-56","page","type-page","status-publish","hentry"],"_links":{"self":[{"href":"https:\/\/www.ccsa.ufpb.br\/cce\/wp-json\/wp\/v2\/pages\/56","targetHints":{"allow":["GET"]}}],"collection":[{"href":"https:\/\/www.ccsa.ufpb.br\/cce\/wp-json\/wp\/v2\/pages"}],"about":[{"href":"https:\/\/www.ccsa.ufpb.br\/cce\/wp-json\/wp\/v2\/types\/page"}],"author":[{"embeddable":true,"href":"https:\/\/www.ccsa.ufpb.br\/cce\/wp-json\/wp\/v2\/users\/47"}],"replies":[{"embeddable":true,"href":"https:\/\/www.ccsa.ufpb.br\/cce\/wp-json\/wp\/v2\/comments?post=56"}],"version-history":[{"count":1,"href":"https:\/\/www.ccsa.ufpb.br\/cce\/wp-json\/wp\/v2\/pages\/56\/revisions"}],"predecessor-version":[{"id":57,"href":"https:\/\/www.ccsa.ufpb.br\/cce\/wp-json\/wp\/v2\/pages\/56\/revisions\/57"}],"wp:attachment":[{"href":"https:\/\/www.ccsa.ufpb.br\/cce\/wp-json\/wp\/v2\/media?parent=56"}],"curies":[{"name":"wp","href":"https:\/\/api.w.org\/{rel}","templated":true}]}}