{"id":44,"date":"2025-10-04T21:39:42","date_gmt":"2025-10-05T00:39:42","guid":{"rendered":"https:\/\/www.ccsa.ufpb.br\/cgp\/?page_id=44"},"modified":"2026-02-06T09:01:15","modified_gmt":"2026-02-06T12:01:15","slug":"atribuicoes","status":"publish","type":"page","link":"https:\/\/www.ccsa.ufpb.br\/cgp\/atribuicoes\/","title":{"rendered":"Atribui\u00e7\u00f5es"},"content":{"rendered":"\n<p class=\" \">A Coordena\u00e7\u00e3o do Curso possui um conjunto de atribui\u00e7\u00f5es previstas no <a href=\"https:\/\/www.ufpb.br\/sods\/contents\/menu\/copy_of_regimentos\/regimento-geral\" target=\"_blank\" rel=\"noreferrer noopener\">Regimento Geral da UFPB<\/a> (Art. 32.), resumidas a seguir.<\/p>\n\n\n\n<h2 class=\"wp-block-heading\"><div class=\"linha-header\"><strong>Atribui\u00e7\u00f5es Gerais<\/strong><\/div><\/h2>\n\n\n\n<ul class=\"wp-block-list\">\n<li>Acompanhar e avaliar a execu\u00e7\u00e3o curricular<\/li>\n\n\n\n<li>Elaborar, mediante entendimentos com as chefias departamentais, a oferta de disciplinas dos per\u00edodos letivos<\/li>\n\n\n\n<li>Exercer a coordena\u00e7\u00e3o da matr\u00edcula no \u00e2mbito do curso, em articula\u00e7\u00e3o com o \u00f3rg\u00e3o central de controle acad\u00eamico<\/li>\n\n\n\n<li>Julgar os pedidos de trancamento de matr\u00edcula e outras solicita\u00e7\u00f5es referentes ao cotidiano do estudante<\/li>\n\n\n\n<li>Propor ao Colegiado altera\u00e7\u00f5es do curr\u00edculo do Curso a serem submetidas ao Conselho do Centro e ao CONSEPE<\/li>\n\n\n\n<li>Oferecer assist\u00eancia pedag\u00f3gica ao estudante de gradua\u00e7\u00e3o<\/li>\n<\/ul>\n\n\n\n<h2 class=\"wp-block-heading\"><div class=\"linha-header\"><strong>Atribui\u00e7\u00f5es Processuais<\/strong><\/div><\/h2>\n\n\n\n<ul class=\"wp-block-list\">\n<li>Matr\u00edcula em Disciplinas: realizada pela Coordena\u00e7\u00e3o do Curso para os ingressantes&nbsp;<\/li>\n\n\n\n<li>Dispensa de Disciplinas: requerida mediante hist\u00f3rico escolar e ementa da disciplina requerida<\/li>\n\n\n\n<li>Abrevia\u00e7\u00e3o de Curso: requerida conforme Calend\u00e1rio Acad\u00eamico e requisitos da resolu\u00e7\u00e3o 29\/2020 do CONSEPE\/UFPB<\/li>\n\n\n\n<li>Dilata\u00e7\u00e3o de Prazo: requerida no \u00faltimo per\u00edodo restante do(a) discente, conforme resolu\u00e7\u00e3o 29\/2020 do CONSEPE\/UFPB<\/li>\n\n\n\n<li>Trancamento de Per\u00edodo ou Disciplinas: requerido conforme Calend\u00e1rio Acad\u00eamico. Quando a solicita\u00e7\u00e3o ocorrer fora do prazo, o(a) discente deve anexar documentos que comprovem motivos de for\u00e7a maior ou problemas de sa\u00fade<\/li>\n\n\n\n<li>Diploma: al\u00e9m do requerimento, deve apresentar &#8220;Nada Consta&#8221; da Biblioteca Central, Certid\u00e3o de Conclus\u00e3o de Curso e outros documentos exigidos pela Coordena\u00e7\u00e3o do Curso<\/li>\n<\/ul>\n","protected":false},"excerpt":{"rendered":"<p>A Coordena\u00e7\u00e3o do Curso possui um conjunto de atribui\u00e7\u00f5es previstas no Regimento Geral da UFPB [&hellip;]<\/p>\n","protected":false},"author":47,"featured_media":0,"parent":0,"menu_order":0,"comment_status":"closed","ping_status":"closed","template":"","meta":{"footnotes":""},"class_list":["post-44","page","type-page","status-publish","hentry"],"_links":{"self":[{"href":"https:\/\/www.ccsa.ufpb.br\/cgp\/wp-json\/wp\/v2\/pages\/44","targetHints":{"allow":["GET"]}}],"collection":[{"href":"https:\/\/www.ccsa.ufpb.br\/cgp\/wp-json\/wp\/v2\/pages"}],"about":[{"href":"https:\/\/www.ccsa.ufpb.br\/cgp\/wp-json\/wp\/v2\/types\/page"}],"author":[{"embeddable":true,"href":"https:\/\/www.ccsa.ufpb.br\/cgp\/wp-json\/wp\/v2\/users\/47"}],"replies":[{"embeddable":true,"href":"https:\/\/www.ccsa.ufpb.br\/cgp\/wp-json\/wp\/v2\/comments?post=44"}],"version-history":[{"count":2,"href":"https:\/\/www.ccsa.ufpb.br\/cgp\/wp-json\/wp\/v2\/pages\/44\/revisions"}],"predecessor-version":[{"id":195,"href":"https:\/\/www.ccsa.ufpb.br\/cgp\/wp-json\/wp\/v2\/pages\/44\/revisions\/195"}],"wp:attachment":[{"href":"https:\/\/www.ccsa.ufpb.br\/cgp\/wp-json\/wp\/v2\/media?parent=44"}],"curies":[{"name":"wp","href":"https:\/\/api.w.org\/{rel}","templated":true}]}}