{"id":77,"date":"2025-10-10T11:01:13","date_gmt":"2025-10-10T14:01:13","guid":{"rendered":"https:\/\/www.ccsa.ufpb.br\/cgp\/?page_id=77"},"modified":"2026-03-23T14:24:27","modified_gmt":"2026-03-23T17:24:27","slug":"resolucoes","status":"publish","type":"page","link":"https:\/\/www.ccsa.ufpb.br\/cgp\/resolucoes\/","title":{"rendered":"Normativos"},"content":{"rendered":"\n<h2 class=\"wp-block-heading\"><div class=\"linha-header\"><strong>CONSEPE<\/strong><\/div><\/h2>\n\n\n\n<ul class=\"wp-block-list\">\n<li><a href=\"https:\/\/www.prg.ufpb.br\/prg\/codesc\/documentos\/calendario-academico\/\">Calend\u00e1rio Acad\u00eamico<\/a><\/li>\n\n\n\n<li>Regulamento Geral de Gradua\u00e7\u00e3o da Universidade Federal da Para\u00edba\n<ul class=\"wp-block-list\">\n<li><a href=\"https:\/\/sig-arq.ufpb.br\/arquivos\/2020189051e2be2611980cbe468246287\/Resp29.20.pdf\">Resolu\u00e7\u00e3o CONSEPE 29\/2020<\/a><\/li>\n<\/ul>\n<\/li>\n\n\n\n<li>Projeto Pol\u00edtico-Pedag\u00f3gico do Curso de Gradua\u00e7\u00e3o em Gest\u00e3o P\u00fablica (Bacharelado)\n<ul class=\"wp-block-list\">\n<li><a href=\"https:\/\/sig-arq.ufpb.br\/arquivos\/2022175048ad47462631843a28dbab557\/Consepe_43-2016_Resoluo_de_Aprovao_do_PPC_do_BGP.pdf\">Resolu\u00e7\u00e3o CONSEPE N\u00b043\/2016<\/a> &#8211; <a href=\"https:\/\/sig-arq.ufpb.br\/arquivos\/2026082170d3ff8614613ab3494f6db04\/PPC_Bacharelado_em_Gesto_Pblica_-_BGP-2017.pdf\">PPC completo aqui<\/a><\/li>\n\n\n\n<li><a href=\"https:\/\/sig-arq.ufpb.br\/arquivos\/2026092215dcd68539457a2c245b58f67\/Res._n._79.2025_Consepe_PPC_Gesto_Pblica.pdf\">Resolu\u00e7\u00e3o CONSEPE N\u00b0 79\/2025<\/a><\/li>\n<\/ul>\n<\/li>\n<\/ul>\n\n\n\n<p><\/p>\n\n\n\n<h2 class=\"wp-block-heading\"><div class=\"linha-header\"><strong>CURSO DE GEST\u00c3O P\u00daBLICA<\/strong><\/div><\/h2>\n\n\n\n<ul class=\"wp-block-list\">\n<li>Resolu\u00e7\u00e3o de TCC\n<ul class=\"wp-block-list\">\n<li><a href=\"https:\/\/sig-arq.ufpb.br\/arquivos\/20221501280b3e402001462e1d4d51d9c\/Resoluo_de_Trabalho_de_Concluso_de_Curso_-_BGP.pdf\">CGGP 01\/2022 &#8211; Bacharelado<\/a><\/li>\n<\/ul>\n<\/li>\n\n\n\n<li>Resolu\u00e7\u00e3o de Est\u00e1gio\n<ul class=\"wp-block-list\">\n<li><a href=\"https:\/\/sig-arq.ufpb.br\/arquivos\/202320024903295481757aa6069a1bcaf\/Resoluo_de_Estgio_Supervisionado_02-2023.pdf\">CGGP 02\/2023 &#8211; Bacharelado<\/a><\/li>\n<\/ul>\n<\/li>\n\n\n\n<li>Resolu\u00e7\u00e3o de Atividades Complementares Flex\u00edveis\n<ul class=\"wp-block-list\">\n<li><a href=\"https:\/\/sig-arq.ufpb.br\/arquivos\/2023105089926a5481767147521926474\/Resoluo_CGGP_01-2023_-_Atividades_Complementares.pdf\">CGGP 01\/2023 &#8211; Bacharelado<\/a><\/li>\n<\/ul>\n<\/li>\n\n\n\n<li>Resolu\u00e7\u00e3o de Revalida\u00e7\u00e3o de Diplomas de Gradua\u00e7\u00e3o de Estabelecimentos Estrangeiros\n<ul class=\"wp-block-list\">\n<li><a href=\"https:\/\/sig-arq.ufpb.br\/arquivos\/2022006114f9104052794d83f25501282\/Resolucao_CGGP_01-2021_-_Revalidao_de_diploma.pdf\">CGGP 01\/2021 &#8211; Bacharelado<\/a><\/li>\n<\/ul>\n<\/li>\n<\/ul>\n\n\n\n<p><\/p>\n","protected":false},"excerpt":{"rendered":"<p>CONSEPE CURSO DE GEST\u00c3O P\u00daBLICA<\/p>\n","protected":false},"author":440,"featured_media":0,"parent":0,"menu_order":0,"comment_status":"closed","ping_status":"closed","template":"","meta":{"footnotes":""},"class_list":["post-77","page","type-page","status-publish","hentry"],"_links":{"self":[{"href":"https:\/\/www.ccsa.ufpb.br\/cgp\/wp-json\/wp\/v2\/pages\/77","targetHints":{"allow":["GET"]}}],"collection":[{"href":"https:\/\/www.ccsa.ufpb.br\/cgp\/wp-json\/wp\/v2\/pages"}],"about":[{"href":"https:\/\/www.ccsa.ufpb.br\/cgp\/wp-json\/wp\/v2\/types\/page"}],"author":[{"embeddable":true,"href":"https:\/\/www.ccsa.ufpb.br\/cgp\/wp-json\/wp\/v2\/users\/440"}],"replies":[{"embeddable":true,"href":"https:\/\/www.ccsa.ufpb.br\/cgp\/wp-json\/wp\/v2\/comments?post=77"}],"version-history":[{"count":13,"href":"https:\/\/www.ccsa.ufpb.br\/cgp\/wp-json\/wp\/v2\/pages\/77\/revisions"}],"predecessor-version":[{"id":241,"href":"https:\/\/www.ccsa.ufpb.br\/cgp\/wp-json\/wp\/v2\/pages\/77\/revisions\/241"}],"wp:attachment":[{"href":"https:\/\/www.ccsa.ufpb.br\/cgp\/wp-json\/wp\/v2\/media?parent=77"}],"curies":[{"name":"wp","href":"https:\/\/api.w.org\/{rel}","templated":true}]}}