{"id":87,"date":"2025-10-10T15:33:22","date_gmt":"2025-10-10T18:33:22","guid":{"rendered":"https:\/\/www.ccsa.ufpb.br\/cgp\/?page_id=87"},"modified":"2026-02-05T17:13:23","modified_gmt":"2026-02-05T20:13:23","slug":"matriz-curricular","status":"publish","type":"page","link":"https:\/\/www.ccsa.ufpb.br\/cgp\/matriz-curricular\/","title":{"rendered":"Matriz Curricular"},"content":{"rendered":"\n<p><\/p>\n\n\n\n<h2 class=\"wp-block-heading\"><div class=\"linha-header\"><strong>Dura\u00e7\u00e3o<\/strong><\/div><\/h2>\n\n\n\n<ul class=\"wp-block-list\">\n<li>M\u00ednimo: 08 (oito) per\u00edodos letivos<\/li>\n\n\n\n<li>M\u00e1ximo: 12 (doze) per\u00edodos letivos<\/li>\n<\/ul>\n\n\n\n<p><\/p>\n\n\n\n<h2 class=\"wp-block-heading\"><div class=\"linha-header\"><strong>Turno<\/strong><\/div><\/h2>\n\n\n\n<p>Vespertino (14h \u00e0s 18h)<\/p>\n\n\n\n<p><\/p>\n\n\n\n<h2 class=\"wp-block-heading\"><div class=\"linha-header\"><strong>Composi\u00e7\u00e3o Curricular<\/strong><\/div><\/h2>\n\n\n\n<figure class=\"wp-block-table\"><table class=\"has-fixed-layout\"><tbody><tr><td class=\"has-text-align-center\" data-align=\"center\"><strong>Conte\u00fados<\/strong><\/td><td class=\"has-text-align-center\" data-align=\"center\"><strong>Cr\u00e9ditos<\/strong><\/td><td class=\"has-text-align-center\" data-align=\"center\"><strong>Carga Hor\u00e1ria<\/strong><\/td><\/tr><tr><td class=\"has-text-align-center\" data-align=\"center\">B\u00e1sicos Profissionais<\/td><td class=\"has-text-align-center\" data-align=\"center\">100<\/td><td class=\"has-text-align-center\" data-align=\"center\">1.500<\/td><\/tr><tr><td class=\"has-text-align-center\" data-align=\"center\">Complementar Obrigat\u00f3rio<\/td><td class=\"has-text-align-center\" data-align=\"center\">56<\/td><td class=\"has-text-align-center\" data-align=\"center\">840<\/td><\/tr><tr><td class=\"has-text-align-center\" data-align=\"center\">Complementares Optativos<\/td><td class=\"has-text-align-center\" data-align=\"center\">24<\/td><td class=\"has-text-align-center\" data-align=\"center\">360<\/td><\/tr><tr><td class=\"has-text-align-center\" data-align=\"center\">Complementares Flex\u00edveis<\/td><td class=\"has-text-align-center\" data-align=\"center\">20<\/td><td class=\"has-text-align-center\" data-align=\"center\">300<\/td><\/tr><tr><td class=\"has-text-align-center\" data-align=\"center\">Trabalho de Conclus\u00e3o de Curso<\/td><td class=\"has-text-align-center\" data-align=\"center\">8<\/td><td class=\"has-text-align-center\" data-align=\"center\">120<\/td><\/tr><tr><td class=\"has-text-align-center\" data-align=\"center\">Est\u00e1gio Supervisionado<\/td><td class=\"has-text-align-center\" data-align=\"center\">20<\/td><td class=\"has-text-align-center\" data-align=\"center\">300<\/td><\/tr><tr><td class=\"has-text-align-center\" data-align=\"center\">Atividades Complementares<\/td><td class=\"has-text-align-center\" data-align=\"center\">20<\/td><td class=\"has-text-align-center\" data-align=\"center\">300<\/td><\/tr><tr><td class=\"has-text-align-center\" data-align=\"center\"><strong>Carga Hor\u00e1ria Total do Curso<\/strong><\/td><td class=\"has-text-align-center\" data-align=\"center\"><strong>200<\/strong><\/td><td class=\"has-text-align-center\" data-align=\"center\"><strong>3.000<\/strong><\/td><\/tr><\/tbody><\/table><\/figure>\n\n\n\n<p><\/p>\n\n\n\n<h2 class=\"wp-block-heading\"><div class=\"linha-header\"><strong>Matriz Curricular<\/strong><\/div><\/h2>\n\n\n\n<figure class=\"wp-block-table\"><table class=\"has-fixed-layout\"><tbody><tr><td class=\"has-text-align-center\" data-align=\"center\">P1<\/td><td class=\"has-text-align-center\" data-align=\"center\">Teoria Geral da Administra\u00e7\u00e3o<\/td><td class=\"has-text-align-center\" data-align=\"center\">Introdu\u00e7\u00e3o \u00e0 Economia<\/td><td class=\"has-text-align-center\" data-align=\"center\">Matem\u00e1tica Aplicada<\/td><td class=\"has-text-align-center\" data-align=\"center\">Metodologia do Trab. Cient.<\/td><td class=\"has-text-align-center\" data-align=\"center\">Fundamentos das Ci\u00ean. Sociais<\/td><\/tr><tr><td class=\"has-text-align-center\" data-align=\"center\">P2<\/td><td class=\"has-text-align-center\" data-align=\"center\">Fundamentos da Gest\u00e3o P\u00fablica<\/td><td class=\"has-text-align-center\" data-align=\"center\">Fundamentos da Contabilidade<\/td><td class=\"has-text-align-center\" data-align=\"center\">Estat. Ci\u00ean. Hum. Sociais I<\/td><td class=\"has-text-align-center\" data-align=\"center\">Int. ao Estudo do Direito<\/td><td class=\"has-text-align-center\" data-align=\"center\">Fund. da Ci\u00ean. Pol\u00edtica<\/td><\/tr><tr><td class=\"has-text-align-center\" data-align=\"center\">P3<\/td><td class=\"has-text-align-center\" data-align=\"center\">Pol\u00edticas P\u00fablicas<\/td><td class=\"has-text-align-center\" data-align=\"center\">Contabilidade P\u00fablica<\/td><td class=\"has-text-align-center\" data-align=\"center\">Gest. Pessoas no Set. P\u00fab.<\/td><td class=\"has-text-align-center\" data-align=\"center\">Direito Constitucional<\/td><td class=\"has-text-align-center\" data-align=\"center\">Gest. Proc.e Est. Org.<\/td><\/tr><tr><td class=\"has-text-align-center\" data-align=\"center\">P4<\/td><td class=\"has-text-align-center\" data-align=\"center\">Gest\u00e3o Financeira<\/td><td class=\"has-text-align-center\" data-align=\"center\">Economia do Setor P\u00fablico<\/td><td class=\"has-text-align-center\" data-align=\"center\">Planejamento Governamental<\/td><td class=\"has-text-align-center\" data-align=\"center\">Direito Administrativo<\/td><td class=\"has-text-align-center\" data-align=\"center\">Gest\u00e3o Municipal<\/td><\/tr><tr><td class=\"has-text-align-center\" data-align=\"center\">P5<\/td><td class=\"has-text-align-center\" data-align=\"center\">Pesquisa Aplicada<\/td><td class=\"has-text-align-center\" data-align=\"center\">Or\u00e7amento P\u00fablico<\/td><td class=\"has-text-align-center\" data-align=\"center\">Elab. Prog. e Proj. P\u00fablicos<\/td><td class=\"has-text-align-center\" data-align=\"center\">Licita. Cont. e Conv. P\u00fab.<\/td><td class=\"has-text-align-center\" data-align=\"center\">Gest. de Pol. P\u00fablicas<\/td><\/tr><tr><td class=\"has-text-align-center\" data-align=\"center\">P6<\/td><td class=\"has-text-align-center\" data-align=\"center\">Desenvolvimento Sustent\u00e1vel<\/td><td class=\"has-text-align-center\" data-align=\"center\">Macroeconomia<\/td><td class=\"has-text-align-center\" data-align=\"center\">Controle e Audit. P\u00fablica<\/td><td class=\"has-text-align-center\" data-align=\"center\">Aval. Pol. P\u00fab. e Prog. Gov.<\/td><td class=\"has-text-align-center\" data-align=\"center\">Reg. e Gest\u00e3o de Serv. P\u00fab.<\/td><\/tr><tr><td class=\"has-text-align-center\" data-align=\"center\">P7<\/td><td class=\"has-text-align-center\" data-align=\"center\">Gest\u00e3o Estadual e Regional<\/td><td class=\"has-text-align-center\" data-align=\"center\">\u00c9tica na Gest\u00e3o P\u00fablica<\/td><td class=\"has-text-align-center\" data-align=\"center\">Economia Brasileira<\/td><td class=\"has-text-align-center\" data-align=\"center\">Optativa Livre I<\/td><td class=\"has-text-align-center\" data-align=\"center\">Optativa I e II<\/td><\/tr><tr><td class=\"has-text-align-center\" data-align=\"center\">P8<\/td><td class=\"has-text-align-center\" data-align=\"center\">Optativa Livre II<\/td><td class=\"has-text-align-center\" data-align=\"center\">Optativa III e IV<\/td><td class=\"has-text-align-center\" data-align=\"center\">TCC<\/td><td class=\"has-text-align-center\" data-align=\"center\">Ativ. Comp. Flex\u00edveis<\/td><td class=\"has-text-align-center\" data-align=\"center\">Est\u00e1gio&nbsp;Superv. I e II<\/td><\/tr><\/tbody><\/table><\/figure>\n","protected":false},"excerpt":{"rendered":"<p>Dura\u00e7\u00e3o Turno Vespertino (14h \u00e0s 18h) Composi\u00e7\u00e3o Curricular Conte\u00fados Cr\u00e9ditos Carga Hor\u00e1ria B\u00e1sicos Profissionais 100 [&hellip;]<\/p>\n","protected":false},"author":440,"featured_media":0,"parent":0,"menu_order":0,"comment_status":"closed","ping_status":"closed","template":"","meta":{"footnotes":""},"class_list":["post-87","page","type-page","status-publish","hentry"],"_links":{"self":[{"href":"https:\/\/www.ccsa.ufpb.br\/cgp\/wp-json\/wp\/v2\/pages\/87","targetHints":{"allow":["GET"]}}],"collection":[{"href":"https:\/\/www.ccsa.ufpb.br\/cgp\/wp-json\/wp\/v2\/pages"}],"about":[{"href":"https:\/\/www.ccsa.ufpb.br\/cgp\/wp-json\/wp\/v2\/types\/page"}],"author":[{"embeddable":true,"href":"https:\/\/www.ccsa.ufpb.br\/cgp\/wp-json\/wp\/v2\/users\/440"}],"replies":[{"embeddable":true,"href":"https:\/\/www.ccsa.ufpb.br\/cgp\/wp-json\/wp\/v2\/comments?post=87"}],"version-history":[{"count":4,"href":"https:\/\/www.ccsa.ufpb.br\/cgp\/wp-json\/wp\/v2\/pages\/87\/revisions"}],"predecessor-version":[{"id":189,"href":"https:\/\/www.ccsa.ufpb.br\/cgp\/wp-json\/wp\/v2\/pages\/87\/revisions\/189"}],"wp:attachment":[{"href":"https:\/\/www.ccsa.ufpb.br\/cgp\/wp-json\/wp\/v2\/media?parent=87"}],"curies":[{"name":"wp","href":"https:\/\/api.w.org\/{rel}","templated":true}]}}