{"id":15,"date":"2026-03-16T15:18:10","date_gmt":"2026-03-16T18:18:10","guid":{"rendered":"https:\/\/www.ccsa.ufpb.br\/dadm\/?page_id=15"},"modified":"2026-03-16T15:18:11","modified_gmt":"2026-03-16T18:18:11","slug":"areas-departamentais","status":"publish","type":"page","link":"https:\/\/www.ccsa.ufpb.br\/dadm\/areas-departamentais\/","title":{"rendered":"\u00c1reas Departamentais"},"content":{"rendered":"\n<p>Como forma de melhorar a organiza\u00e7\u00e3o interna, em especial nas avalia\u00e7\u00e3o de prioridades de concursos e na defini\u00e7\u00e3o de docentes por componentes curriculares em cada per\u00edodo letivo, foram criadas no DADM oito \u00e1reas departamentais.<\/p>\n\n\n\n<p>Estas \u00e1reas n\u00e3o s\u00e3o unidades administrativas com&nbsp;<em>status<\/em>&nbsp;institucionais, legal ou regimental. S\u00e3o, de fato, refer\u00eancias da organiza\u00e7\u00e3o interna do pr\u00f3prio DADM, cuja defini\u00e7\u00e3o foi feita a partir de um esfor\u00e7o de melhor organiza\u00e7\u00e3o e ordenamento, representando uma a\u00e7\u00e3o que busca delimitar melhor a atua\u00e7\u00e3o departamental e qualificar a presta\u00e7\u00e3o dos servi\u00e7os.<\/p>\n\n\n\n<p>As \u00e1rea foram primeiramente definidas no ano de 2013 e abaixo temos alguns detalhes (veja os docentes por \u00e1reas&nbsp;<strong><a href=\"http:\/\/plone.ufpb.br\/da\/contents\/menu\/institucional\/corpo-docente\">aqui<\/a><\/strong>;&nbsp;e os&nbsp;componentes de gradua\u00e7\u00e3o por \u00e1rea&nbsp;<strong><a href=\"http:\/\/plone.ufpb.br\/da\/contents\/menu\/academico\/ensino-2\/componentes-curriculares\">aqui<\/a><\/strong>).<\/p>\n\n\n\n<p><strong>\u00c1rea: Administra\u00e7\u00e3o Geral (ADM)<\/strong><\/p>\n\n\n\n<ul class=\"wp-block-list\">\n<li><strong>Coordena\u00e7\u00e3o:\u00a0<\/strong>Carlos Eduardo Cavalcante<\/li>\n\n\n\n<li><strong>Per\u00edodo:<\/strong>\u00a0de 2013 a 2022<\/li>\n\n\n\n<li><strong>Escopo:\u00a0<\/strong>envolve os componentes de gradua\u00e7\u00e3o de Fundamentos e Teorias da Administra\u00e7\u00e3o no Bacharelado em Administra\u00e7\u00e3o e tamb\u00e9m a maior parte das disciplinas de Administra\u00e7\u00e3o ofertadas em cursos de \u00e1rea distintas do CCSA (Sa\u00fade, Engenharias&#8230;)<\/li>\n\n\n\n<li><strong>Natureza<\/strong>: \u00e1rea de conte\u00fado geral<\/li>\n<\/ul>\n\n\n\n<p><strong>\u00c1rea: Pr\u00e1tica e Pesquisa em Administra\u00e7\u00e3o (PPA)<\/strong><\/p>\n\n\n\n<ul class=\"wp-block-list\">\n<li><strong>Coordena\u00e7\u00e3o<\/strong>:\u00a0Ana L\u00facia Coelho<\/li>\n\n\n\n<li><strong>Per\u00edodo:<\/strong>\u00a0de 2013 a 2022<\/li>\n\n\n\n<li><strong>Escopo:\u00a0<\/strong>envolve as atividade de gradua\u00e7\u00e3o relacionadas ao est\u00e1gio supervisionado e trabalho de conclus\u00e3o de curso, assim como os componentes associados a m\u00e9todos de pesquisa em Administra\u00e7\u00e3o.<\/li>\n\n\n\n<li><strong>Natureza<\/strong>: \u00e1rea de conte\u00fado geral<\/li>\n<\/ul>\n\n\n\n<p>&nbsp;<strong>\u00c1rea: Estrat\u00e9gia (EST)<\/strong><\/p>\n\n\n\n<ul class=\"wp-block-list\">\n<li><strong>Coordena\u00e7\u00e3o<\/strong>: Andr\u00e9 Gustavo Machado<\/li>\n\n\n\n<li><strong>Per\u00edodo:<\/strong>\u00a0de 2013 a 2022<\/li>\n\n\n\n<li><strong>Escopo:\u00a0<\/strong>envolve os componentes de gradua\u00e7\u00e3o relacionados \u00e0 forma\u00e7\u00e3o em Gest\u00e3o Estrat\u00e9gica, Empreendedorismo e Consultoria.\u00a0<\/li>\n\n\n\n<li><strong>Natureza<\/strong>: \u00e1rea de especialidade funcional<\/li>\n<\/ul>\n\n\n\n<p><strong>\u00c1rea: Finan\u00e7as (FIN)<\/strong><\/p>\n\n\n\n<ul class=\"wp-block-list\">\n<li><strong>Coordena\u00e7\u00e3o<\/strong>: M\u00e1rcio Andr\u00e9 Machado<\/li>\n\n\n\n<li><strong>Per\u00edodo:<\/strong>\u00a0de 2013 a 2022<\/li>\n\n\n\n<li><strong>Escopo:\u00a0<\/strong>envolve os componentes de gradua\u00e7\u00e3o relacionados \u00e0 forma\u00e7\u00e3o em Finan\u00e7as e Administra\u00e7\u00e3o Financeira.\u00a0<\/li>\n\n\n\n<li><strong>Natureza<\/strong>: \u00e1rea de especialidade funcional<\/li>\n<\/ul>\n\n\n\n<p><strong>\u00c1rea: Marketing (MKT)<\/strong><\/p>\n\n\n\n<ul class=\"wp-block-list\">\n<li><strong>Coordena\u00e7\u00e3o<\/strong>: Fabiana Gama<\/li>\n\n\n\n<li><strong>Per\u00edodo:<\/strong>\u00a0de 2020 a 2022<\/li>\n\n\n\n<li><strong>Escopo:\u00a0<\/strong>envolve os componentes de gradua\u00e7\u00e3o relacionados \u00e0 forma\u00e7\u00e3o em Administra\u00e7\u00e3o de Marketing e de Pesquisa de Mercado.\u00a0<\/li>\n\n\n\n<li><strong>Natureza<\/strong>: \u00e1rea de especialidade funcional<\/li>\n<\/ul>\n\n\n\n<p><strong>\u00c1rea: Produ\u00e7\u00e3o e Opera\u00e7\u00f5es (APO)<\/strong><\/p>\n\n\n\n<ul class=\"wp-block-list\">\n<li><strong>Coordena\u00e7\u00e3o<\/strong>: Helen Gon\u00e7alves<\/li>\n\n\n\n<li><strong>Per\u00edodo:<\/strong>\u00a0de 2020 a 2022<\/li>\n\n\n\n<li><strong>Escopo:\u00a0<\/strong>envolve os componentes de gradua\u00e7\u00e3o relacionados \u00e0 forma\u00e7\u00e3o em Administra\u00e7\u00e3o da Produ\u00e7\u00e3o e Opera\u00e7\u00f5es, assim como de Administra\u00e7\u00e3o de Materiais e de Pesquisa Operacional.\u00a0<\/li>\n\n\n\n<li><strong>Natureza<\/strong>: \u00e1rea de especialidade funcional<\/li>\n<\/ul>\n\n\n\n<p><strong>\u00c1rea: Recursos Humanos (ARH)<\/strong><\/p>\n\n\n\n<ul class=\"wp-block-list\">\n<li><strong>Coordena\u00e7\u00e3o<\/strong>: Lucimeiry Rabay<\/li>\n\n\n\n<li><strong>Per\u00edodo:<\/strong>\u00a0de 2020 a 2022<\/li>\n\n\n\n<li><strong>Escopo:\u00a0<\/strong>envolve os componentes de gradua\u00e7\u00e3o relacionados \u00e0 forma\u00e7\u00e3o em Comportamento Organizacional e Administra\u00e7\u00e3o de Recursos Humanos.\u00a0<\/li>\n\n\n\n<li><strong>Natureza<\/strong>: \u00e1rea de especialidade funcional<\/li>\n<\/ul>\n\n\n\n<p><strong>\u00c1rea: Tecnologias da Informa\u00e7\u00e3o e da Comunica\u00e7\u00e3o (TIC)<\/strong><\/p>\n\n\n\n<ul class=\"wp-block-list\">\n<li><strong>Coordena\u00e7\u00e3o<\/strong>: Jos\u00e9 Jorge Dias<\/li>\n\n\n\n<li><strong>Per\u00edodo:<\/strong>\u00a0de 2021 a 2022<\/li>\n\n\n\n<li><strong>Escopo:\u00a0<\/strong>envolve os componentes de gradua\u00e7\u00e3o relacionados \u00e0 forma\u00e7\u00e3o em Sistemas da informa\u00e7\u00e3o e decis\u00e3o e fundamentos de comuta\u00e7\u00e3o para Administra\u00e7\u00e3o.\u00a0<\/li>\n\n\n\n<li><strong>Natureza<\/strong>: \u00e1rea de especialidade funcional<\/li>\n<\/ul>\n","protected":false},"excerpt":{"rendered":"<p>Como forma de melhorar a organiza\u00e7\u00e3o interna, em especial nas avalia\u00e7\u00e3o de prioridades de concursos [&hellip;]<\/p>\n","protected":false},"author":47,"featured_media":0,"parent":0,"menu_order":0,"comment_status":"closed","ping_status":"closed","template":"","meta":{"footnotes":""},"class_list":["post-15","page","type-page","status-publish","hentry"],"_links":{"self":[{"href":"https:\/\/www.ccsa.ufpb.br\/dadm\/wp-json\/wp\/v2\/pages\/15","targetHints":{"allow":["GET"]}}],"collection":[{"href":"https:\/\/www.ccsa.ufpb.br\/dadm\/wp-json\/wp\/v2\/pages"}],"about":[{"href":"https:\/\/www.ccsa.ufpb.br\/dadm\/wp-json\/wp\/v2\/types\/page"}],"author":[{"embeddable":true,"href":"https:\/\/www.ccsa.ufpb.br\/dadm\/wp-json\/wp\/v2\/users\/47"}],"replies":[{"embeddable":true,"href":"https:\/\/www.ccsa.ufpb.br\/dadm\/wp-json\/wp\/v2\/comments?post=15"}],"version-history":[{"count":1,"href":"https:\/\/www.ccsa.ufpb.br\/dadm\/wp-json\/wp\/v2\/pages\/15\/revisions"}],"predecessor-version":[{"id":16,"href":"https:\/\/www.ccsa.ufpb.br\/dadm\/wp-json\/wp\/v2\/pages\/15\/revisions\/16"}],"wp:attachment":[{"href":"https:\/\/www.ccsa.ufpb.br\/dadm\/wp-json\/wp\/v2\/media?parent=15"}],"curies":[{"name":"wp","href":"https:\/\/api.w.org\/{rel}","templated":true}]}}