{"id":17,"date":"2026-03-16T15:19:33","date_gmt":"2026-03-16T18:19:33","guid":{"rendered":"https:\/\/www.ccsa.ufpb.br\/dadm\/?page_id=17"},"modified":"2026-03-16T15:19:33","modified_gmt":"2026-03-16T18:19:33","slug":"docentes","status":"publish","type":"page","link":"https:\/\/www.ccsa.ufpb.br\/dadm\/docentes\/","title":{"rendered":"Docentes"},"content":{"rendered":"\n<figure class=\"wp-block-table\"><table class=\"has-fixed-layout\"><tbody><tr><td class=\"has-text-align-center\" data-align=\"center\"><strong>DOCENTE<\/strong><\/td><td class=\"has-text-align-center\" data-align=\"center\"><strong>DADOS<\/strong><\/td><\/tr><tr><td>&nbsp;Alandey Severo Leite da Silva<\/td><td><strong>Forma\u00e7\u00e3o<\/strong>: Gradua\u00e7\u00e3o em Administra\u00e7\u00e3o (UFPB, 2005) e Ci\u00eancia da Computa\u00e7\u00e3o (UNIP\u00ca, 2005),&nbsp;Mestrado em Administra\u00e7\u00e3o (UFPB, 2008) e Doutorado em Administra\u00e7\u00e3o (UNIFOR, 2016)<strong>Ano de ingresso no DADM<\/strong>: 2021<strong>\u00c1reas<\/strong>:&nbsp;Tecnologia da Informa\u00e7\u00e3o e da Comunica\u00e7\u00e3o e&nbsp;Administra\u00e7\u00e3o Geral<strong>Contato<\/strong>:&nbsp;alandey.severo@academico.ufpb.br<strong>Informa\u00e7\u00f5es<\/strong>:&nbsp;SIGAA | Lattes<\/td><\/tr><tr><td>&nbsp;Ana Carolina Kruta de Ara\u00fajo Bispo<\/td><td><strong>Forma\u00e7\u00e3o:&nbsp;<\/strong>Gradua\u00e7\u00e3o em Administra\u00e7\u00e3o (UFPB, 2000),&nbsp;Mestrado em Administra\u00e7\u00e3o (UFPB, 2003) e Doutorado em Administra\u00e7\u00e3o (UFPB, 2015)<strong>Ano de ingresso no DADM<\/strong>: 2011<strong>\u00c1reas<\/strong>: Recursos Humanos e&nbsp;Pr\u00e1tica e Pesquisa em Administra\u00e7\u00e3o<strong>Contato<\/strong>:&nbsp;ana.kruta@academico.ufpb.br<strong>Informa\u00e7\u00f5es<\/strong>:&nbsp;SIGAA | Lattes<\/td><\/tr><tr><td>&nbsp;Ana L\u00facia de Ara\u00fajo Lima Coelho<\/td><td><strong>Forma\u00e7\u00e3o:&nbsp;<\/strong>Gradua\u00e7\u00e3o em Contabilidade (UFSC, 1997),&nbsp;Mestrado em Administra\u00e7\u00e3o (UFSC, 2000) e Doutorado em Administra\u00e7\u00e3o (UNIVALI, 2012)<strong>Ano de ingresso no DADM<\/strong>: 2013<strong>\u00c1reas<\/strong>: Recursos Humanos e&nbsp;Pr\u00e1tica e Pesquisa em Administra\u00e7\u00e3o<strong>Contato<\/strong>:&nbsp;ana.coelho@academico.ufpb.br<strong>Informa\u00e7\u00f5es<\/strong>:&nbsp;SIGAA | Lattes<\/td><\/tr><tr><td>&nbsp;Andr\u00e9 Gustavo Carvalho Machado<\/td><td><strong>Forma\u00e7\u00e3o:&nbsp;<\/strong>Gradua\u00e7\u00e3o em&nbsp;Engenharia El\u00e9trica&nbsp;(UFPB, 1995),&nbsp;Mestrado em&nbsp;Engenharia da Produ\u00e7\u00e3o&nbsp;(UFPB, 1997) e Doutorado em Administra\u00e7\u00e3o (UFPE, 2005)<strong>Ano de ingresso no DADM<\/strong>: 2008<strong>\u00c1reas<\/strong>: Estrat\u00e9gia e Administra\u00e7\u00e3o Geral<strong>Contato<\/strong>:&nbsp;andre.machado@academico.ufpb.br<strong>Informa\u00e7\u00f5es<\/strong>:&nbsp;SIGAA | Lattes<\/td><\/tr><tr><td>&nbsp;Andr\u00e9a de F\u00e1tima de Oliveira R\u00eago<\/td><td><strong>Forma\u00e7\u00e3o:&nbsp;<\/strong>Gradua\u00e7\u00e3o em&nbsp;Administra\u00e7\u00e3o&nbsp;(UNIP\u00ca, 1999) e Direito (IESP, 2006),&nbsp;Mestrado em Administra\u00e7\u00e3o (UFPB, 2006)<strong>Ano de ingresso no DADM<\/strong>: 2013<strong>\u00c1reas<\/strong>: Marketing e&nbsp;Pr\u00e1tica e Pesquisa em Administra\u00e7\u00e3o<strong>Contato<\/strong>:&nbsp;andrea.rego@academico.ufpb.br<strong>Informa\u00e7\u00f5es<\/strong>:&nbsp;SIGAA | Lattes<\/td><\/tr><tr><td>&nbsp;Anielson Barbosa da Silva<\/td><td><strong>Forma\u00e7\u00e3o<\/strong>:<strong>&nbsp;<\/strong>Gradua\u00e7\u00e3o em&nbsp;Administra\u00e7\u00e3o&nbsp;(UFPB, 1996),&nbsp;Mestrado em Administra\u00e7\u00e3o (UFPB, 1999), Doutorado em Engenharia da Produ\u00e7\u00e3o (UFSC, 2005) e P\u00f3s-Doutorado na&nbsp;Universidade de Val\u00eancia (2018)<strong>Ano de ingresso no DADM<\/strong>: 2008<strong>\u00c1reas<\/strong>: Recursos Humanos e Administra\u00e7\u00e3o Geral<strong>Contato<\/strong>:&nbsp;abs@academico.ufpb.br<strong>Informa\u00e7\u00f5es<\/strong>:&nbsp;SIGAA | Lattes<\/td><\/tr><tr><td>&nbsp;Arturo Rodrigues Felinto<\/td><td><strong>Forma\u00e7\u00e3o<\/strong>:<strong>&nbsp;<\/strong>Gradua\u00e7\u00e3o em&nbsp;Administra\u00e7\u00e3o&nbsp;(UFPB, 1992) e Mestrado em Engenharia da Produ\u00e7\u00e3o (UFPB, 2000)<strong>Ano de ingresso no DADM<\/strong>: 2006<strong>\u00c1reas<\/strong>: Estrat\u00e9gia e Administra\u00e7\u00e3o Geral<strong>Contato<\/strong>:&nbsp;arturo.felinto@academico.ufpb.br<br><strong>Informa\u00e7\u00f5es<\/strong>:&nbsp;SIGAA | Lattes<\/td><\/tr><tr><td>&nbsp;Brivaldo Andr\u00e9 Marinho da Silva<\/td><td><strong>Forma\u00e7\u00e3o:&nbsp;<\/strong>Gradua\u00e7\u00e3o em Engenharia El\u00e9trica (UFPE, 1998),&nbsp;Mestrado em Administra\u00e7\u00e3o (UFRN, 2004) e Doutorado em Administra\u00e7\u00e3o (EAESP\/FGV, 2011)<strong>Ano de ingresso no DADM<\/strong>: 2013<strong>\u00c1reas<\/strong>: Tecnologia da Informa\u00e7\u00e3o e da Comunica\u00e7\u00e3o e&nbsp;Administra\u00e7\u00e3o Geral<strong>Contato<\/strong>:&nbsp;bmarinho@ccsa.ufpb.br<strong>Informa\u00e7\u00f5es<\/strong>:&nbsp;SIGAA | Lattes<\/td><\/tr><tr><td>&nbsp;Carlo Gabriel Porto Bellini<\/td><td><strong>Forma\u00e7\u00e3o<\/strong>: Gradua\u00e7\u00e3o em Ci\u00eancia da Computa\u00e7\u00e3o (UFRGS, 1994),&nbsp;Mestrado em Administra\u00e7\u00e3o (UFRGS, 2001), Doutorado em Administra\u00e7\u00e3o (UFRGS, 2006) e P\u00f3s-Doutorado na&nbsp;University of North Carolina Greensboro, 2017<strong>Ano de ingresso no DADM<\/strong>: 2006<strong>\u00c1reas<\/strong>: Tecnologia da Informa\u00e7\u00e3o e da Comunica\u00e7\u00e3o e&nbsp;Pr\u00e1tica e Pesquisa em Administra\u00e7\u00e3o<strong>Contato<\/strong>:&nbsp;cgpbellini@ccsa.ufpb.br<strong>Informa\u00e7\u00f5es<\/strong>:&nbsp;SIGAA | Lattes<\/td><\/tr><tr><td>&nbsp;Carlos Eduardo Cavalcante<\/td><td><strong>Forma\u00e7\u00e3o:&nbsp;<\/strong>Gradua\u00e7\u00e3o em Administra\u00e7\u00e3o (UFCG, 2000),&nbsp;Mestrado em Administra\u00e7\u00e3o (UFRN, 2005) e Doutorado em Administra\u00e7\u00e3o (UFRN, 2012)<strong>Ano de ingresso no DADM<\/strong>: 2008<strong>\u00c1reas<\/strong>:&nbsp;Recursos humanos&nbsp;e Administra\u00e7\u00e3o Geral<strong>Contato<\/strong>:&nbsp;cavalcanteeduardo@gmail.com<strong>Informa\u00e7\u00f5es<\/strong>:&nbsp;SIGAA | Lattes<\/td><\/tr><tr><td>&nbsp;Celia Cristina Zago<\/td><td><strong>Forma\u00e7\u00e3o:&nbsp;<\/strong>Gradua\u00e7\u00e3o em Servi\u00e7o Social (UFMT, 1978),&nbsp;Mestrado em Administra\u00e7\u00e3o (UFPB, 1996) e Doutorado em&nbsp;Engenharia de Produ\u00e7\u00e3o&nbsp;(UFSC, 2000)<strong>Ano de ingresso no DADM<\/strong>: 2002<strong>\u00c1reas<\/strong>:&nbsp;Recursos Humanos&nbsp;e Administra\u00e7\u00e3o Geral<strong>Contato<\/strong>:&nbsp;celia.zago@academico.ufpb.br<br><strong>Informa\u00e7\u00f5es<\/strong>:&nbsp;SIGAA | Lattes<\/td><\/tr><tr><td>&nbsp;C\u00e9sar Emanoel Barbosa de Lima<\/td><td><strong>Forma\u00e7\u00e3o:&nbsp;<\/strong>Gradua\u00e7\u00e3o em Administra\u00e7\u00e3o (UFPB, 1994) e Ci\u00eancias Cont\u00e1beis (UFPB, 1994),&nbsp;Mestrado em Engenharia da Produ\u00e7\u00e3o (UFPB, 1999) e Doutorado em&nbsp;Engenharia de Produ\u00e7\u00e3o&nbsp;(UFPB, 2006)<strong>Ano de ingresso no DADM<\/strong>: 2013<strong>\u00c1reas<\/strong>:&nbsp;Produ\u00e7\u00e3o e Opera\u00e7\u00f5es&nbsp;e Administra\u00e7\u00e3o Geral<strong>Contato<\/strong>:&nbsp;cesar.lima@academico.ufpb.br<br><strong>Informa\u00e7\u00f5es<\/strong>:&nbsp;SIGAA | Lattes<\/td><\/tr><tr><td>&nbsp;Cl\u00e1udio Pilar da Silva J\u00fanior<\/td><td><strong>Forma\u00e7\u00e3o:&nbsp;<\/strong>Gradua\u00e7\u00e3o em Administra\u00e7\u00e3o (UESPI, 2006),&nbsp;Mestrado em Administra\u00e7\u00e3o (UFPB, 2012) e Doutorado em Administra\u00e7\u00e3o (UFPB, 2017)<strong>Ano de ingresso no DADM<\/strong>: 2017<strong>\u00c1reas<\/strong>: Finan\u00e7as e Administra\u00e7\u00e3o Geral<strong>Contato<\/strong>: cpsj@academico.ufpb.br<strong>Informa\u00e7\u00f5es<\/strong>:&nbsp;SIGAA | Lattes<\/td><\/tr><tr><td>&nbsp;Diana L\u00facia Teixeira de Carvalho<\/td><td><strong>Forma\u00e7\u00e3o:&nbsp;<\/strong>Gradua\u00e7\u00e3o em Publicidade e Propaganda (IESP, 2005), Mestrado em Administra\u00e7\u00e3o (UFPB, 2012) e Doutorado em Administra\u00e7\u00e3o (UFPB, 2017)<strong>Ano de ingresso no DADM<\/strong>: 2017<strong>\u00c1reas<\/strong>: Marketing&nbsp;e Opera\u00e7\u00f5es&nbsp;e Administra\u00e7\u00e3o Geral<strong>Contato<\/strong>:&nbsp;diana.carvalho@academico.ufpb.br<strong>Informa\u00e7\u00f5es<\/strong>:&nbsp;SIGAA | Lattes<\/td><\/tr><tr><td>&nbsp;Eg\u00eddio Luiz Furlanetto<\/td><td><strong>Forma\u00e7\u00e3o:&nbsp;<\/strong>Gradua\u00e7\u00e3o em&nbsp;Tecnologia Qu\u00edmica&nbsp;(UFRGS, 1977) e Qu\u00edmica Industrial (UEPB, 1985), &nbsp;Mestrado em Engenharia da Produ\u00e7\u00e3o (UFPB, 1996) e Doutorado em Administra\u00e7\u00e3o (UFRGS, 2002)<strong>Ano de ingresso no DADM<\/strong>: 2010<strong>\u00c1reas<\/strong>:&nbsp;Produ\u00e7\u00e3o e Opera\u00e7\u00f5es&nbsp;e Administra\u00e7\u00e3o Geral<strong>Contato<\/strong>:&nbsp;egidio@ccsa.ufpb.br<strong>Informa\u00e7\u00f5es<\/strong>:&nbsp;SIGAA | Lattes<\/td><\/tr><tr><td>&nbsp;Fabiana Gama de Medeiros<\/td><td><strong>Forma\u00e7\u00e3o:&nbsp;<\/strong>Gradua\u00e7\u00e3o em Turismo&nbsp;(UFPB, 2008) e Administra\u00e7\u00e3o (UFPB, 2010), Mestrado em Administra\u00e7\u00e3o (UFPB, 2013) e Doutorado em Administra\u00e7\u00e3o (UFPB, 2017)<strong>Ano de ingresso no DADM<\/strong>: 2016<strong>\u00c1reas<\/strong>:&nbsp;Marketing e&nbsp;Administra\u00e7\u00e3o Geral<strong>Contato<\/strong>:&nbsp;fabiana@ccsa.ufpb.br<br><strong>Informa\u00e7\u00f5es<\/strong>:&nbsp;SIGAA | Lattes<\/td><\/tr><tr><td>&nbsp;F\u00e1bio Walter<\/td><td><strong>Forma\u00e7\u00e3o:&nbsp;<\/strong>Gradua\u00e7\u00e3o em Engenharia Mec\u00e2nica&nbsp;(UFRGS, 1998), Mestrado em Engenharia da Produ\u00e7\u00e3o (UFSC, 2001), Doutorado em Administra\u00e7\u00e3o (TU Chemnitz, 2008) e P\u00f3s-Doutorado na&nbsp;University of Nebraska-Lincoln (2018)<strong>Ano de ingresso no DADM<\/strong>: 2009<strong>\u00c1reas<\/strong>:&nbsp;Produ\u00e7\u00e3o e Opera\u00e7\u00f5es&nbsp;e Administra\u00e7\u00e3o Geral<strong>Contato<\/strong>:&nbsp;fw@academico.ufpb.br<strong>Informa\u00e7\u00f5es<\/strong>:&nbsp;<a href=\"https:\/\/sigaa.ufpb.br\/sigaa\/public\/docente\/portal.jsf?siape=2697089\" target=\"_blank\" rel=\"noreferrer noopener\">SIGAA<\/a>&nbsp;|&nbsp;<a href=\"http:\/\/lattes.cnpq.br\/1557551014256292\" target=\"_blank\" rel=\"noreferrer noopener\">Lattes<\/a><\/td><\/tr><tr><td>&nbsp;Francisco Jos\u00e9 da Costa<\/td><td><strong>Forma\u00e7\u00e3o:&nbsp;<\/strong>Gradua\u00e7\u00e3o em Administra\u00e7\u00e3o (UECE, 2000) e em Estat\u00edstica (UFPB, 2014),&nbsp;Mestrado em Administra\u00e7\u00e3o (UECE, 2003), Doutorado em Administra\u00e7\u00e3o (EAESP\/FGV, 2007) e P\u00f3s-Doutorado na Universidade Estadual do Cear\u00e1 (2021)&nbsp;<strong>Ano de ingresso no DADM<\/strong>: 2009<strong>\u00c1reas<\/strong>: Marketing e Administra\u00e7\u00e3o Geral<strong>Contato<\/strong>: francisco.jose@acad\u00eamico.ufpb.br<strong>Informa\u00e7\u00f5es<\/strong>:&nbsp;<a href=\"https:\/\/sigaa.ufpb.br\/sigaa\/public\/docente\/portal.jsf?siape=2697113\" target=\"_blank\" rel=\"noreferrer noopener\">SIGAA<\/a>&nbsp;|&nbsp;<a href=\"http:\/\/lattes.cnpq.br\/8038204590897494\" target=\"_blank\" rel=\"noreferrer noopener\">Lattes<\/a><\/td><\/tr><tr><td>&nbsp;Helen Silva Gon\u00e7alves<\/td><td><strong>Forma\u00e7\u00e3o:&nbsp;<\/strong>Gradua\u00e7\u00e3o em Administra\u00e7\u00e3o (UFCG, 2003), Mestrado em Engenharia da Produ\u00e7\u00e3o (UFPE, 2005) e Doutorado em Engenharia da Produ\u00e7\u00e3o (UFPE, 2009)<strong>Ano de ingresso no DADM<\/strong>: 2011<strong>\u00c1reas<\/strong>:&nbsp;Produ\u00e7\u00e3o e Opera\u00e7\u00f5es&nbsp;e Administra\u00e7\u00e3o Geral<strong>Contato<\/strong>:&nbsp;helen.goncalves@academico.ufpb.br<strong>Informa\u00e7\u00f5es<\/strong>:&nbsp;SIGAA&nbsp;|&nbsp;Lattes<\/td><\/tr><tr><td>&nbsp;Jo\u00e3o Batista Soares Neto<\/td><td><strong>Forma\u00e7\u00e3o:&nbsp;<\/strong>Gradua\u00e7\u00e3o em Administra\u00e7\u00e3o (UFPB, 2002), Mestrado em Administra\u00e7\u00e3o (UFRN, 2007) e Doutorado em Administra\u00e7\u00e3o (UFPB, 2017)<strong>Ano de ingresso no DADM<\/strong>: 2010<strong>\u00c1reas<\/strong>: Marketing e Administra\u00e7\u00e3o Geral<strong>Contato<\/strong>:&nbsp;jnetojp@gmail.com<strong>Informa\u00e7\u00f5es<\/strong>:&nbsp;SIGAA&nbsp;|&nbsp;Lattes<\/td><\/tr><tr><td>&nbsp;Jorge de Oliveira Gomes<\/td><td><strong>Forma\u00e7\u00e3o:&nbsp;<\/strong>Gradua\u00e7\u00e3o em Administra\u00e7\u00e3o (UDF, 1983) e Psicologia (UEPB, 1995), Mestrado em Inform\u00e1tica (UFCG, 1999)<strong>Ano de ingresso no DADM<\/strong>: 2005<strong>\u00c1reas<\/strong>:&nbsp;Tecnologia da Informa\u00e7\u00e3o e da Comunica\u00e7\u00e3o e Administra\u00e7\u00e3o Geral<strong>Contato<\/strong>:&nbsp;prof.jorgeogomes@gmail.com<strong>Informa\u00e7\u00f5es<\/strong>:&nbsp;SIGAA&nbsp;|&nbsp;Lattes<\/td><\/tr><tr><td>&nbsp;Jos\u00e9 Jorge Lima Dias J\u00fanior<\/td><td><strong>Forma\u00e7\u00e3o:&nbsp;<\/strong>Gradua\u00e7\u00e3o em Ci\u00eancia da Computa\u00e7\u00e3o (UFPB, 2006), Mestrado em&nbsp;Ci\u00eancia da Computa\u00e7\u00e3o&nbsp;(UFPE, 2007) e Doutorado em&nbsp;Administra\u00e7\u00e3o (UFPB, 2018)<strong>Ano de ingresso no DADM<\/strong>: 2018<strong>\u00c1reas<\/strong>:&nbsp;Tecnologia da Informa\u00e7\u00e3o e da Comunica\u00e7\u00e3o e&nbsp;Pr\u00e1tica e Pesquisa em Administra\u00e7\u00e3o<strong>Contato<\/strong>:&nbsp;jorge.dias@academico.ufpb.br<strong>Informa\u00e7\u00f5es<\/strong>:&nbsp;SIGAA&nbsp;|&nbsp;Lattes<\/td><\/tr><tr><td>&nbsp;Lucimeiry Batista da Silva Rabay<\/td><td><strong>Forma\u00e7\u00e3o:&nbsp;<\/strong>Gradua\u00e7\u00e3o em Administra\u00e7\u00e3o (UFPB, 2006), Mestrado em Administra\u00e7\u00e3o (UFPB, 2009) e Doutorado em&nbsp; Educa\u00e7\u00e3o (UFPB, 2017)<strong>Ano de ingresso no DADM<\/strong>: 2013<strong>\u00c1reas<\/strong>: Recursos Humanos e Administra\u00e7\u00e3o Geral<strong>Contato<\/strong>:&nbsp;lucimeiry.silva@academico.ufpb.br<strong>Informa\u00e7\u00f5es<\/strong>:&nbsp;SIGAA&nbsp;|&nbsp;Lattes<\/td><\/tr><tr><td>&nbsp;Marcelo de Souza Bispo<\/td><td><strong>Forma\u00e7\u00e3o:&nbsp;<\/strong>Gradua\u00e7\u00e3o em Turismo (UMESP, 2002), Administra\u00e7\u00e3o (Anhembi, 2010)&nbsp; e Ci\u00eancias Sociais (UFPB, 2022), Mestrado em&nbsp;Administra\u00e7\u00e3o&nbsp;(UMESP, 2007), Doutorado em&nbsp; Administra\u00e7\u00e3o&nbsp; (Mackenzie, 2011) e P\u00f3s-Doutorado na&nbsp;Universidade de Kentucky (2016)<strong>Ano de ingresso no DADM<\/strong>: 2011<strong>\u00c1reas<\/strong>: Recursos Humanos e&nbsp;Pr\u00e1tica e Pesquisa em Administra\u00e7\u00e3o<strong>Contato<\/strong>:&nbsp;marcelo.bispo@academico.ufpb.br<strong>Informa\u00e7\u00f5es<\/strong>:&nbsp;SIGAA&nbsp;|&nbsp;Lattes<\/td><\/tr><tr><td>&nbsp;M\u00e1rcio Andr\u00e9 Veras Machado<\/td><td><strong>Forma\u00e7\u00e3o:&nbsp;<\/strong>Gradua\u00e7\u00e3o em Ci\u00eancias Cont\u00e1beis (UNIFOR, 2000) e Estat\u00edstica (UFPB, 2016), Mestrado em&nbsp;Administra\u00e7\u00e3o&nbsp;(UFPB, 2002), Doutorado em&nbsp; Administra\u00e7\u00e3o&nbsp; (UNB, 2011) e P\u00f3s-Doutorado na&nbsp;University of Queensland (2015)<strong>Ano de ingresso no DADM<\/strong>: 2004<strong>\u00c1reas<\/strong>: Finan\u00e7as e&nbsp;Pr\u00e1tica e Pesquisa em Administra\u00e7\u00e3o<strong>Contato<\/strong>:&nbsp;marciomachado@ccsa.ufpb.br<br><strong>Informa\u00e7\u00f5es<\/strong>:&nbsp;SIGAA&nbsp;|&nbsp;Lattes<\/td><\/tr><tr><td>&nbsp;Maria Camerina Maroja Limeira<\/td><td><strong>Forma\u00e7\u00e3o:&nbsp;<\/strong>Gradua\u00e7\u00e3o em Administra\u00e7\u00e3o (UFRN, 1980), Mestrado em Administra\u00e7\u00e3o (UFPB, 1989) e Doutorado em&nbsp;Gest\u00e3o de Recursos Naturais&nbsp;(UFCG, 2008)<strong>Ano de ingresso no DADM<\/strong>: 1994<strong>\u00c1reas<\/strong>: Estrat\u00e9gia e&nbsp;Pr\u00e1tica e Pesquisa em Administra\u00e7\u00e3o<strong>Contato<\/strong>:&nbsp;marojalimeira@yahoo.com.br<br><strong>Informa\u00e7\u00f5es<\/strong>:&nbsp;SIGAA | Lattes<\/td><\/tr><tr><td>&nbsp;Miguel Maur\u00edcio Isoni<\/td><td><strong>Forma\u00e7\u00e3o:&nbsp;<\/strong>Gradua\u00e7\u00e3o em Administra\u00e7\u00e3o (FACE\/FUMEC, 1978), Mestrado em Ci\u00eancia da Computa\u00e7\u00e3o (UFPB, 1986) e Doutorado em Ci\u00eancia da Informa\u00e7\u00e3o (UNESP, 2009)<strong>Ano de ingresso no DADM<\/strong>: 1999<strong>\u00c1reas<\/strong>:&nbsp;Tecnologia da Informa\u00e7\u00e3o e da Comunica\u00e7\u00e3o e&nbsp;Administra\u00e7\u00e3o Geral<strong>Contato<\/strong>:&nbsp;miguelmauricioisoni@gmail.com<br><strong>Informa\u00e7\u00f5es<\/strong>:&nbsp;SIGAA | Lattes<\/td><\/tr><tr><td>&nbsp;Nadja Val\u00e9ria Pinheiro<\/td><td><strong>Forma\u00e7\u00e3o:&nbsp;<\/strong>Gradua\u00e7\u00e3o em Processamento de Dados (UFPB, 1981) e Administra\u00e7\u00e3o (UFPB, 1984), Mestrado em Administra\u00e7\u00e3o (UFPB, 1991)<strong>Ano de ingresso no DADM<\/strong>: 2001<strong>\u00c1reas<\/strong>:&nbsp;Marketing e&nbsp;Administra\u00e7\u00e3o Geral<strong>Contato<\/strong>:&nbsp;nadvaleria@uol.com.br<br><strong>Informa\u00e7\u00f5es<\/strong>:&nbsp;SIGAA | Lattes<\/td><\/tr><tr><td>&nbsp;Nelsio Rodrigues de Abreu<\/td><td><strong>Forma\u00e7\u00e3o:&nbsp;<\/strong>Gradua\u00e7\u00e3o em Administra\u00e7\u00e3o (UFV, 1997), Mestrado em&nbsp;Administra\u00e7\u00e3o&nbsp;(UFAL, 2000) e Doutorado em&nbsp;Administra\u00e7\u00e3o&nbsp;(UFLA, 2006)<strong>Ano de ingresso no DADM<\/strong>: 2011<strong>\u00c1reas<\/strong>: Marketing e Administra\u00e7\u00e3o Geral<strong>Contato<\/strong>:&nbsp;nelsio.abreu@academico.ufpb.br<strong>Informa\u00e7\u00f5es<\/strong>:&nbsp;<a href=\"https:\/\/sigaa.ufpb.br\/sigaa\/public\/docente\/portal.jsf?siape=1545488\" target=\"_blank\" rel=\"noreferrer noopener\">SIGAA<\/a>&nbsp;|&nbsp;<a href=\"http:\/\/lattes.cnpq.br\/2003104035949004\" target=\"_blank\" rel=\"noreferrer noopener\">Lattes<\/a>&nbsp;|&nbsp;<a href=\"https:\/\/orcid.org\/0000-0001-7024-5642\" target=\"_blank\" rel=\"noreferrer noopener\">ORCID<\/a><\/td><\/tr><tr><td>&nbsp;Pamela Adelino Ramos Albertins<\/td><td><strong>Forma\u00e7\u00e3o:&nbsp;<\/strong>Gradua\u00e7\u00e3o em Administra\u00e7\u00e3o (UFPB, 2008), Mestrado em&nbsp;Engenharia de Produ\u00e7\u00e3o&nbsp;(UFPE, 2010) e Doutorado em&nbsp;Engenharia de Produ\u00e7\u00e3o&nbsp;(UFPE, 2018)<strong>Ano de ingresso no DADM<\/strong>: 2019<strong>\u00c1reas<\/strong>:&nbsp;Produ\u00e7\u00e3o e Opera\u00e7\u00f5es e&nbsp;Pr\u00e1tica e Pesquisa em Administra\u00e7\u00e3o<strong>Contato<\/strong>:&nbsp;pamela.adelino@academico.ufpb.br<strong>Informa\u00e7\u00f5es<\/strong>:&nbsp;SIGAA&nbsp;|&nbsp;Lattes<\/td><\/tr><tr><td>&nbsp;Paula Luciana Bruschi Sanches<\/td><td><strong>Forma\u00e7\u00e3o:&nbsp;<\/strong>Gradua\u00e7\u00e3o em Administra\u00e7\u00e3o (UFPB, 2008) e Mestrado em Administra\u00e7\u00e3o (UFPB, 2012)<strong>Ano de ingresso no DADM<\/strong>: 2013<strong>\u00c1reas<\/strong>:&nbsp;Estrat\u00e9gia e Administra\u00e7\u00e3o Geral<strong>Contato<\/strong>:&nbsp;paula.sanches@academico.ufpb.br<strong>Informa\u00e7\u00f5es<\/strong>:&nbsp;SIGAA&nbsp;|&nbsp;Lattes<\/td><\/tr><tr><td>&nbsp;Pedro J\u00e1come de Moura Junior<\/td><td><strong>Forma\u00e7\u00e3o:&nbsp;<\/strong>Gradua\u00e7\u00e3o em&nbsp;Processamento de dados&nbsp;(UFCG, 1991),&nbsp;Mestrado em&nbsp;Administra\u00e7\u00e3o (UFPB, 2012) e Doutorado em&nbsp;Administra\u00e7\u00e3o (UFPB, 2015), P\u00f3s-Doutorado na UNB (2022)&nbsp;<strong>Ano de ingresso no DADM<\/strong>: 2015<strong>\u00c1reas<\/strong>:&nbsp;Tecnologia da Informa\u00e7\u00e3o e da Comunica\u00e7\u00e3o&nbsp;e&nbsp;Pr\u00e1tica e Pesquisa em Administra\u00e7\u00e3o<strong>Contato<\/strong>:&nbsp;pedro.jacome@academico.ufpb.br<strong>Informa\u00e7\u00f5es<\/strong>:&nbsp;SIGAA&nbsp;|&nbsp;Lattes<\/td><\/tr><tr><td>&nbsp;Renata Francisco Baldanza<\/td><td><strong>Forma\u00e7\u00e3o:&nbsp;<\/strong>Gradua\u00e7\u00e3o em Filosofia (FAFISM-MG, 2011),&nbsp;Mestrado em&nbsp;Comunica\u00e7\u00e3o e Novas Tecnologias&nbsp;(UERJ, 2007) e Doutorado em&nbsp;Comunica\u00e7\u00e3o e Cibercultura&nbsp;(UFBA, 2013)<strong>Ano de ingresso no DADM<\/strong>: 2011<strong>\u00c1reas<\/strong>:&nbsp;Marketing e&nbsp;Pr\u00e1tica e Pesquisa em Administra\u00e7\u00e3o<strong>Contato<\/strong>:&nbsp;renatabaldanza@gmail.com<strong>Informa\u00e7\u00f5es<\/strong>:&nbsp;SIGAA&nbsp;|&nbsp;Lattes<\/td><\/tr><tr><td>&nbsp;Rita de C\u00e1ssia de Faria Pereira<\/td><td><strong>Forma\u00e7\u00e3o:&nbsp;<\/strong>Gradua\u00e7\u00e3o em Administra\u00e7\u00e3o (UFPB, 1997),&nbsp;Mestrado em&nbsp;Administra\u00e7\u00e3o (UFPB, 2000) e Doutorado em&nbsp;Administra\u00e7\u00e3o (UFRGS, 2006), P\u00f3s-Doutorado na&nbsp;University of North Carolina at Greensboro &#8211; UNCG (2017)&nbsp;<strong>Ano de ingresso no DADM<\/strong>: 2006<strong>\u00c1reas<\/strong>:&nbsp;Marketing e&nbsp;Pr\u00e1tica e Pesquisa em Administra\u00e7\u00e3o<strong>Contato<\/strong>:&nbsp;rita.pereira@academico.ufpb.br<strong>Informa\u00e7\u00f5es<\/strong>:&nbsp;SIGAA&nbsp;|&nbsp;Lattes<\/td><\/tr><tr><td>&nbsp;Rosivaldo de Lima Lucena<\/td><td><strong>Forma\u00e7\u00e3o:&nbsp;<\/strong>Gradua\u00e7\u00e3o em Administra\u00e7\u00e3o (UFPB, 1994),&nbsp;Mestrado em&nbsp;Engenharia de Produ\u00e7\u00e3o&nbsp;(UFPB, 2000) e Doutorado em&nbsp;Administra\u00e7\u00e3o (UFPE, 2015), P\u00f3s-Doutorado na&nbsp;Universidade do Porto (2022)&nbsp;<strong>Ano de ingresso no DADM<\/strong>: 2002<strong>\u00c1reas<\/strong>:&nbsp;Estrat\u00e9gia e&nbsp;Administra\u00e7\u00e3o Geral<strong>Contato<\/strong>:&nbsp;rosivaldolucena@gmail.com<strong>Informa\u00e7\u00f5es<\/strong>:&nbsp;SIGAA&nbsp;|&nbsp;Lattes<\/td><\/tr><tr><td>&nbsp;Samir Adamoglu de Oliveira<\/td><td><strong>Forma\u00e7\u00e3o:&nbsp;<\/strong>Gradua\u00e7\u00e3o em Administra\u00e7\u00e3o (UFPB, 2006), Mestrado em&nbsp;Administra\u00e7\u00e3o (UFPR, 2009) e Doutorado em&nbsp;Administra\u00e7\u00e3o (UFPR, 2013)<strong>Ano de ingresso no DADM<\/strong>: 2016<strong>\u00c1reas<\/strong>: Recursos Humanos e Administra\u00e7\u00e3o Geral<strong>Contato<\/strong>:&nbsp;samir.oliveira@academico.ufpb.br<strong>Informa\u00e7\u00f5es<\/strong>:&nbsp;SIGAA&nbsp;|&nbsp;Lattes<\/td><\/tr><tr><td>&nbsp;Sandra Leandro Pereira<\/td><td><strong>Forma\u00e7\u00e3o:&nbsp;<\/strong>Gradua\u00e7\u00e3o em Economia (Funda\u00e7\u00e3o Francisco Mascarenhas, 1985), Mestrado em Administra\u00e7\u00e3o (UFPB, 1993) e&nbsp;Doutorado em&nbsp;Engenharia da Produ\u00e7\u00e3o (UFSC, 2002),<strong>Ano de ingresso no DADM<\/strong>: 2002<strong>\u00c1reas<\/strong>: Recursos Humanos e Administra\u00e7\u00e3o Geral<strong>Contato<\/strong>:&nbsp;sandrapereira@ccsa.ufpb.br<br><strong>Informa\u00e7\u00f5es<\/strong>:&nbsp;SIGAA&nbsp;|&nbsp;Lattes<\/td><\/tr><tr><td>&nbsp;Suelle Cariele de Souza e Silva<\/td><td><strong>Forma\u00e7\u00e3o:&nbsp;<\/strong>Gradua\u00e7\u00e3o em Administra\u00e7\u00e3o (UPE, 2010), Mestrado em Administra\u00e7\u00e3o (UFPB, 2013)<strong>Ano de ingresso no DADM<\/strong>: 2016<strong>\u00c1reas<\/strong>: Finan\u00e7as&nbsp;e&nbsp;Pr\u00e1tica e Pesquisa em Administra\u00e7\u00e3o<strong>Contato<\/strong>:&nbsp;suelle.cariele@academico.ufpb.br;&nbsp;su.silva.prof@gmail.com<br><strong>Informa\u00e7\u00f5es<\/strong>:&nbsp;SIGAA&nbsp;|&nbsp;Lattes<\/td><\/tr><tr><td>&nbsp;Wagner Soares Fernandes dos Santos<\/td><td><strong>Forma\u00e7\u00e3o:&nbsp;<\/strong>Gradua\u00e7\u00e3o em Administra\u00e7\u00e3o (UFPB, 2003), Mestrado em Administra\u00e7\u00e3o (UFPB, 2006) e Doutorado em Administra\u00e7\u00e3o (UFRGS, 2015)<strong>Ano de ingresso no DADM<\/strong>: 2015<strong>\u00c1reas<\/strong>:&nbsp;Recursos humanos e&nbsp;Pr\u00e1tica e Pesquisa em Administra\u00e7\u00e3o<strong>Contato<\/strong>:&nbsp;wagnersoaresfernandes@yahoo.com.br<br><strong>Informa\u00e7\u00f5es<\/strong>:&nbsp;SIGAA&nbsp;|&nbsp;Lattes<\/td><\/tr><tr><td>&nbsp;Walmir Rufino da Silva<\/td><td><strong>Forma\u00e7\u00e3o:&nbsp;<\/strong>Gradua\u00e7\u00e3o em Psicologia (UFPB, 1981), Mestrado em Administra\u00e7\u00e3o (UFPB, 1988) e Doutorado em Psicologia (Universit\u00e9 de Rouen &#8211; Fran\u00e7a, 1993)<strong>Ano de ingresso no DADM<\/strong>: 2002<strong>\u00c1reas<\/strong>:&nbsp;Recursos humanos e&nbsp;Administra\u00e7\u00e3o Geral<strong>Contato<\/strong>:&nbsp;walmiruf@uol.com.br<br><strong>Informa\u00e7\u00f5es<\/strong>:&nbsp;SIGAA&nbsp;|&nbsp;Lattes<\/td><\/tr><\/tbody><\/table><\/figure>\n","protected":false},"excerpt":{"rendered":"<p>DOCENTE DADOS &nbsp;Alandey Severo Leite da Silva Forma\u00e7\u00e3o: Gradua\u00e7\u00e3o em Administra\u00e7\u00e3o (UFPB, 2005) e Ci\u00eancia [&hellip;]<\/p>\n","protected":false},"author":47,"featured_media":0,"parent":0,"menu_order":0,"comment_status":"closed","ping_status":"closed","template":"","meta":{"footnotes":""},"class_list":["post-17","page","type-page","status-publish","hentry"],"_links":{"self":[{"href":"https:\/\/www.ccsa.ufpb.br\/dadm\/wp-json\/wp\/v2\/pages\/17","targetHints":{"allow":["GET"]}}],"collection":[{"href":"https:\/\/www.ccsa.ufpb.br\/dadm\/wp-json\/wp\/v2\/pages"}],"about":[{"href":"https:\/\/www.ccsa.ufpb.br\/dadm\/wp-json\/wp\/v2\/types\/page"}],"author":[{"embeddable":true,"href":"https:\/\/www.ccsa.ufpb.br\/dadm\/wp-json\/wp\/v2\/users\/47"}],"replies":[{"embeddable":true,"href":"https:\/\/www.ccsa.ufpb.br\/dadm\/wp-json\/wp\/v2\/comments?post=17"}],"version-history":[{"count":1,"href":"https:\/\/www.ccsa.ufpb.br\/dadm\/wp-json\/wp\/v2\/pages\/17\/revisions"}],"predecessor-version":[{"id":18,"href":"https:\/\/www.ccsa.ufpb.br\/dadm\/wp-json\/wp\/v2\/pages\/17\/revisions\/18"}],"wp:attachment":[{"href":"https:\/\/www.ccsa.ufpb.br\/dadm\/wp-json\/wp\/v2\/media?parent=17"}],"curies":[{"name":"wp","href":"https:\/\/api.w.org\/{rel}","templated":true}]}}