{"id":21,"date":"2026-03-16T15:31:50","date_gmt":"2026-03-16T18:31:50","guid":{"rendered":"https:\/\/www.ccsa.ufpb.br\/dadm\/?page_id=21"},"modified":"2026-03-16T15:31:50","modified_gmt":"2026-03-16T18:31:50","slug":"componentes-curriculares","status":"publish","type":"page","link":"https:\/\/www.ccsa.ufpb.br\/dadm\/componentes-curriculares\/","title":{"rendered":"Componentes curriculares"},"content":{"rendered":"\n<p>No DADM as principais atividades de ensino s\u00e3o associadas aos componentes curriculares dos cursos atendidos pelo Departamento. Os blocos principais s\u00e3o os seguintes (clicando no link h\u00e1 um redirecionamento para as p\u00e1ginas dos conjuntos de componentes):&nbsp;<\/p>\n\n\n\n<ul class=\"wp-block-list\">\n<li><a href=\"https:\/\/sigaa.ufpb.br\/sigaa\/public\/departamento\/componentes.jsf?id=1330\" target=\"_blank\" rel=\"noreferrer noopener\">Componentes cursos de Gradua\u00e7\u00e3o<\/a><\/li>\n\n\n\n<li><a href=\"https:\/\/sigaa.ufpb.br\/sigaa\/public\/programa\/curriculo.jsf?lc=pt_BR&amp;id=1898\" target=\"_blank\" rel=\"noreferrer noopener\">Componente do Programa de P\u00f3s-Gradua\u00e7\u00e3o em Administra\u00e7\u00e3o &#8211; PPGA<\/a><\/li>\n\n\n\n<li><a href=\"https:\/\/sigaa.ufpb.br\/sigaa\/public\/programa\/curriculo.jsf?lc=pt_BR&amp;id=3144\" target=\"_blank\" rel=\"noreferrer noopener\">Componentes do Programa de P\u00f3s-Gradua\u00e7\u00e3o em Gest\u00e3o P\u00fablica e Coopera\u00e7\u00e3o Internacional &#8211; PGPCI<\/a><\/li>\n<\/ul>\n\n\n\n<p>Os componentes de p\u00f3s-gradua\u00e7\u00e3o s\u00e3o vinculados aos respectivos PPG&#8217;s e n\u00e3o aos departamentos. Desse modo, apenas alguns dos componentes de cada Programa s\u00e3o ministrados por docentes do DADM.<\/p>\n\n\n\n<p>Relativo \u00e0 oferta de gradua\u00e7\u00e3o, os componentes s\u00e3o vinculados ao DADM, com uma lista mais est\u00e1vel das ofertas de gradua\u00e7\u00e3o, por \u00e1rea e curso, est\u00e3o indicada abaixo:<\/p>\n\n\n\n<figure class=\"wp-block-table\"><table class=\"has-fixed-layout\"><tbody><tr><td class=\"has-text-align-center\" data-align=\"center\"><strong>Componente<\/strong><\/td><td class=\"has-text-align-center\" data-align=\"center\"><strong>\u00c1rea<\/strong><\/td><td class=\"has-text-align-center\" data-align=\"center\"><strong>Curso<\/strong><\/td><\/tr><tr><td>ADMINISTRA\u00c7\u00c3O APLICADA \u00c0 SA\u00daDE<\/td><td class=\"has-text-align-center\" data-align=\"center\">Administra\u00e7\u00e3o geral<\/td><td>Fonoaudiologia<\/td><\/tr><tr><td>ADMINISTRA\u00c7\u00c3O DA PRODU\u00c7\u00c3O<\/td><td class=\"has-text-align-center\" data-align=\"center\">Produ\u00e7\u00e3o e Opera\u00e7\u00f5es<\/td><td>Administra\u00e7\u00e3o<\/td><\/tr><tr><td>ADMINISTRACAO DA PRODUCAO E OPERACOES I<\/td><td class=\"has-text-align-center\" data-align=\"center\">Produ\u00e7\u00e3o e Opera\u00e7\u00f5es<\/td><td>Administra\u00e7\u00e3o<\/td><\/tr><tr><td>ADMINISTRA\u00c7\u00c3O DA PRODU\u00c7\u00c3O E OPERA\u00c7\u00d5ES II<\/td><td class=\"has-text-align-center\" data-align=\"center\">Produ\u00e7\u00e3o e Opera\u00e7\u00f5es<\/td><td>Administra\u00e7\u00e3o<\/td><\/tr><tr><td>ADMINISTRA\u00c7\u00c3O DE EMPRESAS<\/td><td class=\"has-text-align-center\" data-align=\"center\">Administra\u00e7\u00e3o geral<\/td><td>Engenharias<\/td><\/tr><tr><td>ADMINISTRA\u00c7\u00c3O DE MARKETING<\/td><td class=\"has-text-align-center\" data-align=\"center\">Marketing<\/td><td>Administra\u00e7\u00e3o<\/td><\/tr><tr><td>ADMINISTRA\u00c7\u00c3O DE MARKETING I<\/td><td class=\"has-text-align-center\" data-align=\"center\">Marketing<\/td><td>Administra\u00e7\u00e3o<\/td><\/tr><tr><td>ADMINISTRA\u00c7\u00c3O DE MARKETING II<\/td><td class=\"has-text-align-center\" data-align=\"center\">Marketing<\/td><td>Administra\u00e7\u00e3o<\/td><\/tr><tr><td>ADMINISTRA\u00c7\u00c3O DE MATERIAIS<\/td><td class=\"has-text-align-center\" data-align=\"center\">Produ\u00e7\u00e3o e Opera\u00e7\u00f5es<\/td><td>Administra\u00e7\u00e3o<\/td><\/tr><tr><td>ADMINISTRA\u00c7\u00c3O DE RECURSOS HUMANOS<\/td><td class=\"has-text-align-center\" data-align=\"center\">Recursos humanos<\/td><td>Administra\u00e7\u00e3o<\/td><\/tr><tr><td>ADMINISTRACAO DE RECURSOS HUMANOS I<\/td><td class=\"has-text-align-center\" data-align=\"center\">Recursos humanos<\/td><td>Administra\u00e7\u00e3o<\/td><\/tr><tr><td>ADMINISTRACAO DE RECURSOS HUMANOS II<\/td><td class=\"has-text-align-center\" data-align=\"center\">Recursos humanos<\/td><td>Administra\u00e7\u00e3o<\/td><\/tr><tr><td>ADMINISTRA\u00c7\u00c3O DE RECURSOS MATERIAIS E PATRIMONIAIS II<\/td><td class=\"has-text-align-center\" data-align=\"center\">Produ\u00e7\u00e3o e Opera\u00e7\u00f5es<\/td><td>Administra\u00e7\u00e3o<\/td><\/tr><tr><td>ADMINISTRACAO DE RECURSOS MATERIAIS I<\/td><td class=\"has-text-align-center\" data-align=\"center\">Produ\u00e7\u00e3o e Opera\u00e7\u00f5es<\/td><td>Administra\u00e7\u00e3o<\/td><\/tr><tr><td>ADMINISTRACAO DE RECURSOS MATERIAIS II<\/td><td class=\"has-text-align-center\" data-align=\"center\">Produ\u00e7\u00e3o e Opera\u00e7\u00f5es<\/td><td>Administra\u00e7\u00e3o<\/td><\/tr><tr><td>ADMINISTRACAO DE SISTEMAS DE INFORMACAO<\/td><td class=\"has-text-align-center\" data-align=\"center\">Tecnologias da Informa\u00e7\u00e3o e da Comunica\u00e7\u00e3o<\/td><td>Administra\u00e7\u00e3o<\/td><\/tr><tr><td>ADMINISTRA\u00c7\u00c3O ESTRAT\u00c9GICA<\/td><td class=\"has-text-align-center\" data-align=\"center\">Estrat\u00e9gia<\/td><td>Administra\u00e7\u00e3o<\/td><\/tr><tr><td>ADMINISTRA\u00c7\u00c3O FINANCEIRA E OR\u00c7AMENT\u00c1RIA DE CURTO PRAZO<\/td><td class=\"has-text-align-center\" data-align=\"center\">Finan\u00e7as<\/td><td>Administra\u00e7\u00e3o<\/td><\/tr><tr><td>ADMINISTRA\u00c7\u00c3O FINANCEIRA E OR\u00c7AMENT\u00c1RIA DE LONGO PRAZO<\/td><td class=\"has-text-align-center\" data-align=\"center\">Finan\u00e7as<\/td><td>Administra\u00e7\u00e3o<\/td><\/tr><tr><td>ADMINISTRACAO FINANCEIRA I<\/td><td class=\"has-text-align-center\" data-align=\"center\">Finan\u00e7as<\/td><td>Administra\u00e7\u00e3o<\/td><\/tr><tr><td>ADMINISTRACAO FINANCEIRA II<\/td><td class=\"has-text-align-center\" data-align=\"center\">Finan\u00e7as<\/td><td>Administra\u00e7\u00e3o<\/td><\/tr><tr><td>ADMINISTRA\u00c7\u00c3O PARA CDN I<\/td><td class=\"has-text-align-center\" data-align=\"center\">Administra\u00e7\u00e3o geral<\/td><td>CDN<\/td><\/tr><tr><td>ADMINISTRA\u00c7\u00c3O PARA CDN II<\/td><td class=\"has-text-align-center\" data-align=\"center\">Administra\u00e7\u00e3o geral<\/td><td>CDN<\/td><\/tr><tr><td>ADMINISTRA\u00c7\u00c3O, MERCADO E SOCIEDADE<\/td><td class=\"has-text-align-center\" data-align=\"center\">Administra\u00e7\u00e3o geral<\/td><td>Administra\u00e7\u00e3o<\/td><\/tr><tr><td>AN\u00c1LISE DE INVESTIMENTO<\/td><td class=\"has-text-align-center\" data-align=\"center\">Finan\u00e7as<\/td><td>Administra\u00e7\u00e3o<\/td><\/tr><tr><td>APRENDIZAGEM E CONHECIMENTO<\/td><td class=\"has-text-align-center\" data-align=\"center\">Recursos humanos<\/td><td>Administra\u00e7\u00e3o<\/td><\/tr><tr><td>AVALIA\u00c7\u00c3O DE DESEMPENHO EM OPERA\u00c7\u00d5ES<\/td><td class=\"has-text-align-center\" data-align=\"center\">Produ\u00e7\u00e3o e Opera\u00e7\u00f5es<\/td><td>Administra\u00e7\u00e3o<\/td><\/tr><tr><td>COMPORTAMENTO DO CONSUMIDOR<\/td><td class=\"has-text-align-center\" data-align=\"center\">Marketing<\/td><td>Administra\u00e7\u00e3o<\/td><\/tr><tr><td>COMPORTAMENTO E DESENVOLVIMENTO HUMANO NAS ORGANIZA\u00c7\u00d5ES<\/td><td class=\"has-text-align-center\" data-align=\"center\">Recursos humanos<\/td><td>Administra\u00e7\u00e3o<\/td><\/tr><tr><td>COMPORTAMENTO ORGANIZACIONAL<\/td><td class=\"has-text-align-center\" data-align=\"center\">Recursos humanos<\/td><td>Administra\u00e7\u00e3o<\/td><\/tr><tr><td>COMUNICA\u00c7\u00c3O E NEGOCIA\u00c7\u00c3O NAS ORGANIZA\u00c7\u00d5ES<\/td><td class=\"has-text-align-center\" data-align=\"center\">Recursos humanos<\/td><td>Administra\u00e7\u00e3o<\/td><\/tr><tr><td>DESEMPENHO E DESENVOLVIMENTO DE PESSOAS<\/td><td class=\"has-text-align-center\" data-align=\"center\">Recursos humanos<\/td><td>Administra\u00e7\u00e3o<\/td><\/tr><tr><td>DESENVOLVIMENTO GERENCIAL<\/td><td class=\"has-text-align-center\" data-align=\"center\">Recursos humanos<\/td><td>Administra\u00e7\u00e3o<\/td><\/tr><tr><td>DIAGN\u00d3STICO E CONSULTORIA ORGANIZACIONAL<\/td><td class=\"has-text-align-center\" data-align=\"center\">Estrat\u00e9gia<\/td><td>Administra\u00e7\u00e3o<\/td><\/tr><tr><td>EMPREENDEDORISMO<\/td><td class=\"has-text-align-center\" data-align=\"center\">Estrat\u00e9gia<\/td><td>Administra\u00e7\u00e3o<\/td><\/tr><tr><td>ENGENHARIA DE SOFTWARE PARA ADMINISTRADORES<\/td><td class=\"has-text-align-center\" data-align=\"center\">Tecnologias da Informa\u00e7\u00e3o e da Comunica\u00e7\u00e3o<\/td><td>Administra\u00e7\u00e3o<\/td><\/tr><tr><td>ENGENHARIA DE SOFTWARE PARA CDN<\/td><td class=\"has-text-align-center\" data-align=\"center\">Tecnologias da Informa\u00e7\u00e3o e da Comunica\u00e7\u00e3o<\/td><td>CDN<\/td><\/tr><tr><td>EST\u00c1GIO SUPERVISIONADO EM ADMINISTRA\u00c7\u00c3O I<\/td><td class=\"has-text-align-center\" data-align=\"center\">Pr\u00e1tica e Pesquisa em Administra\u00e7\u00e3o<\/td><td>Administra\u00e7\u00e3o<\/td><\/tr><tr><td>EST\u00c1GIO SUPERVISIONADO EM ADMINISTRA\u00c7\u00c3O II<\/td><td class=\"has-text-align-center\" data-align=\"center\">Pr\u00e1tica e Pesquisa em Administra\u00e7\u00e3o<\/td><td>Administra\u00e7\u00e3o<\/td><\/tr><tr><td>EST\u00c1GIO SUPERVISIONADO EM ADMINISTRA\u00c7\u00c3O III<\/td><td class=\"has-text-align-center\" data-align=\"center\">Pr\u00e1tica e Pesquisa em Administra\u00e7\u00e3o<\/td><td>Administra\u00e7\u00e3o<\/td><\/tr><tr><td>EST\u00c1GIO SUPERVISIONADO EM ADMINISTRA\u00c7\u00c3O IV<\/td><td class=\"has-text-align-center\" data-align=\"center\">Pr\u00e1tica e Pesquisa em Administra\u00e7\u00e3o<\/td><td>Administra\u00e7\u00e3o<\/td><\/tr><tr><td>ESTRUTURAS E PROCESSOS ORGANIZACIONAIS<\/td><td class=\"has-text-align-center\" data-align=\"center\">Estrat\u00e9gia<\/td><td>Administra\u00e7\u00e3o<\/td><\/tr><tr><td>FINAN\u00c7AS DE CURTO PRAZO<\/td><td class=\"has-text-align-center\" data-align=\"center\">Finan\u00e7as<\/td><td>Administra\u00e7\u00e3o<\/td><\/tr><tr><td>FINAN\u00c7AS DE LONGO PRAZO<\/td><td class=\"has-text-align-center\" data-align=\"center\">Finan\u00e7as<\/td><td>CDN<\/td><\/tr><tr><td>FUNDAMENTOS DA ADMINISTRA\u00c7\u00c3O<\/td><td class=\"has-text-align-center\" data-align=\"center\">Administra\u00e7\u00e3o geral<\/td><td>&nbsp;Turismo<\/td><\/tr><tr><td>GEST\u00c3O AMBIENTAL<\/td><td class=\"has-text-align-center\" data-align=\"center\">Estrat\u00e9gia<\/td><td>Administra\u00e7\u00e3o<\/td><\/tr><tr><td>GEST\u00c3O AMBIENTAL E SUSTENTABILIDADE<\/td><td class=\"has-text-align-center\" data-align=\"center\">Estrat\u00e9gia<\/td><td>Administra\u00e7\u00e3o<\/td><\/tr><tr><td>GEST\u00c3O DA INOVA\u00c7\u00c3O<\/td><td class=\"has-text-align-center\" data-align=\"center\">Estrat\u00e9gia<\/td><td>Administra\u00e7\u00e3o<\/td><\/tr><tr><td>GEST\u00c3O DA QUALIDADE<\/td><td class=\"has-text-align-center\" data-align=\"center\">Produ\u00e7\u00e3o e Opera\u00e7\u00f5es<\/td><td>Administra\u00e7\u00e3o<\/td><\/tr><tr><td>GEST\u00c3O DA TECNOLOGIA DA INFORMA\u00c7\u00c3O<\/td><td class=\"has-text-align-center\" data-align=\"center\">Tecnologias da Informa\u00e7\u00e3o e da Comunica\u00e7\u00e3o<\/td><td>Administra\u00e7\u00e3o<\/td><\/tr><tr><td>GEST\u00c3O DE DESEMPENHO EM OPERA\u00c7\u00d5ES<\/td><td class=\"has-text-align-center\" data-align=\"center\">Produ\u00e7\u00e3o e Opera\u00e7\u00f5es<\/td><td>Administra\u00e7\u00e3o<\/td><\/tr><tr><td>GEST\u00c3O DE ORGANIZA\u00c7\u00d5ES DO TERCEIRO SETOR<\/td><td class=\"has-text-align-center\" data-align=\"center\">Recursos humanos<\/td><td>Administra\u00e7\u00e3o<\/td><\/tr><tr><td>GEST\u00c3O DE PROJETOS<\/td><td class=\"has-text-align-center\" data-align=\"center\">Estrat\u00e9gia<\/td><td>Administra\u00e7\u00e3o<\/td><\/tr><tr><td>GEST\u00c3O DE SERVI\u00c7OS<\/td><td class=\"has-text-align-center\" data-align=\"center\">Produ\u00e7\u00e3o e Opera\u00e7\u00f5es<\/td><td>Administra\u00e7\u00e3o<\/td><\/tr><tr><td>INTRODU\u00c7\u00c3O \u00c0 ADMINISTRA\u00c7\u00c3O<\/td><td class=\"has-text-align-center\" data-align=\"center\">Administra\u00e7\u00e3o geral<\/td><td>&nbsp;LEANI<\/td><\/tr><tr><td>INTRODU\u00c7\u00c3O \u00c0 PROGRAMA\u00c7\u00c3O PARA ADMINISTRADORES<\/td><td class=\"has-text-align-center\" data-align=\"center\">Tecnologias da Informa\u00e7\u00e3o e da Comunica\u00e7\u00e3o<\/td><td>Administra\u00e7\u00e3o<\/td><\/tr><tr><td>LOG\u00cdSTICA<\/td><td class=\"has-text-align-center\" data-align=\"center\">Produ\u00e7\u00e3o e Opera\u00e7\u00f5es<\/td><td>Administra\u00e7\u00e3o<\/td><\/tr><tr><td>MARKETING ANAL\u00cdTICO<\/td><td class=\"has-text-align-center\" data-align=\"center\">Marketing<\/td><td>Administra\u00e7\u00e3o<\/td><\/tr><tr><td>MARKETING DE VAREJO E SERVI\u00c7OS<\/td><td class=\"has-text-align-center\" data-align=\"center\">Marketing<\/td><td>Administra\u00e7\u00e3o<\/td><\/tr><tr><td>MARKETING E SOCIEDADE<\/td><td class=\"has-text-align-center\" data-align=\"center\">Marketing<\/td><td>Administra\u00e7\u00e3o<\/td><\/tr><tr><td>MARKETING ESTRAT\u00c9GICO<\/td><td class=\"has-text-align-center\" data-align=\"center\">Marketing<\/td><td>Administra\u00e7\u00e3o<\/td><\/tr><tr><td>M\u00c9TODOS QUANTITATIVOS APLICADOS A FINAN\u00c7AS<\/td><td class=\"has-text-align-center\" data-align=\"center\">Finan\u00e7as<\/td><td>Administra\u00e7\u00e3o<\/td><\/tr><tr><td>NEG\u00d3CIOS NO AMBIENTE VIRTUAL<\/td><td class=\"has-text-align-center\" data-align=\"center\">Tecnologias da Informa\u00e7\u00e3o e da Comunica\u00e7\u00e3o<\/td><td>Administra\u00e7\u00e3o<\/td><\/tr><tr><td>PESQUISA APLICADA \u00c0 ADMINISTRA\u00c7\u00c3O<\/td><td class=\"has-text-align-center\" data-align=\"center\">Pr\u00e1tica e Pesquisa em Administra\u00e7\u00e3o<\/td><td>Administra\u00e7\u00e3o<\/td><\/tr><tr><td>PESQUISA APLICADA \u00c0 ADMINISTRA\u00c7\u00c3O II<\/td><td class=\"has-text-align-center\" data-align=\"center\">Pr\u00e1tica e Pesquisa em Administra\u00e7\u00e3o<\/td><td>Administra\u00e7\u00e3o<\/td><\/tr><tr><td>PESQUISA APLICADA EM ADMINISTRA\u00c7\u00c3O I<\/td><td class=\"has-text-align-center\" data-align=\"center\">Pr\u00e1tica e Pesquisa em Administra\u00e7\u00e3o<\/td><td>Administra\u00e7\u00e3o<\/td><\/tr><tr><td>PESQUISA DE MERCADO<\/td><td class=\"has-text-align-center\" data-align=\"center\">Marketing<\/td><td>Administra\u00e7\u00e3o<\/td><\/tr><tr><td>PESQUISA OPERACIONAL<\/td><td class=\"has-text-align-center\" data-align=\"center\">Produ\u00e7\u00e3o e Opera\u00e7\u00f5es<\/td><td>Administra\u00e7\u00e3o<\/td><\/tr><tr><td>PLANEJAMENTO DE CARREIRA EM ADMINISTRA\u00c7\u00c3O<\/td><td class=\"has-text-align-center\" data-align=\"center\">Recursos humanos<\/td><td>Administra\u00e7\u00e3o<\/td><\/tr><tr><td>PLANEJAMENTO E CONTROLE DA PRODU\u00c7\u00c3O<\/td><td class=\"has-text-align-center\" data-align=\"center\">Produ\u00e7\u00e3o e Opera\u00e7\u00f5es<\/td><td>Administra\u00e7\u00e3o<\/td><\/tr><tr><td>PLANEJMENTO E GEST\u00c3O ESTRAT ORGANIZACIONAL<\/td><td class=\"has-text-align-center\" data-align=\"center\">Estrat\u00e9gia<\/td><td>Administra\u00e7\u00e3o<\/td><\/tr><tr><td>PR\u00c1TICA DE GEST\u00c3O I<\/td><td class=\"has-text-align-center\" data-align=\"center\">Pr\u00e1tica e Pesquisa em Administra\u00e7\u00e3o<\/td><td>Administra\u00e7\u00e3o<\/td><\/tr><tr><td>PR\u00c1TICA DE GEST\u00c3O II<\/td><td class=\"has-text-align-center\" data-align=\"center\">Pr\u00e1tica e Pesquisa em Administra\u00e7\u00e3o<\/td><td>Administra\u00e7\u00e3o<\/td><\/tr><tr><td>PROCESSO DECIS\u00d3RIO E DESENVOLVIMENTO GERENCIAL<\/td><td class=\"has-text-align-center\" data-align=\"center\">Recursos humanos<\/td><td>Administra\u00e7\u00e3o<\/td><\/tr><tr><td>PROCESSOS, SISTEMAS E M\u00c9TODOS<\/td><td class=\"has-text-align-center\" data-align=\"center\">Estrat\u00e9gia<\/td><td>Administra\u00e7\u00e3o<\/td><\/tr><tr><td>PROVIS\u00c3O E MANUTEN\u00c7\u00c3O DE PESSOAS<\/td><td class=\"has-text-align-center\" data-align=\"center\">Recursos humanos<\/td><td>Administra\u00e7\u00e3o<\/td><\/tr><tr><td>PUBLICIDADE E PROPAGANDA<\/td><td class=\"has-text-align-center\" data-align=\"center\">Marketing<\/td><td>Administra\u00e7\u00e3o<\/td><\/tr><tr><td>RELA\u00c7\u00d5ES DE TRABALHO<\/td><td class=\"has-text-align-center\" data-align=\"center\">Recursos humanos<\/td><td>Administra\u00e7\u00e3o<\/td><\/tr><tr><td>RESPONSABILIDADE SOCIAL EMPRESARIAL<\/td><td class=\"has-text-align-center\" data-align=\"center\">Estrat\u00e9gia<\/td><td>Administra\u00e7\u00e3o<\/td><\/tr><tr><td>SISTEMA DE INFORMA\u00c7\u00c3O E DECIS\u00c3O<\/td><td class=\"has-text-align-center\" data-align=\"center\">Tecnologias da Informa\u00e7\u00e3o e da Comunica\u00e7\u00e3o<\/td><td>Administra\u00e7\u00e3o<\/td><\/tr><tr><td>SISTEMA DE INFORMA\u00c7\u00d5ES GERENCIAIS<\/td><td class=\"has-text-align-center\" data-align=\"center\">Tecnologias da Informa\u00e7\u00e3o e da Comunica\u00e7\u00e3o<\/td><td>Administra\u00e7\u00e3o<\/td><\/tr><tr><td>SISTEMAS DE INFORMA\u00c7\u00c3O E DECIS\u00c3O<\/td><td class=\"has-text-align-center\" data-align=\"center\">Tecnologias da Informa\u00e7\u00e3o e da Comunica\u00e7\u00e3o<\/td><td>Administra\u00e7\u00e3o e CDN<\/td><\/tr><tr><td>SISTEMAS DE INFORMA\u00c7\u00c3O NAS ORGANIZA\u00c7\u00d5ES<\/td><td class=\"has-text-align-center\" data-align=\"center\">Tecnologias da Informa\u00e7\u00e3o e da Comunica\u00e7\u00e3o<\/td><td>Administra\u00e7\u00e3o<\/td><\/tr><tr><td>TECNOLOGIA DA INFORMA\u00c7\u00c3O E CI\u00caNCIA DOS DADOS<\/td><td class=\"has-text-align-center\" data-align=\"center\">Tecnologias da Informa\u00e7\u00e3o e da Comunica\u00e7\u00e3o<\/td><td>Administra\u00e7\u00e3o<\/td><\/tr><tr><td>TEORIA E TEC DE ADM APL AS NEG INTERN<\/td><td class=\"has-text-align-center\" data-align=\"center\">Administra\u00e7\u00e3o geral<\/td><td>LEANI<\/td><\/tr><tr><td>TEORIAS DA ADMINISTRA\u00c7\u00c3O<\/td><td class=\"has-text-align-center\" data-align=\"center\">Administra\u00e7\u00e3o geral<\/td><td>Administra\u00e7\u00e3o<\/td><\/tr><tr><td>T\u00d3PICOS ESPECIAIS EM ADMINISTRA\u00c7\u00c3O<\/td><td class=\"has-text-align-center\" data-align=\"center\">Pr\u00e1tica e Pesquisa em Administra\u00e7\u00e3o<\/td><td>Administra\u00e7\u00e3o<\/td><\/tr><tr><td>TRABALHO DE CONCLUS\u00c3O DE CURSO DE ADMINISTRA\u00c7\u00c3O I<\/td><td class=\"has-text-align-center\" data-align=\"center\">Pr\u00e1tica e Pesquisa em Administra\u00e7\u00e3o<\/td><td>Administra\u00e7\u00e3o<\/td><\/tr><tr><td>TRABALHO DE CONCLUS\u00c3O DE CURSO DE ADMINISTRA\u00c7\u00c3O II<\/td><td class=\"has-text-align-center\" data-align=\"center\">Pr\u00e1tica e Pesquisa em Administra\u00e7\u00e3o<\/td><td>Administra\u00e7\u00e3<\/td><\/tr><\/tbody><\/table><\/figure>\n","protected":false},"excerpt":{"rendered":"<p>No DADM as principais atividades de ensino s\u00e3o associadas aos componentes curriculares dos cursos atendidos [&hellip;]<\/p>\n","protected":false},"author":47,"featured_media":0,"parent":0,"menu_order":0,"comment_status":"closed","ping_status":"closed","template":"","meta":{"footnotes":""},"class_list":["post-21","page","type-page","status-publish","hentry"],"_links":{"self":[{"href":"https:\/\/www.ccsa.ufpb.br\/dadm\/wp-json\/wp\/v2\/pages\/21","targetHints":{"allow":["GET"]}}],"collection":[{"href":"https:\/\/www.ccsa.ufpb.br\/dadm\/wp-json\/wp\/v2\/pages"}],"about":[{"href":"https:\/\/www.ccsa.ufpb.br\/dadm\/wp-json\/wp\/v2\/types\/page"}],"author":[{"embeddable":true,"href":"https:\/\/www.ccsa.ufpb.br\/dadm\/wp-json\/wp\/v2\/users\/47"}],"replies":[{"embeddable":true,"href":"https:\/\/www.ccsa.ufpb.br\/dadm\/wp-json\/wp\/v2\/comments?post=21"}],"version-history":[{"count":1,"href":"https:\/\/www.ccsa.ufpb.br\/dadm\/wp-json\/wp\/v2\/pages\/21\/revisions"}],"predecessor-version":[{"id":22,"href":"https:\/\/www.ccsa.ufpb.br\/dadm\/wp-json\/wp\/v2\/pages\/21\/revisions\/22"}],"wp:attachment":[{"href":"https:\/\/www.ccsa.ufpb.br\/dadm\/wp-json\/wp\/v2\/media?parent=21"}],"curies":[{"name":"wp","href":"https:\/\/api.w.org\/{rel}","templated":true}]}}