{"id":23,"date":"2026-03-16T15:32:11","date_gmt":"2026-03-16T18:32:11","guid":{"rendered":"https:\/\/www.ccsa.ufpb.br\/dadm\/?page_id=23"},"modified":"2026-03-16T15:32:11","modified_gmt":"2026-03-16T18:32:11","slug":"monitoria","status":"publish","type":"page","link":"https:\/\/www.ccsa.ufpb.br\/dadm\/monitoria\/","title":{"rendered":"Monitoria"},"content":{"rendered":"\n<p>No DADM s\u00e3o realizadas diversas atividades de ensino associadas a projetos de monitoria. Tais projetos visam integrar os graduandos que j\u00e1 cursaram um componente em atividades de aprendizado e aux\u00edlio para discentes que ainda n\u00e3o cursaram (o componente).<\/p>\n\n\n\n<p>As a\u00e7\u00f5es de monitoria s\u00e3o desenvolvidas a partir de projetos aprovados em editais da Pr\u00f3-Reitoria de Gradua\u00e7\u00e3o. Neste&nbsp;<a href=\"https:\/\/sigaa.ufpb.br\/sigaa\/public\/departamento\/monitoria.jsf?id=1330\" target=\"_blank\" rel=\"noreferrer noopener\">link<\/a>&nbsp;\u00e9 poss\u00edvel encontrar uma lista de projetos liderados por docentes do Departamento e outros detalhes<\/p>\n","protected":false},"excerpt":{"rendered":"<p>No DADM s\u00e3o realizadas diversas atividades de ensino associadas a projetos de monitoria. Tais projetos [&hellip;]<\/p>\n","protected":false},"author":47,"featured_media":0,"parent":0,"menu_order":0,"comment_status":"closed","ping_status":"closed","template":"","meta":{"footnotes":""},"class_list":["post-23","page","type-page","status-publish","hentry"],"_links":{"self":[{"href":"https:\/\/www.ccsa.ufpb.br\/dadm\/wp-json\/wp\/v2\/pages\/23","targetHints":{"allow":["GET"]}}],"collection":[{"href":"https:\/\/www.ccsa.ufpb.br\/dadm\/wp-json\/wp\/v2\/pages"}],"about":[{"href":"https:\/\/www.ccsa.ufpb.br\/dadm\/wp-json\/wp\/v2\/types\/page"}],"author":[{"embeddable":true,"href":"https:\/\/www.ccsa.ufpb.br\/dadm\/wp-json\/wp\/v2\/users\/47"}],"replies":[{"embeddable":true,"href":"https:\/\/www.ccsa.ufpb.br\/dadm\/wp-json\/wp\/v2\/comments?post=23"}],"version-history":[{"count":1,"href":"https:\/\/www.ccsa.ufpb.br\/dadm\/wp-json\/wp\/v2\/pages\/23\/revisions"}],"predecessor-version":[{"id":24,"href":"https:\/\/www.ccsa.ufpb.br\/dadm\/wp-json\/wp\/v2\/pages\/23\/revisions\/24"}],"wp:attachment":[{"href":"https:\/\/www.ccsa.ufpb.br\/dadm\/wp-json\/wp\/v2\/media?parent=23"}],"curies":[{"name":"wp","href":"https:\/\/api.w.org\/{rel}","templated":true}]}}