{"id":27,"date":"2026-03-16T15:32:52","date_gmt":"2026-03-16T18:32:52","guid":{"rendered":"https:\/\/www.ccsa.ufpb.br\/dadm\/?page_id=27"},"modified":"2026-03-16T15:32:53","modified_gmt":"2026-03-16T18:32:53","slug":"pesquisa","status":"publish","type":"page","link":"https:\/\/www.ccsa.ufpb.br\/dadm\/pesquisa\/","title":{"rendered":"Pesquisa"},"content":{"rendered":"\n<p>Os docentes do DADM desenvolvem pesquisas de alto n\u00edvel nas diversas especialidades do campo acad\u00eamico de Administra\u00e7\u00e3o, integrando a pesquisa com o ensino a partir do envolvimento e da orienta\u00e7\u00e3o de discentes em projetos de trabalhos de conclus\u00e3o de cursos de gradua\u00e7\u00e3o (TCCs), inicia\u00e7\u00e3o cient\u00edfica (IC), al\u00e9m de trabalhos finais de mestrado (disserta\u00e7\u00f5es) e doutorado (teses).<\/p>\n\n\n\n<p>Uma lista projetos desenvolvidos por docentes do DADM podem ser encontrados neste&nbsp;<a href=\"https:\/\/sigaa.ufpb.br\/sigaa\/public\/departamento\/pesquisa.jsf?id=1330\" target=\"_blank\" rel=\"noreferrer noopener\">link<\/a>. A lista est\u00e1 definida por docente, e detalhes podem ser acessados a partir do contato direto com o l\u00edder do projeto (ver contatos na p\u00e1gina de&nbsp;<a href=\"http:\/\/plone.ufpb.br\/da\/contents\/menu\/institucional\/corpo-docente\">Docentes<\/a>).<\/p>\n","protected":false},"excerpt":{"rendered":"<p>Os docentes do DADM desenvolvem pesquisas de alto n\u00edvel nas diversas especialidades do campo acad\u00eamico [&hellip;]<\/p>\n","protected":false},"author":47,"featured_media":0,"parent":0,"menu_order":0,"comment_status":"closed","ping_status":"closed","template":"","meta":{"footnotes":""},"class_list":["post-27","page","type-page","status-publish","hentry"],"_links":{"self":[{"href":"https:\/\/www.ccsa.ufpb.br\/dadm\/wp-json\/wp\/v2\/pages\/27","targetHints":{"allow":["GET"]}}],"collection":[{"href":"https:\/\/www.ccsa.ufpb.br\/dadm\/wp-json\/wp\/v2\/pages"}],"about":[{"href":"https:\/\/www.ccsa.ufpb.br\/dadm\/wp-json\/wp\/v2\/types\/page"}],"author":[{"embeddable":true,"href":"https:\/\/www.ccsa.ufpb.br\/dadm\/wp-json\/wp\/v2\/users\/47"}],"replies":[{"embeddable":true,"href":"https:\/\/www.ccsa.ufpb.br\/dadm\/wp-json\/wp\/v2\/comments?post=27"}],"version-history":[{"count":1,"href":"https:\/\/www.ccsa.ufpb.br\/dadm\/wp-json\/wp\/v2\/pages\/27\/revisions"}],"predecessor-version":[{"id":28,"href":"https:\/\/www.ccsa.ufpb.br\/dadm\/wp-json\/wp\/v2\/pages\/27\/revisions\/28"}],"wp:attachment":[{"href":"https:\/\/www.ccsa.ufpb.br\/dadm\/wp-json\/wp\/v2\/media?parent=27"}],"curies":[{"name":"wp","href":"https:\/\/api.w.org\/{rel}","templated":true}]}}