{"id":7,"date":"2026-03-16T15:07:34","date_gmt":"2026-03-16T18:07:34","guid":{"rendered":"https:\/\/www.ccsa.ufpb.br\/dadm\/?page_id=7"},"modified":"2026-03-16T17:31:52","modified_gmt":"2026-03-16T20:31:52","slug":"contato","status":"publish","type":"page","link":"https:\/\/www.ccsa.ufpb.br\/dadm\/contato\/","title":{"rendered":"Contato"},"content":{"rendered":"\n<p>Para manter contato com o DADM, potenciais interessados podem faz\u00ea-lo ou pela Chefia ou por qualquer dos docentes:<\/p>\n\n\n\n<h3 class=\"wp-block-heading\">&#8211; Chefia<\/h3>\n\n\n\n<p class=\" \">Email: dadmin@ccsa.ufpb.br<\/p>\n\n\n\n<p class=\" \">Telefone: (83) 32167491<\/p>\n\n\n\n<h3 class=\"wp-block-heading\">&#8211; Docentes<\/h3>\n\n\n\n<p class=\" \">Os contatos de email de todos os professores est\u00e3o dispon\u00edveis na \u00e1reas de&nbsp;<a href=\"http:\/\/plone.ufpb.br\/da\/contents\/menu\/institucional\/corpo-docente\">Docentes<\/a>&nbsp;deste site.&nbsp;<\/p>\n","protected":false},"excerpt":{"rendered":"<p>Para manter contato com o DADM, potenciais interessados podem faz\u00ea-lo ou pela Chefia ou por [&hellip;]<\/p>\n","protected":false},"author":47,"featured_media":0,"parent":0,"menu_order":0,"comment_status":"closed","ping_status":"closed","template":"","meta":{"footnotes":""},"class_list":["post-7","page","type-page","status-publish","hentry"],"_links":{"self":[{"href":"https:\/\/www.ccsa.ufpb.br\/dadm\/wp-json\/wp\/v2\/pages\/7","targetHints":{"allow":["GET"]}}],"collection":[{"href":"https:\/\/www.ccsa.ufpb.br\/dadm\/wp-json\/wp\/v2\/pages"}],"about":[{"href":"https:\/\/www.ccsa.ufpb.br\/dadm\/wp-json\/wp\/v2\/types\/page"}],"author":[{"embeddable":true,"href":"https:\/\/www.ccsa.ufpb.br\/dadm\/wp-json\/wp\/v2\/users\/47"}],"replies":[{"embeddable":true,"href":"https:\/\/www.ccsa.ufpb.br\/dadm\/wp-json\/wp\/v2\/comments?post=7"}],"version-history":[{"count":2,"href":"https:\/\/www.ccsa.ufpb.br\/dadm\/wp-json\/wp\/v2\/pages\/7\/revisions"}],"predecessor-version":[{"id":31,"href":"https:\/\/www.ccsa.ufpb.br\/dadm\/wp-json\/wp\/v2\/pages\/7\/revisions\/31"}],"wp:attachment":[{"href":"https:\/\/www.ccsa.ufpb.br\/dadm\/wp-json\/wp\/v2\/media?parent=7"}],"curies":[{"name":"wp","href":"https:\/\/api.w.org\/{rel}","templated":true}]}}