{"id":9,"date":"2026-03-16T15:16:34","date_gmt":"2026-03-16T18:16:34","guid":{"rendered":"https:\/\/www.ccsa.ufpb.br\/dadm\/?page_id=9"},"modified":"2026-03-16T15:16:34","modified_gmt":"2026-03-16T18:16:34","slug":"apresentacao","status":"publish","type":"page","link":"https:\/\/www.ccsa.ufpb.br\/dadm\/apresentacao\/","title":{"rendered":"Apresenta\u00e7\u00e3o"},"content":{"rendered":"\n<p>O Departamento de Administra\u00e7\u00e3o \u00e9 a principal \u00e1rea de forma\u00e7\u00e3o gerencial do Campus I da UFPB, reunindo docentes atuantes em ensino, extens\u00e3o e pesquisa nas mais diversas \u00e1reas especializadas acad\u00eamicas de Administra\u00e7\u00e3o. O DADM \u00e9 tamb\u00e9m uma das unidades acad\u00eamicas mais demandas e com&nbsp;colabora\u00e7\u00e3o ativa em n\u00edvel de gest\u00e3o institucional.<\/p>\n\n\n\n<p>O maior destaque \u00e9 na forma\u00e7\u00e3o de gradua\u00e7\u00e3o, com a responsabilidade pela maioria das disciplinas do Bacharelato em Administra\u00e7\u00e3o do CCSA (CADM), al\u00e9m de atua\u00e7\u00e3o em disciplinas nos seguintes cursos: Ci\u00eancias Cont\u00e1beis; Economia; Ci\u00eancia de Dados para Neg\u00f3cios; Turismo; L\u00ednguas Estrangeiras Aplicadas a Negocia\u00e7\u00f5es Internacionais;&nbsp;Ci\u00eancia da Computa\u00e7\u00e3o;&nbsp;Engenharias (da Computa\u00e7\u00e3o, de Alimentos, de&nbsp;Materiais, Mec\u00e2nica e Qu\u00edmica) e Fonoaudiologia. Docentes do DADM atuam ainda nos programas de p\u00f3s-gradua\u00e7\u00e3o em: Administra\u00e7\u00e3o; Ci\u00eancias Cont\u00e1beis; e Gest\u00e3o P\u00fablica e Coopera\u00e7\u00e3o Internacional, dentre outros.<\/p>\n\n\n\n<p>O Departamento conta com 40 Professores e 04 T\u00e9cnicos Administrativos, e \u00e9 motivado pelo desafio n\u00e3o apenas manter a tradi\u00e7\u00e3o dos bons servi\u00e7os prestados, mas potencializar ainda mais seus resultados e alinhar com as reais necessidades institucionais (em n\u00edvel de CCSA e da UFPB) e do ambiente externo, principalmente os contextos profissional e acad\u00eamico.<\/p>\n","protected":false},"excerpt":{"rendered":"<p>O Departamento de Administra\u00e7\u00e3o \u00e9 a principal \u00e1rea de forma\u00e7\u00e3o gerencial do Campus I da [&hellip;]<\/p>\n","protected":false},"author":47,"featured_media":0,"parent":0,"menu_order":0,"comment_status":"closed","ping_status":"closed","template":"","meta":{"footnotes":""},"class_list":["post-9","page","type-page","status-publish","hentry"],"_links":{"self":[{"href":"https:\/\/www.ccsa.ufpb.br\/dadm\/wp-json\/wp\/v2\/pages\/9","targetHints":{"allow":["GET"]}}],"collection":[{"href":"https:\/\/www.ccsa.ufpb.br\/dadm\/wp-json\/wp\/v2\/pages"}],"about":[{"href":"https:\/\/www.ccsa.ufpb.br\/dadm\/wp-json\/wp\/v2\/types\/page"}],"author":[{"embeddable":true,"href":"https:\/\/www.ccsa.ufpb.br\/dadm\/wp-json\/wp\/v2\/users\/47"}],"replies":[{"embeddable":true,"href":"https:\/\/www.ccsa.ufpb.br\/dadm\/wp-json\/wp\/v2\/comments?post=9"}],"version-history":[{"count":1,"href":"https:\/\/www.ccsa.ufpb.br\/dadm\/wp-json\/wp\/v2\/pages\/9\/revisions"}],"predecessor-version":[{"id":10,"href":"https:\/\/www.ccsa.ufpb.br\/dadm\/wp-json\/wp\/v2\/pages\/9\/revisions\/10"}],"wp:attachment":[{"href":"https:\/\/www.ccsa.ufpb.br\/dadm\/wp-json\/wp\/v2\/media?parent=9"}],"curies":[{"name":"wp","href":"https:\/\/api.w.org\/{rel}","templated":true}]}}