{"id":23,"date":"2025-05-03T09:29:45","date_gmt":"2025-05-03T12:29:45","guid":{"rendered":"https:\/\/www.ccsa.ufpb.br\/dfc\/?page_id=23"},"modified":"2026-02-13T15:20:44","modified_gmt":"2026-02-13T18:20:44","slug":"camara-e-colegiado","status":"publish","type":"page","link":"https:\/\/www.ccsa.ufpb.br\/dfc\/camara-e-colegiado\/","title":{"rendered":"C\u00e2mara e Colegiado"},"content":{"rendered":"\n<p><a href=\"https:\/\/drive.ufpb.br\/s\/bmXCkWd6L7tizyR\">Calend\u00e1rio de reuni\u00f5es 2026<\/a><\/p>\n\n\n\n<p><a href=\"https:\/\/drive.ufpb.br\/s\/DCiXzf5FWcz72C5\">Calend\u00e1rio de reuni\u00f5es 2025<\/a><\/p>\n\n\n\n<p><a href=\"https:\/\/drive.ufpb.br\/s\/mntwyxSaELtAYEf\">Calend\u00e1rio de reuni\u00f5es 2024<\/a><\/p>\n\n\n\n<p><a href=\"https:\/\/drive.ufpb.br\/s\/9i8g4444W4AsaCg\">Calend\u00e1rio de reuni\u00f5es 2023<\/a><\/p>\n\n\n\n<p><\/p>\n","protected":false},"excerpt":{"rendered":"<p>Calend\u00e1rio de reuni\u00f5es 2026 Calend\u00e1rio de reuni\u00f5es 2025 Calend\u00e1rio de reuni\u00f5es 2024 Calend\u00e1rio de reuni\u00f5es [&hellip;]<\/p>\n","protected":false},"author":47,"featured_media":0,"parent":0,"menu_order":0,"comment_status":"closed","ping_status":"closed","template":"","meta":{"footnotes":""},"class_list":["post-23","page","type-page","status-publish","hentry"],"_links":{"self":[{"href":"https:\/\/www.ccsa.ufpb.br\/dfc\/wp-json\/wp\/v2\/pages\/23","targetHints":{"allow":["GET"]}}],"collection":[{"href":"https:\/\/www.ccsa.ufpb.br\/dfc\/wp-json\/wp\/v2\/pages"}],"about":[{"href":"https:\/\/www.ccsa.ufpb.br\/dfc\/wp-json\/wp\/v2\/types\/page"}],"author":[{"embeddable":true,"href":"https:\/\/www.ccsa.ufpb.br\/dfc\/wp-json\/wp\/v2\/users\/47"}],"replies":[{"embeddable":true,"href":"https:\/\/www.ccsa.ufpb.br\/dfc\/wp-json\/wp\/v2\/comments?post=23"}],"version-history":[{"count":3,"href":"https:\/\/www.ccsa.ufpb.br\/dfc\/wp-json\/wp\/v2\/pages\/23\/revisions"}],"predecessor-version":[{"id":176,"href":"https:\/\/www.ccsa.ufpb.br\/dfc\/wp-json\/wp\/v2\/pages\/23\/revisions\/176"}],"wp:attachment":[{"href":"https:\/\/www.ccsa.ufpb.br\/dfc\/wp-json\/wp\/v2\/media?parent=23"}],"curies":[{"name":"wp","href":"https:\/\/api.w.org\/{rel}","templated":true}]}}