{"id":37,"date":"2025-05-03T09:36:29","date_gmt":"2025-05-03T12:36:29","guid":{"rendered":"https:\/\/www.ccsa.ufpb.br\/dfc\/?page_id=37"},"modified":"2025-05-04T19:01:26","modified_gmt":"2025-05-04T22:01:26","slug":"informacoes-e-processos-administrativos","status":"publish","type":"page","link":"https:\/\/www.ccsa.ufpb.br\/dfc\/informacoes-e-processos-administrativos\/","title":{"rendered":"Informa\u00e7\u00f5es e Processos Administrativos"},"content":{"rendered":"\n<p><a href=\"http:\/\/www.ccsa.ufpb.br\/cccc\/contents\/paginas\/assinatura-eletronica\" target=\"_blank\" rel=\"noreferrer noopener\">Assinatura Eletr\u00f4nica<\/a><\/p>\n\n\n\n<p><a href=\"https:\/\/www.ufpb.br\/arquivocentral\/contents\/menu\/assuntos\/abrir-processos-online\" target=\"_blank\" rel=\"noreferrer noopener\">Envio de Documentos Externos<\/a><\/p>\n\n\n\n<p><a href=\"https:\/\/progep.ufpb.br\/progep\/contents\/documentos\/manual-do-servidor\/licenca-capacitacao-docente-08-2022.pdf\/view\">Licen\u00e7a para Capacita\u00e7\u00e3o &#8211; Docente<\/a><\/p>\n\n\n\n<p><a href=\"https:\/\/progep.ufpb.br\/progep\/contents\/documentos\/manual-do-servidor\/licenca-para-capacitacao-tae.pdf\/view\">Licen\u00e7a para Capacita\u00e7\u00e3o &#8211; T\u00e9cnico Administrativo<\/a><\/p>\n\n\n\n<p><a href=\"https:\/\/progep.ufpb.br\/progep\/contents\/menu\/acesso-a-informacao\/servidores\/manual-servidor\">Manual do Servidor &#8211; UFPB<\/a><\/p>\n\n\n\n<p><a href=\"https:\/\/progep.ufpb.br\/progep\/contents\/documentos\/manual-do-servidor\/progressao-e-promocao-docente-magisterio-superior\/view\">Progress\u00e3o e Promo\u00e7\u00e3o Docente &#8211; Magist\u00e9rio Superior<\/a><\/p>\n\n\n\n<p><a href=\"http:\/\/plone.ufpb.br\/dfc\/contents\/paginas\/plano-de-curso\">Plano de Curso (Programa de Disciplina)<\/a><\/p>\n","protected":false},"excerpt":{"rendered":"<p>Assinatura Eletr\u00f4nica Envio de Documentos Externos Licen\u00e7a para Capacita\u00e7\u00e3o &#8211; Docente Licen\u00e7a para Capacita\u00e7\u00e3o &#8211; [&hellip;]<\/p>\n","protected":false},"author":47,"featured_media":0,"parent":0,"menu_order":0,"comment_status":"closed","ping_status":"closed","template":"","meta":{"footnotes":""},"class_list":["post-37","page","type-page","status-publish","hentry"],"_links":{"self":[{"href":"https:\/\/www.ccsa.ufpb.br\/dfc\/wp-json\/wp\/v2\/pages\/37","targetHints":{"allow":["GET"]}}],"collection":[{"href":"https:\/\/www.ccsa.ufpb.br\/dfc\/wp-json\/wp\/v2\/pages"}],"about":[{"href":"https:\/\/www.ccsa.ufpb.br\/dfc\/wp-json\/wp\/v2\/types\/page"}],"author":[{"embeddable":true,"href":"https:\/\/www.ccsa.ufpb.br\/dfc\/wp-json\/wp\/v2\/users\/47"}],"replies":[{"embeddable":true,"href":"https:\/\/www.ccsa.ufpb.br\/dfc\/wp-json\/wp\/v2\/comments?post=37"}],"version-history":[{"count":1,"href":"https:\/\/www.ccsa.ufpb.br\/dfc\/wp-json\/wp\/v2\/pages\/37\/revisions"}],"predecessor-version":[{"id":38,"href":"https:\/\/www.ccsa.ufpb.br\/dfc\/wp-json\/wp\/v2\/pages\/37\/revisions\/38"}],"wp:attachment":[{"href":"https:\/\/www.ccsa.ufpb.br\/dfc\/wp-json\/wp\/v2\/media?parent=37"}],"curies":[{"name":"wp","href":"https:\/\/api.w.org\/{rel}","templated":true}]}}