{"id":41,"date":"2025-05-03T09:37:36","date_gmt":"2025-05-03T12:37:36","guid":{"rendered":"https:\/\/www.ccsa.ufpb.br\/dfc\/?page_id=41"},"modified":"2026-04-08T18:36:59","modified_gmt":"2026-04-08T21:36:59","slug":"monitoria","status":"publish","type":"page","link":"https:\/\/www.ccsa.ufpb.br\/dfc\/monitoria\/","title":{"rendered":"Monitoria"},"content":{"rendered":"\n<p><a href=\"https:\/\/sigaa.ufpb.br\/sigaa\/public\/departamento\/monitoria.jsf?id=1332\">Projetos de Monitoria<\/a><\/p>\n\n\n\n<p class=\"has-text-align-center\"><strong>Programa de Monitoria 2026<\/strong><\/p>\n\n\n\n<p><a href=\"https:\/\/drive.ufpb.br\/s\/AiRDXmZMprETgEr\">Edital n\u00ba 1\/2026 &#8211; CCSA-DFC<\/a><\/p>\n\n\n\n<p><\/p>\n\n\n\n<p><\/p>\n\n\n\n<p><a href=\"https:\/\/drive.ufpb.br\/s\/G25LqN8FDBAjDa4\">Edital n\u00ba 3\/2025 &#8211; CCSA-DFC<\/a><\/p>\n\n\n\n<p><strong>Resultados dos Processos Seletivos:<\/strong><\/p>\n\n\n\n<p><\/p>\n\n\n\n<p><strong>Projeto<\/strong>: C\u00e1lculo Atuarial<\/p>\n\n\n\n<figure class=\"wp-block-table\"><table class=\"has-fixed-layout\"><tbody><tr><td class=\"has-text-align-center\" data-align=\"center\"><strong>Classifica\u00e7\u00e3o<\/strong><\/td><td class=\"has-text-align-center\" data-align=\"center\"><strong>Discente<\/strong><\/td><td class=\"has-text-align-center\" data-align=\"center\"><strong>Nota da Prova<\/strong><\/td><td class=\"has-text-align-center\" data-align=\"center\"><strong>Nota da Disciplina<\/strong><\/td><td class=\"has-text-align-center\" data-align=\"center\"><strong>CRA<\/strong><\/td><td class=\"has-text-align-center\" data-align=\"center\"><strong>Nota Final<\/strong><\/td><\/tr><tr><td class=\"has-text-align-center\" data-align=\"center\">1\u00ba<\/td><td class=\"has-text-align-center\" data-align=\"center\">Cristiane Siqueira da Silva (20210089868)<\/td><td class=\"has-text-align-center\" data-align=\"center\">10,0<\/td><td class=\"has-text-align-center\" data-align=\"center\">9,8<\/td><td class=\"has-text-align-center\" data-align=\"center\">8,57<\/td><td class=\"has-text-align-center\" data-align=\"center\">9,69<\/td><\/tr><tr><td class=\"has-text-align-center\" data-align=\"center\">2\u00ba<\/td><td class=\"has-text-align-center\" data-align=\"center\">Gabrielle Samara Melo Vieira (20200113683)<\/td><td class=\"has-text-align-center\" data-align=\"center\">9,0<\/td><td class=\"has-text-align-center\" data-align=\"center\">8,3<\/td><td class=\"has-text-align-center\" data-align=\"center\">8,29<\/td><td class=\"has-text-align-center\" data-align=\"center\">8,65<\/td><\/tr><\/tbody><\/table><\/figure>\n\n\n\n<p><\/p>\n\n\n\n<p><strong>Projeto<\/strong>: Melhorias no Ensino de Finan\u00e7as e Contabilidade<\/p>\n\n\n\n<figure class=\"wp-block-table\"><table class=\"has-fixed-layout\"><tbody><tr><td class=\"has-text-align-center\" data-align=\"center\"><strong>Classifica\u00e7\u00e3o<\/strong><\/td><td class=\"has-text-align-center\" data-align=\"center\"><strong>Discente<\/strong><\/td><td class=\"has-text-align-center\" data-align=\"center\"><strong>Nota da Prova<\/strong><\/td><td class=\"has-text-align-center\" data-align=\"center\"><strong>Nota da Disciplina<\/strong><\/td><td class=\"has-text-align-center\" data-align=\"center\"><strong>CRA<\/strong><\/td><td class=\"has-text-align-center\" data-align=\"center\"><strong>Nota Final<\/strong><\/td><\/tr><tr><td class=\"has-text-align-center\" data-align=\"center\">1\u00ba<\/td><td class=\"has-text-align-center\" data-align=\"center\">Maria Ingrid do Nascimento Morais (20230025554)<\/td><td class=\"has-text-align-center\" data-align=\"center\">9,0<\/td><td class=\"has-text-align-center\" data-align=\"center\">8,1<\/td><td class=\"has-text-align-center\" data-align=\"center\">9,22<\/td><td class=\"has-text-align-center\" data-align=\"center\">8,74<\/td><\/tr><tr><td class=\"has-text-align-center\" data-align=\"center\">2\u00ba<\/td><td class=\"has-text-align-center\" data-align=\"center\">Diego Henrique Rodrigues Castelo Branco<\/td><td class=\"has-text-align-center\" data-align=\"center\">8,0<\/td><td class=\"has-text-align-center\" data-align=\"center\">7,8<\/td><td class=\"has-text-align-center\" data-align=\"center\">4,93<\/td><td class=\"has-text-align-center\" data-align=\"center\">7,42<\/td><\/tr><\/tbody><\/table><\/figure>\n\n\n\n<p><\/p>\n\n\n\n<p><strong>Projeto<\/strong>: Monitoria da Contabilidade para Neg\u00f3cios<\/p>\n\n\n\n<figure class=\"wp-block-table\"><table class=\"has-fixed-layout\"><tbody><tr><td class=\"has-text-align-center\" data-align=\"center\"><strong>Classifica\u00e7\u00e3o<\/strong><\/td><td class=\"has-text-align-center\" data-align=\"center\"><strong>Discente<\/strong><\/td><td class=\"has-text-align-center\" data-align=\"center\"><strong>Nota da Prova<\/strong><\/td><td class=\"has-text-align-center\" data-align=\"center\"><strong>Nota da Disciplina<\/strong><\/td><td class=\"has-text-align-center\" data-align=\"center\"><strong>CRA<\/strong><\/td><td class=\"has-text-align-center\" data-align=\"center\"><strong>Nota Final<\/strong><\/td><\/tr><tr><td class=\"has-text-align-center\" data-align=\"center\">1\u00ba<\/td><td class=\"has-text-align-center\" data-align=\"center\">Ravel Ribeiro Lopes (20200038945)<\/td><td class=\"has-text-align-center\" data-align=\"center\">9,5<\/td><td class=\"has-text-align-center\" data-align=\"center\">9,49<\/td><td class=\"has-text-align-center\" data-align=\"center\">10,0<\/td><td class=\"has-text-align-center\" data-align=\"center\">8,42<\/td><\/tr><tr><td class=\"has-text-align-center\" data-align=\"center\">2\u00ba<\/td><td class=\"has-text-align-center\" data-align=\"center\">Ester Rayanne Mendes de Melo (20220109436)<\/td><td class=\"has-text-align-center\" data-align=\"center\">9,0<\/td><td class=\"has-text-align-center\" data-align=\"center\">8,7<\/td><td class=\"has-text-align-center\" data-align=\"center\">9,0<\/td><td class=\"has-text-align-center\" data-align=\"center\">7,22<\/td><\/tr><\/tbody><\/table><\/figure>\n\n\n\n<p><\/p>\n\n\n\n<p><strong>Projeto<\/strong>: Monitoria de Disciplinas de Contabilidade para Ingressantes<\/p>\n\n\n\n<figure class=\"wp-block-table\"><table class=\"has-fixed-layout\"><tbody><tr><td class=\"has-text-align-center\" data-align=\"center\"><strong>Classifica\u00e7\u00e3o<\/strong><\/td><td class=\"has-text-align-center\" data-align=\"center\"><strong>Discente<\/strong><\/td><\/tr><tr><td class=\"has-text-align-center\" data-align=\"center\">1\u00ba<\/td><td class=\"has-text-align-center\" data-align=\"center\">Laysa Ferreira Silva (20240019149)<\/td><\/tr><tr><td class=\"has-text-align-center\" data-align=\"center\">2\u00ba<\/td><td class=\"has-text-align-center\" data-align=\"center\">Queren Hapuque dos Santos Felipe (20240019381)<\/td><\/tr><tr><td class=\"has-text-align-center\" data-align=\"center\">3\u00ba<\/td><td class=\"has-text-align-center\" data-align=\"center\">Jean Carlos da Concei\u00e7\u00e3o (20220014270)<\/td><\/tr><tr><td class=\"has-text-align-center\" data-align=\"center\">4\u00b0<\/td><td class=\"has-text-align-center\" data-align=\"center\">Caio Gabriel Mendon\u00e7a Damasceno (20240018769)<\/td><\/tr><\/tbody><\/table><\/figure>\n\n\n\n<p><\/p>\n\n\n\n<p><strong>Projeto<\/strong>: Monitoria do Ensino em Pr\u00e1tica Trabalhista<\/p>\n\n\n\n<figure class=\"wp-block-table\"><table class=\"has-fixed-layout\"><tbody><tr><td class=\"has-text-align-center\" data-align=\"center\"><strong>Classifica\u00e7\u00e3o<\/strong><\/td><td class=\"has-text-align-center\" data-align=\"center\"><strong>Discente<\/strong><\/td><\/tr><tr><td class=\"has-text-align-center\" data-align=\"center\">1\u00ba<\/td><td class=\"has-text-align-center\" data-align=\"center\">Kamila Raffaela Bezerra da Silva (20240020023)<\/td><\/tr><tr><td class=\"has-text-align-center\" data-align=\"center\">2\u00ba<\/td><td class=\"has-text-align-center\" data-align=\"center\">Maria Clara N\u00f3brega Rodrigues (20240017888)<\/td><\/tr><tr><td class=\"has-text-align-center\" data-align=\"center\">3\u00ba<\/td><td class=\"has-text-align-center\" data-align=\"center\">J\u00e9ssica Soares de Carvalho (20240017663)<\/td><\/tr><tr><td class=\"has-text-align-center\" data-align=\"center\">4\u00ba<\/td><td class=\"has-text-align-center\" data-align=\"center\">Isabella Beatriz Carmelio de Franca (20240017583)<\/td><\/tr><tr><td class=\"has-text-align-center\" data-align=\"center\">5\u00ba<\/td><td class=\"has-text-align-center\" data-align=\"center\">Pedro Henricky Soares Diniz (20240019363)<\/td><\/tr><tr><td class=\"has-text-align-center\" data-align=\"center\">6\u00ba<\/td><td class=\"has-text-align-center\" data-align=\"center\">William Rocha de Oliveira (20240018141)<\/td><\/tr><tr><td class=\"has-text-align-center\" data-align=\"center\">7\u00ba<\/td><td class=\"has-text-align-center\" data-align=\"center\">Izabel Karoliny Gama Pereira (20240017627)<\/td><\/tr><\/tbody><\/table><\/figure>\n\n\n\n<p><\/p>\n\n\n\n<p><strong>Projeto<\/strong>: Monitoria em Finan\u00e7as Empresariais<\/p>\n\n\n\n<figure class=\"wp-block-table\"><table class=\"has-fixed-layout\"><tbody><tr><td class=\"has-text-align-center\" data-align=\"center\"><strong>Classifica\u00e7\u00e3o<\/strong><\/td><td class=\"has-text-align-center\" data-align=\"center\"><strong>Discente<\/strong><\/td><td class=\"has-text-align-center\" data-align=\"center\"><strong>Nota da Prova<\/strong><\/td><td class=\"has-text-align-center\" data-align=\"center\"><strong>Nota da Disciplina<\/strong><\/td><td class=\"has-text-align-center\" data-align=\"center\"><strong>CRA<\/strong><\/td><td class=\"has-text-align-center\" data-align=\"center\"><strong>Nota Final<\/strong><\/td><\/tr><tr><td class=\"has-text-align-center\" data-align=\"center\">1\u00ba<\/td><td class=\"has-text-align-center\" data-align=\"center\">Victor da Silva Lopes (20220013630)<\/td><td class=\"has-text-align-center\" data-align=\"center\">10,0<\/td><td class=\"has-text-align-center\" data-align=\"center\">9,2<\/td><td class=\"has-text-align-center\" data-align=\"center\">8,68<\/td><td class=\"has-text-align-center\" data-align=\"center\">9,51<\/td><\/tr><tr><td class=\"has-text-align-center\" data-align=\"center\">2\u00ba<\/td><td class=\"has-text-align-center\" data-align=\"center\">Josu\u00e9 Ferreira da Silva J\u00fanior (20230025376)<\/td><td class=\"has-text-align-center\" data-align=\"center\">10,0<\/td><td class=\"has-text-align-center\" data-align=\"center\">8,9<\/td><td class=\"has-text-align-center\" data-align=\"center\">8,94<\/td><td class=\"has-text-align-center\" data-align=\"center\">9,46<\/td><\/tr><\/tbody><\/table><\/figure>\n\n\n\n<p><\/p>\n\n\n\n<p>Projeto: Monitoria em Tecnologia da Informa\u00e7\u00e3o: fortalecendo a aprendizagem e o uso de recursos informacionais na pr\u00e1tica cont\u00e1bil<\/p>\n\n\n\n<figure class=\"wp-block-table\"><table class=\"has-fixed-layout\"><tbody><tr><td class=\"has-text-align-center\" data-align=\"center\"><strong>Classifica\u00e7\u00e3o<\/strong><\/td><td class=\"has-text-align-center\" data-align=\"center\"><strong>Discente<\/strong><\/td><td class=\"has-text-align-center\" data-align=\"center\"><strong>Nota Final<\/strong><\/td><\/tr><tr><td class=\"has-text-align-center\" data-align=\"center\">1\u00ba<\/td><td class=\"has-text-align-center\" data-align=\"center\">Maria Eduarda Ripado Feitosa da Silva (20240105096)<\/td><td class=\"has-text-align-center\" data-align=\"center\">9,27<\/td><\/tr><\/tbody><\/table><\/figure>\n\n\n\n<p><\/p>\n\n\n\n<p><\/p>\n\n\n\n<p class=\"has-text-align-center\"><strong>Programa de Monitoria 2025<\/strong><\/p>\n\n\n\n<p><a href=\"https:\/\/drive.ufpb.br\/s\/sftXKbdgrkipcpX\">Edital n\u00ba 2\/2024 &#8211; CCSA-DFC<\/a><\/p>\n\n\n\n<p class=\"has-text-align-center\"><strong>Resultados dos Processos Seletivos:<\/strong><\/p>\n\n\n\n<p><a href=\"https:\/\/drive.ufpb.br\/s\/Crws6msA6d2NXei\">Fundamentos Empresariais: reflex\u00e3o cr\u00edtica sobre as teorias administrativas aplicadas \u00e0 Contabilidade<\/a><\/p>\n\n\n\n<p><a href=\"https:\/\/drive.ufpb.br\/s\/DoYtbaPxsC4SSxx\">Imers\u00e3o Quantitativa: projeto de monitoria em M\u00e9todos Quantitativos para Ci\u00eancias Cont\u00e1beis<\/a><\/p>\n\n\n\n<p><a href=\"https:\/\/drive.ufpb.br\/s\/8iCTH4RspoQ4XGX\">Inspira\u00e7\u00e3o Docente e Excel\u00eancia Acad\u00eamica em Contabilidade<\/a><\/p>\n\n\n\n<p><a href=\"https:\/\/drive.ufpb.br\/s\/7LdPTjnjZJYbDRp\">Melhoria do Processo de Ensino Aprendizagem na Gradua\u00e7\u00e3o em Ci\u00eancias Cont\u00e1beis e em Ci\u00eancias Atuariais: em busca da excel\u00eancia acad\u00eamica em sintonia com as exig\u00eancias do mercado profissional cont\u00e1bil<\/a><\/p>\n\n\n\n<p><a href=\"https:\/\/drive.ufpb.br\/s\/mBdfKG7gAaAMxeS\">Monitoria de Disciplinas de Contabilidade para Ingressantes<\/a><\/p>\n\n\n\n<p><a href=\"https:\/\/drive.ufpb.br\/s\/mWE3jM4q7dDsfwz\">Monitoria do Ensino em Pr\u00e1tica Trabalhista<\/a><\/p>\n\n\n\n<p><a href=\"https:\/\/drive.ufpb.br\/s\/atSjx8GTYLoaKNk\">Monitoria em Finan\u00e7as Empresariais<\/a><\/p>\n\n\n\n<p><a href=\"https:\/\/drive.ufpb.br\/s\/n3kAfMgbga5jP6o\">Projeto de Monitoria em Pesquisa Cont\u00e1bil e Ambiental<\/a><\/p>\n\n\n\n<p><\/p>\n\n\n\n<p><\/p>\n\n\n\n<p class=\"has-text-align-center\"><strong>Programa de Monitoria 2024<\/strong><\/p>\n\n\n\n<p><a href=\"https:\/\/drive.ufpb.br\/s\/c9Gg3eSCGCea8rQ\">Edital n\u00ba 01\/2024 &#8211; CCSA-DFC<\/a><\/p>\n\n\n\n<p><a href=\"http:\/\/plone.ufpb.br\/dfc\/contents\/paginas\/homologacao-das-inscricoes-da-monitoria\">Homologa\u00e7\u00e3o de Inscri\u00e7\u00f5es<\/a><\/p>\n\n\n\n<p><a href=\"http:\/\/plone.ufpb.br\/dfc\/contents\/paginas\/resultado-do-processo-seletivo-de-monitoria\">Resultado do Processo Seletivo<\/a><\/p>\n","protected":false},"excerpt":{"rendered":"<p>Projetos de Monitoria Programa de Monitoria 2026 Edital n\u00ba 1\/2026 &#8211; CCSA-DFC Edital n\u00ba 3\/2025 [&hellip;]<\/p>\n","protected":false},"author":47,"featured_media":0,"parent":0,"menu_order":0,"comment_status":"closed","ping_status":"closed","template":"","meta":{"footnotes":""},"class_list":["post-41","page","type-page","status-publish","hentry"],"_links":{"self":[{"href":"https:\/\/www.ccsa.ufpb.br\/dfc\/wp-json\/wp\/v2\/pages\/41","targetHints":{"allow":["GET"]}}],"collection":[{"href":"https:\/\/www.ccsa.ufpb.br\/dfc\/wp-json\/wp\/v2\/pages"}],"about":[{"href":"https:\/\/www.ccsa.ufpb.br\/dfc\/wp-json\/wp\/v2\/types\/page"}],"author":[{"embeddable":true,"href":"https:\/\/www.ccsa.ufpb.br\/dfc\/wp-json\/wp\/v2\/users\/47"}],"replies":[{"embeddable":true,"href":"https:\/\/www.ccsa.ufpb.br\/dfc\/wp-json\/wp\/v2\/comments?post=41"}],"version-history":[{"count":11,"href":"https:\/\/www.ccsa.ufpb.br\/dfc\/wp-json\/wp\/v2\/pages\/41\/revisions"}],"predecessor-version":[{"id":183,"href":"https:\/\/www.ccsa.ufpb.br\/dfc\/wp-json\/wp\/v2\/pages\/41\/revisions\/183"}],"wp:attachment":[{"href":"https:\/\/www.ccsa.ufpb.br\/dfc\/wp-json\/wp\/v2\/media?parent=41"}],"curies":[{"name":"wp","href":"https:\/\/api.w.org\/{rel}","templated":true}]}}