{"id":65,"date":"2025-05-30T15:33:12","date_gmt":"2025-05-30T18:33:12","guid":{"rendered":"https:\/\/www.ccsa.ufpb.br\/dfc\/?page_id=65"},"modified":"2025-06-03T09:49:01","modified_gmt":"2025-06-03T12:49:01","slug":"efetivo","status":"publish","type":"page","link":"https:\/\/www.ccsa.ufpb.br\/dfc\/efetivo\/","title":{"rendered":"Efetivo"},"content":{"rendered":"\n<p><strong>Concurso P\u00fablico de Provas e T\u00edtulos para Professor do Magist\u00e9rio Superior<\/strong><\/p>\n\n\n\n<p>\u00c1REA DE CONHECIMENTO: CI\u00caNCIAS ATUARIAIS &#8211; RAMO VIDA<\/p>\n\n\n\n<p><a href=\"https:\/\/www.ufpb.br\/progep\/contents\/concursos\/docentes\/edital-no-32-2024-concurso-publico-de-provas-e-titulos-para-professor-do-magisterio-superior\">Edital n\u00ba 32\/2024<\/a><\/p>\n\n\n\n<p><a href=\"https:\/\/drive.ufpb.br\/s\/Leay7SqAqADdHYP\">Cronograma de Atividades<\/a>&nbsp;(atualizado em 14\/08\/2024)<\/p>\n\n\n\n<p><a href=\"https:\/\/drive.ufpb.br\/s\/mK7J73nwcCniyak\">Comiss\u00e3o Examinadora<\/a>&nbsp;&#8211; Portaria n\u00ba 20\/2024 &#8211; CCSA-DC, de 14\/08\/2024<\/p>\n\n\n\n<p><a href=\"https:\/\/drive.ufpb.br\/s\/Sa53swn64NgZPHB\">Resultado do Pedido de Isen\u00e7\u00e3o da Taxa de Inscri\u00e7\u00e3o<\/a><\/p>\n\n\n\n<p><a href=\"https:\/\/progep.ufpb.br\/progep\/contents\/concursos\/docentes\/edital-no-32-2024-concurso-publico-de-provas-e-titulos-para-professor-do-magisterio-superior\/edital-58-suspensao-concurso-publico-magisterio-superior.pdf\">Edital n\u00ba 58\/2024<\/a><\/p>\n\n\n\n<p><a href=\"https:\/\/progep.ufpb.br\/progep\/contents\/concursos\/docentes\/edital-no-32-2024-concurso-publico-de-provas-e-titulos-para-professor-do-magisterio-superior\/edital-68-dou-retificacao-edital-32-retomada-inscricoes.pdf\">Edital n\u00ba 68\/2024<\/a><a href=\"https:\/\/progep.ufpb.br\/progep\/contents\/concursos\/docentes\/edital-no-32-2024-concurso-publico-de-provas-e-titulos-para-professor-do-magisterio-superior\/edital-68-dou-retificacao-edital-32-retomada-inscricoes.pdf\"><\/a><\/p>\n\n\n\n<p><a href=\"https:\/\/drive.ufpb.br\/s\/yfB6ZzdLXYG3zi4\">Deferimento de inscri\u00e7\u00f5es &#8211; Resultado n\u00ba 8\/2024 &#8211; CCSA-DFC&nbsp;<\/a><\/p>\n\n\n\n<p><a href=\"https:\/\/drive.ufpb.br\/s\/ZzkyeK3zq4wRxyS\">Homologa\u00e7\u00e3o de inscri\u00e7\u00f5es<\/a><\/p>\n\n\n\n<p><a href=\"https:\/\/drive.ufpb.br\/s\/EkmZMbxs5Fdg2N4\">Designa\u00e7\u00e3o de Servidor para Aplica\u00e7\u00e3o de Provas &#8211; Portaria n\u00ba 46\/2024 &#8211; CCSA-DFC<\/a><\/p>\n\n\n\n<p><a href=\"https:\/\/drive.ufpb.br\/s\/oKMpiKmSiDZG2Ax\">Quadro de notas da Prova Escrita<\/a><\/p>\n\n\n\n<p><a href=\"https:\/\/drive.ufpb.br\/s\/ZSCcw74CAieREnW\">Quadro de notas da Prova Did\u00e1tica<\/a><\/p>\n\n\n\n<p><a href=\"https:\/\/drive.ufpb.br\/s\/JJiZEnMmoLonoYj\">Comunicado sobre a ordem sorteada para apresenta\u00e7\u00e3o da Prova do Plano de Trabalho<\/a><\/p>\n\n\n\n<p><a href=\"https:\/\/drive.ufpb.br\/s\/pDPLQAjkmdrK3AJ\">Quadro de notas da Prova de Plano de Trabalho<\/a><\/p>\n\n\n\n<p><a href=\"https:\/\/drive.ufpb.br\/s\/3y69To49bz84gPT\">Quadro de notas do Exame de T\u00edtulos<\/a><\/p>\n\n\n\n<p><a href=\"https:\/\/drive.ufpb.br\/s\/p2kCCx3Hi4qwtH8\">Quadro de notas e classifica\u00e7\u00e3o<\/a><\/p>\n\n\n\n<p><a href=\"https:\/\/drive.ufpb.br\/s\/qozY4iG4JKw6fWw\">Aprecia\u00e7\u00e3o do Relat\u00f3rio Conclusivo pelo Colegiado Departamental<\/a><\/p>\n\n\n\n<p><a href=\"https:\/\/drive.ufpb.br\/s\/rLNTxQX95bZB8CP\">Homologa\u00e7\u00e3o do Relat\u00f3rio Conclusivo pelo Conselho de Centro<\/a><\/p>\n\n\n\n<p><a href=\"https:\/\/pesquisa.in.gov.br\/imprensa\/jsp\/visualiza\/index.jsp?jornal=530&amp;pagina=53&amp;data=11\/10\/2024\">Publica\u00e7\u00e3o do resultado final (DOU n\u00ba 198, de 11\/10\/2024, se\u00e7\u00e3o 3, p. 53)<\/a><\/p>\n\n\n\n<p>\u00c1REA DE CONHECIMENTO: PR\u00c1TICAS ATUARIAIS EM FUNDOS DE PENS\u00c3O, SEGURO, SA\u00daDE E CAPITALIZA\u00c7\u00c3O<\/p>\n\n\n\n<p><a href=\"https:\/\/www.ufpb.br\/progep\/contents\/concursos\/docentes\/edital-no-32-2024-concurso-publico-de-provas-e-titulos-para-professor-do-magisterio-superior\">Edital n\u00ba 32\/2024<\/a><\/p>\n\n\n\n<p><a href=\"https:\/\/drive.ufpb.br\/s\/D9N5ArsJNJHwpko\">Cronograma de Atividades<\/a>&nbsp;(atualizado em 14\/08\/2024)<\/p>\n\n\n\n<p><a href=\"https:\/\/drive.ufpb.br\/s\/rZoJsFTzJDZLyqN\">Comiss\u00e3o Examinadora<\/a>&nbsp;&#8211; Portaria n\u00ba 21\/2024 &#8211; CCSA-DC, de 14\/08\/2024<\/p>\n\n\n\n<p><a href=\"https:\/\/drive.ufpb.br\/s\/6YX2ydXitkaBD8R\">Resultado do Pedido de Isen\u00e7\u00e3o da Taxa de Inscri\u00e7\u00e3o<\/a><\/p>\n\n\n\n<p><a href=\"https:\/\/progep.ufpb.br\/progep\/contents\/concursos\/docentes\/edital-no-32-2024-concurso-publico-de-provas-e-titulos-para-professor-do-magisterio-superior\/edital-58-suspensao-concurso-publico-magisterio-superior.pdf\">Edital n\u00ba 58\/2024<\/a><\/p>\n\n\n\n<p><a href=\"https:\/\/progep.ufpb.br\/progep\/contents\/concursos\/docentes\/edital-no-32-2024-concurso-publico-de-provas-e-titulos-para-professor-do-magisterio-superior\/edital-68-dou-retificacao-edital-32-retomada-inscricoes.pdf\">Edital n\u00ba 68\/2024<\/a><a href=\"https:\/\/www.in.gov.br\/web\/dou\/-\/edital-n-68-de-4-de-julho-de-2024retificacao-de-edital-de-concurso-publico-de-provas-e-titulos-para-professor-do-magisterio-superior-570172379\"><\/a><\/p>\n\n\n\n<p><a href=\"https:\/\/drive.ufpb.br\/s\/Pyr8TKTNnsEJZRB\">Deferimento de inscri\u00e7\u00f5es &#8211; Resultado n\u00ba 11\/2024 &#8211; CCSA-DFC<\/a><\/p>\n\n\n\n<p><a href=\"https:\/\/drive.ufpb.br\/s\/d4t4wna3C8oAEnr\">Homologa\u00e7\u00e3o de inscri\u00e7\u00f5es<\/a><\/p>\n\n\n\n<p><a href=\"https:\/\/drive.ufpb.br\/s\/EkmZMbxs5Fdg2N4\">Designa\u00e7\u00e3o de Servidor para Aplica\u00e7\u00e3o de Provas &#8211; Portaria n\u00ba 46\/2024 &#8211; CCSA-DFC<\/a><\/p>\n\n\n\n<p><a href=\"https:\/\/drive.ufpb.br\/s\/KXKeWFZeBz8CZd3\">Quadro de notas da Prova Escrita<\/a><\/p>\n\n\n\n<p><a href=\"https:\/\/drive.ufpb.br\/s\/goHPjnyf9JsTzGz\">Quadro de notas de Prova Did\u00e1tica<\/a><\/p>\n\n\n\n<p><a href=\"https:\/\/drive.ufpb.br\/s\/5LkKKJ9RMH7G2Lw\">Quadro de notas do Exame de T\u00edtulos<\/a><\/p>\n\n\n\n<p><a href=\"https:\/\/drive.ufpb.br\/s\/JQQpLWntmLyFLxf\">Quadro de notas e classifica\u00e7\u00e3o<\/a><\/p>\n\n\n\n<p><a href=\"https:\/\/drive.ufpb.br\/s\/7s7zBCK9tLxBxG8\">Aprecia\u00e7\u00e3o do Relat\u00f3rio Conclusivo pelo Colegiado Departamental<\/a><\/p>\n\n\n\n<p><a href=\"https:\/\/drive.ufpb.br\/s\/9Mk7nP5i5zFS6fC\">Homologa\u00e7\u00e3o do Relat\u00f3rio Conclusivo pelo Conselho de Centro<\/a><\/p>\n\n\n\n<p><a href=\"https:\/\/pesquisa.in.gov.br\/imprensa\/jsp\/visualiza\/index.jsp?jornal=530&amp;pagina=53&amp;data=11\/10\/2024\">Publica\u00e7\u00e3o do resultado final (DOU n\u00ba 198, de 11\/10\/2024, se\u00e7\u00e3o 3, p. 53)<\/a><\/p>\n\n\n\n<p>\u00c1REA DE CONHECIMENTO: PR\u00c1TICA CONT\u00c1BIL<\/p>\n\n\n\n<p><a href=\"https:\/\/www.ufpb.br\/progep\/contents\/concursos\/docentes\/edital-no-32-2024-concurso-publico-de-provas-e-titulos-para-professor-do-magisterio-superior\">Edital n\u00ba 32\/2024<\/a><\/p>\n\n\n\n<p><a href=\"https:\/\/drive.ufpb.br\/s\/biRCDAqsEkXLmEy\">Cronograma de Atividades<\/a>&nbsp;(atualizado em 09\/08\/2024)<\/p>\n\n\n\n<p><a href=\"https:\/\/drive.ufpb.br\/s\/Wrwo2G3GQG6A2Pg\">Comiss\u00e3o Examinadora<\/a>&nbsp;&#8211; Portaria n\u00ba 19\/2024 &#8211; CCSA-DC, de 14\/08\/2024<\/p>\n\n\n\n<p><a href=\"https:\/\/progep.ufpb.br\/progep\/contents\/concursos\/docentes\/edital-no-32-2024-concurso-publico-de-provas-e-titulos-para-professor-do-magisterio-superior\/edital-58-suspensao-concurso-publico-magisterio-superior.pdf\">Edital n\u00ba 58\/2024<\/a><\/p>\n\n\n\n<p><a href=\"https:\/\/progep.ufpb.br\/progep\/contents\/concursos\/docentes\/edital-no-32-2024-concurso-publico-de-provas-e-titulos-para-professor-do-magisterio-superior\/edital-68-dou-retificacao-edital-32-retomada-inscricoes.pdf\">Edital n\u00ba 68\/2024<\/a><a href=\"https:\/\/www.in.gov.br\/web\/dou\/-\/edital-n-68-de-4-de-julho-de-2024retificacao-de-edital-de-concurso-publico-de-provas-e-titulos-para-professor-do-magisterio-superior-570172379\"><\/a><\/p>\n\n\n\n<p><a href=\"https:\/\/drive.ufpb.br\/s\/pxb3gH2adwn2Aai\">Deferimento de inscri\u00e7\u00f5es &#8211; Resultado n\u00ba 10\/2024 &#8211; CCSA-DFC<\/a><\/p>\n\n\n\n<p><a href=\"https:\/\/drive.ufpb.br\/s\/exS4ttXetGkNxFM\">Homologa\u00e7\u00e3o de inscri\u00e7\u00f5es<\/a><\/p>\n\n\n\n<p><a href=\"https:\/\/drive.ufpb.br\/s\/EkmZMbxs5Fdg2N4\">Designa\u00e7\u00e3o de Servidor para Aplica\u00e7\u00e3o de Provas &#8211; Portaria n\u00ba 46\/2024 &#8211; CCSA-DFC<\/a><\/p>\n\n\n\n<p><a href=\"https:\/\/drive.ufpb.br\/s\/LAiCZxGAJibgSqr\">Quadro de Notas da Prova Escrita<\/a><\/p>\n\n\n\n<p><a href=\"https:\/\/drive.ufpb.br\/s\/oCfRyxHnEbw7EkG\">Comunicado sobre sorteio do tema e da ordem de apresenta\u00e7\u00e3o da Prova Did\u00e1tica<\/a><\/p>\n\n\n\n<p><a href=\"https:\/\/drive.ufpb.br\/s\/LKGra4rHTkDsBqT\">Quadro de Notas da Prova Did\u00e1tica<\/a><\/p>\n\n\n\n<p><a href=\"https:\/\/drive.ufpb.br\/s\/ntEdNRWH2Nkw28X\">Comunicado sobre sorteio da ordem de apresenta\u00e7\u00e3o da&nbsp;Prova de Plano de Trabalho<\/a><\/p>\n\n\n\n<p><a href=\"https:\/\/drive.ufpb.br\/s\/SMFnKErBJzNJGQp\">Quadro de Notas da Prova de Plano de Trabalho<\/a><\/p>\n\n\n\n<p><a href=\"https:\/\/drive.ufpb.br\/s\/iZqHY26PDMiL5D2\">Quadro de Notas do Exame de T\u00edtulos<\/a><\/p>\n\n\n\n<p><a href=\"https:\/\/drive.ufpb.br\/s\/3mQaYwyz7SWT6KK\">Quadro de notas e classifica\u00e7\u00e3o<\/a><\/p>\n\n\n\n<p><a href=\"https:\/\/drive.ufpb.br\/s\/5rLWApS6Xp6rwqJ\">Aprecia\u00e7\u00e3o do Relat\u00f3rio Conclusivo pelo Colegiado Departamental<\/a><\/p>\n\n\n\n<p>Homologa\u00e7\u00e3o do Relat\u00f3rio Conclusivo pelo Conselho de Centro<\/p>\n\n\n\n<p><a href=\"https:\/\/www.ufpb.br\/cehi\/edital-de-convocacao-19-2024\/\">Comiss\u00e3o Especial de Heteroidentifica\u00e7\u00e3o Institucional &#8211; Edital de Convoca\u00e7\u00e3o n\u00ba 19\/2024<\/a><\/p>\n\n\n\n<p><a href=\"https:\/\/www.ufpb.br\/cehi\/resultado-preliminar-do-edital-no-19-2024\/\">Comiss\u00e3o Especial de Heteroidentifica\u00e7\u00e3o Institucional &#8211; Resultado Preliminar do Edital de Convoca\u00e7\u00e3o n\u00ba 19\/2024<\/a><\/p>\n\n\n\n<p><a href=\"https:\/\/www.ufpb.br\/cehi\/resultado-definitivo-do-edital-no-19-2024\/\">Comiss\u00e3o Especial de Heteroidentifica\u00e7\u00e3o Institucional &#8211; Resultado Definitivo do Edital de Convoca\u00e7\u00e3o n\u00ba 19\/2024<\/a><\/p>\n\n\n\n<p><a href=\"https:\/\/pesquisa.in.gov.br\/imprensa\/jsp\/visualiza\/index.jsp?jornal=530&amp;pagina=99&amp;data=24\/12\/2024\">Publica\u00e7\u00e3o do resultado final (DOU n\u00ba 247, de 24\/12\/2024, se\u00e7\u00e3o 3, p. 99)<\/a><\/p>\n\n\n\n<p>\u00c1REA DE CONHECIMENTO: PR\u00c1TICA TRIBUT\u00c1RIA<\/p>\n\n\n\n<p>&nbsp;<a href=\"https:\/\/www.ufpb.br\/progep\/contents\/concursos\/docentes\/edital-no-32-2024-concurso-publico-de-provas-e-titulos-para-professor-do-magisterio-superior\">Edital n\u00ba 32\/2024<\/a><\/p>\n\n\n\n<p><a href=\"https:\/\/drive.ufpb.br\/s\/2dtWtC5Hi5Q7xcz\">Cronograma de Atividades<\/a>&nbsp;(atualizado em 13\/08\/2024)<\/p>\n\n\n\n<p><a href=\"https:\/\/drive.ufpb.br\/s\/yETrc7esYkdqyJB\">Comiss\u00e3o Examinadora<\/a>&nbsp;&#8211; Portaria n\u00ba 18\/2024 &#8211; CCSA-DC, de 14\/08\/2024<\/p>\n\n\n\n<p><a href=\"https:\/\/progep.ufpb.br\/progep\/contents\/concursos\/docentes\/edital-no-32-2024-concurso-publico-de-provas-e-titulos-para-professor-do-magisterio-superior\/edital-58-suspensao-concurso-publico-magisterio-superior.pdf\">Edital n\u00ba 58\/2024<\/a><\/p>\n\n\n\n<p><a href=\"https:\/\/progep.ufpb.br\/progep\/contents\/concursos\/docentes\/edital-no-32-2024-concurso-publico-de-provas-e-titulos-para-professor-do-magisterio-superior\/edital-68-dou-retificacao-edital-32-retomada-inscricoes.pdf\">Edital n\u00ba 68\/2024<\/a><a href=\"https:\/\/www.in.gov.br\/web\/dou\/-\/edital-n-68-de-4-de-julho-de-2024retificacao-de-edital-de-concurso-publico-de-provas-e-titulos-para-professor-do-magisterio-superior-570172379\"><\/a><\/p>\n\n\n\n<p><a href=\"https:\/\/drive.ufpb.br\/s\/TM4Xjpj5fPxxpXG\">Deferimento de inscri\u00e7\u00f5es &#8211; Resultado n\u00ba 9\/2024 &#8211; CCSA-DFC<\/a><\/p>\n\n\n\n<p><a href=\"https:\/\/drive.ufpb.br\/s\/5qTPj685cgpcQdG\">Homologa\u00e7\u00e3o de inscri\u00e7\u00f5es<\/a><\/p>\n\n\n\n<p><a href=\"https:\/\/drive.ufpb.br\/s\/EkmZMbxs5Fdg2N4\">Designa\u00e7\u00e3o de Servidor para Aplica\u00e7\u00e3o de Provas &#8211; Portaria n\u00ba 46\/2024 &#8211; CCSA-DFC<\/a><\/p>\n\n\n\n<p><a href=\"https:\/\/drive.ufpb.br\/s\/DSLwTGLxKK9tjH8\">Comunicado sobre fases te\u00f3rica e pr\u00e1tica da Prova Did\u00e1tica<\/a><\/p>\n\n\n\n<p><a href=\"https:\/\/drive.ufpb.br\/s\/isXcbtFoAxeS8S3\">Quadro de Notas da Prova Escrita<\/a><\/p>\n\n\n\n<p><a href=\"https:\/\/drive.ufpb.br\/s\/gKTi5etFcps9jN3\">Quadro de Notas da Prova Did\u00e1tica<\/a><\/p>\n\n\n\n<p><a href=\"https:\/\/drive.ufpb.br\/s\/eqeti2ddYsY3EKR\">Quadro de Notas da Prova de Plano de Trabalho<\/a><\/p>\n\n\n\n<p><a href=\"https:\/\/drive.ufpb.br\/s\/Ri4xSs8HoW8d9m9\">Quadro de Notas do Exame de T\u00edtulos<\/a><\/p>\n\n\n\n<p><a href=\"https:\/\/drive.ufpb.br\/s\/rLGKZsb3r5LdPfF\">Quadro de notas e classifica\u00e7\u00e3o<\/a><\/p>\n\n\n\n<p><a href=\"https:\/\/drive.ufpb.br\/s\/cq2MAKRCreKjt8X\">Aprecia\u00e7\u00e3o do Relat\u00f3rio Conclusivo pelo Colegiado Departamental<\/a><\/p>\n\n\n\n<p>Homologa\u00e7\u00e3o do Relat\u00f3rio Conclusivo pelo Conselho de Centro<\/p>\n\n\n\n<p><a href=\"https:\/\/pesquisa.in.gov.br\/imprensa\/jsp\/visualiza\/index.jsp?jornal=530&amp;pagina=56&amp;data=13\/11\/2024\">&nbsp;Publica\u00e7\u00e3o do resultado final (DOU n\u00ba 220, de 13\/11\/2024, se\u00e7\u00e3o 3, p. 56)<\/a><\/p>\n\n\n\n<p>\u00c1REA DE CONHECIMENTO: AUDITORIA CONT\u00c1BIL<\/p>\n\n\n\n<p><a href=\"https:\/\/progep.ufpb.br\/progep\/contents\/concursos\/docentes\/edital-123-2023-concurso-publico-de-provas-e-titulos-para-professor-do-magisterio-superior\">Edital n\u00ba 123\/2023<\/a><\/p>\n\n\n\n<p><a href=\"https:\/\/drive.ufpb.br\/s\/7xtiMXri7aW6xdj\">Comiss\u00e3o Examinadora &#8211; Portaria n\u00ba 10\/2023 &#8211; CCSA-DC<\/a><\/p>\n\n\n\n<p><a href=\"https:\/\/drive.ufpb.br\/s\/rwm3jYaRkMgpzG3\">Cronograma<\/a><\/p>\n\n\n\n<p><a href=\"https:\/\/drive.ufpb.br\/s\/xJs7Yp9EpmPEobb\">Deferimento de Inscri\u00e7\u00f5es &#8211; Relat\u00f3rio n\u00ba 10\/2023 &#8211; CCSA-DFC<\/a><\/p>\n\n\n\n<p><a href=\"https:\/\/drive.ufpb.br\/s\/2dbnLSLeNG8KJ7A\">Retifica\u00e7\u00e3o do Deferimento de Inscri\u00e7\u00f5es &#8211; Relat\u00f3rio n\u00ba 11 &#8211; CCSA-DFC<\/a><\/p>\n\n\n\n<p><a href=\"https:\/\/drive.ufpb.br\/s\/sSPsWsYnsQj6BBd\">Comiss\u00e3o Examinadora &#8211; Portaria n\u00ba 22\/2023 &#8211; CCSA-DC<\/a><\/p>\n\n\n\n<p><a href=\"https:\/\/drive.ufpb.br\/s\/YNr4BqMpy99Bs4Z\">Homologa\u00e7\u00e3o das Inscri\u00e7\u00f5es<\/a><\/p>\n\n\n\n<p><a href=\"https:\/\/drive.ufpb.br\/s\/sXfgzLZPajNXx4o\">Local de Provas &#8211; Comunicado n\u00ba 01\/2024 &#8211; CCSA-DFC<\/a><\/p>\n\n\n\n<p><a href=\"https:\/\/drive.ufpb.br\/s\/8LJz8w35fAZRPsQ\">Designa\u00e7\u00e3o de Servidor para Aplica\u00e7\u00e3o de Provas &#8211; Portaria n\u00ba 15\/2024 &#8211; CCSA-DFC<\/a><\/p>\n\n\n\n<p><a href=\"https:\/\/drive.ufpb.br\/s\/jYMjQzT3mmZ2Y5M\">Quadro de Notas da Prova Escrita<\/a><\/p>\n\n\n\n<p><a href=\"https:\/\/drive.ufpb.br\/s\/L3oePBqzFLqZkLL\">Quadro de Notas da Prova Did\u00e1tica<\/a><\/p>\n\n\n\n<p><a href=\"https:\/\/drive.ufpb.br\/s\/2neJd5mKRG8PX7t\">Quadro de Notas da Prova de Plano de Trabalho<\/a><\/p>\n\n\n\n<p><a href=\"https:\/\/drive.ufpb.br\/s\/oDCxEpcXBBzHAHe\">Quadro de Notas do Exame de T\u00edtulos<\/a><\/p>\n\n\n\n<p><a href=\"https:\/\/drive.ufpb.br\/s\/RiA3yHLpXsWxt4M\">Aprecia\u00e7\u00e3o do Relat\u00f3rio Conclusivo pelo Colegiado Departamental<\/a><\/p>\n\n\n\n<p><a href=\"https:\/\/drive.ufpb.br\/s\/Q7fwt7Mn76Eykix\">Homologa\u00e7\u00e3o do Relat\u00f3rio Conclusivo pelo Conselho de Centro<\/a><\/p>\n\n\n\n<p><a href=\"https:\/\/www.ufpb.br\/ufpb\/contents\/documentos\/comissao-de-heteroidentificacao\/convocacao-04-2024.pdf\">Comiss\u00e3o Especial de Heteroidentifica\u00e7\u00e3o Institucional &#8211; Edital de Convoca\u00e7\u00e3o n\u00ba 04\/2024<\/a><\/p>\n\n\n\n<p><a href=\"https:\/\/www.ufpb.br\/ufpb\/contents\/documentos\/comissao-de-heteroidentificacao\/errata-convocacao-04-2024.pdf\">Comiss\u00e3o Especial de Heteroidentifica\u00e7\u00e3o Institucional &#8211; Errata do Edital de Convoca\u00e7\u00e3o n\u00ba 04\/2024<\/a><\/p>\n\n\n\n<p><a href=\"https:\/\/www.ufpb.br\/ufpb\/contents\/documentos\/comissao-de-heteroidentificacao\/resultado_preliminar_edital-de-convocacao-04-2024.pdf\">Comiss\u00e3o Especial de Heteroidentifica\u00e7\u00e3o Institucional &#8211; Resultado Preliminar do Edital de Convoca\u00e7\u00e3o n\u00ba 04\/2024<\/a><\/p>\n\n\n\n<p><a href=\"https:\/\/www.ufpb.br\/ufpb\/contents\/documentos\/comissao-de-heteroidentificacao\/resultado_definitivo_edital-de-convocacao-04-2024.pdf\">Comiss\u00e3o Especial de Heteroidentifica\u00e7\u00e3o Institucional &#8211; Resultado Definitivo do Edital de Convoca\u00e7\u00e3o n\u00ba 04\/2024<\/a><\/p>\n\n\n\n<p><a href=\"https:\/\/www.ufpb.br\/cehi\/editais\/\">Comiss\u00e3o Especial de Heteroidentifica\u00e7\u00e3o Institucional &#8211; Edital de Convoca\u00e7\u00e3o n\u00ba 07\/2024<\/a><\/p>\n\n\n\n<p><\/p>\n","protected":false},"excerpt":{"rendered":"<p>Concurso P\u00fablico de Provas e T\u00edtulos para Professor do Magist\u00e9rio Superior \u00c1REA DE CONHECIMENTO: CI\u00caNCIAS [&hellip;]<\/p>\n","protected":false},"author":47,"featured_media":0,"parent":0,"menu_order":0,"comment_status":"closed","ping_status":"closed","template":"","meta":{"footnotes":""},"class_list":["post-65","page","type-page","status-publish","hentry"],"_links":{"self":[{"href":"https:\/\/www.ccsa.ufpb.br\/dfc\/wp-json\/wp\/v2\/pages\/65","targetHints":{"allow":["GET"]}}],"collection":[{"href":"https:\/\/www.ccsa.ufpb.br\/dfc\/wp-json\/wp\/v2\/pages"}],"about":[{"href":"https:\/\/www.ccsa.ufpb.br\/dfc\/wp-json\/wp\/v2\/types\/page"}],"author":[{"embeddable":true,"href":"https:\/\/www.ccsa.ufpb.br\/dfc\/wp-json\/wp\/v2\/users\/47"}],"replies":[{"embeddable":true,"href":"https:\/\/www.ccsa.ufpb.br\/dfc\/wp-json\/wp\/v2\/comments?post=65"}],"version-history":[{"count":3,"href":"https:\/\/www.ccsa.ufpb.br\/dfc\/wp-json\/wp\/v2\/pages\/65\/revisions"}],"predecessor-version":[{"id":84,"href":"https:\/\/www.ccsa.ufpb.br\/dfc\/wp-json\/wp\/v2\/pages\/65\/revisions\/84"}],"wp:attachment":[{"href":"https:\/\/www.ccsa.ufpb.br\/dfc\/wp-json\/wp\/v2\/media?parent=65"}],"curies":[{"name":"wp","href":"https:\/\/api.w.org\/{rel}","templated":true}]}}