{"id":67,"date":"2025-05-30T15:33:20","date_gmt":"2025-05-30T18:33:20","guid":{"rendered":"https:\/\/www.ccsa.ufpb.br\/dfc\/?page_id=67"},"modified":"2026-03-05T09:53:31","modified_gmt":"2026-03-05T12:53:31","slug":"substituto","status":"publish","type":"page","link":"https:\/\/www.ccsa.ufpb.br\/dfc\/substituto\/","title":{"rendered":"Substituto"},"content":{"rendered":"\n<p><strong>Processo Seletivo Simplificado para Professor Substituto do Magist\u00e9rio Superior<\/strong><\/p>\n\n\n\n<p>\u00c1REA DE CONHECIMENTO: AUDITORIA CONT\u00c1BIL E PER\u00cdCIA CONT\u00c1BIL<\/p>\n\n\n\n<p><a href=\"https:\/\/progep.ufpb.br\/progep\/contents\/concursos\/docentes\/edital-no-100-2024-processo-seletivo-simplificado-para-contratacao-de-professor-substituto-do-magisterio-superior\">Edital n\u00ba 100\/2025 &#8211; PROGEP-DSP e altera\u00e7\u00f5es<\/a><\/p>\n\n\n\n<p><a href=\"https:\/\/drive.ufpb.br\/s\/wNC8CdLetsX3MKq\">Calend\u00e1rio de Atividades<\/a><\/p>\n\n\n\n<p><a href=\"https:\/\/drive.ufpb.br\/s\/3ibKJXALk6NpBCE\">Comiss\u00e3o de Sele\u00e7\u00e3o &#8211; Portaria n\u00ba 72\/2025 &#8211; CCSA-DFC<\/a><\/p>\n\n\n\n<p><a href=\"https:\/\/drive.ufpb.br\/s\/jcWe6oH6imgSH29\">Comiss\u00e3o de Sele\u00e7\u00e3o (dispensa) &#8211; Portaria n\u00ba 73\/2025 &#8211; CCSA-DFC<\/a><\/p>\n\n\n\n<p><a href=\"https:\/\/drive.ufpb.br\/s\/xDE79ap5YYpbgyB\">Comiss\u00e3o de Sele\u00e7\u00e3o (altera\u00e7\u00e3o) &#8211; Portaria n\u00ba 74\/2025 &#8211; CCSA-DFC<\/a><\/p>\n\n\n\n<p><a href=\"https:\/\/drive.ufpb.br\/s\/2Tp5wY5SDrZ4qoD\">Deferimento de Inscri\u00e7\u00f5es &#8211; Relat\u00f3rio n\u00ba 24\/2025 &#8211; CCSA-DFC<\/a><\/p>\n\n\n\n<p><a href=\"https:\/\/drive.ufpb.br\/s\/nWziaxQ7KATWBy2\">Homologa\u00e7\u00e3o de Inscri\u00e7\u00f5es &#8211; Relat\u00f3rio n\u00ba 25\/2025 &#8211; CCSA-DFC<\/a><\/p>\n\n\n\n<p><a href=\"https:\/\/drive.ufpb.br\/s\/RWiDS2LacHt4JGL\">Comiss\u00e3o de Sele\u00e7\u00e3o (membros suplentes) &#8211; Portaria n\u00ba 5\/2026 &#8211; CCSA-DFC<\/a><\/p>\n\n\n\n<p><a href=\"https:\/\/drive.ufpb.br\/s\/5JJKr6mdTCm7M8k\">Designa\u00e7\u00e3o de servidores para auxiliar a Comiss\u00e3o de Sele\u00e7\u00e3o &#8211; Portaria n\u00ba 6\/2026 &#8211; CCSA-DFC<\/a><\/p>\n\n\n\n<p><a href=\"https:\/\/drive.ufpb.br\/s\/doibo4yXwyMRm62\">Comunicado sobre sorteio do tema e da ordem de apresenta\u00e7\u00e3o da Prova Did\u00e1tica<\/a><\/p>\n\n\n\n<p><a href=\"https:\/\/drive.ufpb.br\/s\/qot3PcyzCZfKMfo\">Ata da Prova Did\u00e1tica<\/a><\/p>\n\n\n\n<p><a href=\"https:\/\/drive.ufpb.br\/s\/i6s94DjbKw7ZqGZ\">Ata da Prova de T\u00edtulos<\/a><\/p>\n\n\n\n<p><a href=\"https:\/\/drive.ufpb.br\/s\/J3MN444q8eCjDRt\">Relat\u00f3rio Conclusivo<\/a><\/p>\n\n\n\n<p><a href=\"https:\/\/drive.ufpb.br\/s\/oBHfAcpQZBBpdPe\">Homologa\u00e7\u00e3o do Relat\u00f3rio Conclusivo<\/a><\/p>\n\n\n\n<p><\/p>\n\n\n\n<p><\/p>\n\n\n\n<p><\/p>\n\n\n\n<p>\u00c1REA DE CONHECIMENTO: PR\u00c1TICAS ATUARIAIS NO RAMO VIDA<\/p>\n\n\n\n<p><a href=\"https:\/\/progep.ufpb.br\/progep\/contents\/concursos\/docentes\/edital-no-17-2025-processo-seletivo-simplificado-para-professor-substituto-do-magisterio-superior\">Edital n\u00ba 17\/2025<\/a><\/p>\n\n\n\n<p><a href=\"https:\/\/drive.ufpb.br\/s\/MZ4sqLqtKCfQGHf\">Comiss\u00e3o de Sele\u00e7\u00e3o &#8211; Portaria n\u00ba 16\/2025 &#8211; CCSA-DFC<\/a><\/p>\n\n\n\n<p><a href=\"https:\/\/drive.ufpb.br\/s\/EF29JddbetJ8LwZ\">Comiss\u00e3o de Sele\u00e7\u00e3o (altera\u00e7\u00e3o) &#8211; Portaria n\u00ba 28\/2025 &#8211; CCSA-DFC<\/a><\/p>\n\n\n\n<p><a href=\"https:\/\/drive.ufpb.br\/s\/X2E98B9cBPdyQQw\">Comiss\u00e3o de Sele\u00e7\u00e3o (altera\u00e7\u00e3o) &#8211; Portaria n\u00ba 29\/2025 &#8211; CCSA-DFC<\/a><\/p>\n\n\n\n<p><a href=\"https:\/\/drive.ufpb.br\/s\/GKAxzXf8gGJj5ao\">Deferimento de Inscri\u00e7\u00f5es &#8211; Relat\u00f3rio n\u00ba 9\/2025 &#8211; CCSA-DFC<\/a><\/p>\n\n\n\n<p><a href=\"https:\/\/drive.ufpb.br\/s\/jfXF2sfWC3F8a59\">Homologa\u00e7\u00e3o de Inscri\u00e7\u00f5es &#8211; Relat\u00f3rio n\u00ba 10\/2025 &#8211; CCSA-DFC<\/a><\/p>\n\n\n\n<p><a href=\"https:\/\/drive.ufpb.br\/s\/X2WmPgpDz2QNdD9\">Cronograma de Atividades<\/a>&nbsp;(atualizado em 30\/04\/2025)<\/p>\n\n\n\n<p><a href=\"https:\/\/drive.ufpb.br\/s\/TSEQcn3NjrDSnWc\">Designa\u00e7\u00e3o de Servidor para Aplica\u00e7\u00e3o de Provas &#8211; Portaria n\u00ba 31\/2025 &#8211; CCSA-DFC<\/a><\/p>\n\n\n\n<p>Comunicado sobre tema e ordem de apresenta\u00e7\u00e3o da Prova Did\u00e1tica<\/p>\n\n\n\n<p>Ata do sorteio do tema e da ordem de apresenta\u00e7\u00e3o da Prova Did\u00e1tica<\/p>\n\n\n\n<p>Ata da Prova Did\u00e1tica<\/p>\n\n\n\n<p>Ata da Prova de T\u00edtulos<\/p>\n\n\n\n<p>Relat\u00f3rio Conclusivo<\/p>\n\n\n\n<p>Parecer do Colegiado Departamental<\/p>\n\n\n\n<p>Publica\u00e7\u00e3o do resultado final<\/p>\n\n\n\n<p><\/p>\n\n\n\n<p>\u00c1REA DE CONHECIMENTO: CONTABILIDADE SOCIET\u00c1RIA<\/p>\n\n\n\n<p><a href=\"https:\/\/progep.ufpb.br\/progep\/contents\/concursos\/docentes\/edital-no-72-2024-processo-seletivo-simplificado-para-contratacao-de-professor-substituto-do-magisterio-superior\">Edital n\u00ba 72\/2024<\/a><\/p>\n\n\n\n<p><a href=\"https:\/\/drive.ufpb.br\/s\/St7gfJYc2t7YYyB\">Comiss\u00e3o Examinadora &#8211; Portaria n\u00ba 40\/2024 &#8211; CCSA-DFC<\/a><\/p>\n\n\n\n<p><a href=\"https:\/\/drive.ufpb.br\/s\/MHSxLEP5GrFpRCR\">Deferimento de Inscri\u00e7\u00f5es &#8211; Relat\u00f3rio n\u00ba 14\/2024 &#8211; CCSA-DFC<\/a><\/p>\n\n\n\n<p><a href=\"https:\/\/drive.ufpb.br\/s\/jQowCWL97bXaMBL\">Cronograma de Atividades<\/a><\/p>\n\n\n\n<p><a href=\"https:\/\/drive.ufpb.br\/s\/LxnD5nmeQA46GEz\">Designa\u00e7\u00e3o de Servidor para Aplica\u00e7\u00e3o de Provas &#8211; Portaria n\u00ba 47\/2024 &#8211; CCSA-DFC<\/a><\/p>\n\n\n\n<p><a href=\"https:\/\/drive.ufpb.br\/s\/ikGJnxtLHWnTSdN\">Comunicado sobre tema e ordem de apresenta\u00e7\u00e3o da Prova Did\u00e1tica<\/a><\/p>\n\n\n\n<p><a href=\"https:\/\/drive.ufpb.br\/s\/me2rmmRZfzrbFeW\">Ata do sorteio do tema e da ordem de apresenta\u00e7\u00e3o da Prova Did\u00e1tica<\/a><\/p>\n\n\n\n<p><a href=\"https:\/\/drive.ufpb.br\/s\/EmdAWy4XeSL2QG4\">Ata da Prova Did\u00e1tica<\/a><\/p>\n\n\n\n<p><a href=\"https:\/\/drive.ufpb.br\/s\/Dzr6sJMDfAgYzR9\">Ata da Prova de T\u00edtulos<\/a><\/p>\n\n\n\n<p><a href=\"https:\/\/drive.ufpb.br\/s\/Kaayrc7LaFwRifS\">Relat\u00f3rio Conclusivo<\/a><\/p>\n\n\n\n<p><a href=\"https:\/\/drive.ufpb.br\/s\/55CRYaCqFMapQQL\">Parecer do Colegiado Departamental<\/a><\/p>\n\n\n\n<p><a href=\"https:\/\/pesquisa.in.gov.br\/imprensa\/jsp\/visualiza\/index.jsp?jornal=530&amp;pagina=68&amp;data=09\/10\/2024\">Publica\u00e7\u00e3o do resultado final (DOU n\u00ba 196, de 09\/10\/2024, se\u00e7\u00e3o 3, p. 68)<\/a><\/p>\n\n\n\n<p><\/p>\n\n\n\n<p>\u00c1REA DE CONHECIMENTO: DEMOGRAFIA, MATEM\u00c1TICA ATUARIAL E TEORIA DO RISCO<\/p>\n\n\n\n<p><a href=\"https:\/\/progep.ufpb.br\/progep\/contents\/concursos\/docentes\/edital-no-72-2024-processo-seletivo-simplificado-para-contratacao-de-professor-substituto-do-magisterio-superior\">Edital n\u00ba 72\/2024<\/a><\/p>\n\n\n\n<p><a href=\"https:\/\/drive.ufpb.br\/s\/AeyQ8L9YmfJEHXa\">Comiss\u00e3o Examinadora &#8211; Portaria n\u00ba 45\/2024 &#8211; CCSA-DFC<\/a><\/p>\n\n\n\n<p><a href=\"https:\/\/drive.ufpb.br\/s\/FeNWSafaeZj8QKy\">Deferimento de Inscri\u00e7\u00f5es &#8211; Relat\u00f3rio n\u00ba 13\/2024 &#8211; CCSA-DFC<\/a><\/p>\n\n\n\n<p><a href=\"https:\/\/drive.ufpb.br\/s\/BfMXmfxLfe3reMR\">Cronograma de Atividades<\/a><\/p>\n\n\n\n<p><a href=\"https:\/\/drive.ufpb.br\/s\/LxnD5nmeQA46GEz\">Designa\u00e7\u00e3o de Servidor para Aplica\u00e7\u00e3o de Provas &#8211; Portaria n\u00ba 47\/2024 &#8211; CCSA-DFC<\/a><\/p>\n\n\n\n<p><a href=\"https:\/\/drive.ufpb.br\/s\/pADwD95qdKAr4Nb\">Ata do sorteio do tema e da ordem de apresenta\u00e7\u00e3o da Prova Did\u00e1tica<\/a><\/p>\n\n\n\n<p><a href=\"https:\/\/drive.ufpb.br\/s\/2wMZcxsS7nGPtif\">Ata da Prova Did\u00e1tica<\/a><\/p>\n\n\n\n<p><a href=\"https:\/\/drive.ufpb.br\/s\/67jjD6T6LexPq35\">Ata da Prova de T\u00edtulos<\/a><\/p>\n\n\n\n<p><a href=\"https:\/\/drive.ufpb.br\/s\/aLC6jiEGJs6c3q5\">Relat\u00f3rio Conclusivo<\/a><\/p>\n\n\n\n<p><a href=\"https:\/\/drive.ufpb.br\/s\/SMyAYN7picYwrfK\">Parecer do Colegiado Departamental<\/a><\/p>\n\n\n\n<p><a href=\"https:\/\/pesquisa.in.gov.br\/imprensa\/jsp\/visualiza\/index.jsp?jornal=530&amp;pagina=78&amp;data=05\/11\/2024\">Publica\u00e7\u00e3o do resultado final (DOU n\u00ba 214, de 05\/11\/2024, se\u00e7\u00e3o 3, p. 78)<\/a><\/p>\n\n\n\n<p><\/p>\n\n\n\n<p>\u00c1REA DE CONHECIMENTO: MATEM\u00c1TICA FINANCEIRA, M\u00c9TODOS QUANTITATIVOS E FINAN\u00c7AS<\/p>\n\n\n\n<p><a href=\"https:\/\/progep.ufpb.br\/progep\/contents\/concursos\/docentes\/edital-no-72-2024-processo-seletivo-simplificado-para-contratacao-de-professor-substituto-do-magisterio-superior\">Edital n\u00ba 72\/2024<\/a><\/p>\n\n\n\n<p><a href=\"https:\/\/drive.ufpb.br\/s\/BGBwGmxG2QyPReK\">Comiss\u00e3o Examinadora &#8211; Portaria n\u00ba 39\/2024 &#8211; CCSA-DFC<\/a><\/p>\n\n\n\n<p><a href=\"https:\/\/drive.ufpb.br\/s\/Ytp7agi49qCP8BF\">Deferimento de Inscri\u00e7\u00f5es &#8211; Relat\u00f3rio n\u00ba 12\/2024 &#8211; CCSA-DFC<\/a><\/p>\n\n\n\n<p><a href=\"https:\/\/drive.ufpb.br\/s\/3mft9yYrYdtM9kC\">Cronograma de Atividades<\/a><\/p>\n\n\n\n<p><a href=\"https:\/\/drive.ufpb.br\/s\/LxnD5nmeQA46GEz\">Designa\u00e7\u00e3o de Servidor para Aplica\u00e7\u00e3o de Provas &#8211; Portaria n\u00ba 47\/2024 &#8211; CCSA-DFC<\/a><\/p>\n\n\n\n<p><a href=\"https:\/\/drive.ufpb.br\/s\/FQtwSkM9L5ZQb8Y\">Comunicado sobre tema e ordem de apresenta\u00e7\u00e3o da Prova Did\u00e1tica<\/a><\/p>\n\n\n\n<p><a href=\"https:\/\/drive.ufpb.br\/s\/s7LqRbse26Jo4cS\">Ata do sorteio do tema e da ordem de apresenta\u00e7\u00e3o da Prova Did\u00e1tica<\/a><\/p>\n\n\n\n<p><a href=\"https:\/\/drive.ufpb.br\/s\/fBeGp9bQmNA4BHd\">Ata da Prova Did\u00e1tica<\/a><\/p>\n\n\n\n<p><a href=\"https:\/\/drive.ufpb.br\/s\/DBN6bdHbyeFkEPX\">Retifica\u00e7\u00e3o da Ata da Prova Did\u00e1tica<\/a><\/p>\n\n\n\n<p><a href=\"https:\/\/drive.ufpb.br\/s\/z4qbDMB977kNb9T\">Ata da Prova de T\u00edtulos<\/a><\/p>\n\n\n\n<p><a href=\"https:\/\/drive.ufpb.br\/s\/7Xme5Z57da43DYz\">Relat\u00f3rio Conclusivo<\/a><\/p>\n\n\n\n<p><a href=\"https:\/\/drive.ufpb.br\/s\/wnWQzSP3xHcCWTb\">Parecer do Colegiado Departamental<\/a><\/p>\n\n\n\n<p><a href=\"https:\/\/pesquisa.in.gov.br\/imprensa\/jsp\/visualiza\/index.jsp?jornal=530&amp;pagina=67&amp;data=09\/10\/2024\">Publica\u00e7\u00e3o do resultado final (DOU n\u00ba 196, de 09\/10\/2024, se\u00e7\u00e3o 3, p. 67)<\/a><\/p>\n","protected":false},"excerpt":{"rendered":"<p>Processo Seletivo Simplificado para Professor Substituto do Magist\u00e9rio Superior \u00c1REA DE CONHECIMENTO: AUDITORIA CONT\u00c1BIL E [&hellip;]<\/p>\n","protected":false},"author":47,"featured_media":0,"parent":0,"menu_order":0,"comment_status":"closed","ping_status":"closed","template":"","meta":{"footnotes":""},"class_list":["post-67","page","type-page","status-publish","hentry"],"_links":{"self":[{"href":"https:\/\/www.ccsa.ufpb.br\/dfc\/wp-json\/wp\/v2\/pages\/67","targetHints":{"allow":["GET"]}}],"collection":[{"href":"https:\/\/www.ccsa.ufpb.br\/dfc\/wp-json\/wp\/v2\/pages"}],"about":[{"href":"https:\/\/www.ccsa.ufpb.br\/dfc\/wp-json\/wp\/v2\/types\/page"}],"author":[{"embeddable":true,"href":"https:\/\/www.ccsa.ufpb.br\/dfc\/wp-json\/wp\/v2\/users\/47"}],"replies":[{"embeddable":true,"href":"https:\/\/www.ccsa.ufpb.br\/dfc\/wp-json\/wp\/v2\/comments?post=67"}],"version-history":[{"count":10,"href":"https:\/\/www.ccsa.ufpb.br\/dfc\/wp-json\/wp\/v2\/pages\/67\/revisions"}],"predecessor-version":[{"id":181,"href":"https:\/\/www.ccsa.ufpb.br\/dfc\/wp-json\/wp\/v2\/pages\/67\/revisions\/181"}],"wp:attachment":[{"href":"https:\/\/www.ccsa.ufpb.br\/dfc\/wp-json\/wp\/v2\/media?parent=67"}],"curies":[{"name":"wp","href":"https:\/\/api.w.org\/{rel}","templated":true}]}}