{"id":69,"date":"2025-05-30T15:33:30","date_gmt":"2025-05-30T18:33:30","guid":{"rendered":"https:\/\/www.ccsa.ufpb.br\/dfc\/?page_id=69"},"modified":"2026-04-09T19:29:49","modified_gmt":"2026-04-09T22:29:49","slug":"visitante","status":"publish","type":"page","link":"https:\/\/www.ccsa.ufpb.br\/dfc\/visitante\/","title":{"rendered":"Visitante\u00a0"},"content":{"rendered":"\n<p>\u00c1REA DE CONHECIMENTO: CONHECIMENTO CONT\u00c1BIL<\/p>\n\n\n\n<p><a href=\"https:\/\/progep.ufpb.br\/progep\/contents\/concursos\/docentes\/edital-no-46-processo-seletivo-simplificado-para-contratacao-de-professor-visitante\">Edital n\u00ba 46, de 31 de mar\u00e7o de 2026<\/a><\/p>\n\n\n\n<p><a href=\"https:\/\/drive.ufpb.br\/s\/XGbG3Xq6GdYeTqQ\">Deferimento de Isen\u00e7\u00e3o Taxa de Inscri\u00e7\u00e3o<\/a><\/p>\n\n\n\n<p><\/p>\n","protected":false},"excerpt":{"rendered":"<p>\u00c1REA DE CONHECIMENTO: CONHECIMENTO CONT\u00c1BIL Edital n\u00ba 46, de 31 de mar\u00e7o de 2026 Deferimento [&hellip;]<\/p>\n","protected":false},"author":47,"featured_media":0,"parent":0,"menu_order":0,"comment_status":"closed","ping_status":"closed","template":"","meta":{"footnotes":""},"class_list":["post-69","page","type-page","status-publish","hentry"],"_links":{"self":[{"href":"https:\/\/www.ccsa.ufpb.br\/dfc\/wp-json\/wp\/v2\/pages\/69","targetHints":{"allow":["GET"]}}],"collection":[{"href":"https:\/\/www.ccsa.ufpb.br\/dfc\/wp-json\/wp\/v2\/pages"}],"about":[{"href":"https:\/\/www.ccsa.ufpb.br\/dfc\/wp-json\/wp\/v2\/types\/page"}],"author":[{"embeddable":true,"href":"https:\/\/www.ccsa.ufpb.br\/dfc\/wp-json\/wp\/v2\/users\/47"}],"replies":[{"embeddable":true,"href":"https:\/\/www.ccsa.ufpb.br\/dfc\/wp-json\/wp\/v2\/comments?post=69"}],"version-history":[{"count":2,"href":"https:\/\/www.ccsa.ufpb.br\/dfc\/wp-json\/wp\/v2\/pages\/69\/revisions"}],"predecessor-version":[{"id":185,"href":"https:\/\/www.ccsa.ufpb.br\/dfc\/wp-json\/wp\/v2\/pages\/69\/revisions\/185"}],"wp:attachment":[{"href":"https:\/\/www.ccsa.ufpb.br\/dfc\/wp-json\/wp\/v2\/media?parent=69"}],"curies":[{"name":"wp","href":"https:\/\/api.w.org\/{rel}","templated":true}]}}