{"id":71,"date":"2025-05-30T15:33:41","date_gmt":"2025-05-30T18:33:41","guid":{"rendered":"https:\/\/www.ccsa.ufpb.br\/dfc\/?page_id=71"},"modified":"2025-06-03T09:47:50","modified_gmt":"2025-06-03T12:47:50","slug":"voluntario","status":"publish","type":"page","link":"https:\/\/www.ccsa.ufpb.br\/dfc\/voluntario\/","title":{"rendered":"Volunt\u00e1rio"},"content":{"rendered":"\n<p><a href=\"https:\/\/drive.ufpb.br\/s\/xaJnKFw53nF4AcW\">Edital n\u00ba 2\/2025 &#8211; CCSA-DFC<\/a>:&nbsp;&nbsp;Chamada P\u00fablica para Professor(a) Volunt\u00e1rio(a) na \u00e1rea de conhecimento \u201cOr\u00e7amento Empresarial\u201d<\/p>\n\n\n\n<p><a href=\"https:\/\/drive.ufpb.br\/s\/cStMkGD5i2CQk2e\">Deferimento de inscri\u00e7\u00e3o &#8211; Relat\u00f3rio n\u00ba 7\/2025 &#8211; CCSA-DFC<\/a><\/p>\n\n\n\n<p><a href=\"https:\/\/drive.ufpb.br\/s\/XbDgb9bbEpgSKq8\">Homologa\u00e7\u00e3o de inscri\u00e7\u00e3o &#8211; Relat\u00f3rio n\u00ba 8\/2005 &#8211; CCSA-DFC<\/a><\/p>\n\n\n\n<p><a href=\"https:\/\/drive.ufpb.br\/s\/YgxXpQ2JBYr4987\">Resultado preliminar &#8211; Resultado n\u00ba 1\/2025 &#8211; CCSA-DFC<\/a><\/p>\n\n\n\n<p><a href=\"https:\/\/drive.ufpb.br\/s\/mfH2KJXqE2SAZLC\">Resultado final &#8211; Resultado n\u00ba 2\/2025 &#8211; CCSA-DFC<\/a><\/p>\n","protected":false},"excerpt":{"rendered":"<p>Edital n\u00ba 2\/2025 &#8211; CCSA-DFC:&nbsp;&nbsp;Chamada P\u00fablica para Professor(a) Volunt\u00e1rio(a) na \u00e1rea de conhecimento \u201cOr\u00e7amento Empresarial\u201d [&hellip;]<\/p>\n","protected":false},"author":47,"featured_media":0,"parent":0,"menu_order":0,"comment_status":"closed","ping_status":"closed","template":"","meta":{"footnotes":""},"class_list":["post-71","page","type-page","status-publish","hentry"],"_links":{"self":[{"href":"https:\/\/www.ccsa.ufpb.br\/dfc\/wp-json\/wp\/v2\/pages\/71","targetHints":{"allow":["GET"]}}],"collection":[{"href":"https:\/\/www.ccsa.ufpb.br\/dfc\/wp-json\/wp\/v2\/pages"}],"about":[{"href":"https:\/\/www.ccsa.ufpb.br\/dfc\/wp-json\/wp\/v2\/types\/page"}],"author":[{"embeddable":true,"href":"https:\/\/www.ccsa.ufpb.br\/dfc\/wp-json\/wp\/v2\/users\/47"}],"replies":[{"embeddable":true,"href":"https:\/\/www.ccsa.ufpb.br\/dfc\/wp-json\/wp\/v2\/comments?post=71"}],"version-history":[{"count":2,"href":"https:\/\/www.ccsa.ufpb.br\/dfc\/wp-json\/wp\/v2\/pages\/71\/revisions"}],"predecessor-version":[{"id":83,"href":"https:\/\/www.ccsa.ufpb.br\/dfc\/wp-json\/wp\/v2\/pages\/71\/revisions\/83"}],"wp:attachment":[{"href":"https:\/\/www.ccsa.ufpb.br\/dfc\/wp-json\/wp\/v2\/media?parent=71"}],"curies":[{"name":"wp","href":"https:\/\/api.w.org\/{rel}","templated":true}]}}