{"id":86,"date":"2025-06-07T19:17:37","date_gmt":"2025-06-07T22:17:37","guid":{"rendered":"https:\/\/www.ccsa.ufpb.br\/dfc\/?page_id=86"},"modified":"2026-01-26T21:13:53","modified_gmt":"2026-01-27T00:13:53","slug":"relatorio-de-gestao","status":"publish","type":"page","link":"https:\/\/www.ccsa.ufpb.br\/dfc\/relatorio-de-gestao\/","title":{"rendered":"Relat\u00f3rio de Gest\u00e3o"},"content":{"rendered":"\n<p><a href=\"https:\/\/drive.ufpb.br\/s\/NJXpNCf2Q4cXH97\">Relat\u00f3rio de Atividades do Per\u00edodo Letivo 2024.2<\/a><\/p>\n\n\n\n<p><a href=\"https:\/\/drive.ufpb.br\/s\/RietpxF6Ckm7eat\">Relat\u00f3rio de Atividades do Per\u00edodo Letivo 2024.1<\/a><\/p>\n\n\n\n<p><a href=\"https:\/\/drive.ufpb.br\/s\/L9JoNpzmg9gAXAa\">Relat\u00f3rio de Atividades do Per\u00edodo Letivo 2023.2<\/a><\/p>\n\n\n\n<p><a href=\"https:\/\/drive.ufpb.br\/s\/628nHgLPd7sP7se\">Relat\u00f3rio de Atividades do Per\u00edodo Letivo 2023.1<\/a><\/p>\n\n\n\n<p><\/p>\n","protected":false},"excerpt":{"rendered":"<p>Relat\u00f3rio de Atividades do Per\u00edodo Letivo 2024.2 Relat\u00f3rio de Atividades do Per\u00edodo Letivo 2024.1 Relat\u00f3rio [&hellip;]<\/p>\n","protected":false},"author":47,"featured_media":0,"parent":0,"menu_order":0,"comment_status":"closed","ping_status":"closed","template":"","meta":{"footnotes":""},"class_list":["post-86","page","type-page","status-publish","hentry"],"_links":{"self":[{"href":"https:\/\/www.ccsa.ufpb.br\/dfc\/wp-json\/wp\/v2\/pages\/86","targetHints":{"allow":["GET"]}}],"collection":[{"href":"https:\/\/www.ccsa.ufpb.br\/dfc\/wp-json\/wp\/v2\/pages"}],"about":[{"href":"https:\/\/www.ccsa.ufpb.br\/dfc\/wp-json\/wp\/v2\/types\/page"}],"author":[{"embeddable":true,"href":"https:\/\/www.ccsa.ufpb.br\/dfc\/wp-json\/wp\/v2\/users\/47"}],"replies":[{"embeddable":true,"href":"https:\/\/www.ccsa.ufpb.br\/dfc\/wp-json\/wp\/v2\/comments?post=86"}],"version-history":[{"count":3,"href":"https:\/\/www.ccsa.ufpb.br\/dfc\/wp-json\/wp\/v2\/pages\/86\/revisions"}],"predecessor-version":[{"id":167,"href":"https:\/\/www.ccsa.ufpb.br\/dfc\/wp-json\/wp\/v2\/pages\/86\/revisions\/167"}],"wp:attachment":[{"href":"https:\/\/www.ccsa.ufpb.br\/dfc\/wp-json\/wp\/v2\/media?parent=86"}],"curies":[{"name":"wp","href":"https:\/\/api.w.org\/{rel}","templated":true}]}}