{"id":45,"date":"2025-09-24T18:04:09","date_gmt":"2025-09-24T21:04:09","guid":{"rendered":"https:\/\/www.ccsa.ufpb.br\/dgp\/?page_id=45"},"modified":"2026-04-17T11:37:57","modified_gmt":"2026-04-17T14:37:57","slug":"contato","status":"publish","type":"page","link":"https:\/\/www.ccsa.ufpb.br\/dgp\/contato\/","title":{"rendered":"Contato"},"content":{"rendered":"\n<h2 class=\"wp-block-heading has-text-align-center\"><div class=\"linha-header\">Secretaria do Departamento de Gest\u00e3o P\u00fablica<\/div><\/h2>\n\n\n\n<p><strong>E-mail:<\/strong> deptogestaopublica@ccsa.ufpb.br<\/p>\n\n\n\n<p><strong>Telefone:<\/strong> (83) 3216-7449<\/p>\n\n\n\n<p><strong>Atendimento presencial:<\/strong> das 8h \u00e0s 12h e das 13h \u00e0s 18h<\/p>\n\n\n\n<div class=\"wp-block-buttons is-vertical is-content-justification-left is-nowrap is-layout-flex wp-container-core-buttons-is-layout-9ee8b27f wp-block-buttons-is-layout-flex\">\n<div class=\"wp-block-button is-style-fill\"><a class=\"wp-block-button__link wp-element-button\" href=\"http:\/\/www.instagram.com\/dgp_ufpb\"><img loading=\"lazy\" decoding=\"async\" width=\"30\" height=\"30\" class=\"wp-image-1397\" style=\"width: 30px\" src=\"http:\/\/www.ccsa.ufpb.br\/dgp\/wp-content\/uploads\/sites\/179\/sites\/391\/2025\/10\/Para-mais-informacoes-acesse-a-pagina-do-Sul-Global-no-Instagram.-1-2-1.png\" alt=\"\"> <sup>Instagram oficial do DGP: @dgp_ufpb<\/sup><\/a><\/div>\n<\/div>\n\n\n\n<h2 class=\"wp-block-heading has-text-align-center\"><div class=\"linha-header\"><strong>Contatos \u00fateis<\/strong> &#8211; UFPB<\/div><\/h2>\n\n\n\n<ul class=\"wp-block-list\">\n<li><a href=\"http:\/\/www.ccsa.ufpb.br\">Dire\u00e7\u00e3o do CCSA<\/a>\n<ul class=\"wp-block-list\">\n<li>E-mail: direcao@ccsa.ufpb.br<\/li>\n\n\n\n<li>Telefones:\n<ul class=\"wp-block-list\">\n<li>Secretaria: (83) 3216-7176<\/li>\n\n\n\n<li>Gabinete do Diretor: (83) 3216-7725<\/li>\n\n\n\n<li>Gabinete do Vice-diretor: (83) 3216\/7485<\/li>\n<\/ul>\n<\/li>\n<\/ul>\n<\/li>\n\n\n\n<li>Assessorias do CCSA:\n<ul class=\"wp-block-list\">\n<li>Almoxarifado\n<ul class=\"wp-block-list\">\n<li>E-mail: almoxarifado@ccsa.ufpb.br<\/li>\n\n\n\n<li>Telefone: (83) 3216-7491<\/li>\n<\/ul>\n<\/li>\n\n\n\n<li>Assessoria Administrativa\n<ul class=\"wp-block-list\">\n<li>E-mail: assessoriaadministrativa@ccsa.ufpb.br<\/li>\n\n\n\n<li>Telefone: (83) 3216-7501<\/li>\n<\/ul>\n<\/li>\n\n\n\n<li>Assessoria de Inform\u00e1tica\n<ul class=\"wp-block-list\">\n<li>E-mail: assinf@ccsa.ufpb.br<\/li>\n\n\n\n<li>Telefone: (83) 3216-7458<\/li>\n<\/ul>\n<\/li>\n\n\n\n<li>Assessoria Financeira\n<ul class=\"wp-block-list\">\n<li>E-mail: ariane@ccsa.ufpb.br<\/li>\n\n\n\n<li>Telefone: (83) 3216-7501<\/li>\n<\/ul>\n<\/li>\n\n\n\n<li>Setor de Gest\u00e3o de Pessoas\n<ul class=\"wp-block-list\">\n<li>E-mail: sgp@ccsa.ufpb.br<\/li>\n\n\n\n<li>Telefones: (83) 3216-7452<\/li>\n<\/ul>\n<\/li>\n<\/ul>\n<\/li>\n\n\n\n<li><a href=\"https:\/\/www.ccsa.ufpb.br\/bsccsa\/contatos\/\">Biblioteca Setorial Berilo Borba (CCSA)<\/a>\n<ul class=\"wp-block-list\">\n<li>E-mail: biblioteca@ccsa.ufpb.br<\/li>\n\n\n\n<li>Telefone \/ WhatsApp: (83) 3216-7494<\/li>\n<\/ul>\n<\/li>\n\n\n\n<li><a href=\"http:\/\/plone.ufpb.br\/ufpb\/acs\/contents\/paginas\/reitoria\">Reitoria<\/a>\n<ul class=\"wp-block-list\">\n<li>Secretaria Geral das Assessorias (Reitoria)\n<ul class=\"wp-block-list\">\n<li>Telefone: (83) 3216-7154<\/li>\n<\/ul>\n<\/li>\n\n\n\n<li><a href=\"https:\/\/www.whatsapp.com\/channel\/0029Vb6uwml8kyyRyLynUN3D\">Canal Oficial da UFPB pelo WhatsApp<\/a><\/li>\n<\/ul>\n<\/li>\n\n\n\n<li><a href=\"http:\/\/www.pra.ufpb.br\/pra\/contents\/menu\/servicos\/equipe\">Pr\u00f3-Reitoria de Administra\u00e7\u00e3o (PRA)<\/a><\/li>\n\n\n\n<li><a href=\"https:\/\/www.prape.ufpb.br\/contato\/\">Pr\u00f3-Reitoria de Assist\u00eancia e Promo\u00e7\u00e3o ao Estudante (PRAPE)<\/a>\n<ul class=\"wp-block-list\">\n<li>Telefone: (83) 3216-7827 \/ 7876<\/li>\n<\/ul>\n<\/li>\n\n\n\n<li><a href=\"http:\/\/www.progep.ufpb.br\/progep\/contents\/menu\/Institucional\/lista-de-contatos\">Pr\u00f3-Reitoria de Gest\u00e3o de Pessoas (PROGEP)<\/a><\/li>\n\n\n\n<li><a href=\"https:\/\/www.proex.ufpb.br\/contato\/\">Pr\u00f3-Reitoria de Extens\u00e3o (PROEX)<\/a><\/li>\n\n\n\n<li><a href=\"http:\/\/www.propesq.ufpb.br\/propesq\/contents\/menu\/institucional\/equipe\">Pr\u00f3-Reitoria de Pesquisa (PROPESQ)<\/a><\/li>\n\n\n\n<li><a href=\"https:\/\/www.proplan.ufpb.br\/contato\/\">Pr\u00f3-Reitoria de Planejamento e Desenvolvimento (PROPLAN)<\/a>\n<ul class=\"wp-block-list\">\n<li>Telefone: (83) 3216-7557 \/ 7961<\/li>\n<\/ul>\n<\/li>\n\n\n\n<li><a href=\"http:\/\/www.prpg.ufpb.br\/prpg\/contents\/paginas\/lista-de-ramal-e-e-mail\">Pr\u00f3-Reitoria de P\u00f3s-Gradua\u00e7\u00e3o (PRPG)<\/a><\/li>\n\n\n\n<li>Protocolo Geral da UFPB\n<ul class=\"wp-block-list\">\n<li>Telefone: (83) 3216-7416<\/li>\n<\/ul>\n<\/li>\n<\/ul>\n","protected":false},"excerpt":{"rendered":"<p>Secretaria do Departamento de Gest\u00e3o P\u00fablica E-mail: deptogestaopublica@ccsa.ufpb.br Telefone: (83) 3216-7449 Atendimento presencial: das 8h [&hellip;]<\/p>\n","protected":false},"author":47,"featured_media":0,"parent":0,"menu_order":0,"comment_status":"closed","ping_status":"closed","template":"","meta":{"footnotes":""},"class_list":["post-45","page","type-page","status-publish","hentry"],"_links":{"self":[{"href":"https:\/\/www.ccsa.ufpb.br\/dgp\/wp-json\/wp\/v2\/pages\/45","targetHints":{"allow":["GET"]}}],"collection":[{"href":"https:\/\/www.ccsa.ufpb.br\/dgp\/wp-json\/wp\/v2\/pages"}],"about":[{"href":"https:\/\/www.ccsa.ufpb.br\/dgp\/wp-json\/wp\/v2\/types\/page"}],"author":[{"embeddable":true,"href":"https:\/\/www.ccsa.ufpb.br\/dgp\/wp-json\/wp\/v2\/users\/47"}],"replies":[{"embeddable":true,"href":"https:\/\/www.ccsa.ufpb.br\/dgp\/wp-json\/wp\/v2\/comments?post=45"}],"version-history":[{"count":53,"href":"https:\/\/www.ccsa.ufpb.br\/dgp\/wp-json\/wp\/v2\/pages\/45\/revisions"}],"predecessor-version":[{"id":2314,"href":"https:\/\/www.ccsa.ufpb.br\/dgp\/wp-json\/wp\/v2\/pages\/45\/revisions\/2314"}],"wp:attachment":[{"href":"https:\/\/www.ccsa.ufpb.br\/dgp\/wp-json\/wp\/v2\/media?parent=45"}],"curies":[{"name":"wp","href":"https:\/\/api.w.org\/{rel}","templated":true}]}}